{"id":7779,"date":"2025-06-10T07:12:39","date_gmt":"2025-06-10T07:12:39","guid":{"rendered":"https:\/\/sinoextrud.com\/product\/aluminum-profile-wardrobe-hanging-rail\/"},"modified":"2025-06-24T06:13:40","modified_gmt":"2025-06-24T06:13:40","slug":"aluminiumprofil-garderobenstange","status":"publish","type":"product","link":"https:\/\/sinoextrud.com\/de\/product\/aluminum-profile-wardrobe-hanging-rail\/","title":{"rendered":"Aluminium-Profil Garderobe h\u00e4ngende Schiene"},"content":{"rendered":"<h2>Produkte Details<\/h2>\n<table class=\"custom-table\">\n<tbody>\n<tr>\n<td> Name<\/td>\n<td> Garderobenstange aus Aluminiumprofil<\/td>\n<\/tr>\n<tr>\n<td> Marke<\/td>\n<td> Sinoextrud\/Sinoextrud<\/td>\n<\/tr>\n<tr>\n<td> Kategorie<\/td>\n<td> Aluminium-Schiene<\/td>\n<\/tr>\n<tr>\n<td> Typ<\/td>\n<td> Schwerer Typ oder leicht ist verf\u00fcgbar<\/td>\n<\/tr>\n<tr>\n<td> Material<\/td>\n<td> 6063 ist weit verbreitet. 6061, 6463, 6005, 6082 ist auch verf\u00fcgbar.<\/td>\n<\/tr>\n<tr>\n<td> Temperament<\/td>\n<td> T5-T8<\/td>\n<\/tr>\n<tr>\n<td> L\u00e4nge<\/td>\n<td> 1-9m oder individuelle Anpassung<\/td>\n<\/tr>\n<tr>\n<td> Gr\u00f6\u00dfe (mm)<\/td>\n<td> Verschiedene Gr\u00f6\u00dfen, k\u00f6nnen Sie f\u00fcr Details kontaktieren.<\/td>\n<\/tr>\n<tr>\n<td> Dicke<\/td>\n<td> \u00dcber 0,7MM<\/td>\n<\/tr>\n<tr>\n<td> Form<\/td>\n<td> Personalisierung<\/td>\n<\/tr>\n<tr>\n<td> Oberfl\u00e4chenbehandlung<\/td>\n<td> Fr\u00e4sen, Eloxieren, Sandstrahlen, Elektrophorese, Pulverbeschichtung, usw.<\/td>\n<\/tr>\n<tr>\n<td> Farbe<\/td>\n<td> Silber, Schwarz, Wei\u00df, Rot, Gelb, Champagner oder kundenspezifische Farbe<\/td>\n<\/tr>\n<tr>\n<td> Standard<\/td>\n<td> ASTM, GB, DIN<\/td>\n<\/tr>\n<tr>\n<td> Von<\/td>\n<td> Guangdong, China<\/td>\n<\/tr>\n<tr>\n<td> Anmeldung<\/td>\n<td> M\u00f6bel, Dekoration<\/td>\n<\/tr>\n<\/tbody>\n<\/table>\n<h2>Unsere Produktionsbasis<\/h2>\n<h3>Fabrik-Panorama<\/h3>\n<p><img decoding=\"async\" src=\"\/wp-content\/uploads\/factory-01.webp\"\/><\/p>\n<h3>Werkstatt zur Herstellung von Aluminiumstangen<\/h3>\n<p><img decoding=\"async\" src=\"\/wp-content\/uploads\/factory-02.webp\"\/><\/p>\n<p><img decoding=\"async\" src=\"\/wp-content\/uploads\/factory-03.webp\"\/><\/p>\n<h3>Lagerhaus f\u00fcr Formen<\/h3>\n<p><img decoding=\"async\" src=\"\/wp-content\/uploads\/factory-04.webp\"\/><\/p>\n<h3>43 Aluminium-Strangpressanlagen (500\u00e2\u20ac\"5500 Tonnen)<\/h3>\n<p><img decoding=\"async\" src=\"\/wp-content\/uploads\/factory-05.webp\"\/><\/p>\n<p><img decoding=\"async\" src=\"\/wp-content\/uploads\/factory-06.webp\"\/><\/p>\n<p><img decoding=\"async\" src=\"\/wp-content\/uploads\/factory-07.webp\"\/><\/p>\n<h3>Werkstatt f\u00fcr Pulverbeschichtung<\/h3>\n<p><img decoding=\"async\" src=\"\/wp-content\/uploads\/factory-09.webp\"\/><\/p>\n<h3>Eloxal-Werkstatt<\/h3>\n<p><img decoding=\"async\" src=\"\/wp-content\/uploads\/factory-10.webp\"\/><\/p>\n<h3>Workshop zur Tiefenverarbeitung<\/h3>\n<p><img decoding=\"async\" src=\"\/wp-content\/uploads\/factory-11.webp\"\/><\/p>\n<h3>CNC-Pr\u00e4zisionsbearbeitungswerkstatt<\/h3>\n<p><img decoding=\"async\" src=\"\/wp-content\/uploads\/factory-11.5.webp\"\/><\/p>\n<h3>Lager f\u00fcr Fertigprodukte und Export<\/h3>\n<p><img decoding=\"async\" src=\"\/wp-content\/uploads\/factory-12.webp\"\/><\/p>\n<p><img decoding=\"async\" src=\"\/wp-content\/uploads\/factory-13.webp\"\/><\/p>\n<p><img decoding=\"async\" src=\"\/wp-content\/uploads\/factory-14.webp\"\/><\/p>\n<h2>FAQ<\/h2>\n<p><p><b>1. was ist eine Aluminium-Profil Garderobe h\u00e4ngende Schiene?<\/b><\/p>\n<p>Es handelt sich um ein speziell entwickeltes Aluminium-Strangpressprofil, das zum Aufh\u00e4ngen von Kleidungsst\u00fccken in Schr\u00e4nken und Garderoben verwendet wird.<br \/>\n<\/p><br \/>\n<br \/>\n<p><b>2. welche Vorteile hat die Verwendung von Aluminium f\u00fcr H\u00e4ngeschienen?<\/b><\/p>\n<p>Aluminium ist stabil, leicht und rostfrei und gew\u00e4hrleistet Langlebigkeit und einfache Installation.<br \/>\n<\/p><br \/>\n<br \/>\n<p><b>3. ist die Garderobenstange anpassbar?<\/b><\/p>\n<p>Ja, wir bieten individuelle L\u00e4ngen, Ausf\u00fchrungen und Designs f\u00fcr verschiedene Schranksysteme und Stile.<br \/>\n<\/p><br \/>\n<br \/>\n<p><b>4. welche Oberfl\u00e4chen sind f\u00fcr die Aufh\u00e4ngeschiene erh\u00e4ltlich?<\/b><\/p>\n<p>Zu den g\u00e4ngigen Oberfl\u00e4chen geh\u00f6ren eloxiertes Silber, mattes Schwarz, Champagner und geb\u00fcrstete Texturen f\u00fcr einen hochwertigen Look.<br \/>\n<\/p><br \/>\n<br \/>\n<p><b>5. kann er schwere Kleidungsst\u00fccke tragen?<\/b><\/p>\n<p>Ja, das hochfeste Aluminiumprofil ist so konzipiert, dass es ein hohes Gewicht tragen kann, ohne sich zu verbiegen oder zu verformen.<br \/>\n<\/p><br \/>\n<br \/>\n<p><b>6. ist es mit den Standard-Kleiderschrankhalterungen kompatibel?<\/b><\/p>\n<p>Ja, unsere Aufh\u00e4ngeschienen passen zu den meisten handels\u00fcblichen Schranksystemen und B\u00fcgelgr\u00f6\u00dfen.<br \/>\n<\/p><br \/>\n<br \/>\n<p><b>7. wo kann dieses Produkt verwendet werden?<\/b><\/p>\n<p>Es eignet sich f\u00fcr Wohnschr\u00e4nke, Einzelhandelsauslagen, Hotelgarderoben und Innenarchitekturprojekte.<br \/>\n<\/p><br \/>\n<br \/>\n<p><b>Ist eine Gro\u00dfbestellung f\u00fcr M\u00f6belhersteller m\u00f6glich?<\/b><\/p>\n<p>Ja, wir unterst\u00fctzen die OEM-Produktion und Gro\u00dfauftr\u00e4ge mit wettbewerbsf\u00e4higen Preisen und Vorlaufzeiten.<br \/>\n<\/p><br \/><\/p>","protected":false},"featured_media":7778,"template":"","categories":[67],"class_list":["post-7779","product","type-product","status-publish","has-post-thumbnail","hentry","category-architectural-aluminium-profile"],"meta_box":{"hilight_text_group":{"product_hilight_text":"<li>Durable aluminum profile ensures long-lasting performance and high load capacity<\/li>\r\r\n<li>Corrosion-resistant finish ideal for wardrobe and closet environments<\/li>\r\r\n<li>Lightweight design enables easy installation and handling<\/li>\r\r\n<li>Available in various lengths and finishes to match interior styles<\/li>\r\r\n<li>Compatible with standard wardrobe fittings and brackets<\/li>\r\r\n<li>Streamlined profile design offers a modern and sleek appearance<\/li>\r\r\n<li>Customizable options available for OEM and bulk orders<\/li>","product_chanpin_blog":"<ul>\r\r\n<li><a href=\"https:\/\/sinoextrud.com\/t-slot-v-slot-differences\/\" target=\"_blank\">t slot vs v slot<\/a><\/li>\r\r\n<li><a href=\"https:\/\/sinoextrud.com\/what-is-4040-aluminium-extrud\/\" target=\"_blank\">4040 aluminium extrusion<\/a><\/li>\r\r\n<li><a href=\"https:\/\/sinoextrud.com\/what-is-4040-aluminium-extrud\/\" target=\"_blank\">aluminum extrusions for industrial racks<\/a><\/li>\r\r\n<li><a href=\"https:\/\/sinoextrud.com\/powder-coating-aluminium-process\/\" target=\"_blank\">powder coating aluminium<\/a><\/li>\r\r\n<li><a href=\"https:\/\/sinoextrud.com\/what-is-an-aluminium-strip-ceiling\/\" target=\"_blank\">aluminium strip ceiling<\/a><\/li>\r\r\n<li><a href=\"https:\/\/sinoextrud.com\/what-is-a-heat-sink\/\" target=\"_blank\">what is a heat sink<\/a><\/li>\r\r\n<\/ul>","product_chanpin_chanpin":"<li><a href=\"https:\/\/sinoextrud.com\/product\/extruded-aluminum-slide\/\" target=\"_blank\">Extruded Aluminum Slide<\/a><\/li>\r\n<li><a href=\"https:\/\/sinoextrud.com\/product\/aluminum-profile-for-advertising-photo-frame\/\" target=\"_blank\">Aluminum Profile For Advertising Photo Frame<\/a><\/li>\r\n<li><a href=\"https:\/\/sinoextrud.com\/product\/aluminum-profile-for-curtain\/\" target=\"_blank\">Aluminum Profile for Curtain<\/a><\/li>\r\n<li><a href=\"https:\/\/sinoextrud.com\/product\/aluminum-profile-slider-for-window-curtain\/\" target=\"_blank\">Aluminum Profile Slider For Window Curtain<\/a><\/li>\r\n<li><a href=\"https:\/\/sinoextrud.com\/product\/aluminum-profile-wardrobe-hanging-rail\/\" target=\"_blank\">Aluminum Profile Wardrobe Hanging Rail<\/a><\/li>\r\n<li><a href=\"https:\/\/sinoextrud.com\/product\/anodizing-aluminium-alloy-wire-slot\/\" target=\"_blank\">Anodizing Aluminium Alloy Wire Slot<\/a><\/li>\r\n<li><a href=\"https:\/\/sinoextrud.com\/product\/window-extrusion-profiles\/\" target=\"_blank\">Window Extrusion Profiles<\/a><\/li>\r\n<li><a href=\"https:\/\/sinoextrud.com\/product\/aluminum-outdoor-louver\/\" target=\"_blank\">Aluminum Outdoor Louver<\/a><\/li>\r\n<li><a href=\"https:\/\/sinoextrud.com\/product\/aluminium-extrusion-profile\/\" target=\"_blank\">Aluminium Extrusion Profile<\/a><\/li>\r\n<li><a href=\"https:\/\/sinoextrud.com\/product\/aluminium-profile-extrusion\/\" target=\"_blank\">Aluminium Profile Extrusion<\/a><\/li>\r\n<li><a href=\"https:\/\/sinoextrud.com\/product\/metal-extrusion-products\/\" target=\"_blank\">Metal Extrusion Products<\/a><\/li>"},"feature_list":[]},"_links":{"self":[{"href":"https:\/\/sinoextrud.com\/de\/wp-json\/wp\/v2\/product\/7779","targetHints":{"allow":["GET"]}}],"collection":[{"href":"https:\/\/sinoextrud.com\/de\/wp-json\/wp\/v2\/product"}],"about":[{"href":"https:\/\/sinoextrud.com\/de\/wp-json\/wp\/v2\/types\/product"}],"wp:featuredmedia":[{"embeddable":true,"href":"https:\/\/sinoextrud.com\/de\/wp-json\/wp\/v2\/media\/7778"}],"wp:attachment":[{"href":"https:\/\/sinoextrud.com\/de\/wp-json\/wp\/v2\/media?parent=7779"}],"wp:term":[{"taxonomy":"category","embeddable":true,"href":"https:\/\/sinoextrud.com\/de\/wp-json\/wp\/v2\/categories?post=7779"}],"curies":[{"name":"wp","href":"https:\/\/api.w.org\/{rel}","templated":true}]}}