{"id":7777,"date":"2025-06-10T07:10:47","date_gmt":"2025-06-10T07:10:47","guid":{"rendered":"https:\/\/sinoextrud.com\/product\/aluminum-profile-slider-for-window-curtain\/"},"modified":"2025-06-24T06:13:40","modified_gmt":"2025-06-24T06:13:40","slug":"aluminiumprofil-schieber-fur-fenstervorhang","status":"publish","type":"product","link":"https:\/\/sinoextrud.com\/de\/product\/aluminum-profile-slider-for-window-curtain\/","title":{"rendered":"Aluminiumprofil-Schieber f\u00fcr Fenstervorhang"},"content":{"rendered":"<h2>Produkte Details<\/h2>\n<table class=\"custom-table\">\n<tbody>\n<tr>\n<td> Produktname<\/td>\n<td> Aluminiumprofil-Schieber f\u00fcr Fenstervorhang<\/td>\n<\/tr>\n<tr>\n<td> Material Legierung<\/td>\n<td> 6063-T5\uff0c6061-T5, oder kundenspezifische Anpassung<\/td>\n<\/tr>\n<tr>\n<td> Gr\u00f6\u00dfe<\/td>\n<td> 1-9m, oder individuelle Anpassung<\/td>\n<\/tr>\n<tr>\n<td> Behandlung der Oberfl\u00e4che<\/td>\n<td> Pulverbeschichtung oder kundenspezifische Anpassung<\/td>\n<\/tr>\n<tr>\n<td> Farbe<\/td>\n<td> wei\u00df, oder Individualisierung<\/td>\n<\/tr>\n<tr>\n<td> Anmeldung<\/td>\n<td> Schiebet\u00fcr und -fenster, Fenstervorhang, Fensterschiebeschiene, Duscht\u00fcrschieber usw.<\/td>\n<\/tr>\n<tr>\n<td> Marke<\/td>\n<td> Sinoextrud \/ Sinoextrud \/ Sinoextrud Aluminium<\/td>\n<\/tr>\n<tr>\n<td> Gesch\u00e4ftsart<\/td>\n<td> Fabrik<\/td>\n<\/tr>\n<tr>\n<td> Produkt<\/td>\n<td> Aluminiumprofil-Schieber f\u00fcr Fenstervorhang<\/td>\n<\/tr>\n<tr>\n<td> Material Klasse<\/td>\n<td> 6061, 6063, 6005A, 6005, 6082, 6463<\/td>\n<\/tr>\n<tr>\n<td> Standard<\/td>\n<td> GB 5237-2008, ASTM B221, EN755-9, EN12020, JIS, etc.<\/td>\n<\/tr>\n<tr>\n<td> Oberfl\u00e4chenbehandlung<\/td>\n<td> Fr\u00e4sen, Eloxieren, Holzkornbeschichtung, Pulverbeschichtung, Eletrophorese, PVDF, Sandstrahlen, Polieren, etc.<\/td>\n<\/tr>\n<tr>\n<td> Weiterer Prozess<\/td>\n<td> Bohren, Biegen, Schwei\u00dfen, pr\u00e4zises Schneiden, Stanzen, Herstellung von Fertigprodukten, usw.<\/td>\n<\/tr>\n<tr>\n<td> Gussformen \/ Matrizen<\/td>\n<td> Herstellung von Formen nach der vom Kunden erstellten Zeichnung. Die Formgeb\u00fchr wird zur\u00fcckbezahlt, wenn die Menge der gelieferten Waren innerhalb von 1 Jahr die Anforderung erreicht.<\/td>\n<\/tr>\n<tr>\n<td> MOQ<\/td>\n<td> 200KG f\u00fcr jeden Artikel \/ Farbe<\/td>\n<\/tr>\n<tr>\n<td> Verpacken<\/td>\n<td> Innen mit Schutzfolie oder Kunststoff schrumpfen oder Perlwolle, au\u00dfen mit Flo\u00df Papier oder Box oder Holzrahmen usw., oder kundenspezifische Anpassung<\/td>\n<\/tr>\n<tr>\n<td> Lieferfrist<\/td>\n<td> Herstellung neuer Formen: 10-15 Tage. Gro\u00dfserienproduktion: 25-30 Tage.<\/td>\n<\/tr>\n<\/tbody>\n<\/table>\n<h2>Unsere Produktionsbasis<\/h2>\n<h3>Fabrik-Panorama<\/h3>\n<p><img decoding=\"async\" src=\"\/wp-content\/uploads\/factory-01.webp\"\/><\/p>\n<h3>Werkstatt zur Herstellung von Aluminiumstangen<\/h3>\n<p><img decoding=\"async\" src=\"\/wp-content\/uploads\/factory-02.webp\"\/><\/p>\n<p><img decoding=\"async\" src=\"\/wp-content\/uploads\/factory-03.webp\"\/><\/p>\n<h3>Lagerhaus f\u00fcr Formen<\/h3>\n<p><img decoding=\"async\" src=\"\/wp-content\/uploads\/factory-04.webp\"\/><\/p>\n<h3>43 Aluminium-Strangpressanlagen (500-5500 Tonnen)<\/h3>\n<p><img decoding=\"async\" src=\"\/wp-content\/uploads\/factory-05.webp\"\/><\/p>\n<p><img decoding=\"async\" src=\"\/wp-content\/uploads\/factory-06.webp\"\/><\/p>\n<p><img decoding=\"async\" src=\"\/wp-content\/uploads\/factory-07.webp\"\/><\/p>\n<h3>Werkstatt f\u00fcr Pulverbeschichtung<\/h3>\n<p><img decoding=\"async\" src=\"\/wp-content\/uploads\/factory-09.webp\"\/><\/p>\n<h3>Eloxal-Werkstatt<\/h3>\n<p><img decoding=\"async\" src=\"\/wp-content\/uploads\/factory-10.webp\"\/><\/p>\n<h3>Workshop zur Tiefenverarbeitung<\/h3>\n<p><img decoding=\"async\" src=\"\/wp-content\/uploads\/factory-11.webp\"\/><\/p>\n<h3>CNC-Pr\u00e4zisionsbearbeitungswerkstatt<\/h3>\n<p><img decoding=\"async\" src=\"\/wp-content\/uploads\/factory-11.5.webp\"\/><\/p>\n<h3>Lager f\u00fcr Fertigprodukte und Export<\/h3>\n<p><img decoding=\"async\" src=\"\/wp-content\/uploads\/factory-12.webp\"\/><\/p>\n<p><img decoding=\"async\" src=\"\/wp-content\/uploads\/factory-13.webp\"\/><\/p>\n<p><img decoding=\"async\" src=\"\/wp-content\/uploads\/factory-14.webp\"\/><\/p>\n<h2>FAQ<\/h2>\n<p><p><b>1. was ist ein Aluminium-Profil-Schieber f\u00fcr Fenstervorh\u00e4nge? <\/b><\/p>\n<p> Es handelt sich um ein Schienensystem aus stranggepresstem Aluminium, das f\u00fcr das reibungslose Gleiten von Vorh\u00e4ngen in privaten oder gewerblichen Fensteranwendungen entwickelt wurde.<br \/>\n<\/p><br \/>\n<br \/>\n<p><b>2. warum sollte man Aluminium f\u00fcr Vorhangschieber w\u00e4hlen? <\/b><\/p>\n<p> Aluminium ist leicht, korrosionsbest\u00e4ndig und widerstandsf\u00e4hig, was eine zuverl\u00e4ssige Leistung und einen minimalen Wartungsaufwand im Laufe der Zeit gew\u00e4hrleistet.<br \/>\n<\/p><br \/>\n<br \/>\n<p><b>3. kann das Aluminiumprofil individuell angepasst werden? <\/b><\/p>\n<p> Ja, er kann in L\u00e4nge, Farbe, Schlitzdesign und Montageoptionen an die jeweilige Vorhang- und Raumkonfiguration angepasst werden.<br \/>\n<\/p><br \/>\n<br \/>\n<p><b>4. ist dieser Vorhangschieber einfach zu installieren? <\/b><\/p>\n<p> Das leichte Aluminiumprofil l\u00e4sst sich leicht zuschneiden, ausrichten und mit Standardbeschl\u00e4gen an Decken oder W\u00e4nden montieren.<br \/>\n<\/p><br \/>\n<br \/>\n<p><b>5. welche Oberfl\u00e4chen sind f\u00fcr den Aluminium-Schieberegler erh\u00e4ltlich? <\/b><\/p>\n<p> Zu den Optionen geh\u00f6ren eloxiertes, mattschwarzes, wei\u00df pulverbeschichtetes und geb\u00fcrstetes Aluminium, die zu verschiedenen Einrichtungsstilen passen.<br \/>\n<\/p><br \/>\n<br \/>\n<p><b>6. ist es mit allen Vorhangtypen kompatibel? <\/b><\/p>\n<p> Ja, das Profil ist mit den meisten Vorhangschienen, Gleitern und Haken f\u00fcr Stoff-, Verdunkelungs- oder transparente Vorh\u00e4nge kompatibel.<br \/>\n<\/p><br \/>\n<br \/>\n<p><b>7. unterst\u00fctzt es einen reibungslosen und leisen Betrieb? <\/b><\/p>\n<p> Ja, die pr\u00e4zisionsgepresste Schiene in Kombination mit hochwertigen Laufschienen sorgt f\u00fcr eine gleichm\u00e4\u00dfige, ruhige und stabile Bewegung des Vorhangs.<br \/>\n<\/p><br \/>\n<br \/>\n<p><b>8. wo wird das Produkt \u00fcblicherweise verwendet? <\/b><\/p>\n<p> Es ist ideal f\u00fcr Wohnr\u00e4ume, B\u00fcros, Hotels, Krankenh\u00e4user und gewerbliche R\u00e4ume, die zuverl\u00e4ssige und stilvolle Vorhangsysteme ben\u00f6tigen.<br \/>\n<\/p><br \/><\/p>","protected":false},"featured_media":7776,"template":"","categories":[67],"class_list":["post-7777","product","type-product","status-publish","has-post-thumbnail","hentry","category-architectural-aluminium-profile"],"meta_box":{"hilight_text_group":{"product_hilight_text":"<li>High-strength aluminum profile ensures smooth and stable curtain sliding.<\/li>\r\r\n<li>Lightweight design allows for easy installation and ceiling or wall mounting.<\/li>\r\r\n<li>Corrosion-resistant finish ideal for long-term indoor use.<\/li>\r\r\n<li>Compatible with various curtain hook and runner systems.<\/li>\r\r\n<li>Customizable lengths, finishes, and slot designs to fit different interiors.<\/li>\r\r\n<li>Modern, minimalist appearance suits residential and commercial environments.<\/li>","product_chanpin_blog":"<ul>\r\r\n<li><a href=\"https:\/\/sinoextrud.com\/t-slot-v-slot-differences\/\" target=\"_blank\">t slot vs v slot<\/a><\/li>\r\r\n<li><a href=\"https:\/\/sinoextrud.com\/what-is-4040-aluminium-extrud\/\" target=\"_blank\">4040 aluminium extrusion<\/a><\/li>\r\r\n<li><a href=\"https:\/\/sinoextrud.com\/what-is-4040-aluminium-extrud\/\" target=\"_blank\">aluminum extrusions for industrial racks<\/a><\/li>\r\r\n<li><a href=\"https:\/\/sinoextrud.com\/powder-coating-aluminium-process\/\" target=\"_blank\">powder coating aluminium<\/a><\/li>\r\r\n<li><a href=\"https:\/\/sinoextrud.com\/what-is-an-aluminium-strip-ceiling\/\" target=\"_blank\">aluminium strip ceiling<\/a><\/li>\r\r\n<li><a href=\"https:\/\/sinoextrud.com\/what-is-a-heat-sink\/\" target=\"_blank\">what is a heat sink<\/a><\/li>\r\r\n<\/ul>","product_chanpin_chanpin":"<li><a href=\"https:\/\/sinoextrud.com\/product\/aluminum-profile-for-glass-railings\/\" target=\"_blank\">Aluminum Profile For Glass Railings<\/a><\/li>\r\n<li><a href=\"https:\/\/sinoextrud.com\/product\/extruded-aluminum-slide\/\" target=\"_blank\">Extruded Aluminum Slide<\/a><\/li>\r\n<li><a href=\"https:\/\/sinoextrud.com\/product\/aluminum-profile-for-advertising-photo-frame\/\" target=\"_blank\">Aluminum Profile For Advertising Photo Frame<\/a><\/li>\r\n<li><a href=\"https:\/\/sinoextrud.com\/product\/aluminum-profile-for-curtain\/\" target=\"_blank\">Aluminum Profile for Curtain<\/a><\/li>\r\n<li><a href=\"https:\/\/sinoextrud.com\/product\/aluminum-profile-slider-for-window-curtain\/\" target=\"_blank\">Aluminum Profile Slider For Window Curtain<\/a><\/li>\r\n<li><a href=\"https:\/\/sinoextrud.com\/product\/aluminum-profile-wardrobe-hanging-rail\/\" target=\"_blank\">Aluminum Profile Wardrobe Hanging Rail<\/a><\/li>\r\n<li><a href=\"https:\/\/sinoextrud.com\/product\/anodizing-aluminium-alloy-wire-slot\/\" target=\"_blank\">Anodizing Aluminium Alloy Wire Slot<\/a><\/li>\r\n<li><a href=\"https:\/\/sinoextrud.com\/product\/window-extrusion-profiles\/\" target=\"_blank\">Window Extrusion Profiles<\/a><\/li>\r\n<li><a href=\"https:\/\/sinoextrud.com\/product\/aluminum-outdoor-louver\/\" target=\"_blank\">Aluminum Outdoor Louver<\/a><\/li>\r\n<li><a href=\"https:\/\/sinoextrud.com\/product\/china-industrial-extruded-aluminium-heatsink-profile\/\" target=\"_blank\">China Industrial Extruded Aluminium Heatsink Profile<\/a><\/li>\r\n<li><a href=\"https:\/\/sinoextrud.com\/product\/aluminum-light-box-extrusion\/\" target=\"_blank\">Aluminum Light Box Extrusion<\/a><\/li>"},"feature_list":[]},"_links":{"self":[{"href":"https:\/\/sinoextrud.com\/de\/wp-json\/wp\/v2\/product\/7777","targetHints":{"allow":["GET"]}}],"collection":[{"href":"https:\/\/sinoextrud.com\/de\/wp-json\/wp\/v2\/product"}],"about":[{"href":"https:\/\/sinoextrud.com\/de\/wp-json\/wp\/v2\/types\/product"}],"wp:featuredmedia":[{"embeddable":true,"href":"https:\/\/sinoextrud.com\/de\/wp-json\/wp\/v2\/media\/7776"}],"wp:attachment":[{"href":"https:\/\/sinoextrud.com\/de\/wp-json\/wp\/v2\/media?parent=7777"}],"wp:term":[{"taxonomy":"category","embeddable":true,"href":"https:\/\/sinoextrud.com\/de\/wp-json\/wp\/v2\/categories?post=7777"}],"curies":[{"name":"wp","href":"https:\/\/api.w.org\/{rel}","templated":true}]}}