{"id":7773,"date":"2025-06-10T07:07:54","date_gmt":"2025-06-10T07:07:54","guid":{"rendered":"https:\/\/sinoextrud.com\/product\/aluminum-profile-for-advertising-photo-frame\/"},"modified":"2025-06-24T06:13:39","modified_gmt":"2025-06-24T06:13:39","slug":"aluminiumprofil-fur-werbefotorahmen","status":"publish","type":"product","link":"https:\/\/sinoextrud.com\/de\/product\/aluminum-profile-for-advertising-photo-frame\/","title":{"rendered":"Aluminiumprofil f\u00fcr Werbefotorahmen"},"content":{"rendered":"<h2>Produkte Details<\/h2>\n<table class=\"custom-table\">\n<tr>\n<td class=\"label\">Markenname<\/td>\n<td>China Sinoextrud<\/td>\n<\/tr>\n<tr>\n<td class=\"label\">Produkttyp<\/td>\n<td>Aluminiumprofil f\u00fcr Werbefotorahmen und Bilderrahmen<\/td>\n<\/tr>\n<tr>\n<td class=\"label\">Material<\/td>\n<td>100% Aluminiumlegierung<br \/>\nWichtigstes Material: AA6063,6061,6463<br \/>\nAndere Optionen: AA6082,6005,2024,2014,7075 etc.<\/td>\n<\/tr>\n<tr>\n<td class=\"label\">Temperament<\/td>\n<td>T4,T5,T6<\/td>\n<\/tr>\n<tr>\n<td class=\"label\">Dicke<\/td>\n<td>Allgemeine Dicke: 0,8 - 5,0 mm<br \/>\nEloxalschutz Dicke: 8 - 25 um<br \/>\nDicke der Pulverbeschichtung:40 - 120 um<\/td>\n<\/tr>\n<tr>\n<td class=\"label\">L\u00e4nge<\/td>\n<td>Allgemeine Ladel\u00e4nge: 3m\/6m.<br \/>\nSie k\u00f6nnen auch Sonderl\u00e4ngen bestellen.<\/td>\n<\/tr>\n<tr>\n<td class=\"label\">Form<\/td>\n<td>Sonderanfertigung<\/td>\n<\/tr>\n<tr>\n<td class=\"label\">Toleranz<\/td>\n<td>\u00b11%<\/td>\n<\/tr>\n<tr>\n<td class=\"label\">Oberfl\u00e4chenbehandlung<\/td>\n<td>gefr\u00e4st, eloxiert, pulverbeschichtet, Elektrophorese, Holzmaserung, Holz, PVDF-Farbe, poliert, geb\u00fcrstet, usw.<\/td>\n<\/tr>\n<tr>\n<td class=\"label\">Farbe<\/td>\n<td>Metall Silber, Champagner, schwarz, wei\u00df, Spiegel, etc. (Akzeptieren Sie kundenspezifische Auftr\u00e4ge)<\/td>\n<\/tr>\n<tr>\n<td class=\"label\">Bearbeitung<\/td>\n<td>CNC, Bohren, Fr\u00e4sen, Schneiden, Schwei\u00dfen, Biegen, Montieren<\/td>\n<\/tr>\n<tr>\n<td class=\"label\">Produktionskapazit\u00e4t<\/td>\n<td>5000 Tonnen monatlich, 60000 Tonnen j\u00e4hrlich.<\/td>\n<\/tr>\n<tr>\n<td class=\"label\">Zertifikat und Standard<\/td>\n<td>(1) ISO9001-2008\/ISO 9001:2008;<br \/>\n(2) CQM-Zertifizierung;<br \/>\n(3) SGS, CE, BV, JIS, AS, NZS, QUALICOAT, QUOLANOD verf\u00fcgbar<\/td>\n<\/tr>\n<tr>\n<td class=\"label\">B\u00fcrgschaft<\/td>\n<td>15 Jahre f\u00fcr die Oberfl\u00e4chenbehandlung in Innenr\u00e4umen<\/td>\n<\/tr>\n<tr>\n<td class=\"label\">Kostenlose Probe<\/td>\n<td>Muster mit weniger als 10 cm L\u00e4nge sind kostenlos erh\u00e4ltlich.<\/td>\n<\/tr>\n<\/table>\n<h2>Unsere Produktionsbasis<\/h2>\n<h3>Fabrik-Panorama<\/h3>\n<p><img decoding=\"async\" src=\"\/wp-content\/uploads\/factory-01.webp\"\/><\/p>\n<h3>Werkstatt zur Herstellung von Aluminiumstangen<\/h3>\n<p><img decoding=\"async\" src=\"\/wp-content\/uploads\/factory-02.webp\"\/><\/p>\n<p><img decoding=\"async\" src=\"\/wp-content\/uploads\/factory-03.webp\"\/><\/p>\n<h3>Lagerhaus f\u00fcr Formen<\/h3>\n<p><img decoding=\"async\" src=\"\/wp-content\/uploads\/factory-04.webp\"\/><\/p>\n<h3>43 Aluminium-Strangpressanlagen (500-5500 Tonnen)<\/h3>\n<p><img decoding=\"async\" src=\"\/wp-content\/uploads\/factory-05.webp\"\/><\/p>\n<p><img decoding=\"async\" src=\"\/wp-content\/uploads\/factory-06.webp\"\/><\/p>\n<p><img decoding=\"async\" src=\"\/wp-content\/uploads\/factory-07.webp\"\/><\/p>\n<h3>Werkstatt f\u00fcr Pulverbeschichtung<\/h3>\n<p><img decoding=\"async\" src=\"\/wp-content\/uploads\/factory-09.webp\"\/><\/p>\n<h3>Eloxal-Werkstatt<\/h3>\n<p><img decoding=\"async\" src=\"\/wp-content\/uploads\/factory-10.webp\"\/><\/p>\n<h3>Workshop zur Tiefenverarbeitung<\/h3>\n<p><img decoding=\"async\" src=\"\/wp-content\/uploads\/factory-11.webp\"\/><\/p>\n<h3>CNC-Pr\u00e4zisionsbearbeitungswerkstatt<\/h3>\n<p><img decoding=\"async\" src=\"\/wp-content\/uploads\/factory-11.5.webp\"\/><\/p>\n<h3>Lager f\u00fcr Fertigprodukte und Export<\/h3>\n<p><img decoding=\"async\" src=\"\/wp-content\/uploads\/factory-12.webp\"\/><\/p>\n<p><img decoding=\"async\" src=\"\/wp-content\/uploads\/factory-13.webp\"\/><\/p>\n<p><img decoding=\"async\" src=\"\/wp-content\/uploads\/factory-14.webp\"\/><\/p>\n<h2>FAQ<\/h2>\n<p><p><b>1. was ist ein Aluminium-Profil f\u00fcr Werbung Fotorahmen?<\/b><\/p>\n<p>Es handelt sich um ein speziell entwickeltes Aluminium-Strangpressprofil, das zur Herstellung von eleganten, haltbaren Rahmen f\u00fcr Werbeplakate und Fotos in kommerziellen Displays verwendet wird.<br \/>\n<\/p><br \/>\n<br \/>\n<p><b>2. was sind die Vorteile der Verwendung von Aluminiumprofilen in Werberahmen?<\/b><\/p>\n<p>Sie sind leicht, korrosionsbest\u00e4ndig, optisch ansprechend und lassen sich leicht zu verschiedenen Rahmengr\u00f6\u00dfen verarbeiten.<br \/>\n<\/p><br \/>\n<br \/>\n<p><b>3. k\u00f6nnen diese Profile im Freien verwendet werden?<\/b><\/p>\n<p>Ja, sie sind mit wetterfesten Oberfl\u00e4chen wie Eloxierung oder Pulverbeschichtung erh\u00e4ltlich und eignen sich f\u00fcr die Beschilderung im Freien.<br \/>\n<\/p><br \/>\n<br \/>\n<p><b>4. sind individuelle Gr\u00f6\u00dfen und Farben erh\u00e4ltlich?<\/b><\/p>\n<p>Ja, wir bieten vollst\u00e4ndig anpassbare Profile an, die genau Ihren Rahmenabmessungen, Farben und Brandinganforderungen entsprechen.<br \/>\n<\/p><br \/>\n<br \/>\n<p><b>5. bieten Sie Aluminiumprofile mit Schnapprahmen an?<\/b><\/p>\n<p>Ja, wir bieten aufklappbare Profile an, die einen schnellen und einfachen Plakatwechsel erm\u00f6glichen, ideal f\u00fcr h\u00e4ufig aktualisierte Werbeinhalte.<br \/>\n<\/p><br \/>\n<br \/>\n<p><b>6. wo werden diese Aluminiumprofile \u00fcblicherweise verwendet?<\/b><\/p>\n<p>Sie werden in Einzelhandelsgesch\u00e4ften, Einkaufszentren, Restaurants, B\u00fcros, Messest\u00e4nden und Verkehrsterminals eingesetzt.<br \/>\n<\/p><br \/>\n<br \/>\n<p><b>7. wie einfach ist es, Aluminium-Werbetr\u00e4ger zu installieren?<\/b><\/p>\n<p>Sehr einfach - sie sind f\u00fcr eine schnelle Montage und Befestigung mit Standardbeschl\u00e4gen oder Klebeband ausgelegt.<br \/>\n<\/p><br \/>\n<br \/>\n<p><b>Sind diese Rahmen f\u00fcr verschiedene Kampagnen wiederverwendbar?<\/b><\/p>\n<p>Ja, durch die robuste Struktur und das leicht zug\u00e4ngliche Design sind sie wiederverwendbar und ideal f\u00fcr rotierende Werbematerialien.<br \/>\n<\/p><br \/><\/p>","protected":false},"featured_media":7772,"template":"","categories":[67],"class_list":["post-7773","product","type-product","status-publish","has-post-thumbnail","hentry","category-architectural-aluminium-profile"],"meta_box":{"hilight_text_group":{"product_hilight_text":"<li>Lightweight aluminum construction ensures easy mounting and transport<\/li>\r\r\n<li>Durable and corrosion-resistant for long-term indoor or outdoor display<\/li>\r\r\n<li>Precision-extruded for clean edges and a sleek appearance<\/li>\r\r\n<li>Customizable profiles to fit various poster and photo sizes<\/li>\r\r\n<li>Quick-open snap frame design available for fast graphic changes<\/li>\r\r\n<li>Available in multiple finishes and anodized colors<\/li>\r\r\n<li>Ideal for retail signage, exhibitions, and commercial advertising<\/li>","product_chanpin_blog":"<ul>\r\r\n<li><a href=\"https:\/\/sinoextrud.com\/t-slot-v-slot-differences\/\" target=\"_blank\">t slot vs v slot<\/a><\/li>\r\r\n<li><a href=\"https:\/\/sinoextrud.com\/what-is-4040-aluminium-extrud\/\" target=\"_blank\">4040 aluminium extrusion<\/a><\/li>\r\r\n<li><a href=\"https:\/\/sinoextrud.com\/what-is-4040-aluminium-extrud\/\" target=\"_blank\">aluminum extrusions for industrial racks<\/a><\/li>\r\r\n<li><a href=\"https:\/\/sinoextrud.com\/powder-coating-aluminium-process\/\" target=\"_blank\">powder coating aluminium<\/a><\/li>\r\r\n<li><a href=\"https:\/\/sinoextrud.com\/what-is-an-aluminium-strip-ceiling\/\" target=\"_blank\">aluminium strip ceiling<\/a><\/li>\r\r\n<li><a href=\"https:\/\/sinoextrud.com\/what-is-a-heat-sink\/\" target=\"_blank\">what is a heat sink<\/a><\/li>\r\r\n<\/ul>","product_chanpin_chanpin":"<li><a href=\"https:\/\/sinoextrud.com\/product\/triangular-extruded-aluminum-tube\/\" target=\"_blank\">Triangular Extruded Aluminum Tube<\/a><\/li>\r\n<li><a href=\"https:\/\/sinoextrud.com\/product\/aluminum-picture-photo-artware-frame-mirror-polished-gold\/\" target=\"_blank\">Aluminum Picture Photo Artware Frame Mirror Polished Gold<\/a><\/li>\r\n<li><a href=\"https:\/\/sinoextrud.com\/product\/aluminum-profile-for-glass-railings\/\" target=\"_blank\">Aluminum Profile For Glass Railings<\/a><\/li>\r\n<li><a href=\"https:\/\/sinoextrud.com\/product\/extruded-aluminum-slide\/\" target=\"_blank\">Extruded Aluminum Slide<\/a><\/li>\r\n<li><a href=\"https:\/\/sinoextrud.com\/product\/aluminum-profile-for-advertising-photo-frame\/\" target=\"_blank\">Aluminum Profile For Advertising Photo Frame<\/a><\/li>\r\n<li><a href=\"https:\/\/sinoextrud.com\/product\/aluminum-profile-for-curtain\/\" target=\"_blank\">Aluminum Profile for Curtain<\/a><\/li>\r\n<li><a href=\"https:\/\/sinoextrud.com\/product\/aluminum-profile-slider-for-window-curtain\/\" target=\"_blank\">Aluminum Profile Slider For Window Curtain<\/a><\/li>\r\n<li><a href=\"https:\/\/sinoextrud.com\/product\/aluminum-profile-wardrobe-hanging-rail\/\" target=\"_blank\">Aluminum Profile Wardrobe Hanging Rail<\/a><\/li>\r\n<li><a href=\"https:\/\/sinoextrud.com\/product\/anodizing-aluminium-alloy-wire-slot\/\" target=\"_blank\">Anodizing Aluminium Alloy Wire Slot<\/a><\/li>\r\n<li><a href=\"https:\/\/sinoextrud.com\/product\/easy-assembly-bi-slotted-production-line-anodized-aluminium-t-slot-extrusion\/\" target=\"_blank\">Easy Assembly Bi-Slotted Production Line Anodized Aluminium T Slot Extrusion<\/a><\/li>\r\n<li><a href=\"https:\/\/sinoextrud.com\/product\/extruded-aluminum-trim-shapes\/\" target=\"_blank\">Extruded Aluminum Trim Shapes<\/a><\/li>"},"feature_list":[]},"_links":{"self":[{"href":"https:\/\/sinoextrud.com\/de\/wp-json\/wp\/v2\/product\/7773","targetHints":{"allow":["GET"]}}],"collection":[{"href":"https:\/\/sinoextrud.com\/de\/wp-json\/wp\/v2\/product"}],"about":[{"href":"https:\/\/sinoextrud.com\/de\/wp-json\/wp\/v2\/types\/product"}],"wp:featuredmedia":[{"embeddable":true,"href":"https:\/\/sinoextrud.com\/de\/wp-json\/wp\/v2\/media\/7772"}],"wp:attachment":[{"href":"https:\/\/sinoextrud.com\/de\/wp-json\/wp\/v2\/media?parent=7773"}],"wp:term":[{"taxonomy":"category","embeddable":true,"href":"https:\/\/sinoextrud.com\/de\/wp-json\/wp\/v2\/categories?post=7773"}],"curies":[{"name":"wp","href":"https:\/\/api.w.org\/{rel}","templated":true}]}}