{"id":7759,"date":"2025-06-10T06:52:55","date_gmt":"2025-06-10T06:52:55","guid":{"rendered":"https:\/\/sinoextrud.com\/product\/aluminum-window-extrusion-profiles-2\/"},"modified":"2025-06-24T06:13:37","modified_gmt":"2025-06-24T06:13:37","slug":"aluminium-fensterstrangpressprofile-2","status":"publish","type":"product","link":"https:\/\/sinoextrud.com\/de\/product\/aluminum-window-extrusion-profiles-2\/","title":{"rendered":"Aluminium-Fenster-Extrusionsprofile"},"content":{"rendered":"<h2>Produkte Details<\/h2>\n<table class=\"custom-table\">\n<tr>\n<td class=\"label\">Artikel<\/td>\n<td>Aluminium-Fenster-Extrusionsprofile<\/td>\n<\/tr>\n<tr>\n<td class=\"label\">Ort der Herkunft:<\/td>\n<td>Zahlungsbedingungen:<\/td>\n<\/tr>\n<tr>\n<td class=\"label\">Guangdong, China<\/td>\n<td>T\/T 30% f\u00fcr Ablagerung, Balance vor Versand.<\/td>\n<\/tr>\n<tr>\n<td class=\"label\">Note:<\/td>\n<td>FOB Hafen:<\/td>\n<\/tr>\n<tr>\n<td class=\"label\">Serie 6000<\/td>\n<td>SHENZHEN \/ GUANGZHOU \/ FOSHAN<\/td>\n<\/tr>\n<tr>\n<td class=\"label\">Temperament:<\/td>\n<td>Produktionskapazit\u00e4t:<\/td>\n<\/tr>\n<tr>\n<td class=\"label\">T3-T8<\/td>\n<td> 15.000 Tonnen pro Monat, 200.000 Tonnen pro Jahr<\/td>\n<\/tr>\n<tr>\n<td class=\"label\">Anwendung:<\/td>\n<td>B\u00fcrgschaft:<\/td>\n<\/tr>\n<tr>\n<td class=\"label\">Dekorationen, T\u00fcr und Fenster, Glaswand, K\u00fchlk\u00f6rper<\/td>\n<td>Die Oberfl\u00e4chenfarbe kann im Innenbereich 10 bis 20 Jahre lang stabil bleiben.<\/td>\n<\/tr>\n<tr>\n<td class=\"label\">Die Form:<\/td>\n<td>Material:<\/td>\n<\/tr>\n<tr>\n<td class=\"label\">Winkel, Sauqre, T-Profil, Rund, Kundenspezifisch<\/td>\n<td>Serie 6000 Aluminium<\/td>\n<\/tr>\n<tr>\n<td class=\"label\">Legierung oder nicht:<\/td>\n<td>Abrechnungszeitraum:<\/td>\n<\/tr>\n<tr>\n<td class=\"label\">Ist Legierung<\/td>\n<td>Berechnen Sie nach dem tats\u00e4chlichen Endgewicht oder nach dem theoretischen Ziehgewicht.<\/td>\n<\/tr>\n<tr>\n<td class=\"label\">Modellnummer:<\/td>\n<td>Oberfl\u00e4chenbehandlung:<\/td>\n<\/tr>\n<tr>\n<td class=\"label\">6000er-Reihe<\/td>\n<td>Pulverbeschichtung, Elektrophorese, Holzmaserung, Eloxal und so weiter<\/td>\n<\/tr>\n<tr>\n<td class=\"label\">Markenname:<\/td>\n<td>Tiefgreifender Prozess:<\/td>\n<\/tr>\n<tr>\n<td class=\"label\">Sinoextrud<\/td>\n<td>CNC, Bohren, Fr\u00e4sen, Schneiden, Schwei\u00dfen, Biegen, Montieren<\/td>\n<\/tr>\n<\/table>\n<h2>Unsere Produktionsbasis<\/h2>\n<h3>Fabrik-Panorama<\/h3>\n<p><img decoding=\"async\" src=\"\/wp-content\/uploads\/factory-01.webp\"\/><\/p>\n<h3>Werkstatt zur Herstellung von Aluminiumstangen<\/h3>\n<p><img decoding=\"async\" src=\"\/wp-content\/uploads\/factory-02.webp\"\/><\/p>\n<\/p>\n<p><img decoding=\"async\" src=\"\/wp-content\/uploads\/factory-03.webp\"\/><\/p>\n<h3>Lagerhaus f\u00fcr Formen<\/h3>\n<p><img decoding=\"async\" src=\"\/wp-content\/uploads\/factory-04.webp\"\/><\/p>\n<h3>43 Aluminium-Strangpressanlagen (500\u00e2\u20ac\"5500 Tonnen)<\/h3>\n<p><img decoding=\"async\" src=\"\/wp-content\/uploads\/factory-05.webp\"\/><\/p>\n<p><img decoding=\"async\" src=\"\/wp-content\/uploads\/factory-06.webp\"\/><\/p>\n<p><img decoding=\"async\" src=\"\/wp-content\/uploads\/factory-07.webp\"\/><\/p>\n<h3>Werkstatt f\u00fcr Pulverbeschichtung<\/h3>\n<p><img decoding=\"async\" src=\"\/wp-content\/uploads\/factory-09.webp\"\/><\/p>\n<h3>Eloxal-Werkstatt<\/h3>\n<p><img decoding=\"async\" src=\"\/wp-content\/uploads\/factory-10.webp\"\/><\/p>\n<h3>Workshop zur Tiefenverarbeitung<\/h3>\n<p><img decoding=\"async\" src=\"\/wp-content\/uploads\/factory-11.webp\"\/><\/p>\n<h3>CNC-Pr\u00e4zisionsbearbeitungswerkstatt<\/h3>\n<p><img decoding=\"async\" src=\"\/wp-content\/uploads\/factory-11.5.webp\"\/><\/p>\n<h3>Lager f\u00fcr Fertigprodukte und Export<\/h3>\n<p><img decoding=\"async\" src=\"\/wp-content\/uploads\/factory-12.webp\"\/><\/p>\n<p><img decoding=\"async\" src=\"\/wp-content\/uploads\/factory-13.webp\"\/><\/p>\n<p><img decoding=\"async\" src=\"\/wp-content\/uploads\/factory-14.webp\"\/><\/p>\n<h2>FAQ<\/h2>\n<p><b>1.was sind Aluminium-Fenster-Extrusions-Profile?<\/b><\/p>\n<p>Aluminium-Fensterstrangpressprofile sind ma\u00dfgefertigte Aluminiumkomponenten, die f\u00fcr den Bau von Fenstersystemen verwendet werden und f\u00fcr ihre St\u00e4rke, ihr geringes Gewicht und ihre Korrosionsbest\u00e4ndigkeit bekannt sind.\n<\/p>\n<p><\/p>\n<p><b>2. warum Aluminium Fenster Extrusion Profile \u00fcber andere Materialien w\u00e4hlen?<\/b><\/p>\n<p>Aluminium-Fensterprofile bieten im Vergleich zu Holz- oder PVC-Alternativen \u00fcberlegene Haltbarkeit, Designflexibilit\u00e4t und geringen Wartungsaufwand.\n<\/p>\n<p><\/p>\n<p><b>3. sind Aluminium-Fensterprofile witterungsbest\u00e4ndig?<\/b><\/p>\n<p>Ja, Aluminium-Fensterprofile sind sehr witterungsbest\u00e4ndig und f\u00fcr raue Umgebungsbedingungen geeignet.\n<\/p>\n<p><\/p>\n<p><b>4. kann ich das Design von Aluminium-Fenster-Extrusionsprofilen anpassen?<\/b><\/p>\n<p>Ja, Aluminium-Fensterstrangpressprofile k\u00f6nnen in Form, Gr\u00f6\u00dfe und Ausf\u00fchrung vollst\u00e4ndig an die spezifischen Projektanforderungen angepasst werden.\n<\/p>\n<p><\/p>\n<p><b>5. unterst\u00fctzen Aluminium-Fensterprofile die Energieeffizienz?<\/b><\/p>\n<p>Ja, Aluminium-Fensterprofile k\u00f6nnen thermisch gebrochen werden, um die Isolierung zu verbessern und die Energieeffizienz des Geb\u00e4udes zu erh\u00f6hen.\n<\/p>\n<p><\/p>\n<p><b>6. wie lange halten Aluminium-Fensterstrangpressprofile?<\/b><\/p>\n<p>Aluminium-Fensterprofile haben eine lange Lebensdauer, die bei minimaler Wartung oft mehr als 30 Jahre betr\u00e4gt.\n<\/p>\n<p><\/p>\n<p><b>7. sind Aluminium-Fensterprofile umweltfreundlich?<\/b><\/p>\n<p>Ja, Aluminium-Fensterprofile sind recycelbar und tragen zu nachhaltigen Baupraktiken bei.<\/p>\n<p><\/p>","protected":false},"featured_media":7758,"template":"","categories":[67],"class_list":["post-7759","product","type-product","status-publish","has-post-thumbnail","hentry","category-architectural-aluminium-profile"],"meta_box":{"hilight_text_group":{"product_hilight_text":"<li>High precision aluminum alloy profiles ensure excellent sealing and durability<\/li>\r\r\n<li>Customized shapes and surface treatments for diverse architectural needs<\/li>\r\r\n<li>Excellent corrosion resistance ideal for all weather conditions<\/li>\r\r\n<li>Lightweight yet strong for enhanced structural performance<\/li>\r\r\n<li>Compatible with various window systems and accessories<\/li>","product_chanpin_blog":"<ul>\r\r\n<li><a href=\"https:\/\/sinoextrud.com\/t-slot-v-slot-differences\/\" target=\"_blank\">t slot vs v slot<\/a><\/li>\r\r\n<li><a href=\"https:\/\/sinoextrud.com\/what-is-4040-aluminium-extrud\/\" target=\"_blank\">4040 aluminium extrusion<\/a><\/li>\r\r\n<li><a href=\"https:\/\/sinoextrud.com\/what-is-4040-aluminium-extrud\/\" target=\"_blank\">aluminum extrusions for industrial racks<\/a><\/li>\r\r\n<li><a href=\"https:\/\/sinoextrud.com\/powder-coating-aluminium-process\/\" target=\"_blank\">powder coating aluminium<\/a><\/li>\r\r\n<li><a href=\"https:\/\/sinoextrud.com\/what-is-an-aluminium-strip-ceiling\/\" target=\"_blank\">aluminium strip ceiling<\/a><\/li>\r\r\n<li><a href=\"https:\/\/sinoextrud.com\/what-is-a-heat-sink\/\" target=\"_blank\">what is a heat sink<\/a><\/li>\r\r\n<\/ul>","product_chanpin_chanpin":"<li><a href=\"https:\/\/sinoextrud.com\/product\/extruded-aluminum-door-frame\/\" target=\"_blank\">Extruded Aluminum Door Frame<\/a><\/li>\r\n<li><a href=\"https:\/\/sinoextrud.com\/product\/item-structural-aluminum-extrusions\/\" target=\"_blank\">Item Structural Aluminum Extrusions<\/a><\/li>\r\n<li><a href=\"https:\/\/sinoextrud.com\/product\/aluminum-extrusions-stock-shapes\/\" target=\"_blank\">Aluminum Extrusions Stock Shapes<\/a><\/li>\r\n<li><a href=\"https:\/\/sinoextrud.com\/product\/aluminum-profiles-for-glass\/\" target=\"_blank\">Aluminum Profiles For Glass<\/a><\/li>\r\n<li><a href=\"https:\/\/sinoextrud.com\/product\/aluminum-window-extrusion-profiles-2\/\" target=\"_blank\">Aluminum Window Extrusion Profiles<\/a><\/li>\r\n<li><a href=\"https:\/\/sinoextrud.com\/product\/glazing-channels-extrusions\/\" target=\"_blank\">Glazing Channels Extrusions<\/a><\/li>\r\n<li><a href=\"https:\/\/sinoextrud.com\/product\/aluminum-picture-frame-extrusions\/\" target=\"_blank\">Aluminum Picture Frame Extrusions<\/a><\/li>\r\n<li><a href=\"https:\/\/sinoextrud.com\/product\/triangular-extruded-aluminum-tube\/\" target=\"_blank\">Triangular Extruded Aluminum Tube<\/a><\/li>\r\n<li><a href=\"https:\/\/sinoextrud.com\/product\/aluminum-picture-photo-artware-frame-mirror-polished-gold\/\" target=\"_blank\">Aluminum Picture Photo Artware Frame Mirror Polished Gold<\/a><\/li>\r\n<li><a href=\"https:\/\/sinoextrud.com\/product\/aluminum-extruded-products\/\" target=\"_blank\">Aluminum Extruded Products<\/a><\/li>\r\n<li><a href=\"https:\/\/sinoextrud.com\/product\/aluminum-extrusion-connectors-for-window-door-aluminum\/\" target=\"_blank\">Aluminum Extrusion Connectors For Window Door Aluminum<\/a><\/li>"},"feature_list":[]},"_links":{"self":[{"href":"https:\/\/sinoextrud.com\/de\/wp-json\/wp\/v2\/product\/7759","targetHints":{"allow":["GET"]}}],"collection":[{"href":"https:\/\/sinoextrud.com\/de\/wp-json\/wp\/v2\/product"}],"about":[{"href":"https:\/\/sinoextrud.com\/de\/wp-json\/wp\/v2\/types\/product"}],"wp:featuredmedia":[{"embeddable":true,"href":"https:\/\/sinoextrud.com\/de\/wp-json\/wp\/v2\/media\/7758"}],"wp:attachment":[{"href":"https:\/\/sinoextrud.com\/de\/wp-json\/wp\/v2\/media?parent=7759"}],"wp:term":[{"taxonomy":"category","embeddable":true,"href":"https:\/\/sinoextrud.com\/de\/wp-json\/wp\/v2\/categories?post=7759"}],"curies":[{"name":"wp","href":"https:\/\/api.w.org\/{rel}","templated":true}]}}