{"id":7753,"date":"2025-06-10T06:26:28","date_gmt":"2025-06-10T06:26:28","guid":{"rendered":"https:\/\/sinoextrud.com\/product\/item-structural-aluminum-extrusions\/"},"modified":"2025-06-24T06:13:36","modified_gmt":"2025-06-24T06:13:36","slug":"artikel-strukturelle-aluminium-strangpressprofile","status":"publish","type":"product","link":"https:\/\/sinoextrud.com\/de\/product\/item-structural-aluminum-extrusions\/","title":{"rendered":"Artikel Strukturelle Aluminium-Strangpressprofile"},"content":{"rendered":"<h2>Produkte Details<\/h2>\n<table class=\"custom-table\">\n<tbody>\n<tr>\n<td> <\/td>\n<td>Artikel Strukturelle Aluminium-Strangpressprofile<\/td>\n<\/tr>\n<tr>\n<td>Material<\/td>\n<td>6063,6061,6463,6005,6082 usw.<\/td>\n<\/tr>\n<tr>\n<td>Form<\/td>\n<td>Quadratisch, rund, rechteckig und andere kundenspezifische Formen<\/td>\n<\/tr>\n<tr>\n<td>Dicke<\/td>\n<td>0,7mm-10mm<\/td>\n<\/tr>\n<tr>\n<td>Gr\u00f6\u00dfe<\/td>\n<td>Je nach Wunsch des Kunden<\/td>\n<\/tr>\n<tr>\n<td>L\u00e4nge<\/td>\n<td>Standardl\u00e4nge 1-9 m oder andere kundenspezifische L\u00e4ngen.<\/td>\n<\/tr>\n<tr>\n<td>Typische Anwendungen<\/td>\n<td>Fotorahmen, Bilderrahmen, Solarpanelrahmen, industrieller V-Slot, T-Slot-Rahmen usw.<\/td>\n<\/tr>\n<tr>\n<td>Marke<\/td>\n<td>Sinoextrud,Sinoextrud, oder OEM-Marke<\/td>\n<\/tr>\n<tr>\n<td>Tiefgreifender Prozess<\/td>\n<td>CNC-Fr\u00e4sen, Bohren, Stanzen, Bohren, Gewindeschneiden, Biegen<\/td>\n<\/tr>\n<tr>\n<td>Oberfl\u00e4chenbehandlung<\/td>\n<td>Poliert, geb\u00fcrstet, eloxiert, pulverbeschichtet, Holzmaserung etc.<\/td>\n<\/tr>\n<tr>\n<td>Bescheinigungen<\/td>\n<td>ISO9001, ISO4001, CQM, SGS, CE, BV usw.<\/td>\n<\/tr>\n<tr>\n<td>Herkunftsort<\/td>\n<td>Guangdong, China<\/td>\n<\/tr>\n<\/tbody>\n<\/table>\n<h2>Unsere Produktionsbasis<\/h2>\n<h3>Fabrik-Panorama<\/h3>\n<p><img decoding=\"async\" src=\"\/wp-content\/uploads\/factory-01.webp\"\/><\/p>\n<h3>Werkstatt zur Herstellung von Aluminiumstangen<\/h3>\n<p><img decoding=\"async\" src=\"\/wp-content\/uploads\/factory-02.webp\"\/><\/p>\n<p><img decoding=\"async\" src=\"\/wp-content\/uploads\/factory-03.webp\"\/><\/p>\n<h3>Lagerhaus f\u00fcr Formen<\/h3>\n<p><img decoding=\"async\" src=\"\/wp-content\/uploads\/factory-04.webp\"\/><\/p>\n<h3>43 Aluminium-Strangpressanlagen (500\u00e2\u20ac\"5500 Tonnen)<\/h3>\n<p><img decoding=\"async\" src=\"\/wp-content\/uploads\/factory-05.webp\"\/><\/p>\n<p><img decoding=\"async\" src=\"\/wp-content\/uploads\/factory-06.webp\"\/><\/p>\n<p><img decoding=\"async\" src=\"\/wp-content\/uploads\/factory-07.webp\"\/><\/p>\n<h3>Werkstatt f\u00fcr Pulverbeschichtung<\/h3>\n<p><img decoding=\"async\" src=\"\/wp-content\/uploads\/factory-09.webp\"\/><\/p>\n<h3>Eloxal-Werkstatt<\/h3>\n<p><img decoding=\"async\" src=\"\/wp-content\/uploads\/factory-10.webp\"\/><\/p>\n<h3>Workshop zur Tiefenverarbeitung<\/h3>\n<p><img decoding=\"async\" src=\"\/wp-content\/uploads\/factory-11.webp\"\/><\/p>\n<h3>CNC-Pr\u00e4zisionsbearbeitungswerkstatt<\/h3>\n<p><img decoding=\"async\" src=\"\/wp-content\/uploads\/factory-11.5.webp\"\/><\/p>\n<h3>Lager f\u00fcr Fertigprodukte und Export<\/h3>\n<p><img decoding=\"async\" src=\"\/wp-content\/uploads\/factory-12.webp\"\/><\/p>\n<p><img decoding=\"async\" src=\"\/wp-content\/uploads\/factory-13.webp\"\/><\/p>\n<p><img decoding=\"async\" src=\"\/wp-content\/uploads\/factory-14.webp\"\/><\/p>\n<h2>FAQ<\/h2>\n<p><p><b>1. was sind Item strukturelle Aluminium-Strangpressprofile?<\/b><\/p>\n<p>Item Structural Aluminum Extrusions sind modulare, hochfeste Aluminiumprofile, die f\u00fcr den Bau von Rahmen, Geh\u00e4usen und Industrieanlagen entwickelt wurden.<br \/>\n<\/p><br \/>\n<br \/>\n<p><b>2. warum strukturelle Aluminium-Strangpressprofile verwenden?<\/b><\/p>\n<p>Sie bieten ein hervorragendes Verh\u00e4ltnis von Festigkeit zu Gewicht, Korrosionsbest\u00e4ndigkeit und Modularit\u00e4t und sind damit ideal f\u00fcr Industrie- und Automatisierungsanwendungen.<br \/>\n<\/p><br \/>\n<br \/>\n<p><b>3. kann Item Aluminium-Strangpressprofile angepasst werden?<\/b><\/p>\n<p>Ja, strukturelle Aluminiumprofile k\u00f6nnen in Gr\u00f6\u00dfe, Form, Legierung und Oberfl\u00e4chenbehandlung an spezifische Projektanforderungen angepasst werden.<br \/>\n<\/p><br \/>\n<br \/>\n<p><b>4. sind Strangpressprofile leicht zu montieren?<\/b><\/p>\n<p>Sie sind so konzipiert, dass sie schnell und mit minimalem Werkzeug zusammengeschraubt werden k\u00f6nnen, was den Arbeitsaufwand und die Installationszeit reduziert.<br \/>\n<\/p><br \/>\n<br \/>\n<p><b>5. welche Branchen verwenden Item Structural Aluminium Extrusions?<\/b><\/p>\n<p>Sie finden breite Anwendung in der Fabrikautomation, im Maschinenbau, in der Robotik, in der Logistik und im Reinraumbau.<br \/>\n<\/p><br \/>\n<br \/>\n<p><b>6. sind diese Strangpressprofile korrosionsbest\u00e4ndig?<\/b><\/p>\n<p>Ja, Aluminium bietet eine nat\u00fcrliche Korrosionsbest\u00e4ndigkeit, die h\u00e4ufig durch Eloxieren oder Pulverbeschichten verbessert wird.<br \/>\n<\/p><br \/>\n<br \/>\n<p><b>Bieten die Lieferanten OEM-Unterst\u00fctzung f\u00fcr Strangpressprofile an?<\/b><\/p>\n<p>Ja, die meisten Hersteller bieten OEM-Produktion, kundenspezifische Profile und Unterst\u00fctzung bei Gro\u00dfauftr\u00e4gen f\u00fcr globale Kunden.<br \/>\n<\/p><br \/><\/p>","protected":false},"featured_media":7752,"template":"","categories":[67],"class_list":["post-7753","product","type-product","status-publish","has-post-thumbnail","hentry","category-architectural-aluminium-profile"],"meta_box":{"hilight_text_group":{"product_hilight_text":"<li>High-load structural strength suitable for framing and automation systems<\/li>\r\r\n<li>Modular design allows easy assembly and reconfiguration<\/li>\r\r\n<li>Corrosion-resistant aluminum ensures long service life in industrial environments<\/li>\r\r\n<li>Compatible with a wide range of connectors and accessories<\/li>\r\r\n<li>Precision extrusions guarantee dimensional consistency for high-performance use<\/li>\r\r\n<li>Customizable profiles and lengths available for OEM applications<\/li>","product_chanpin_blog":"<ul>\r\r\n<li><a href=\"https:\/\/sinoextrud.com\/t-slot-v-slot-differences\/\" target=\"_blank\">t slot vs v slot<\/a><\/li>\r\r\n<li><a href=\"https:\/\/sinoextrud.com\/what-is-4040-aluminium-extrud\/\" target=\"_blank\">4040 aluminium extrusion<\/a><\/li>\r\r\n<li><a href=\"https:\/\/sinoextrud.com\/what-is-4040-aluminium-extrud\/\" target=\"_blank\">aluminum extrusions for industrial racks<\/a><\/li>\r\r\n<li><a href=\"https:\/\/sinoextrud.com\/powder-coating-aluminium-process\/\" target=\"_blank\">powder coating aluminium<\/a><\/li>\r\r\n<li><a href=\"https:\/\/sinoextrud.com\/what-is-an-aluminium-strip-ceiling\/\" target=\"_blank\">aluminium strip ceiling<\/a><\/li>\r\r\n<li><a href=\"https:\/\/sinoextrud.com\/what-is-a-heat-sink\/\" target=\"_blank\">what is a heat sink<\/a><\/li>\r\r\n<\/ul>","product_chanpin_chanpin":"<li><a href=\"https:\/\/sinoextrud.com\/product\/h-section-aluminium-extrusion\/\" target=\"_blank\">H Section Aluminium Extrusion<\/a><\/li>\r\n<li><a href=\"https:\/\/sinoextrud.com\/product\/aluminum-cabinet-extrusions\/\" target=\"_blank\">Aluminum Cabinet Extrusions<\/a><\/li>\r\n<li><a href=\"https:\/\/sinoextrud.com\/product\/aluminum-window-blinds-profiles\/\" target=\"_blank\">Aluminum Window Blinds Profiles<\/a><\/li>\r\n<li><a href=\"https:\/\/sinoextrud.com\/product\/extruded-aluminum-door-frame\/\" target=\"_blank\">Extruded Aluminum Door Frame<\/a><\/li>\r\n<li><a href=\"https:\/\/sinoextrud.com\/product\/item-structural-aluminum-extrusions\/\" target=\"_blank\">Item Structural Aluminum Extrusions<\/a><\/li>\r\n<li><a href=\"https:\/\/sinoextrud.com\/product\/aluminum-extrusions-stock-shapes\/\" target=\"_blank\">Aluminum Extrusions Stock Shapes<\/a><\/li>\r\n<li><a href=\"https:\/\/sinoextrud.com\/product\/aluminum-profiles-for-glass\/\" target=\"_blank\">Aluminum Profiles For Glass<\/a><\/li>\r\n<li><a href=\"https:\/\/sinoextrud.com\/product\/aluminum-window-extrusion-profiles-2\/\" target=\"_blank\">Aluminum Window Extrusion Profiles<\/a><\/li>\r\n<li><a href=\"https:\/\/sinoextrud.com\/product\/glazing-channels-extrusions\/\" target=\"_blank\">Glazing Channels Extrusions<\/a><\/li>\r\n<li><a href=\"https:\/\/sinoextrud.com\/product\/aluminium-extrusion-profile\/\" target=\"_blank\">Aluminium Extrusion Profile<\/a><\/li>\r\n<li><a href=\"https:\/\/sinoextrud.com\/product\/6063-t5-oem-aluminum-profile-conner-angle-for-window-and-door-or-led-light-display-2\/\" target=\"_blank\">6063 T5  OEM  aluminum  profile  conner angle for window and door or led light display<\/a><\/li>"},"feature_list":[]},"_links":{"self":[{"href":"https:\/\/sinoextrud.com\/de\/wp-json\/wp\/v2\/product\/7753","targetHints":{"allow":["GET"]}}],"collection":[{"href":"https:\/\/sinoextrud.com\/de\/wp-json\/wp\/v2\/product"}],"about":[{"href":"https:\/\/sinoextrud.com\/de\/wp-json\/wp\/v2\/types\/product"}],"wp:featuredmedia":[{"embeddable":true,"href":"https:\/\/sinoextrud.com\/de\/wp-json\/wp\/v2\/media\/7752"}],"wp:attachment":[{"href":"https:\/\/sinoextrud.com\/de\/wp-json\/wp\/v2\/media?parent=7753"}],"wp:term":[{"taxonomy":"category","embeddable":true,"href":"https:\/\/sinoextrud.com\/de\/wp-json\/wp\/v2\/categories?post=7753"}],"curies":[{"name":"wp","href":"https:\/\/api.w.org\/{rel}","templated":true}]}}