{"id":7749,"date":"2025-06-10T06:22:20","date_gmt":"2025-06-10T06:22:20","guid":{"rendered":"https:\/\/sinoextrud.com\/product\/aluminum-window-blinds-profiles\/"},"modified":"2025-06-24T06:13:35","modified_gmt":"2025-06-24T06:13:35","slug":"aluminium-fensterjalousienprofile","status":"publish","type":"product","link":"https:\/\/sinoextrud.com\/de\/product\/aluminum-window-blinds-profiles\/","title":{"rendered":"Aluminium Fenster Jalousien Profile"},"content":{"rendered":"<h2>Produkte Details<\/h2>\n<table class=\"custom-table\">\n<tr>\n<td class=\"label\">Artikel Name<\/td>\n<td>Aluminium-Fensterjalousienprofile<\/td>\n<\/tr>\n<tr>\n<td class=\"label\">Material Klasse<\/td>\n<td>Legierung Serie 6000<\/td>\n<\/tr>\n<tr>\n<td class=\"label\">Temperament<\/td>\n<td>T5-T6<\/td>\n<\/tr>\n<tr>\n<td class=\"label\">Technologie<\/td>\n<td>Aluminium-ExtrusionSchneiden, Stanzen, Pr\u00e4gen, Biegen, Schleifen, Polieren, B\u00fcrsten, etc.<\/td>\n<\/tr>\n<tr>\n<td class=\"label\">Oberfl\u00e4chenbehandlung<\/td>\n<td>Eloxierung, Pulverbeschichtung<\/td>\n<\/tr>\n<tr>\n<td class=\"label\">Farbe<\/td>\n<td>entsprechend Ihrer Anforderung<\/td>\n<\/tr>\n<tr>\n<td class=\"label\">Normale Eloxalst\u00e4rke<\/td>\n<td>8-12 Mikro<\/td>\n<\/tr>\n<tr>\n<td class=\"label\">Normale Leistung Beschichtungsdicke<\/td>\n<td>60-100 Mikro<\/td>\n<\/tr>\n<tr>\n<td class=\"label\">Form<\/td>\n<td>Quadratisch, rund, flach, oder nach Kundenzeichnung<\/td>\n<\/tr>\n<tr>\n<td class=\"label\">L\u00e4nge<\/td>\n<td>Die Standardl\u00e4nge f\u00fcr den Export betr\u00e4gt 3 - 5,8 m, die Eloxierung h\u00f6chstens 6,5 m,<\/td>\n<\/tr>\n<tr>\n<td class=\"label\">Tiefgehende Verarbeitung<\/td>\n<td>Schneiden, Bohren, Stanzen, Biegen usw.<\/td>\n<\/tr>\n<tr>\n<td class=\"label\">2D&amp;3D Entwurf<\/td>\n<td>1: 4 Designer in der Abteilung Design und Entwicklung<br \/>\n2: Auto CAD, 3D, AI, SLD, PRT. IGS, PDF, JPEG usw.<\/td>\n<\/tr>\n<tr>\n<td class=\"label\">Technik&amp; Werkzeugbau<\/td>\n<td>1: Ingenieure im Formenbau.<br \/>\n2: Hochtonnage-Extruder, Drahterodieren, CNC, Schneiden, Stanzen, Stanzen, Biegen, Schleifen, Polieren, B\u00fcrsten, etc. verwenden<\/td>\n<\/tr>\n<tr>\n<td class=\"label\">Qualit\u00e4tskontrolle<\/td>\n<td>1.SO Genehmigt.<br \/>\n2.CE-gepr\u00fcft<br \/>\n3. die Inspektion vor Ort.<br \/>\n4. die Inspektion vor dem Versand.<br \/>\n5. eine Pr\u00fcfmaschine mit internationalem Standard<\/td>\n<\/tr>\n<tr>\n<td class=\"label\">Einzelheiten zur Verpackung<\/td>\n<td>1.EP Papier innen f\u00fcr jedes Profil separat, dann Bastelpapier au\u00dfen<br \/>\n2.EP Papier innen f\u00fcr jedes Profil getrennt dann Kartonpapier dann Palette<br \/>\n3. Schrumpffolie<br \/>\n4.Holzkarton<\/td>\n<\/tr>\n<tr>\n<td class=\"label\">Lieferung<\/td>\n<td>20-25 Tage nach Erhalt der Anzahlung<\/td>\n<\/tr>\n<tr>\n<td class=\"label\">Zahlungsfrist<\/td>\n<td>T\/T, L\/C<\/td>\n<\/tr>\n<\/table>\n<h2>Unsere Produktionsbasis<\/h2>\n<h3>Fabrik-Panorama<\/h3>\n<p><img decoding=\"async\" src=\"\/wp-content\/uploads\/factory-01.webp\"\/><\/p>\n<h3>Werkstatt zur Herstellung von Aluminiumstangen<\/h3>\n<p><img decoding=\"async\" src=\"\/wp-content\/uploads\/factory-02.webp\"\/><\/p>\n<p><img decoding=\"async\" src=\"\/wp-content\/uploads\/factory-03.webp\"\/><\/p>\n<h3>Lagerhaus f\u00fcr Formen<\/h3>\n<p><img decoding=\"async\" src=\"\/wp-content\/uploads\/factory-04.webp\"\/><\/p>\n<h3>43 Aluminium-Strangpressanlagen (500-5500 Tonnen)<\/h3>\n<p><img decoding=\"async\" src=\"\/wp-content\/uploads\/factory-05.webp\"\/><\/p>\n<p><img decoding=\"async\" src=\"\/wp-content\/uploads\/factory-06.webp\"\/><\/p>\n<p><img decoding=\"async\" src=\"\/wp-content\/uploads\/factory-07.webp\"\/><\/p>\n<h3>Werkstatt f\u00fcr Pulverbeschichtung<\/h3>\n<p><img decoding=\"async\" src=\"\/wp-content\/uploads\/factory-09.webp\"\/><\/p>\n<h3>Eloxal-Werkstatt<\/h3>\n<p><img decoding=\"async\" src=\"\/wp-content\/uploads\/factory-10.webp\"\/><\/p>\n<h3>Workshop zur Tiefenverarbeitung<\/h3>\n<p><img decoding=\"async\" src=\"\/wp-content\/uploads\/factory-11.webp\"\/><\/p>\n<h3>CNC-Pr\u00e4zisionsbearbeitungswerkstatt<\/h3>\n<p><img decoding=\"async\" src=\"\/wp-content\/uploads\/factory-11.5.webp\"\/><\/p>\n<h3>Lager f\u00fcr Fertigprodukte und Export<\/h3>\n<p><img decoding=\"async\" src=\"\/wp-content\/uploads\/factory-12.webp\"\/><\/p>\n<p><img decoding=\"async\" src=\"\/wp-content\/uploads\/factory-13.webp\"\/><\/p>\n<p><img decoding=\"async\" src=\"\/wp-content\/uploads\/factory-14.webp\"\/><\/p>\n<h2>FAQ<\/h2>\n<p><p><b>1.was sind Aluminium-Fensterjalousie-Profile?<\/b><\/p>\n<p>Aluminium-Fensterjalousieprofile sind stranggepresste Aluminiumkomponenten, die zur Unterst\u00fctzung und Strukturierung von horizontalen oder vertikalen Fensterjalousien verwendet werden.<br \/>\n<\/p><br \/>\n<br \/>\n<p><b>2. warum Aluminium f\u00fcr Fensterjalousieprofile verwenden?<\/b><\/p>\n<p>Aluminium ist leicht, stabil, korrosionsbest\u00e4ndig und optisch ansprechend und damit ideal f\u00fcr die langfristige Beschattung von Innen- und Au\u00dfenfenstern.<br \/>\n<\/p><br \/>\n<br \/>\n<p><b>3. sind Aluminium-Jalousieprofile anpassbar?<\/b><\/p>\n<p>Ja, sie k\u00f6nnen in Gr\u00f6\u00dfe, Form, Farbe und Ausf\u00fchrung individuell angepasst werden, um bestimmten Design- und Funktionsanforderungen zu entsprechen.<br \/>\n<\/p><br \/>\n<br \/>\n<p><b>4. welche Ausf\u00fchrungen gibt es f\u00fcr Aluminium-Jalousieprofile?<\/b><\/p>\n<p>G\u00e4ngige Oberfl\u00e4chenbehandlungen sind Eloxieren, Pulverbeschichten, B\u00fcrsten und Holzmaserungseffekt f\u00fcr \u00e4sthetische Vielseitigkeit und Oberfl\u00e4chenschutz.<br \/>\n<\/p><br \/>\n<br \/>\n<p><b>5. sind Aluminiumprofile f\u00fcr Fensterl\u00e4den korrosionsbest\u00e4ndig?<\/b><\/p>\n<p>Die nat\u00fcrliche Oxidschicht und die Oberfl\u00e4chenbehandlung von Aluminium machen es sehr widerstandsf\u00e4hig gegen Feuchtigkeit und UV-Strahlung.<br \/>\n<\/p><br \/>\n<br \/>\n<p><b>6. sind diese Profile f\u00fcr den gewerblichen und privaten Gebrauch geeignet?<\/b><\/p>\n<p>Ja, sie werden aufgrund ihrer Langlebigkeit und ihres modernen Aussehens h\u00e4ufig in Wohnungen, B\u00fcros, Hotels und \u00f6ffentlichen Geb\u00e4uden verwendet.<br \/>\n<\/p><br \/>\n<br \/>\n<p><b>7. gibt es eine OEM-Produktion f\u00fcr Aluminium-Jalousienprofile?<\/b><\/p>\n<p>Ja, die meisten Anbieter bieten OEM-Dienste f\u00fcr ma\u00dfgeschneiderte Designs, Branding und Massenproduktion zu wettbewerbsf\u00e4higen Preisen an.<br \/>\n<\/p><br \/><\/p>","protected":false},"featured_media":7748,"template":"","categories":[67],"class_list":["post-7749","product","type-product","status-publish","has-post-thumbnail","hentry","category-architectural-aluminium-profile"],"meta_box":{"hilight_text_group":{"product_hilight_text":"<li>Made from lightweight and durable aluminum for long-lasting performance<\/li>\r\r\n<li>Corrosion-resistant surface ideal for humid and sun-exposed environments<\/li>\r\r\n<li>Modern, sleek appearance enhances window aesthetics<\/li>\r\r\n<li>Available in various shapes, sizes, and anodized or powder-coated finishes<\/li>\r\r\n<li>Easy to clean and maintain, perfect for residential and commercial use<\/li>\r\r\n<li>Custom OEM service offered with competitive factory pricing<\/li>","product_chanpin_blog":"<ul>\r\r\n<li><a href=\"https:\/\/sinoextrud.com\/t-slot-v-slot-differences\/\" target=\"_blank\">t slot vs v slot<\/a><\/li>\r\r\n<li><a href=\"https:\/\/sinoextrud.com\/what-is-4040-aluminium-extrud\/\" target=\"_blank\">4040 aluminium extrusion<\/a><\/li>\r\r\n<li><a href=\"https:\/\/sinoextrud.com\/what-is-4040-aluminium-extrud\/\" target=\"_blank\">aluminum extrusions for industrial racks<\/a><\/li>\r\r\n<li><a href=\"https:\/\/sinoextrud.com\/powder-coating-aluminium-process\/\" target=\"_blank\">powder coating aluminium<\/a><\/li>\r\r\n<li><a href=\"https:\/\/sinoextrud.com\/what-is-an-aluminium-strip-ceiling\/\" target=\"_blank\">aluminium strip ceiling<\/a><\/li>\r\r\n<li><a href=\"https:\/\/sinoextrud.com\/what-is-a-heat-sink\/\" target=\"_blank\">what is a heat sink<\/a><\/li>\r\r\n<\/ul>","product_chanpin_chanpin":"<li><a href=\"https:\/\/sinoextrud.com\/product\/aluminium-sections-for-doors-and-windows\/\" target=\"_blank\">Aluminium Sections For Doors And Windows<\/a><\/li>\r\n<li><a href=\"https:\/\/sinoextrud.com\/product\/extruded-aluminium-curtain-rails-profile-prices\/\" target=\"_blank\">Extruded Aluminium Curtain Rails Profile Prices<\/a><\/li>\r\n<li><a href=\"https:\/\/sinoextrud.com\/product\/h-section-aluminium-extrusion\/\" target=\"_blank\">H Section Aluminium Extrusion<\/a><\/li>\r\n<li><a href=\"https:\/\/sinoextrud.com\/product\/aluminum-cabinet-extrusions\/\" target=\"_blank\">Aluminum Cabinet Extrusions<\/a><\/li>\r\n<li><a href=\"https:\/\/sinoextrud.com\/product\/aluminum-window-blinds-profiles\/\" target=\"_blank\">Aluminum Window Blinds Profiles<\/a><\/li>\r\n<li><a href=\"https:\/\/sinoextrud.com\/product\/extruded-aluminum-door-frame\/\" target=\"_blank\">Extruded Aluminum Door Frame<\/a><\/li>\r\n<li><a href=\"https:\/\/sinoextrud.com\/product\/item-structural-aluminum-extrusions\/\" target=\"_blank\">Item Structural Aluminum Extrusions<\/a><\/li>\r\n<li><a href=\"https:\/\/sinoextrud.com\/product\/aluminum-extrusions-stock-shapes\/\" target=\"_blank\">Aluminum Extrusions Stock Shapes<\/a><\/li>\r\n<li><a href=\"https:\/\/sinoextrud.com\/product\/aluminum-profiles-for-glass\/\" target=\"_blank\">Aluminum Profiles For Glass<\/a><\/li>\r\n<li><a href=\"https:\/\/sinoextrud.com\/product\/aluminium-extrusion-tube\/\" target=\"_blank\">Aluminium Extrusion Tube<\/a><\/li>\r\n<li><a href=\"https:\/\/sinoextrud.com\/product\/aluminum-cabinet-extrusions\/\" target=\"_blank\">Aluminum Cabinet Extrusions<\/a><\/li>"},"feature_list":[]},"_links":{"self":[{"href":"https:\/\/sinoextrud.com\/de\/wp-json\/wp\/v2\/product\/7749","targetHints":{"allow":["GET"]}}],"collection":[{"href":"https:\/\/sinoextrud.com\/de\/wp-json\/wp\/v2\/product"}],"about":[{"href":"https:\/\/sinoextrud.com\/de\/wp-json\/wp\/v2\/types\/product"}],"wp:featuredmedia":[{"embeddable":true,"href":"https:\/\/sinoextrud.com\/de\/wp-json\/wp\/v2\/media\/7748"}],"wp:attachment":[{"href":"https:\/\/sinoextrud.com\/de\/wp-json\/wp\/v2\/media?parent=7749"}],"wp:term":[{"taxonomy":"category","embeddable":true,"href":"https:\/\/sinoextrud.com\/de\/wp-json\/wp\/v2\/categories?post=7749"}],"curies":[{"name":"wp","href":"https:\/\/api.w.org\/{rel}","templated":true}]}}