{"id":7743,"date":"2025-06-10T06:14:05","date_gmt":"2025-06-10T06:14:05","guid":{"rendered":"https:\/\/sinoextrud.com\/product\/extruded-aluminium-curtain-rails-profile-prices\/"},"modified":"2025-06-24T06:13:34","modified_gmt":"2025-06-24T06:13:34","slug":"vorhangschienen-aus-stranggepresstem-aluminium-preise","status":"publish","type":"product","link":"https:\/\/sinoextrud.com\/de\/product\/extruded-aluminium-curtain-rails-profile-prices\/","title":{"rendered":"Stranggepresste Aluminium-Gardinenschienen Profilpreise"},"content":{"rendered":"<h2>Produkte Details<\/h2>\n<table class=\"custom-table\">\n<tr>\n<td class=\"label\">Artikel:<\/td>\n<td>Stranggepresste Aluminium-Gardinenschienen Profilpreise<\/td>\n<\/tr>\n<tr>\n<td class=\"label\">Material:<\/td>\n<td>100% Aluminium-Profil-Legierung: 6063-T5, 6061-T6, 6463-T5, 7075-T6, 6082, 5052, 2024, 7005, 6013, 7020 usw.<\/td>\n<\/tr>\n<tr>\n<td class=\"label\">Marke :<\/td>\n<td>Sinoextrud Aluminium\/Sinoextrud Aluminium-Profile <\/td>\n<\/tr>\n<tr>\n<td class=\"label\">Gr\u00f6\u00dfe:<\/td>\n<td>1m-9m oder kundenspezifische Gr\u00f6\u00dfe<\/td>\n<\/tr>\n<tr>\n<td class=\"label\">Anmeldung<\/td>\n<td>M\u00f6bel, Fenster und T\u00fcren, Dekoration, Industrie, Bauwesen usw.<\/td>\n<\/tr>\n<tr>\n<td class=\"label\">Farben:<\/td>\n<td>Eloxiert, Holzmaserung, Pulverbeschichtung, eloxiert, poliert und geb\u00fcrstet, Elektrophorese, Flurocarbon-Pulverbeschichtung usw.<\/td>\n<\/tr>\n<tr>\n<td class=\"label\">MOQ:<\/td>\n<td>200KG f\u00fcr jedes Profil<\/td>\n<\/tr>\n<tr>\n<td class=\"label\">OEM-Service<\/td>\n<td>auf der Grundlage von Zeichnungen oder Mustern des Kunden<\/td>\n<\/tr>\n<tr>\n<td class=\"label\">Zertifizierung verf\u00fcgbar<\/td>\n<td>ISO:9001, SONCAP, BV-Zertifikat oder Zertifikat des Kunden verf\u00fcgbar<\/td>\n<\/tr>\n<tr>\n<td class=\"label\">Details zur Verpackung<\/td>\n<td>(1) Innen: verpackt mit Plastikschutzfolie zum Schutz jedes Profils<br \/>\n(2) Au\u00dfen: mit wasserfestem Bastelpapier verpackt<\/td>\n<\/tr>\n<tr>\n<td class=\"label\">Lieferfrist:<\/td>\n<td>(1) Die Entwicklung und Musterpr\u00fcfung: 12-18 Tage.<br \/>\n(2) Produktionsdauer: 25-30 Tage nach Best\u00e4tigung des Musters durch den K\u00e4ufer.<\/td>\n<\/tr>\n<tr>\n<td class=\"label\">Zahlungsbedingungen:<\/td>\n<td>T\/T, 30% Anzahlung, w\u00e4hrend der Restbetrag vor der Lieferung zu zahlen ist.<\/td>\n<\/tr>\n<tr>\n<td class=\"label\">Abrechnungszeitraum:<\/td>\n<td>Die Abschlusszahlung erfolgt auf der Grundlage des tats\u00e4chlichen Endgewichts.<\/td>\n<\/tr>\n<tr>\n<td class=\"label\">Produktionskapazit\u00e4t:<\/td>\n<td>15.000+ T\u00f6ne pro Monat.<\/td>\n<\/tr>\n<tr>\n<td class=\"label\">Produktionsgarantie<\/td>\n<td>Die Farbe der Oberfl\u00e4che kann bei Verwendung in Innenr\u00e4umen 10 bis 20 Jahre lang erhalten bleiben.<\/td>\n<\/tr>\n<tr>\n<td class=\"label\">Hafen:<\/td>\n<td>FOB Shenzhen, Guangzhou, Foshan<\/td>\n<\/tr>\n<\/table>\n<h2>Unsere Produktionsbasis<\/h2>\n<h3>Fabrik-Panorama<\/h3>\n<p><img decoding=\"async\" src=\"\/wp-content\/uploads\/factory-01.webp\"\/><\/p>\n<h3>Werkstatt zur Herstellung von Aluminiumstangen<\/h3>\n<p><img decoding=\"async\" src=\"\/wp-content\/uploads\/factory-02.webp\"\/><\/p>\n<\/p>\n<p><img decoding=\"async\" src=\"\/wp-content\/uploads\/factory-03.webp\"\/><\/p>\n<h3>Lagerhaus f\u00fcr Formen<\/h3>\n<p><img decoding=\"async\" src=\"\/wp-content\/uploads\/factory-04.webp\"\/><\/p>\n<h3>43 Aluminium-Strangpressanlagen (500\u00e2\u20ac\"5500 Tonnen)<\/h3>\n<p><img decoding=\"async\" src=\"\/wp-content\/uploads\/factory-05.webp\"\/><\/p>\n<p><img decoding=\"async\" src=\"\/wp-content\/uploads\/factory-06.webp\"\/><\/p>\n<p><img decoding=\"async\" src=\"\/wp-content\/uploads\/factory-07.webp\"\/><\/p>\n<h3>Werkstatt f\u00fcr Pulverbeschichtung<\/h3>\n<p><img decoding=\"async\" src=\"\/wp-content\/uploads\/factory-09.webp\"\/><\/p>\n<h3>Eloxal-Werkstatt<\/h3>\n<p><img decoding=\"async\" src=\"\/wp-content\/uploads\/factory-10.webp\"\/><\/p>\n<h3>Workshop zur Tiefenverarbeitung<\/h3>\n<p><img decoding=\"async\" src=\"\/wp-content\/uploads\/factory-11.webp\"\/><\/p>\n<h3>CNC-Pr\u00e4zisionsbearbeitungswerkstatt<\/h3>\n<p><img decoding=\"async\" src=\"\/wp-content\/uploads\/factory-11.5.webp\"\/><\/p>\n<h3>Lager f\u00fcr Fertigprodukte und Export<\/h3>\n<p><img decoding=\"async\" src=\"\/wp-content\/uploads\/factory-12.webp\"\/><\/p>\n<p><img decoding=\"async\" src=\"\/wp-content\/uploads\/factory-13.webp\"\/><\/p>\n<p><img decoding=\"async\" src=\"\/wp-content\/uploads\/factory-14.webp\"\/><\/p>\n<h2>FAQ<\/h2>\n<p><b>1. was ist ein stranggepresstes Aluminium-Gardinenschienenprofil?<\/b><\/p>\n<p>Es handelt sich dabei um ein Aluminium-Strangpressprofil, das zur Unterst\u00fctzung und F\u00fchrung von Vorh\u00e4ngen entwickelt wurde und weithin in Wohn- und Gesch\u00e4ftsr\u00e4umen verwendet wird.\n<\/p>\n<p><\/p>\n<p><b>2. warum stranggepresstes Aluminium f\u00fcr Vorhangschienen w\u00e4hlen?<\/b><\/p>\n<p>Stranggepresstes Aluminium ist leicht, langlebig, korrosionsbest\u00e4ndig und erm\u00f6glicht ein leichtg\u00e4ngiges Gleiten f\u00fcr eine lang anhaltende Funktionalit\u00e4t der Vorh\u00e4nge.\n<\/p>\n<p><\/p>\n<p><b>3. sind Vorhangschienen aus Aluminium anpassbar?<\/b><\/p>\n<p>Ja, sie k\u00f6nnen in Bezug auf L\u00e4nge, Profilform, Farbe und Befestigungsart an verschiedene Anwendungen und \u00e4sthetische Anforderungen angepasst werden.\n<\/p>\n<p><\/p>\n<p><b>4. wie viel kosten Vorhangschienenprofile aus Aluminium normalerweise?<\/b><\/p>\n<p>Die Preise variieren je nach Gr\u00f6\u00dfe, Ausf\u00fchrung und Bestellmenge, aber der direkte Kauf beim Hersteller gew\u00e4hrleistet wettbewerbsf\u00e4hige und kosteng\u00fcnstige Preise.\n<\/p>\n<p><\/p>\n<p><b>5) Sind stranggepresste Aluminiumvorhangschienen einfach zu montieren?<\/b><\/p>\n<p>Auf jeden Fall sind sie f\u00fcr eine schnelle und sichere Installation mit Standardhalterungen und -beschl\u00e4gen ausgelegt.\n<\/p>\n<p><\/p>\n<p><b>6. passen Aluminiumvorhangschienen zu allen Vorhangtypen?<\/b><\/p>\n<p>Ja, sie sind mit verschiedenen Arten von Vorhanghaken, Rollen und Schienensystemen kompatibel und bieten somit Flexibilit\u00e4t bei der Gestaltung.\n<\/p>\n<p><\/p>\n<p><b>7. welche Oberfl\u00e4chen sind f\u00fcr Aluminium-Vorhangschienenprofile erh\u00e4ltlich?<\/b><\/p>\n<p>Zu den g\u00e4ngigen Oberfl\u00e4chen geh\u00f6ren eloxiert, pulverbeschichtet, geb\u00fcrstet und poliert, die sowohl optisch ansprechend als auch oberfl\u00e4chenschonend sind.\n<\/p>\n<p><\/p>","protected":false},"featured_media":7742,"template":"","categories":[67],"class_list":["post-7743","product","type-product","status-publish","has-post-thumbnail","hentry","category-architectural-aluminium-profile"],"meta_box":{"hilight_text_group":{"product_hilight_text":"<li>High-quality extruded aluminum ensures smooth and durable curtain rail operation<\/li>\r\r\n<li>Lightweight and rust-resistant for long-term indoor use<\/li>\r\r\n<li>Custom lengths, finishes, and shapes available to match interior designs<\/li>\r\r\n<li>Easy to install and compatible with various curtain systems<\/li>\r\r\n<li>Cost-effective pricing directly from the manufacturer<\/li>\r\r\n<li>Suitable for residential, commercial, and hotel curtain installations<\/li>","product_chanpin_blog":"<ul>\r\r\n<li><a href=\"https:\/\/sinoextrud.com\/t-slot-v-slot-differences\/\" target=\"_blank\">t slot vs v slot<\/a><\/li>\r\r\n<li><a href=\"https:\/\/sinoextrud.com\/what-is-4040-aluminium-extrud\/\" target=\"_blank\">4040 aluminium extrusion<\/a><\/li>\r\r\n<li><a href=\"https:\/\/sinoextrud.com\/what-is-4040-aluminium-extrud\/\" target=\"_blank\">aluminum extrusions for industrial racks<\/a><\/li>\r\r\n<li><a href=\"https:\/\/sinoextrud.com\/powder-coating-aluminium-process\/\" target=\"_blank\">powder coating aluminium<\/a><\/li>\r\r\n<li><a href=\"https:\/\/sinoextrud.com\/what-is-an-aluminium-strip-ceiling\/\" target=\"_blank\">aluminium strip ceiling<\/a><\/li>\r\r\n<li><a href=\"https:\/\/sinoextrud.com\/what-is-a-heat-sink\/\" target=\"_blank\">what is a heat sink<\/a><\/li>\r\r\n<\/ul>","product_chanpin_chanpin":"<li><a href=\"https:\/\/sinoextrud.com\/product\/aluminium-sliding-casement-window-profile\/\" target=\"_blank\">Aluminium Sliding Casement Window Profile<\/a><\/li>\r\n<li><a href=\"https:\/\/sinoextrud.com\/product\/industrial-aluminium-doors\/\" target=\"_blank\">Industrial Aluminium Doors<\/a><\/li>\r\n<li><a href=\"https:\/\/sinoextrud.com\/product\/double-angle-aluminium-extrusion\/\" target=\"_blank\">Double Angle Aluminium Extrusion<\/a><\/li>\r\n<li><a href=\"https:\/\/sinoextrud.com\/product\/aluminium-sections-for-doors-and-windows\/\" target=\"_blank\">Aluminium Sections For Doors And Windows<\/a><\/li>\r\n<li><a href=\"https:\/\/sinoextrud.com\/product\/extruded-aluminium-curtain-rails-profile-prices\/\" target=\"_blank\">Extruded Aluminium Curtain Rails Profile Prices<\/a><\/li>\r\n<li><a href=\"https:\/\/sinoextrud.com\/product\/h-section-aluminium-extrusion\/\" target=\"_blank\">H Section Aluminium Extrusion<\/a><\/li>\r\n<li><a href=\"https:\/\/sinoextrud.com\/product\/aluminum-cabinet-extrusions\/\" target=\"_blank\">Aluminum Cabinet Extrusions<\/a><\/li>\r\n<li><a href=\"https:\/\/sinoextrud.com\/product\/aluminum-window-blinds-profiles\/\" target=\"_blank\">Aluminum Window Blinds Profiles<\/a><\/li>\r\n<li><a href=\"https:\/\/sinoextrud.com\/product\/extruded-aluminum-door-frame\/\" target=\"_blank\">Extruded Aluminum Door Frame<\/a><\/li>\r\n<li><a href=\"https:\/\/sinoextrud.com\/product\/aluminium-profile-10x10\/\" target=\"_blank\">Aluminium Profile 10\u00c3\u201410<\/a><\/li>\r\n<li><a href=\"https:\/\/sinoextrud.com\/product\/aluminum-extrusion-housing\/\" target=\"_blank\">Aluminum Extrusion Housing<\/a><\/li>"},"feature_list":[]},"_links":{"self":[{"href":"https:\/\/sinoextrud.com\/de\/wp-json\/wp\/v2\/product\/7743","targetHints":{"allow":["GET"]}}],"collection":[{"href":"https:\/\/sinoextrud.com\/de\/wp-json\/wp\/v2\/product"}],"about":[{"href":"https:\/\/sinoextrud.com\/de\/wp-json\/wp\/v2\/types\/product"}],"wp:featuredmedia":[{"embeddable":true,"href":"https:\/\/sinoextrud.com\/de\/wp-json\/wp\/v2\/media\/7742"}],"wp:attachment":[{"href":"https:\/\/sinoextrud.com\/de\/wp-json\/wp\/v2\/media?parent=7743"}],"wp:term":[{"taxonomy":"category","embeddable":true,"href":"https:\/\/sinoextrud.com\/de\/wp-json\/wp\/v2\/categories?post=7743"}],"curies":[{"name":"wp","href":"https:\/\/api.w.org\/{rel}","templated":true}]}}