{"id":7735,"date":"2025-06-10T02:48:39","date_gmt":"2025-06-10T02:48:39","guid":{"rendered":"https:\/\/sinoextrud.com\/product\/aluminium-sliding-casement-window-profile\/"},"modified":"2025-06-24T06:13:33","modified_gmt":"2025-06-24T06:13:33","slug":"aluminium-schiebefensterprofil","status":"publish","type":"product","link":"https:\/\/sinoextrud.com\/de\/product\/aluminium-sliding-casement-window-profile\/","title":{"rendered":"Aluminium-Schiebefenster-Profil"},"content":{"rendered":"<h2>Produkte Details<\/h2>\n<table class=\"custom-table\">\n<tbody>\n<tr>\n<td> Produkt<\/td>\n<td> Aluminium-Schiebefenster-Profil<\/td>\n<\/tr>\n<tr>\n<td> Marke<\/td>\n<td> Sinoextrud-Aluminium<\/td>\n<\/tr>\n<tr>\n<td> Legierung<\/td>\n<td> 6063,6061,6005,6082<\/td>\n<\/tr>\n<tr>\n<td> Temperament<\/td>\n<td> T4,T5,T6<\/td>\n<\/tr>\n<tr>\n<td> Dicke<\/td>\n<td> 0,4mm-500mm<\/td>\n<\/tr>\n<tr>\n<td> Gr\u00f6\u00dfe<\/td>\n<td> benutzerdefinierte<\/td>\n<\/tr>\n<tr>\n<td> Toleranz<\/td>\n<td> +\/-0,1 mm<\/td>\n<\/tr>\n<tr>\n<td> Fertigstellung<\/td>\n<td> Silber eloxiert, Alkali, Alkali sandgestrahlt, Drahtziehen (B\u00fcrsten), Polieren, Pulverbeschichtung, Elektrophorese, verschiedene Farben (Silber, Satin rostfrei, Schwarz matt, rot, braun, gold, champagner und so weiter)<\/td>\n<\/tr>\n<tr>\n<td> Zertifizierung<\/td>\n<td> ISO9001:2008<\/td>\n<\/tr>\n<tr>\n<td> CNC-Verfahren<\/td>\n<td> CNC-Bearbeitung, Schmieden, Biegen, Schwei\u00dfen, Stanzen, Pr\u00e4zisionsschneiden<\/td>\n<\/tr>\n<tr>\n<td> Muster<\/td>\n<td> kostenlos<\/td>\n<\/tr>\n<tr>\n<td> MOQ<\/td>\n<td> 200KG<\/td>\n<\/tr>\n<\/tbody>\n<\/table>\n<h2>Unsere Produktionsbasis<\/h2>\n<h3>Fabrik-Panorama<\/h3>\n<p><img decoding=\"async\" src=\"\/wp-content\/uploads\/factory-01.webp\"\/><\/p>\n<h3>Werkstatt zur Herstellung von Aluminiumstangen<\/h3>\n<p><img decoding=\"async\" src=\"\/wp-content\/uploads\/factory-02.webp\"\/><\/p>\n<p><img decoding=\"async\" src=\"\/wp-content\/uploads\/factory-03.webp\"\/><\/p>\n<h3>Lagerhaus f\u00fcr Formen<\/h3>\n<p><img decoding=\"async\" src=\"\/wp-content\/uploads\/factory-04.webp\"\/><\/p>\n<h3>43 Aluminium-Strangpressanlagen (500\u00e2\u20ac\"5500 Tonnen)<\/h3>\n<p><img decoding=\"async\" src=\"\/wp-content\/uploads\/factory-05.webp\"\/><\/p>\n<p><img decoding=\"async\" src=\"\/wp-content\/uploads\/factory-06.webp\"\/><\/p>\n<p><img decoding=\"async\" src=\"\/wp-content\/uploads\/factory-07.webp\"\/><\/p>\n<h3>Werkstatt f\u00fcr Pulverbeschichtung<\/h3>\n<p><img decoding=\"async\" src=\"\/wp-content\/uploads\/factory-09.webp\"\/><\/p>\n<h3>Eloxal-Werkstatt<\/h3>\n<p><img decoding=\"async\" src=\"\/wp-content\/uploads\/factory-10.webp\"\/><\/p>\n<h3>Workshop zur Tiefenverarbeitung<\/h3>\n<p><img decoding=\"async\" src=\"\/wp-content\/uploads\/factory-11.webp\"\/><\/p>\n<h3>CNC-Pr\u00e4zisionsbearbeitungswerkstatt<\/h3>\n<p><img decoding=\"async\" src=\"\/wp-content\/uploads\/factory-11.5.webp\"\/><\/p>\n<h3>Lager f\u00fcr Fertigprodukte und Export<\/h3>\n<p><img decoding=\"async\" src=\"\/wp-content\/uploads\/factory-12.webp\"\/><\/p>\n<p><img decoding=\"async\" src=\"\/wp-content\/uploads\/factory-13.webp\"\/><\/p>\n<p><img decoding=\"async\" src=\"\/wp-content\/uploads\/factory-14.webp\"\/><\/p>\n<h2>FAQ<\/h2>\n<p><p><b>1. was ist ein Aluminium-Schiebefensterprofil?<\/b><\/p>\n<p>Ein Aluminium-Schiebefensterprofil ist ein struktureller Rahmen aus einer hochwertigen Aluminiumlegierung, der f\u00fcr Schiebefenstersysteme mit erh\u00f6hter Festigkeit und Haltbarkeit entwickelt wurde.<br \/>\n<\/p><br \/>\n<br \/>\n<p><b>2 Warum sollten Sie sich f\u00fcr Schiebefensterprofile aus Aluminium und nicht f\u00fcr traditionelle Materialien entscheiden?<\/b><\/p>\n<p>Schiebefensterprofile aus Aluminium bieten eine hervorragende Korrosionsbest\u00e4ndigkeit, ein elegantes Aussehen und eine l\u00e4ngere Lebensdauer im Vergleich zu herk\u00f6mmlichen Holz- oder PVC-Materialien.<br \/>\n<\/p><br \/>\n<br \/>\n<p><b>3. sind Aluminium-Schiebefensterprofile energieeffizient?<\/b><\/p>\n<p>Ja, Aluminium-Schiebefensterprofile bieten eine hervorragende W\u00e4rmed\u00e4mmung und tragen so zu einer verbesserten Energieeffizienz in Wohn- und Gesch\u00e4ftsgeb\u00e4uden bei.<br \/>\n<\/p><br \/>\n<br \/>\n<p><b>4. k\u00f6nnen Aluminium-Schiebefenster-Profile individuell angepasst werden?<\/b><\/p>\n<p>Aluminium-Schiebefensterprofile k\u00f6nnen in Gr\u00f6\u00dfe, Farbe und Ausf\u00fchrung auf die verschiedenen architektonischen und gestalterischen Anforderungen zugeschnitten werden.<br \/>\n<\/p><br \/>\n<br \/>\n<p><b>5. wie verbessern Aluminium-Schiebefensterprofile die \u00c4sthetik von Geb\u00e4uden?<\/b><\/p>\n<p>Mit ihren schlanken, eleganten Linien und anpassbaren Oberfl\u00e4chen verleihen die Aluminium-Schiebefensterprofile jeder Fassade ein modernes, elegantes Aussehen.<br \/>\n<\/p><br \/>\n<br \/>\n<p><b>6. sind Aluminium-Schiebefensterprofile f\u00fcr K\u00fcstengebiete geeignet?<\/b><\/p>\n<p>Ja, die korrosionsbest\u00e4ndigen Eigenschaften von Aluminium-Schiebefensterprofilen machen sie ideal f\u00fcr K\u00fcstengebiete und feuchte Umgebungen.<br \/>\n<\/p><br \/>\n<br \/>\n<p><b>7. welche Pflege ben\u00f6tigen Aluminium-Schiebefensterprofile?<\/b><\/p>\n<p>Diese Profile sind wartungsarm und erfordern f\u00fcr eine optimale Leistung nur eine gelegentliche Reinigung und eine grundlegende \u00dcberpr\u00fcfung der Hardware.<br \/>\n<\/p><br \/><\/p>","protected":false},"featured_media":7734,"template":"","categories":[67],"class_list":["post-7735","product","type-product","status-publish","has-post-thumbnail","hentry","category-architectural-aluminium-profile"],"meta_box":{"hilight_text_group":{"product_hilight_text":"<li>High-strength aluminum alloy ensures durability and long lifespan<\/li>\r\r\n<li>Precision sliding mechanism for smooth and silent operation<\/li>\r\r\n<li>Modern design with slim profiles enhances aesthetic appeal<\/li>\r\r\n<li>Excellent thermal and sound insulation performance<\/li>\r\r\n<li>Corrosion-resistant finish ideal for coastal and humid environments<\/li>\r\r\n<li>Compatible with multiple glass thickness options<\/li>\r\r\n<li>Easy to install and low maintenance requirements<\/li>","product_chanpin_blog":"<ul>\r\r\n<li><a href=\"https:\/\/sinoextrud.com\/t-slot-v-slot-differences\/\" target=\"_blank\">t slot vs v slot<\/a><\/li>\r\r\n<li><a href=\"https:\/\/sinoextrud.com\/what-is-4040-aluminium-extrud\/\" target=\"_blank\">4040 aluminium extrusion<\/a><\/li>\r\r\n<li><a href=\"https:\/\/sinoextrud.com\/what-is-4040-aluminium-extrud\/\" target=\"_blank\">aluminum extrusions for industrial racks<\/a><\/li>\r\r\n<li><a href=\"https:\/\/sinoextrud.com\/powder-coating-aluminium-process\/\" target=\"_blank\">powder coating aluminium<\/a><\/li>\r\r\n<li><a href=\"https:\/\/sinoextrud.com\/what-is-an-aluminium-strip-ceiling\/\" target=\"_blank\">aluminium strip ceiling<\/a><\/li>\r\r\n<li><a href=\"https:\/\/sinoextrud.com\/what-is-a-heat-sink\/\" target=\"_blank\">what is a heat sink<\/a><\/li>\r\r\n<\/ul>","product_chanpin_chanpin":"<li><a href=\"https:\/\/sinoextrud.com\/product\/bending-aluminium-tube\/\" target=\"_blank\">Bending Aluminium Tube<\/a><\/li>\r\n<li><a href=\"https:\/\/sinoextrud.com\/product\/anodised-aluminium\/\" target=\"_blank\">Anodised Aluminium<\/a><\/li>\r\n<li><a href=\"https:\/\/sinoextrud.com\/product\/aluminium-profile-to-make-doors-and-windows\/\" target=\"_blank\">Aluminium Profile to Make Doors And Windows<\/a><\/li>\r\n<li><a href=\"https:\/\/sinoextrud.com\/product\/structural-aluminium-profiles\/\" target=\"_blank\">Structural Aluminium Profiles<\/a><\/li>\r\n<li><a href=\"https:\/\/sinoextrud.com\/product\/aluminium-sliding-casement-window-profile\/\" target=\"_blank\">Aluminium Sliding Casement Window Profile<\/a><\/li>\r\n<li><a href=\"https:\/\/sinoextrud.com\/product\/industrial-aluminium-doors\/\" target=\"_blank\">Industrial Aluminium Doors<\/a><\/li>\r\n<li><a href=\"https:\/\/sinoextrud.com\/product\/double-angle-aluminium-extrusion\/\" target=\"_blank\">Double Angle Aluminium Extrusion<\/a><\/li>\r\n<li><a href=\"https:\/\/sinoextrud.com\/product\/aluminium-sections-for-doors-and-windows\/\" target=\"_blank\">Aluminium Sections For Doors And Windows<\/a><\/li>\r\n<li><a href=\"https:\/\/sinoextrud.com\/product\/extruded-aluminium-curtain-rails-profile-prices\/\" target=\"_blank\">Extruded Aluminium Curtain Rails Profile Prices<\/a><\/li>\r\n<li><a href=\"https:\/\/sinoextrud.com\/product\/extruded-aluminum-profiles\/\" target=\"_blank\">Extruded Aluminum Profiles<\/a><\/li>\r\n<li><a href=\"https:\/\/sinoextrud.com\/product\/factory-offer-aluminum-handrail-extrusions\/\" target=\"_blank\">Factory Offer Aluminum Handrail Extrusions<\/a><\/li>"},"feature_list":[]},"_links":{"self":[{"href":"https:\/\/sinoextrud.com\/de\/wp-json\/wp\/v2\/product\/7735","targetHints":{"allow":["GET"]}}],"collection":[{"href":"https:\/\/sinoextrud.com\/de\/wp-json\/wp\/v2\/product"}],"about":[{"href":"https:\/\/sinoextrud.com\/de\/wp-json\/wp\/v2\/types\/product"}],"wp:featuredmedia":[{"embeddable":true,"href":"https:\/\/sinoextrud.com\/de\/wp-json\/wp\/v2\/media\/7734"}],"wp:attachment":[{"href":"https:\/\/sinoextrud.com\/de\/wp-json\/wp\/v2\/media?parent=7735"}],"wp:term":[{"taxonomy":"category","embeddable":true,"href":"https:\/\/sinoextrud.com\/de\/wp-json\/wp\/v2\/categories?post=7735"}],"curies":[{"name":"wp","href":"https:\/\/api.w.org\/{rel}","templated":true}]}}