{"id":7731,"date":"2025-06-10T02:46:00","date_gmt":"2025-06-10T02:46:00","guid":{"rendered":"https:\/\/sinoextrud.com\/product\/aluminium-profile-to-make-doors-and-windows\/"},"modified":"2025-06-24T06:13:32","modified_gmt":"2025-06-24T06:13:32","slug":"aluminiumprofile-zur-herstellung-von-turen-und-fenstern","status":"publish","type":"product","link":"https:\/\/sinoextrud.com\/de\/product\/aluminium-profile-to-make-doors-and-windows\/","title":{"rendered":"Aluminiumprofile zur Herstellung von T\u00fcren und Fenstern"},"content":{"rendered":"<h2>Produkte Details<\/h2>\n<table class=\"custom-table\">\n<tbody>\n<tr>\n<td> Artikel:<\/td>\n<td> Aluminiumprofile zur Herstellung von T\u00fcren und Fenstern<\/td>\n<td> Note:<\/td>\n<td> Serie 6000<\/td>\n<\/tr>\n<tr>\n<td> Material:<\/td>\n<td> 6063-T5, 6063-T6, 6061-T5, 6061-T6, 6463-T5<\/td>\n<td> Art:<\/td>\n<td> Aluminium-Verl\u00e4ngerungsprofile<\/td>\n<\/tr>\n<tr>\n<td> Spezifikation:<\/td>\n<td> ISO9001, ISO14001<\/td>\n<td> Legierung:<\/td>\n<td> Legierung<\/td>\n<\/tr>\n<tr>\n<td> Oberfl\u00e4chenbehandlung:<\/td>\n<td> Pulverbeschichtet, Holzmaserung, Eloxiert, etc.<\/td>\n<td> Gr\u00f6\u00dfe:<\/td>\n<td> Benutzerdefiniert<\/td>\n<\/tr>\n<tr>\n<td> Qualit\u00e4tskontrolle:<\/td>\n<td> 100% Inspektion vor der Auslieferung<\/td>\n<td> Monatlicher Output:<\/td>\n<td> 15.000+ Tonnen<\/td>\n<\/tr>\n<tr>\n<td> Warenzeichen:<\/td>\n<td> Sinoextrud(Sinoextrud)\/ OEM<\/td>\n<td> Herkunft:<\/td>\n<td> Foshan, China<\/td>\n<\/tr>\n<\/tbody>\n<\/table>\n<h2>Unsere Produktionsbasis<\/h2>\n<h3>Fabrik-Panorama<\/h3>\n<p><img decoding=\"async\" src=\"\/wp-content\/uploads\/factory-01.webp\"\/><\/p>\n<h3>Werkstatt zur Herstellung von Aluminiumstangen<\/h3>\n<p><img decoding=\"async\" src=\"\/wp-content\/uploads\/factory-02.webp\"\/><\/p>\n<p><img decoding=\"async\" src=\"\/wp-content\/uploads\/factory-03.webp\"\/><\/p>\n<h3>Lagerhaus f\u00fcr Formen<\/h3>\n<p><img decoding=\"async\" src=\"\/wp-content\/uploads\/factory-04.webp\"\/><\/p>\n<h3>43 Aluminium-Strangpressanlagen (500\u00e2\u20ac\"5500 Tonnen)<\/h3>\n<p><img decoding=\"async\" src=\"\/wp-content\/uploads\/factory-05.webp\"\/><\/p>\n<p><img decoding=\"async\" src=\"\/wp-content\/uploads\/factory-06.webp\"\/><\/p>\n<p><img decoding=\"async\" src=\"\/wp-content\/uploads\/factory-07.webp\"\/><\/p>\n<h3>Werkstatt f\u00fcr Pulverbeschichtung<\/h3>\n<p><img decoding=\"async\" src=\"\/wp-content\/uploads\/factory-09.webp\"\/><\/p>\n<h3>Eloxal-Werkstatt<\/h3>\n<p><img decoding=\"async\" src=\"\/wp-content\/uploads\/factory-10.webp\"\/><\/p>\n<h3>Workshop zur Tiefenverarbeitung<\/h3>\n<p><img decoding=\"async\" src=\"\/wp-content\/uploads\/factory-11.webp\"\/><\/p>\n<h3>CNC-Pr\u00e4zisionsbearbeitungswerkstatt<\/h3>\n<p><img decoding=\"async\" src=\"\/wp-content\/uploads\/factory-11.5.webp\"\/><\/p>\n<h3>Lager f\u00fcr Fertigprodukte und Export<\/h3>\n<p><img decoding=\"async\" src=\"\/wp-content\/uploads\/factory-12.webp\"\/><\/p>\n<p><img decoding=\"async\" src=\"\/wp-content\/uploads\/factory-13.webp\"\/><\/p>\n<p><img decoding=\"async\" src=\"\/wp-content\/uploads\/factory-14.webp\"\/><\/p>\n<h2>FAQ<\/h2>\n<p><p><b>1.was ist ein Aluminiumprofil zur Herstellung von T\u00fcren und Fenstern?<\/b><\/p>\n<p>Es handelt sich um stranggepresste Aluminiumrahmen, die speziell f\u00fcr den Bau von langlebigen und stilvollen Fenster- und T\u00fcrsystemen entwickelt wurden.<br \/>\n<\/p><br \/>\n<br \/>\n<p><b>2. warum Aluminiumprofile f\u00fcr Fenster und T\u00fcren w\u00e4hlen?<\/b><\/p>\n<p>Aluminium bietet eine starke, leichte und korrosionsbest\u00e4ndige L\u00f6sung, die sich ideal f\u00fcr langlebige und wartungsarme Anwendungen eignet.<br \/>\n<\/p><br \/>\n<br \/>\n<p><b>3. sind T\u00fcr- und Fensterprofile aus Aluminium f\u00fcr die Verwendung im Freien geeignet?<\/b><\/p>\n<p>Ja, sie sind mit witterungsbest\u00e4ndigen Beschichtungen versehen, damit sie im Freien und an der K\u00fcste gut funktionieren.<br \/>\n<\/p><br \/>\n<br \/>\n<p><b>4. k\u00f6nnen diese Profile angepasst werden?<\/b><\/p>\n<p>Aluminiumprofile k\u00f6nnen in Form, Gr\u00f6\u00dfe, Farbe und Oberfl\u00e4chenbeschaffenheit an unterschiedliche Designanforderungen angepasst werden.<br \/>\n<\/p><br \/>\n<br \/>\n<p><b>5) F\u00fcr welche Arten von Fenster- und T\u00fcrsystemen werden Aluminiumprofile verwendet?<\/b><\/p>\n<p>Sie werden in Schiebe-, Fl\u00fcgel-, Markisen-, Drehkipp- und Festverglasungen eingesetzt.<br \/>\n<\/p><br \/>\n<br \/>\n<p><b>6. unterst\u00fctzen Aluminiumprofile die W\u00e4rmed\u00e4mmung?<\/b><\/p>\n<p>Ja, Profile mit thermischer Trennung bieten eine bessere Isolierung und Energieeffizienz.<br \/>\n<\/p><br \/>\n<br \/>\n<p><b>7. sind Aluminiumprofile einfach zu installieren?<\/b><\/p>\n<p>Ja, ihr Pr\u00e4zisionsdesign und ihr geringes Gewicht erm\u00f6glichen eine schnelle und effiziente Installation.<br \/>\n<\/p><br \/>\n<br \/>\n<p><b>8. Ist Aluminium f\u00fcr T\u00fcren und Fenster umweltfreundlich?<\/b><\/p>\n<p>Ja, Aluminium ist 100% recycelbar und unterst\u00fctzt nachhaltige Baupraktiken.<br \/>\n<\/p><br \/><\/p>","protected":false},"featured_media":7730,"template":"","categories":[67],"class_list":["post-7731","product","type-product","status-publish","has-post-thumbnail","hentry","category-architectural-aluminium-profile"],"meta_box":{"hilight_text_group":{"product_hilight_text":"<li>High-strength aluminum profiles ensure structural stability for doors and windows<\/li>\r\r\n<li>Corrosion-resistant finish ideal for outdoor and humid environments<\/li>\r\r\n<li>Lightweight material enables easy handling and installation<\/li>\r\r\n<li>Available in various designs for sliding, casement, and fixed systems<\/li>\r\r\n<li>Supports thermal break options for energy-efficient solutions<\/li>\r\r\n<li>Customizable colors and surface treatments to match architectural styles<\/li>\r\r\n<li>Low maintenance with long service life and aesthetic appeal<\/li>","product_chanpin_blog":"<ul>\r\r\n<li><a href=\"https:\/\/sinoextrud.com\/t-slot-v-slot-differences\/\" target=\"_blank\">t slot vs v slot<\/a><\/li>\r\r\n<li><a href=\"https:\/\/sinoextrud.com\/what-is-4040-aluminium-extrud\/\" target=\"_blank\">4040 aluminium extrusion<\/a><\/li>\r\r\n<li><a href=\"https:\/\/sinoextrud.com\/what-is-4040-aluminium-extrud\/\" target=\"_blank\">aluminum extrusions for industrial racks<\/a><\/li>\r\r\n<li><a href=\"https:\/\/sinoextrud.com\/powder-coating-aluminium-process\/\" target=\"_blank\">powder coating aluminium<\/a><\/li>\r\r\n<li><a href=\"https:\/\/sinoextrud.com\/what-is-an-aluminium-strip-ceiling\/\" target=\"_blank\">aluminium strip ceiling<\/a><\/li>\r\r\n<li><a href=\"https:\/\/sinoextrud.com\/what-is-a-heat-sink\/\" target=\"_blank\">what is a heat sink<\/a><\/li>\r\r\n<\/ul>","product_chanpin_chanpin":"<li><a href=\"https:\/\/sinoextrud.com\/product\/profiles-aluminum\/\" target=\"_blank\">Profiles aluminum<\/a><\/li>\r\n<li><a href=\"https:\/\/sinoextrud.com\/product\/aluminium-frame\/\" target=\"_blank\">Aluminium Frame<\/a><\/li>\r\n<li><a href=\"https:\/\/sinoextrud.com\/product\/bending-aluminium-tube\/\" target=\"_blank\">Bending Aluminium Tube<\/a><\/li>\r\n<li><a href=\"https:\/\/sinoextrud.com\/product\/anodised-aluminium\/\" target=\"_blank\">Anodised Aluminium<\/a><\/li>\r\n<li><a href=\"https:\/\/sinoextrud.com\/product\/aluminium-profile-to-make-doors-and-windows\/\" target=\"_blank\">Aluminium Profile to Make Doors And Windows<\/a><\/li>\r\n<li><a href=\"https:\/\/sinoextrud.com\/product\/structural-aluminium-profiles\/\" target=\"_blank\">Structural Aluminium Profiles<\/a><\/li>\r\n<li><a href=\"https:\/\/sinoextrud.com\/product\/aluminium-sliding-casement-window-profile\/\" target=\"_blank\">Aluminium Sliding Casement Window Profile<\/a><\/li>\r\n<li><a href=\"https:\/\/sinoextrud.com\/product\/industrial-aluminium-doors\/\" target=\"_blank\">Industrial Aluminium Doors<\/a><\/li>\r\n<li><a href=\"https:\/\/sinoextrud.com\/product\/double-angle-aluminium-extrusion\/\" target=\"_blank\">Double Angle Aluminium Extrusion<\/a><\/li>\r\n<li><a href=\"https:\/\/sinoextrud.com\/product\/aluminum-outdoor-louvers\/\" target=\"_blank\">Aluminum Outdoor Louvers<\/a><\/li>\r\n<li><a href=\"https:\/\/sinoextrud.com\/product\/aluminum-ceiling-system\/\" target=\"_blank\">Aluminum Ceiling System<\/a><\/li>"},"feature_list":[]},"_links":{"self":[{"href":"https:\/\/sinoextrud.com\/de\/wp-json\/wp\/v2\/product\/7731","targetHints":{"allow":["GET"]}}],"collection":[{"href":"https:\/\/sinoextrud.com\/de\/wp-json\/wp\/v2\/product"}],"about":[{"href":"https:\/\/sinoextrud.com\/de\/wp-json\/wp\/v2\/types\/product"}],"wp:featuredmedia":[{"embeddable":true,"href":"https:\/\/sinoextrud.com\/de\/wp-json\/wp\/v2\/media\/7730"}],"wp:attachment":[{"href":"https:\/\/sinoextrud.com\/de\/wp-json\/wp\/v2\/media?parent=7731"}],"wp:term":[{"taxonomy":"category","embeddable":true,"href":"https:\/\/sinoextrud.com\/de\/wp-json\/wp\/v2\/categories?post=7731"}],"curies":[{"name":"wp","href":"https:\/\/api.w.org\/{rel}","templated":true}]}}