{"id":7725,"date":"2025-06-10T02:40:14","date_gmt":"2025-06-10T02:40:14","guid":{"rendered":"https:\/\/sinoextrud.com\/product\/aluminium-frame\/"},"modified":"2025-06-24T06:13:31","modified_gmt":"2025-06-24T06:13:31","slug":"aluminiumrahmen-2","status":"publish","type":"product","link":"https:\/\/sinoextrud.com\/de\/product\/aluminium-frame\/","title":{"rendered":"Aluminium Rahmen"},"content":{"rendered":"<h2>Produkte Details<\/h2>\n<table class=\"custom-table\">\n<tr>\n<td class=\"label\">Name<\/td>\n<td>Aluminium Rahmen<\/td>\n<\/tr>\n<\/table>\n<h2>Unsere Produktionsbasis<\/h2>\n<h3>Fabrik-Panorama<\/h3>\n<p><img decoding=\"async\" src=\"\/wp-content\/uploads\/factory-01.webp\"\/><\/p>\n<h3>Werkstatt zur Herstellung von Aluminiumstangen<\/h3>\n<p><img decoding=\"async\" src=\"\/wp-content\/uploads\/factory-02.webp\"\/><\/p>\n<p><img decoding=\"async\" src=\"\/wp-content\/uploads\/factory-03.webp\"\/><\/p>\n<h3>Lagerhaus f\u00fcr Formen<\/h3>\n<p><img decoding=\"async\" src=\"\/wp-content\/uploads\/factory-04.webp\"\/><\/p>\n<h3>43 Aluminium-Strangpressanlagen (500-5500 Tonnen)<\/h3>\n<p><img decoding=\"async\" src=\"\/wp-content\/uploads\/factory-05.webp\"\/><\/p>\n<p><img decoding=\"async\" src=\"\/wp-content\/uploads\/factory-06.webp\"\/><\/p>\n<p><img decoding=\"async\" src=\"\/wp-content\/uploads\/factory-07.webp\"\/><\/p>\n<h3>Werkstatt f\u00fcr Pulverbeschichtung<\/h3>\n<p><img decoding=\"async\" src=\"\/wp-content\/uploads\/factory-09.webp\"\/><\/p>\n<h3>Eloxal-Werkstatt<\/h3>\n<p><img decoding=\"async\" src=\"\/wp-content\/uploads\/factory-10.webp\"\/><\/p>\n<h3>Workshop zur Tiefenverarbeitung<\/h3>\n<p><img decoding=\"async\" src=\"\/wp-content\/uploads\/factory-11.webp\"\/><\/p>\n<h3>CNC-Pr\u00e4zisionsbearbeitungswerkstatt<\/h3>\n<p><img decoding=\"async\" src=\"\/wp-content\/uploads\/factory-11.5.webp\"\/><\/p>\n<h3>Lager f\u00fcr Fertigprodukte und Export<\/h3>\n<p><img decoding=\"async\" src=\"\/wp-content\/uploads\/factory-12.webp\"\/><\/p>\n<p><img decoding=\"async\" src=\"\/wp-content\/uploads\/factory-13.webp\"\/><\/p>\n<p><img decoding=\"async\" src=\"\/wp-content\/uploads\/factory-14.webp\"\/><\/p>\n<h2>FAQ<\/h2>\n<p><p><b>1. was ist ein Aluminiumrahmen?<\/b><\/p>\n<p>Ein Aluminiumrahmen ist ein strukturelles Bauteil aus stranggepresstem Aluminium, das in Fenstern, T\u00fcren, Geh\u00e4usen und St\u00fctzkonstruktionen verwendet wird.<br \/>\n<\/p><br \/>\n<br \/>\n<p><b>2. warum einen Aluminiumrahmen w\u00e4hlen?<\/b><\/p>\n<p>Aluminiumrahmen sind leicht, langlebig und korrosionsbest\u00e4ndig und eignen sich daher sowohl f\u00fcr den Innen- als auch f\u00fcr den Au\u00dfeneinsatz.<br \/>\n<\/p><br \/>\n<br \/>\n<p><b>3. ist der Aluminiumrahmen f\u00fcr die Verwendung im Freien geeignet?<\/b><\/p>\n<p>Ja, mit eloxierter oder pulverbeschichteter Oberfl\u00e4che sind Aluminiumrahmen \u00e4u\u00dferst witterungs- und korrosionsbest\u00e4ndig.<br \/>\n<\/p><br \/>\n<br \/>\n<p><b>4. k\u00f6nnen Aluminiumrahmen individuell angepasst werden?<\/b><\/p>\n<p>Nat\u00fcrlich k\u00f6nnen Aluminiumrahmen in Gr\u00f6\u00dfe, Form, Farbe und Ausf\u00fchrung auf die spezifischen Design- und Strukturanforderungen zugeschnitten werden.<br \/>\n<\/p><br \/>\n<br \/>\n<p><b>5. was sind die \u00fcblichen Anwendungen von Aluminiumrahmen?<\/b><\/p>\n<p>Sie werden f\u00fcr architektonische Verglasungen, M\u00f6bel, Halterungen f\u00fcr Solarpaneele, Maschinenverkleidungen und vieles mehr verwendet.<br \/>\n<\/p><br \/>\n<br \/>\n<p><b>6) M\u00fcssen Aluminiumrahmen gewartet werden?<\/b><\/p>\n<p>Der Wartungsaufwand ist minimal - es gen\u00fcgt, sie gelegentlich zu reinigen, um ihr Aussehen und ihre Leistung zu erhalten.<br \/>\n<\/p><br \/>\n<br \/>\n<p><b>7. welche Veredelungen sind f\u00fcr Aluminiumrahmen erh\u00e4ltlich?<\/b><\/p>\n<p>Die Oberfl\u00e4chenbehandlung umfasst Eloxieren, Pulverbeschichten, B\u00fcrsten, Polieren und nat\u00fcrliches Fr\u00e4sen.<br \/>\n<\/p><br \/>\n<br \/>\n<p><b>8. ist Aluminium eine umweltfreundliche Wahl f\u00fcr Rahmen?<\/b><\/p>\n<p>Ja, Aluminium ist 100% recycelbar und unterst\u00fctzt nachhaltige Konstruktions- und Herstellungspraktiken.<br \/>\n<\/p><br \/><\/p>","protected":false},"featured_media":7724,"template":"","categories":[67],"class_list":["post-7725","product","type-product","status-publish","has-post-thumbnail","hentry","category-architectural-aluminium-profile"],"meta_box":{"hilight_text_group":{"product_hilight_text":"<li>Lightweight yet strong structure suitable for various applications<\/li>\r\r\n<li>Corrosion-resistant aluminum ideal for long-term indoor and outdoor use<\/li>\r\r\n<li>Modern and clean appearance enhances product aesthetics<\/li>\r\r\n<li>Available in multiple finishes such as anodized and powder-coated<\/li>\r\r\n<li>Customizable dimensions and profiles for OEM and architectural needs<\/li>\r\r\n<li>Low maintenance and long service life<\/li>\r\r\n<li>Eco-friendly material with 100% recyclability<\/li>","product_chanpin_blog":"<ul>\r\r\n<li><a href=\"https:\/\/sinoextrud.com\/t-slot-v-slot-differences\/\" target=\"_blank\">t slot vs v slot<\/a><\/li>\r\r\n<li><a href=\"https:\/\/sinoextrud.com\/what-is-4040-aluminium-extrud\/\" target=\"_blank\">4040 aluminium extrusion<\/a><\/li>\r\r\n<li><a href=\"https:\/\/sinoextrud.com\/what-is-4040-aluminium-extrud\/\" target=\"_blank\">aluminum extrusions for industrial racks<\/a><\/li>\r\r\n<li><a href=\"https:\/\/sinoextrud.com\/powder-coating-aluminium-process\/\" target=\"_blank\">powder coating aluminium<\/a><\/li>\r\r\n<li><a href=\"https:\/\/sinoextrud.com\/what-is-an-aluminium-strip-ceiling\/\" target=\"_blank\">aluminium strip ceiling<\/a><\/li>\r\r\n<li><a href=\"https:\/\/sinoextrud.com\/what-is-a-heat-sink\/\" target=\"_blank\">what is a heat sink<\/a><\/li>\r\r\n<\/ul>","product_chanpin_chanpin":"<li><a href=\"https:\/\/sinoextrud.com\/product\/aluminium-door-window-fittings\/\" target=\"_blank\">Aluminium Door Window Fittings<\/a><\/li>\r\n<li><a href=\"https:\/\/sinoextrud.com\/product\/aluminium-extruded-products\/\" target=\"_blank\">Aluminium Extruded Products<\/a><\/li>\r\n<li><a href=\"https:\/\/sinoextrud.com\/product\/aluminum-profile-glass-curtain-wall-system\/\" target=\"_blank\">Aluminum Profile Glass Curtain Wall System<\/a><\/li>\r\n<li><a href=\"https:\/\/sinoextrud.com\/product\/profiles-aluminum\/\" target=\"_blank\">Profiles aluminum<\/a><\/li>\r\n<li><a href=\"https:\/\/sinoextrud.com\/product\/aluminium-frame\/\" target=\"_blank\">Aluminium Frame<\/a><\/li>\r\n<li><a href=\"https:\/\/sinoextrud.com\/product\/bending-aluminium-tube\/\" target=\"_blank\">Bending Aluminium Tube<\/a><\/li>\r\n<li><a href=\"https:\/\/sinoextrud.com\/product\/anodised-aluminium\/\" target=\"_blank\">Anodised Aluminium<\/a><\/li>\r\n<li><a href=\"https:\/\/sinoextrud.com\/product\/aluminium-profile-to-make-doors-and-windows\/\" target=\"_blank\">Aluminium Profile to Make Doors And Windows<\/a><\/li>\r\n<li><a href=\"https:\/\/sinoextrud.com\/product\/structural-aluminium-profiles\/\" target=\"_blank\">Structural Aluminium Profiles<\/a><\/li>\r\n<li><a href=\"https:\/\/sinoextrud.com\/product\/linear-sliding-modules-aluminum-profiles\/\" target=\"_blank\">Linear Sliding Modules Aluminum Profiles<\/a><\/li>\r\n<li><a href=\"https:\/\/sinoextrud.com\/product\/aluminum-profile-led-light-strip-bar\/\" target=\"_blank\">Aluminum Profile LED Light Strip Bar<\/a><\/li>"},"feature_list":[]},"_links":{"self":[{"href":"https:\/\/sinoextrud.com\/de\/wp-json\/wp\/v2\/product\/7725","targetHints":{"allow":["GET"]}}],"collection":[{"href":"https:\/\/sinoextrud.com\/de\/wp-json\/wp\/v2\/product"}],"about":[{"href":"https:\/\/sinoextrud.com\/de\/wp-json\/wp\/v2\/types\/product"}],"wp:featuredmedia":[{"embeddable":true,"href":"https:\/\/sinoextrud.com\/de\/wp-json\/wp\/v2\/media\/7724"}],"wp:attachment":[{"href":"https:\/\/sinoextrud.com\/de\/wp-json\/wp\/v2\/media?parent=7725"}],"wp:term":[{"taxonomy":"category","embeddable":true,"href":"https:\/\/sinoextrud.com\/de\/wp-json\/wp\/v2\/categories?post=7725"}],"curies":[{"name":"wp","href":"https:\/\/api.w.org\/{rel}","templated":true}]}}