{"id":7723,"date":"2025-06-10T02:35:46","date_gmt":"2025-06-10T02:35:46","guid":{"rendered":"https:\/\/sinoextrud.com\/product\/profiles-aluminum\/"},"modified":"2025-06-24T06:13:31","modified_gmt":"2025-06-24T06:13:31","slug":"profile-aluminium","status":"publish","type":"product","link":"https:\/\/sinoextrud.com\/de\/product\/profiles-aluminum\/","title":{"rendered":"Profile aus Aluminium"},"content":{"rendered":"<h2>Produkte Details<\/h2>\n<table class=\"custom-table\">\n<tbody>\n<tr>\n<td> Artikel:<\/td>\n<td> Profile Aluminium<\/td>\n<td> Note:<\/td>\n<td> Serie 6000 6063<\/td>\n<\/tr>\n<tr>\n<td> Temperament:<\/td>\n<td> 6063-T5<\/td>\n<td> Ort der Herkunft:<\/td>\n<td> Foshan, Guangdong<\/td>\n<\/tr>\n<tr>\n<td> Die Form:<\/td>\n<td> U-f\u00f6rmiger Kanal<\/td>\n<td> Legierung oder nicht:<\/td>\n<td> Alunimun-Legierung<\/td>\n<\/tr>\n<tr>\n<td> Vertr\u00e4glichkeit:<\/td>\n<td> \u00b10,5%<\/td>\n<td> Marke:<\/td>\n<td> Sinoextrud, Sinoextrud<\/td>\n<\/tr>\n<tr>\n<td> Standard:<\/td>\n<td> mittlere und hohe Qualit\u00e4t<\/td>\n<td> Surfacetreatment:<\/td>\n<td> Pulverbeschichtung, Elektrophorese, Holzmaserung, Eloxieren, B\u00fcrsten, Polieren<\/td>\n<\/tr>\n<tr>\n<td> Lieferzeiten:<\/td>\n<td> 25-30 Tage<\/td>\n<td> MOQ:<\/td>\n<td> 200KGs<\/td>\n<\/tr>\n<tr>\n<td> Zahlungsfrist:<\/td>\n<td> T\/T(30% Anzahlung), L\/C<\/td>\n<td> Bearbeitungsservice:<\/td>\n<td> Biegen, Abwickeln, Schwei\u00dfen, Stanzen, Schneiden<\/td>\n<\/tr>\n<tr>\n<td> Hafen:<\/td>\n<td> Guangzhou, Shenzhen, Foshan<\/td>\n<td> L\u00e4nge::<\/td>\n<td> 1-9m oder kundenspezifisch<\/td>\n<\/tr>\n<\/tbody>\n<\/table>\n<h2>Unsere Produktionsbasis<\/h2>\n<h3>Fabrik-Panorama<\/h3>\n<p><img decoding=\"async\" src=\"\/wp-content\/uploads\/factory-01.webp\"\/><\/p>\n<h3>Werkstatt zur Herstellung von Aluminiumstangen<\/h3>\n<p><img decoding=\"async\" src=\"\/wp-content\/uploads\/factory-02.webp\"\/><\/p>\n<\/p>\n<p><img decoding=\"async\" src=\"\/wp-content\/uploads\/factory-03.webp\"\/><\/p>\n<h3>Lagerhaus f\u00fcr Formen<\/h3>\n<p><img decoding=\"async\" src=\"\/wp-content\/uploads\/factory-04.webp\"\/><\/p>\n<h3>43 Aluminium-Strangpressanlagen (500-5500 Tonnen)<\/h3>\n<p><img decoding=\"async\" src=\"\/wp-content\/uploads\/factory-05.webp\"\/><\/p>\n<p><img decoding=\"async\" src=\"\/wp-content\/uploads\/factory-06.webp\"\/><\/p>\n<p><img decoding=\"async\" src=\"\/wp-content\/uploads\/factory-07.webp\"\/><\/p>\n<h3>Werkstatt f\u00fcr Pulverbeschichtung<\/h3>\n<p><img decoding=\"async\" src=\"\/wp-content\/uploads\/factory-09.webp\"\/><\/p>\n<h3>Eloxal-Werkstatt<\/h3>\n<p><img decoding=\"async\" src=\"\/wp-content\/uploads\/factory-10.webp\"\/><\/p>\n<h3>Workshop zur Tiefenverarbeitung<\/h3>\n<p><img decoding=\"async\" src=\"\/wp-content\/uploads\/factory-11.webp\"\/><\/p>\n<h3>CNC-Pr\u00e4zisionsbearbeitungswerkstatt<\/h3>\n<p><img decoding=\"async\" src=\"\/wp-content\/uploads\/factory-11.5.webp\"\/><\/p>\n<h3>Lager f\u00fcr Fertigprodukte und Export<\/h3>\n<p><img decoding=\"async\" src=\"\/wp-content\/uploads\/factory-12.webp\"\/><\/p>\n<p><img decoding=\"async\" src=\"\/wp-content\/uploads\/factory-13.webp\"\/><\/p>\n<p><img decoding=\"async\" src=\"\/wp-content\/uploads\/factory-14.webp\"\/><\/p>\n<h2>FAQ<\/h2>\n<p><b>1. was sind Profile aus Aluminium?<\/b><\/p>\n<p>Aluminiumprofile sind stranggepresste Aluminiumprofile, die f\u00fcr strukturelle, architektonische oder industrielle Anwendungen in verschiedenen Sektoren entwickelt wurden.\n<\/p>\n<p><\/p>\n<p><b>2. warum Aluminiumprofile in der Fertigung verwenden?<\/b><\/p>\n<p>Aluminiumprofile sind leicht, korrosionsbest\u00e4ndig und einfach zu verarbeiten, was sie zu idealen Werkstoffen f\u00fcr effiziente und langlebige Konstruktionen macht.\n<\/p>\n<p><\/p>\n<p><b>3. sind Aluminiumprofile anpassbar?<\/b><\/p>\n<p>Ja, sie k\u00f6nnen in kundenspezifische Formen, Gr\u00f6\u00dfen und Ausf\u00fchrungen extrudiert werden, um spezifische Projekt- oder Produktanforderungen zu erf\u00fcllen.\n<\/p>\n<p><\/p>\n<p><b>4. welche Branchen verwenden Aluminiumprofile?<\/b><\/p>\n<p>In Branchen wie dem Baugewerbe, der Automobilindustrie, dem Maschinenbau, der M\u00f6belindustrie und der Elektronik werden Aluminiumprofile aufgrund ihrer Vielseitigkeit und St\u00e4rke h\u00e4ufig verwendet.\n<\/p>\n<p><\/p>\n<p><b>5. sind Aluminiumprofile korrosionsbest\u00e4ndig?<\/b><\/p>\n<p>Ja, Aluminium ist von Natur aus korrosionsbest\u00e4ndig, und zus\u00e4tzliche Oberfl\u00e4chenbehandlungen erh\u00f6hen seine Haltbarkeit in rauen Umgebungen.\n<\/p>\n<p><\/p>\n<p><b>6. wie werden Aluminiumprofile bearbeitet?<\/b><\/p>\n<p>Zu den \u00fcblichen Oberfl\u00e4chenbehandlungen geh\u00f6ren Eloxieren, Pulverbeschichten, Polieren und B\u00fcrsten, die sowohl die Funktion als auch das Aussehen verbessern.\n<\/p>\n<p><\/p>\n<p><b>7. sind Aluminiumprofile umweltfreundlich?<\/b><\/p>\n<p>Nat\u00fcrlich ist Aluminium 100% recycelbar und unterst\u00fctzt umweltvertr\u00e4gliche Herstellungsverfahren.\n<\/p>\n<p><\/p>\n<p><b>8. ist es einfach, Aluminiumprofile zu installieren oder zu fertigen?<\/b><\/p>\n<p>Ja, Aluminiumprofile sind leicht zu schneiden, zu bearbeiten und zu montieren, was die Arbeits- und Produktionskosten senkt.\n<\/p>\n<p><\/p>","protected":false},"featured_media":7722,"template":"","categories":[67],"class_list":["post-7723","product","type-product","status-publish","has-post-thumbnail","hentry","category-architectural-aluminium-profile"],"meta_box":{"hilight_text_group":{"product_hilight_text":"<li>Lightweight yet strong for efficient structural performance<\/li>\r\r\n<li>Corrosion-resistant for long-term indoor and outdoor use<\/li>\r\r\n<li>Customizable shapes and dimensions for versatile applications<\/li>\r\r\n<li>Easy to cut, drill, and assemble for quick fabrication<\/li>\r\r\n<li>Wide range of finishes including anodized, powder-coated, and polished<\/li>\r\r\n<li>Suitable for industries like construction, automotive, and electronics<\/li>\r\r\n<li>Eco-friendly and fully recyclable aluminum material<\/li>","product_chanpin_blog":"<ul>\r\r\n<li><a href=\"https:\/\/sinoextrud.com\/t-slot-v-slot-differences\/\" target=\"_blank\">t slot vs v slot<\/a><\/li>\r\r\n<li><a href=\"https:\/\/sinoextrud.com\/what-is-4040-aluminium-extrud\/\" target=\"_blank\">4040 aluminium extrusion<\/a><\/li>\r\r\n<li><a href=\"https:\/\/sinoextrud.com\/what-is-4040-aluminium-extrud\/\" target=\"_blank\">aluminum extrusions for industrial racks<\/a><\/li>\r\r\n<li><a href=\"https:\/\/sinoextrud.com\/powder-coating-aluminium-process\/\" target=\"_blank\">powder coating aluminium<\/a><\/li>\r\r\n<li><a href=\"https:\/\/sinoextrud.com\/what-is-an-aluminium-strip-ceiling\/\" target=\"_blank\">aluminium strip ceiling<\/a><\/li>\r\r\n<li><a href=\"https:\/\/sinoextrud.com\/what-is-a-heat-sink\/\" target=\"_blank\">what is a heat sink<\/a><\/li>\r\r\n<\/ul>","product_chanpin_chanpin":"<li><a href=\"https:\/\/sinoextrud.com\/product\/aluminium-rail-extrusions\/\" target=\"_blank\">Aluminium Rail Extrusions<\/a><\/li>\r\n<li><a href=\"https:\/\/sinoextrud.com\/product\/aluminium-door-window-fittings\/\" target=\"_blank\">Aluminium Door Window Fittings<\/a><\/li>\r\n<li><a href=\"https:\/\/sinoextrud.com\/product\/aluminium-extruded-products\/\" target=\"_blank\">Aluminium Extruded Products<\/a><\/li>\r\n<li><a href=\"https:\/\/sinoextrud.com\/product\/aluminum-profile-glass-curtain-wall-system\/\" target=\"_blank\">Aluminum Profile Glass Curtain Wall System<\/a><\/li>\r\n<li><a href=\"https:\/\/sinoextrud.com\/product\/profiles-aluminum\/\" target=\"_blank\">Profiles aluminum<\/a><\/li>\r\n<li><a href=\"https:\/\/sinoextrud.com\/product\/aluminium-frame\/\" target=\"_blank\">Aluminium Frame<\/a><\/li>\r\n<li><a href=\"https:\/\/sinoextrud.com\/product\/bending-aluminium-tube\/\" target=\"_blank\">Bending Aluminium Tube<\/a><\/li>\r\n<li><a href=\"https:\/\/sinoextrud.com\/product\/anodised-aluminium\/\" target=\"_blank\">Anodised Aluminium<\/a><\/li>\r\n<li><a href=\"https:\/\/sinoextrud.com\/product\/aluminium-profile-to-make-doors-and-windows\/\" target=\"_blank\">Aluminium Profile to Make Doors And Windows<\/a><\/li>\r\n<li><a href=\"https:\/\/sinoextrud.com\/product\/aluminium-profile-bending\/\" target=\"_blank\">Aluminium Profile Bending<\/a><\/li>\r\n<li><a href=\"https:\/\/sinoextrud.com\/product\/brushed-aluminum-profiles\/\" target=\"_blank\">Brushed Aluminum Profiles<\/a><\/li>"},"feature_list":[]},"_links":{"self":[{"href":"https:\/\/sinoextrud.com\/de\/wp-json\/wp\/v2\/product\/7723","targetHints":{"allow":["GET"]}}],"collection":[{"href":"https:\/\/sinoextrud.com\/de\/wp-json\/wp\/v2\/product"}],"about":[{"href":"https:\/\/sinoextrud.com\/de\/wp-json\/wp\/v2\/types\/product"}],"wp:featuredmedia":[{"embeddable":true,"href":"https:\/\/sinoextrud.com\/de\/wp-json\/wp\/v2\/media\/7722"}],"wp:attachment":[{"href":"https:\/\/sinoextrud.com\/de\/wp-json\/wp\/v2\/media?parent=7723"}],"wp:term":[{"taxonomy":"category","embeddable":true,"href":"https:\/\/sinoextrud.com\/de\/wp-json\/wp\/v2\/categories?post=7723"}],"curies":[{"name":"wp","href":"https:\/\/api.w.org\/{rel}","templated":true}]}}