{"id":7715,"date":"2025-06-10T02:18:29","date_gmt":"2025-06-10T02:18:29","guid":{"rendered":"https:\/\/sinoextrud.com\/product\/aluminium-rail-extrusions\/"},"modified":"2025-06-24T06:13:29","modified_gmt":"2025-06-24T06:13:29","slug":"aluminium-schienenstrangpressprofile","status":"publish","type":"product","link":"https:\/\/sinoextrud.com\/de\/product\/aluminium-rail-extrusions\/","title":{"rendered":"Aluminium-Schienenstrangpressprofile"},"content":{"rendered":"<h2>Produkte Details<\/h2>\n<table class=\"custom-table\">\n<tr>\n<td class=\"label\">Die Form:<\/td>\n<td> rund<\/td>\n<\/tr>\n<tr>\n<td class=\"label\">Temperament:<\/td>\n<td> T3-T8-Legierung<\/td>\n<\/tr>\n<tr>\n<td class=\"label\">Legierungsbestandteil:<\/td>\n<td> 6063<\/td>\n<\/tr>\n<tr>\n<td class=\"label\">Profil aus poliertem Aluminium:<\/td>\n<td> Chemisches Polieren<\/td>\n<\/tr>\n<tr>\n<td class=\"label\">Material:<\/td>\n<td> 99,7% Reinaluminium<\/td>\n<\/tr>\n<tr>\n<td class=\"label\">Eloxiert Dicke:<\/td>\n<td> \u00dcber 10um<\/td>\n<\/tr>\n<tr>\n<td class=\"label\">Art:<\/td>\n<td> Dekoration Aluminium-Schienenstrangpressprofile<\/td>\n<\/tr>\n<tr>\n<td class=\"label\">Zertifizierung:<\/td>\n<td> CE, SONCAP, ISO, CIQ, RoHS, TUV<\/td>\n<\/tr>\n<tr>\n<td class=\"label\">Herkunft:<\/td>\n<td> Guangdong, China<\/td>\n<\/tr>\n<\/table>\n<h2>Unsere Produktionsbasis<\/h2>\n<h3>Fabrik-Panorama<\/h3>\n<p><img decoding=\"async\" src=\"\/wp-content\/uploads\/factory-01.webp\"\/><\/p>\n<h3>Werkstatt zur Herstellung von Aluminiumstangen<\/h3>\n<p><img decoding=\"async\" src=\"\/wp-content\/uploads\/factory-02.webp\"\/><\/p>\n<\/p>\n<p><img decoding=\"async\" src=\"\/wp-content\/uploads\/factory-03.webp\"\/><\/p>\n<h3>Lagerhaus f\u00fcr Formen<\/h3>\n<p><img decoding=\"async\" src=\"\/wp-content\/uploads\/factory-04.webp\"\/><\/p>\n<h3>43 Aluminium-Strangpressanlagen (500\u00e2\u20ac\"5500 Tonnen)<\/h3>\n<p><img decoding=\"async\" src=\"\/wp-content\/uploads\/factory-05.webp\"\/><\/p>\n<p><img decoding=\"async\" src=\"\/wp-content\/uploads\/factory-06.webp\"\/><\/p>\n<p><img decoding=\"async\" src=\"\/wp-content\/uploads\/factory-07.webp\"\/><\/p>\n<h3>Werkstatt f\u00fcr Pulverbeschichtung<\/h3>\n<p><img decoding=\"async\" src=\"\/wp-content\/uploads\/factory-09.webp\"\/><\/p>\n<h3>Eloxal-Werkstatt<\/h3>\n<p><img decoding=\"async\" src=\"\/wp-content\/uploads\/factory-10.webp\"\/><\/p>\n<h3>Workshop zur Tiefenverarbeitung<\/h3>\n<p><img decoding=\"async\" src=\"\/wp-content\/uploads\/factory-11.webp\"\/><\/p>\n<h3>CNC-Pr\u00e4zisionsbearbeitungswerkstatt<\/h3>\n<p><img decoding=\"async\" src=\"\/wp-content\/uploads\/factory-11.5.webp\"\/><\/p>\n<h3>Lager f\u00fcr Fertigprodukte und Export<\/h3>\n<p><img decoding=\"async\" src=\"\/wp-content\/uploads\/factory-12.webp\"\/><\/p>\n<p><img decoding=\"async\" src=\"\/wp-content\/uploads\/factory-13.webp\"\/><\/p>\n<p><img decoding=\"async\" src=\"\/wp-content\/uploads\/factory-14.webp\"\/><\/p>\n<h2>FAQ<\/h2>\n<p><b>1. was sind Aluminiumschienenprofile?<\/b><\/p>\n<p>Aluminiumschienenprofile sind pr\u00e4zisionsgeformte Aluminiumprofile, die in Schienensystemen f\u00fcr F\u00fchrungs-, Trag- oder Gleitanwendungen verwendet werden.\n<\/p>\n<p><\/p>\n<p><b>2. warum Aluminiumschienenprofile w\u00e4hlen?<\/b><\/p>\n<p>Sie bieten leichte Festigkeit, Korrosionsbest\u00e4ndigkeit und pr\u00e4zise Abmessungen, was sie ideal f\u00fcr industrielle und kommerzielle Schienensysteme macht.\n<\/p>\n<p><\/p>\n<p><b>3. sind Aluminiumschienenprofile korrosionsbest\u00e4ndig?<\/b><\/p>\n<p>Ja, Aluminium ist von Natur aus korrosionsbest\u00e4ndig, so dass sich diese Strangpressprofile sowohl f\u00fcr Schienenanwendungen im Innen- als auch im Au\u00dfenbereich eignen.\n<\/p>\n<p><\/p>\n<p><b>4. was sind die \u00fcblichen Anwendungen von Aluminiumschienenprofilen?<\/b><\/p>\n<p>Sie werden in Gleitsystemen, F\u00f6rderlinien, Maschinenschienen und Architekturschienen eingesetzt.\n<\/p>\n<p><\/p>\n<p><b>5. k\u00f6nnen Aluminiumschienenprofile individuell angepasst werden?<\/b><\/p>\n<p>Ja, sie k\u00f6nnen in verschiedenen Formen, Gr\u00f6\u00dfen und Oberfl\u00e4chenausf\u00fchrungen hergestellt werden, um spezifische Designanforderungen zu erf\u00fcllen.\n<\/p>\n<p><\/p>\n<p><b>6. m\u00fcssen Aluminiumschienenprofile gewartet werden?<\/b><\/p>\n<p>Aufgrund ihrer glatten Oberfl\u00e4che und ihrer rostfreien Eigenschaften ben\u00f6tigen sie nur minimale Wartung.\n<\/p>\n<p><\/p>\n<p><b>7. sind Aluminiumschienenprofile f\u00fcr schwere Lasten geeignet?<\/b><\/p>\n<p>Ja, je nach Profil und Legierung k\u00f6nnen sie m\u00e4\u00dfige bis schwere Lasten mit zuverl\u00e4ssiger Leistung tragen.\n<\/p>\n<p><\/p>\n<p><b>8. ist Aluminium ein umweltfreundliches Material f\u00fcr Schienenstrangpressprofile?<\/b><\/p>\n<p>Aluminium ist auf jeden Fall recycelbar und energieeffizient, was es zu einer nachhaltigen Wahl f\u00fcr Bahnsysteme macht.\n<\/p>\n<p><\/p>","protected":false},"featured_media":7714,"template":"","categories":[67],"class_list":["post-7715","product","type-product","status-publish","has-post-thumbnail","hentry","category-architectural-aluminium-profile"],"meta_box":{"hilight_text_group":{"product_hilight_text":"<li>Durable aluminum construction ensures long service life<\/li>\r\r\n<li>Lightweight for easy installation and reduced structural load<\/li>\r\r\n<li>High corrosion resistance suitable for indoor and outdoor use<\/li>\r\r\n<li>Available in various profiles to meet different rail system requirements<\/li>\r\r\n<li>Excellent dimensional accuracy for smooth and stable operation<\/li>\r\r\n<li>Low maintenance and easy to clean surface<\/li>\r\r\n<li>Supports modular rail systems for flexible integration<\/li>","product_chanpin_blog":"<ul>\r\r\n<li><a href=\"https:\/\/sinoextrud.com\/t-slot-v-slot-differences\/\" target=\"_blank\">t slot vs v slot<\/a><\/li>\r\r\n<li><a href=\"https:\/\/sinoextrud.com\/what-is-4040-aluminium-extrud\/\" target=\"_blank\">4040 aluminium extrusion<\/a><\/li>\r\r\n<li><a href=\"https:\/\/sinoextrud.com\/what-is-4040-aluminium-extrud\/\" target=\"_blank\">aluminum extrusions for industrial racks<\/a><\/li>\r\r\n<li><a href=\"https:\/\/sinoextrud.com\/powder-coating-aluminium-process\/\" target=\"_blank\">powder coating aluminium<\/a><\/li>\r\r\n<li><a href=\"https:\/\/sinoextrud.com\/what-is-an-aluminium-strip-ceiling\/\" target=\"_blank\">aluminium strip ceiling<\/a><\/li>\r\r\n<li><a href=\"https:\/\/sinoextrud.com\/what-is-a-heat-sink\/\" target=\"_blank\">what is a heat sink<\/a><\/li>\r\r\n<\/ul>","product_chanpin_chanpin":"<li><a href=\"https:\/\/sinoextrud.com\/product\/greenhouse-aluminium-extrusions-aluminium-sunroom-profile\/\" target=\"_blank\">Greenhouse Aluminium Extrusions Aluminium Sunroom Profile<\/a><\/li>\r\n<li><a href=\"https:\/\/sinoextrud.com\/product\/aluminum-curtain-wall-extrusions\/\" target=\"_blank\">Aluminum Curtain Wall Extrusions<\/a><\/li>\r\n<li><a href=\"https:\/\/sinoextrud.com\/product\/30-x-30-aluminum-extrusion-for-decoration\/\" target=\"_blank\">30 X 30 Aluminum Extrusion For Decoration<\/a><\/li>\r\n<li><a href=\"https:\/\/sinoextrud.com\/product\/30mm-aluminum-extrusion\/\" target=\"_blank\">30mm Aluminum Extrusion<\/a><\/li>\r\n<li><a href=\"https:\/\/sinoextrud.com\/product\/aluminium-rail-extrusions\/\" target=\"_blank\">Aluminium Rail Extrusions<\/a><\/li>\r\n<li><a href=\"https:\/\/sinoextrud.com\/product\/aluminium-door-window-fittings\/\" target=\"_blank\">Aluminium Door Window Fittings<\/a><\/li>\r\n<li><a href=\"https:\/\/sinoextrud.com\/product\/aluminium-extruded-products\/\" target=\"_blank\">Aluminium Extruded Products<\/a><\/li>\r\n<li><a href=\"https:\/\/sinoextrud.com\/product\/aluminum-profile-glass-curtain-wall-system\/\" target=\"_blank\">Aluminum Profile Glass Curtain Wall System<\/a><\/li>\r\n<li><a href=\"https:\/\/sinoextrud.com\/product\/profiles-aluminum\/\" target=\"_blank\">Profiles aluminum<\/a><\/li>\r\n<li><a href=\"https:\/\/sinoextrud.com\/product\/extruded-aluminum-electronic-enclosures\/\" target=\"_blank\">Extruded Aluminum Electronic Enclosures<\/a><\/li>\r\n<li><a href=\"https:\/\/sinoextrud.com\/product\/aluminium-extrusion-channel-profiles\/\" target=\"_blank\">Aluminium Extrusion Channel Profiles<\/a><\/li>"},"feature_list":[]},"_links":{"self":[{"href":"https:\/\/sinoextrud.com\/de\/wp-json\/wp\/v2\/product\/7715","targetHints":{"allow":["GET"]}}],"collection":[{"href":"https:\/\/sinoextrud.com\/de\/wp-json\/wp\/v2\/product"}],"about":[{"href":"https:\/\/sinoextrud.com\/de\/wp-json\/wp\/v2\/types\/product"}],"wp:featuredmedia":[{"embeddable":true,"href":"https:\/\/sinoextrud.com\/de\/wp-json\/wp\/v2\/media\/7714"}],"wp:attachment":[{"href":"https:\/\/sinoextrud.com\/de\/wp-json\/wp\/v2\/media?parent=7715"}],"wp:term":[{"taxonomy":"category","embeddable":true,"href":"https:\/\/sinoextrud.com\/de\/wp-json\/wp\/v2\/categories?post=7715"}],"curies":[{"name":"wp","href":"https:\/\/api.w.org\/{rel}","templated":true}]}}