{"id":7711,"date":"2025-06-10T02:15:15","date_gmt":"2025-06-10T02:15:15","guid":{"rendered":"https:\/\/sinoextrud.com\/product\/30-x-30-aluminum-extrusion-for-decoration\/"},"modified":"2025-06-24T06:13:28","modified_gmt":"2025-06-24T06:13:28","slug":"30-x-30-aluminium-strangpressprofile-fur-die-dekoration","status":"publish","type":"product","link":"https:\/\/sinoextrud.com\/de\/product\/30-x-30-aluminum-extrusion-for-decoration\/","title":{"rendered":"30 X 30 Aluminium-Strangpressprofile f\u00fcr die Dekoration"},"content":{"rendered":"<h2>Produkte Details<\/h2>\n<table class=\"custom-table\">\n<tbody>\n<tr>\n<td> Name des Produkts<\/td>\n<td> 30 x 30 Aluminium-Strangpressprofil f\u00fcr Dekoration Decke &amp; T\u00fcr<\/td>\n<\/tr>\n<tr>\n<td> Aluminiumlegierung<\/td>\n<td> 6063-T5 oder kundenspezifische Anpassung<\/td>\n<\/tr>\n<tr>\n<td> Behandlung der Oberfl\u00e4che<\/td>\n<td> Eloxiertes Silber, poliert oder kundenspezifisch<\/td>\n<\/tr>\n<tr>\n<td> Gr\u00f6\u00dfe<\/td>\n<td> 1m-9m, Anpassung<\/td>\n<\/tr>\n<tr>\n<td> MOQ<\/td>\n<td> 200KGs \/ Artikel<\/td>\n<\/tr>\n<tr>\n<td> Anmeldung<\/td>\n<td> Hotel, B\u00fcro, Haus, Einkaufszentrum, Flughafen, moderne, einfache Stil Dekoration, etc.<\/td>\n<\/tr>\n<tr>\n<td> Marke<\/td>\n<td> Sinoextrud \/ Sinoextrud \/ Sinoextrud Aluminium<\/td>\n<\/tr>\n<tr>\n<td> Herkunft<\/td>\n<td> Foshan, China<\/td>\n<\/tr>\n<\/tbody>\n<\/table>\n<h2>Unsere Produktionsbasis<\/h2>\n<h3>Fabrik-Panorama<\/h3>\n<p><img decoding=\"async\" src=\"\/wp-content\/uploads\/factory-01.webp\"\/><\/p>\n<h3>Werkstatt zur Herstellung von Aluminiumstangen<\/h3>\n<p><img decoding=\"async\" src=\"\/wp-content\/uploads\/factory-02.webp\"\/><\/p>\n<p><img decoding=\"async\" src=\"\/wp-content\/uploads\/factory-03.webp\"\/><\/p>\n<h3>Lagerhaus f\u00fcr Formen<\/h3>\n<p><img decoding=\"async\" src=\"\/wp-content\/uploads\/factory-04.webp\"\/><\/p>\n<h3>43 Aluminium-Strangpressanlagen (500\u00e2\u20ac\"5500 Tonnen)<\/h3>\n<p><img decoding=\"async\" src=\"\/wp-content\/uploads\/factory-05.webp\"\/><\/p>\n<p><img decoding=\"async\" src=\"\/wp-content\/uploads\/factory-06.webp\"\/><\/p>\n<p><img decoding=\"async\" src=\"\/wp-content\/uploads\/factory-07.webp\"\/><\/p>\n<h3>Werkstatt f\u00fcr Pulverbeschichtung<\/h3>\n<p><img decoding=\"async\" src=\"\/wp-content\/uploads\/factory-09.webp\"\/><\/p>\n<h3>Eloxal-Werkstatt<\/h3>\n<p><img decoding=\"async\" src=\"\/wp-content\/uploads\/factory-10.webp\"\/><\/p>\n<h3>Workshop zur Tiefenverarbeitung<\/h3>\n<p><img decoding=\"async\" src=\"\/wp-content\/uploads\/factory-11.webp\"\/><\/p>\n<h3>CNC-Pr\u00e4zisionsbearbeitungswerkstatt<\/h3>\n<p><img decoding=\"async\" src=\"\/wp-content\/uploads\/factory-11.5.webp\"\/><\/p>\n<h3>Lager f\u00fcr Fertigprodukte und Export<\/h3>\n<p><img decoding=\"async\" src=\"\/wp-content\/uploads\/factory-12.webp\"\/><\/p>\n<p><img decoding=\"async\" src=\"\/wp-content\/uploads\/factory-13.webp\"\/><\/p>\n<p><img decoding=\"async\" src=\"\/wp-content\/uploads\/factory-14.webp\"\/><\/p>\n<h2>FAQ<\/h2>\n<p><p><b>1. was ist 30 X 30 Aluminium Extrusion f\u00fcr Dekoration?<\/b><\/p>\n<p>30 X 30 Aluminium Extrusion For Decoration ist ein quadratisches Aluminiumprofil, das f\u00fcr architektonische und dekorative Anwendungen mit einem modernen Aussehen entwickelt wurde.<br \/>\n<\/p><br \/>\n<br \/>\n<p><b>2. was sind die Vorteile der Verwendung von 30 x 30 Aluminium-Strangpressprofilen f\u00fcr die Dekoration?<\/b><\/p>\n<p>Es bietet leichte Festigkeit, Korrosionsbest\u00e4ndigkeit, einfache Installation und \u00e4sthetische Flexibilit\u00e4t sowohl f\u00fcr gewerbliche als auch f\u00fcr private Bereiche.<br \/>\n<\/p><br \/>\n<br \/>\n<p><b>3. ist 30 x 30 Aluminium-Strangpressprofile f\u00fcr die Innendekoration geeignet?<\/b><\/p>\n<p>Ja, es eignet sich aufgrund seiner sauberen Oberfl\u00e4che und Langlebigkeit ideal f\u00fcr Inneneinrichtungselemente wie Trennw\u00e4nde, Rahmen und Ausstellungsstrukturen.<br \/>\n<\/p><br \/>\n<br \/>\n<p><b>4. k\u00f6nnen 30 x 30 Aluminium-Strangpressprofile im Freien verwendet werden?<\/b><\/p>\n<p>Es ist f\u00fcr den leichten Einsatz im Freien geeignet, insbesondere wenn es mit witterungsbest\u00e4ndigen Beschichtungen wie Eloxierung oder Pulverbeschichtung versehen ist.<br \/>\n<\/p><br \/>\n<br \/>\n<p><b>5. ist die Anpassung f\u00fcr 30 X 30 Aluminium Extrusion verf\u00fcgbar?<\/b><\/p>\n<p>Ja, kundenspezifische L\u00e4ngen, Ausf\u00fchrungen und Oberfl\u00e4chenbehandlungen sind m\u00f6glich, um Ihre Designw\u00fcnsche zu erf\u00fcllen.<br \/>\n<\/p><br \/>\n<br \/>\n<p><b>6. welche Anwendungen verwenden \u00fcblicherweise 30 X 30 Aluminium-Strangpressprofile f\u00fcr Dekoration?<\/b><\/p>\n<p>Zu den \u00fcblichen Anwendungen geh\u00f6ren Ausstellungsdisplays, dekorative Rahmen, architektonische Akzente und modulare M\u00f6belelemente.<br \/>\n<\/p><br \/>\n<br \/>\n<p><b>7. sind diese Profile leicht zu montieren?<\/b><\/p>\n<p>Ja, die 30 x 30 Aluminiumprofile sind mit Standardbeschl\u00e4gen und -verbindern kompatibel, was eine schnelle und werkzeugfreundliche Montage erm\u00f6glicht.<br \/>\n<\/p><br \/>\n<br \/>\n<p><b>Behalten 30 x 30 Aluminium-Strangpressprofile ihr Aussehen mit der Zeit?<\/b><\/p>\n<p>Ja, mit der richtigen Oberfl\u00e4chenbehandlung sind sie widerstandsf\u00e4hig gegen Ausbleichen, Korrosion und Kratzer und gew\u00e4hrleisten ein lang anhaltendes dekoratives Aussehen.<br \/>\n<\/p><br \/><\/p>","protected":false},"featured_media":7710,"template":"","categories":[67],"class_list":["post-7711","product","type-product","status-publish","has-post-thumbnail","hentry","category-architectural-aluminium-profile"],"meta_box":{"hilight_text_group":{"product_hilight_text":"<li>30x30 size provides balanced proportions for decorative structures<\/li>\r\r\n<li>Lightweight aluminum material ensures easy handling and installation<\/li>\r\r\n<li>Corrosion-resistant surface suitable for long-term indoor and light outdoor use<\/li>\r\r\n<li>Sleek appearance enhances modern and minimalist design aesthetics<\/li>\r\r\n<li>Custom finishes available to match various interior styles<\/li>\r\r\n<li>Precision extrusion guarantees clean edges and uniform shape<\/li>\r\r\n<li>Compatible with standard connectors for versatile applications<\/li>","product_chanpin_blog":"<ul>\r\r\n<li><a href=\"https:\/\/sinoextrud.com\/t-slot-v-slot-differences\/\" target=\"_blank\">t slot vs v slot<\/a><\/li>\r\r\n<li><a href=\"https:\/\/sinoextrud.com\/what-is-4040-aluminium-extrud\/\" target=\"_blank\">4040 aluminium extrusion<\/a><\/li>\r\r\n<li><a href=\"https:\/\/sinoextrud.com\/what-is-4040-aluminium-extrud\/\" target=\"_blank\">aluminum extrusions for industrial racks<\/a><\/li>\r\r\n<li><a href=\"https:\/\/sinoextrud.com\/powder-coating-aluminium-process\/\" target=\"_blank\">powder coating aluminium<\/a><\/li>\r\r\n<li><a href=\"https:\/\/sinoextrud.com\/what-is-an-aluminium-strip-ceiling\/\" target=\"_blank\">aluminium strip ceiling<\/a><\/li>\r\r\n<li><a href=\"https:\/\/sinoextrud.com\/what-is-a-heat-sink\/\" target=\"_blank\">what is a heat sink<\/a><\/li>\r\r\n<\/ul>","product_chanpin_chanpin":"<li><a href=\"https:\/\/sinoextrud.com\/product\/curved-aluminium-extrusion\/\" target=\"_blank\">Curved Aluminium Extrusion<\/a><\/li>\r\n<li><a href=\"https:\/\/sinoextrud.com\/product\/modular-aluminum-framing-system\/\" target=\"_blank\">Modular Aluminum Framing System<\/a><\/li>\r\n<li><a href=\"https:\/\/sinoextrud.com\/product\/greenhouse-aluminium-extrusions-aluminium-sunroom-profile\/\" target=\"_blank\">Greenhouse Aluminium Extrusions Aluminium Sunroom Profile<\/a><\/li>\r\n<li><a href=\"https:\/\/sinoextrud.com\/product\/aluminum-curtain-wall-extrusions\/\" target=\"_blank\">Aluminum Curtain Wall Extrusions<\/a><\/li>\r\n<li><a href=\"https:\/\/sinoextrud.com\/product\/30-x-30-aluminum-extrusion-for-decoration\/\" target=\"_blank\">30 X 30 Aluminum Extrusion For Decoration<\/a><\/li>\r\n<li><a href=\"https:\/\/sinoextrud.com\/product\/30mm-aluminum-extrusion\/\" target=\"_blank\">30mm Aluminum Extrusion<\/a><\/li>\r\n<li><a href=\"https:\/\/sinoextrud.com\/product\/aluminium-rail-extrusions\/\" target=\"_blank\">Aluminium Rail Extrusions<\/a><\/li>\r\n<li><a href=\"https:\/\/sinoextrud.com\/product\/aluminium-door-window-fittings\/\" target=\"_blank\">Aluminium Door Window Fittings<\/a><\/li>\r\n<li><a href=\"https:\/\/sinoextrud.com\/product\/aluminium-extruded-products\/\" target=\"_blank\">Aluminium Extruded Products<\/a><\/li>\r\n<li><a href=\"https:\/\/sinoextrud.com\/product\/aluminium-t-bar-extrusions\/\" target=\"_blank\">Aluminium T Bar Extrusions<\/a><\/li>\r\n<li><a href=\"https:\/\/sinoextrud.com\/product\/triangular-aluminum-extrusion\/\" target=\"_blank\">Triangular Aluminum Extrusion<\/a><\/li>"},"feature_list":[]},"_links":{"self":[{"href":"https:\/\/sinoextrud.com\/de\/wp-json\/wp\/v2\/product\/7711","targetHints":{"allow":["GET"]}}],"collection":[{"href":"https:\/\/sinoextrud.com\/de\/wp-json\/wp\/v2\/product"}],"about":[{"href":"https:\/\/sinoextrud.com\/de\/wp-json\/wp\/v2\/types\/product"}],"wp:featuredmedia":[{"embeddable":true,"href":"https:\/\/sinoextrud.com\/de\/wp-json\/wp\/v2\/media\/7710"}],"wp:attachment":[{"href":"https:\/\/sinoextrud.com\/de\/wp-json\/wp\/v2\/media?parent=7711"}],"wp:term":[{"taxonomy":"category","embeddable":true,"href":"https:\/\/sinoextrud.com\/de\/wp-json\/wp\/v2\/categories?post=7711"}],"curies":[{"name":"wp","href":"https:\/\/api.w.org\/{rel}","templated":true}]}}