{"id":7709,"date":"2025-06-10T02:07:44","date_gmt":"2025-06-10T02:07:44","guid":{"rendered":"https:\/\/sinoextrud.com\/product\/aluminum-curtain-wall-extrusions\/"},"modified":"2025-06-24T06:13:28","modified_gmt":"2025-06-24T06:13:28","slug":"aluminium-strangpressprofile-fur-vorhangfassaden-2","status":"publish","type":"product","link":"https:\/\/sinoextrud.com\/de\/product\/aluminum-curtain-wall-extrusions\/","title":{"rendered":"Aluminium-Strangpressprofile f\u00fcr Vorhangw\u00e4nde"},"content":{"rendered":"<h2>Produkte Details<\/h2>\n<table class=\"custom-table\">\n<tbody>\n<tr>\n<td> Produktname<\/td>\n<td> Aluminium-Strangpressprofile f\u00fcr Vorhangfassaden<\/td>\n<\/tr>\n<tr>\n<td> Material<\/td>\n<td> Legierung 6063 oder 6061<\/td>\n<\/tr>\n<tr>\n<td> Temperament<\/td>\n<td> T3-T8<\/td>\n<\/tr>\n<tr>\n<td> Ehre<\/td>\n<td> Top-10-Lieferant in China<\/td>\n<\/tr>\n<tr>\n<td> Oberfl\u00e4chenbehandlung<\/td>\n<td> Eloxiert, Pulverbeschichtung, Elektrophorese, PVDF, Holzmaserung, sandgestrahlt usw.<\/td>\n<\/tr>\n<tr>\n<td> L\u00e4nge<\/td>\n<td> 1-9M, andere L\u00e4ngen verhandelbar<\/td>\n<\/tr>\n<tr>\n<td> Verwendung<\/td>\n<td> Dekoration,Vorhangwand,Fenster und T\u00fcren mit thermischer Trennung<\/td>\n<\/tr>\n<tr>\n<td> Qualit\u00e4tsgarantie<\/td>\n<td> 100% gute Qualit\u00e4t vor Versand. Sie sind willkommen, um die Fabrik f\u00fcr die Inspektion vor dem Versand.<\/td>\n<\/tr>\n<tr>\n<td> Zertifizierung<\/td>\n<td> ISO9001, ISO4001, CQM Zertifizierung; SGS, CE, BV, JIS, AS, NZS, QUALICOAT, QUOLANOD<\/td>\n<\/tr>\n<\/tbody>\n<\/table>\n<h2>Unsere Produktionsbasis<\/h2>\n<h3>Fabrik-Panorama<\/h3>\n<p><img decoding=\"async\" src=\"\/wp-content\/uploads\/factory-01.webp\"\/><\/p>\n<h3>Werkstatt zur Herstellung von Aluminiumstangen<\/h3>\n<p><img decoding=\"async\" src=\"\/wp-content\/uploads\/factory-02.webp\"\/><\/p>\n<p><img decoding=\"async\" src=\"\/wp-content\/uploads\/factory-03.webp\"\/><\/p>\n<h3>Lagerhaus f\u00fcr Formen<\/h3>\n<p><img decoding=\"async\" src=\"\/wp-content\/uploads\/factory-04.webp\"\/><\/p>\n<h3>43 Aluminium-Strangpressanlagen (500\u00e2\u20ac\"5500 Tonnen)<\/h3>\n<p><img decoding=\"async\" src=\"\/wp-content\/uploads\/factory-05.webp\"\/><\/p>\n<p><img decoding=\"async\" src=\"\/wp-content\/uploads\/factory-06.webp\"\/><\/p>\n<p><img decoding=\"async\" src=\"\/wp-content\/uploads\/factory-07.webp\"\/><\/p>\n<h3>Werkstatt f\u00fcr Pulverbeschichtung<\/h3>\n<p><img decoding=\"async\" src=\"\/wp-content\/uploads\/factory-09.webp\"\/><\/p>\n<h3>Eloxal-Werkstatt<\/h3>\n<p><img decoding=\"async\" src=\"\/wp-content\/uploads\/factory-10.webp\"\/><\/p>\n<h3>Workshop zur Tiefenverarbeitung<\/h3>\n<p><img decoding=\"async\" src=\"\/wp-content\/uploads\/factory-11.webp\"\/><\/p>\n<h3>CNC-Pr\u00e4zisionsbearbeitungswerkstatt<\/h3>\n<p><img decoding=\"async\" src=\"\/wp-content\/uploads\/factory-11.5.webp\"\/><\/p>\n<h3>Lager f\u00fcr Fertigprodukte und Export<\/h3>\n<p><img decoding=\"async\" src=\"\/wp-content\/uploads\/factory-12.webp\"\/><\/p>\n<p><img decoding=\"async\" src=\"\/wp-content\/uploads\/factory-13.webp\"\/><\/p>\n<p><img decoding=\"async\" src=\"\/wp-content\/uploads\/factory-14.webp\"\/><\/p>\n<h2>FAQ<\/h2>\n<p><p><b>1. was sind Aluminium-Strangpressprofile f\u00fcr Vorhangfassaden? <\/b><\/p>\n<p> Aluminium-Strangpressprofile f\u00fcr Vorhangfassaden sind nicht tragende Rahmenelemente, die zur Unterst\u00fctzung von Glas oder anderen F\u00fcllungen an der Au\u00dfenseite von Geb\u00e4uden verwendet werden und sowohl \u00e4sthetisch ansprechend als auch umweltschonend sind.<br \/>\n<\/p><br \/>\n<br \/>\n<p><b>2. warum Aluminium f\u00fcr Vorhangfassadensysteme? <\/b><\/p>\n<p> Aluminium bietet ein hohes Verh\u00e4ltnis von Festigkeit zu Gewicht, Korrosionsbest\u00e4ndigkeit und Designvielfalt, was es zu einem idealen Material f\u00fcr Vorhangfassadensysteme in der modernen Architektur macht.<br \/>\n<\/p><br \/>\n<br \/>\n<p><b>3. wie verbessern Aluminium-Strangpressprofile die Energieeffizienz? <\/b><\/p>\n<p> In Kombination mit thermischen Unterbrechungen und geeigneter Verglasung reduzieren Aluminium-Strangpressprofile die W\u00e4rme\u00fcbertragung und verbessern so die Gesamtenergieeffizienz des Geb\u00e4udes.<br \/>\n<\/p><br \/>\n<br \/>\n<p><b>4. k\u00f6nnen Aluminium-Strangpressprofile f\u00fcr Vorhangfassaden angepasst werden? <\/b><\/p>\n<p> Ja, Aluminium-Strangpressprofile k\u00f6nnen in Bezug auf Form, Gr\u00f6\u00dfe und Oberfl\u00e4che auf die spezifischen architektonischen und strukturellen Anforderungen zugeschnitten werden.<br \/>\n<\/p><br \/>\n<br \/>\n<p><b>5. welche Oberfl\u00e4chen sind f\u00fcr Aluminium-Strangpressprofile erh\u00e4ltlich? <\/b><\/p>\n<p> Zu den g\u00e4ngigen Oberfl\u00e4chen geh\u00f6ren Eloxierung und Pulverbeschichtung, die die Korrosionsbest\u00e4ndigkeit erh\u00f6hen und verschiedene Farboptionen zur Anpassung an die Design\u00e4sthetik erm\u00f6glichen.<br \/>\n<\/p><br \/>\n<br \/>\n<p><b>6. sind Aluminiumfassadensysteme f\u00fcr Hochh\u00e4user geeignet? <\/b><\/p>\n<p> Aufgrund ihres geringen Gewichts und ihrer strukturellen Festigkeit sind Aluminiumfassadensysteme ideal f\u00fcr Hochh\u00e4user und gewerbliche Geb\u00e4ude.<br \/>\n<\/p><br \/>\n<br \/>\n<p><b>7. wie tragen vorgeh\u00e4ngte Aluminiumfassaden zu nachhaltigen Baupraktiken bei? <\/b><\/p>\n<p> Aluminium ist vollst\u00e4ndig recycelbar, und seine Langlebigkeit verringert die Notwendigkeit eines h\u00e4ufigen Austauschs, was zu einer nachhaltigen und umweltfreundlichen Konstruktion beitr\u00e4gt.<br \/>\n<\/p><br \/>\n<br \/>\n<p><b>8. welche Wartungsarbeiten sind bei Aluminium-Fassadensystemen erforderlich? <\/b><\/p>\n<p> Vorgeh\u00e4ngte Fassadensysteme aus Aluminium erfordern nur minimale Wartung; regelm\u00e4\u00dfige Reinigung und regelm\u00e4\u00dfige Inspektionen reichen aus, um ihr Aussehen und ihre Leistungsf\u00e4higkeit zu erhalten.<\/p>\n<p><\/p><br \/><\/p>","protected":false},"featured_media":7708,"template":"","categories":[67],"class_list":["post-7709","product","type-product","status-publish","has-post-thumbnail","hentry","category-architectural-aluminium-profile"],"meta_box":{"hilight_text_group":{"product_hilight_text":"<li>Lightweight yet strong, aluminum curtain wall extrusions offer an excellent strength-to-weight ratio, making them ideal for modern architectural designs.<\/li>\r\r\n<li>High corrosion resistance ensures durability and longevity, even in harsh environmental conditions.<\/li>\r\r\n<li>Excellent thermal performance, especially when combined with thermal breaks, enhances energy efficiency in buildings.<\/li>\r\r\n<li>Design flexibility allows for complex shapes and profiles, accommodating various aesthetic and structural requirements.<\/li>\r\r\n<li>Ease of fabrication and installation reduces construction time and labor costs.<\/li>\r\r\n<li>Compatibility with various glazing options, including double and triple glazing, improves insulation and acoustic performance.<\/li>\r\r\n<li>Fully recyclable material supports sustainable and eco-friendly building practices.<\/li>","product_chanpin_blog":"<ul>\r\r\n<li><a href=\"https:\/\/sinoextrud.com\/t-slot-v-slot-differences\/\" target=\"_blank\">t slot vs v slot<\/a><\/li>\r\r\n<li><a href=\"https:\/\/sinoextrud.com\/what-is-4040-aluminium-extrud\/\" target=\"_blank\">4040 aluminium extrusion<\/a><\/li>\r\r\n<li><a href=\"https:\/\/sinoextrud.com\/what-is-4040-aluminium-extrud\/\" target=\"_blank\">aluminum extrusions for industrial racks<\/a><\/li>\r\r\n<li><a href=\"https:\/\/sinoextrud.com\/powder-coating-aluminium-process\/\" target=\"_blank\">powder coating aluminium<\/a><\/li>\r\r\n<li><a href=\"https:\/\/sinoextrud.com\/what-is-an-aluminium-strip-ceiling\/\" target=\"_blank\">aluminium strip ceiling<\/a><\/li>\r\r\n<li><a href=\"https:\/\/sinoextrud.com\/what-is-a-heat-sink\/\" target=\"_blank\">what is a heat sink<\/a><\/li>\r\r\n<\/ul>","product_chanpin_chanpin":"<li><a href=\"https:\/\/sinoextrud.com\/product\/t-shaped-aluminum-extrusion\/\" target=\"_blank\">T Shaped Aluminum Extrusion<\/a><\/li>\r\n<li><a href=\"https:\/\/sinoextrud.com\/product\/curved-aluminium-extrusion\/\" target=\"_blank\">Curved Aluminium Extrusion<\/a><\/li>\r\n<li><a href=\"https:\/\/sinoextrud.com\/product\/modular-aluminum-framing-system\/\" target=\"_blank\">Modular Aluminum Framing System<\/a><\/li>\r\n<li><a href=\"https:\/\/sinoextrud.com\/product\/greenhouse-aluminium-extrusions-aluminium-sunroom-profile\/\" target=\"_blank\">Greenhouse Aluminium Extrusions Aluminium Sunroom Profile<\/a><\/li>\r\n<li><a href=\"https:\/\/sinoextrud.com\/product\/aluminum-curtain-wall-extrusions\/\" target=\"_blank\">Aluminum Curtain Wall Extrusions<\/a><\/li>\r\n<li><a href=\"https:\/\/sinoextrud.com\/product\/30-x-30-aluminum-extrusion-for-decoration\/\" target=\"_blank\">30 X 30 Aluminum Extrusion For Decoration<\/a><\/li>\r\n<li><a href=\"https:\/\/sinoextrud.com\/product\/30mm-aluminum-extrusion\/\" target=\"_blank\">30mm Aluminum Extrusion<\/a><\/li>\r\n<li><a href=\"https:\/\/sinoextrud.com\/product\/aluminium-rail-extrusions\/\" target=\"_blank\">Aluminium Rail Extrusions<\/a><\/li>\r\n<li><a href=\"https:\/\/sinoextrud.com\/product\/aluminium-door-window-fittings\/\" target=\"_blank\">Aluminium Door Window Fittings<\/a><\/li>\r\n<li><a href=\"https:\/\/sinoextrud.com\/product\/industrial-aluminum-profile-cad-drawing-uses-in-industry-customized-extrusion-press-manufacturers\/\" target=\"_blank\">industrial aluminum profile cad drawing uses in industry customized extrusion press manufacturers<\/a><\/li>\r\n<li><a href=\"https:\/\/sinoextrud.com\/product\/aluminum-cabinet-frame-extrusions\/\" target=\"_blank\">Aluminum Cabinet Frame Extrusions<\/a><\/li>"},"feature_list":[]},"_links":{"self":[{"href":"https:\/\/sinoextrud.com\/de\/wp-json\/wp\/v2\/product\/7709","targetHints":{"allow":["GET"]}}],"collection":[{"href":"https:\/\/sinoextrud.com\/de\/wp-json\/wp\/v2\/product"}],"about":[{"href":"https:\/\/sinoextrud.com\/de\/wp-json\/wp\/v2\/types\/product"}],"wp:featuredmedia":[{"embeddable":true,"href":"https:\/\/sinoextrud.com\/de\/wp-json\/wp\/v2\/media\/7708"}],"wp:attachment":[{"href":"https:\/\/sinoextrud.com\/de\/wp-json\/wp\/v2\/media?parent=7709"}],"wp:term":[{"taxonomy":"category","embeddable":true,"href":"https:\/\/sinoextrud.com\/de\/wp-json\/wp\/v2\/categories?post=7709"}],"curies":[{"name":"wp","href":"https:\/\/api.w.org\/{rel}","templated":true}]}}