{"id":7693,"date":"2025-06-10T01:46:31","date_gmt":"2025-06-10T01:46:31","guid":{"rendered":"https:\/\/sinoextrud.com\/product\/building-materials-aluminium-profile-curtain-rod\/"},"modified":"2025-06-24T06:13:25","modified_gmt":"2025-06-24T06:13:25","slug":"baumaterialien-aluminiumprofil-vorhangstange","status":"publish","type":"product","link":"https:\/\/sinoextrud.com\/de\/product\/building-materials-aluminium-profile-curtain-rod\/","title":{"rendered":"Baumaterialien Aluminiumprofil Vorhangstange"},"content":{"rendered":"<h2>Produkte Details<\/h2>\n<table class=\"custom-table\">\n<tr>\n<td class=\"label\">Artikel<\/td>\n<td>Baumaterialien Aluminiumprofil Vorhangstange<\/td>\n<\/tr>\n<tr>\n<td class=\"label\">Material<\/td>\n<td>Legierung 6063, 6061, 6005 Linearantrieb Aluminium Industrieprofil o<\/td>\n<\/tr>\n<tr>\n<td class=\"label\">Temperament<\/td>\n<td>T3, T4, T5, T6 Linearantrieb Aluminium Industrieprofil<\/td>\n<\/tr>\n<tr>\n<td class=\"label\">Oberfl\u00e4che<\/td>\n<td>Eloxierung (klar, satiniert, bronzefarben, schwarz, goldfarben, silberfarben, andere mehrfarbig)<\/td>\n<\/tr>\n<tr>\n<td class=\"label\">MOQ<\/td>\n<td>200kg<br \/>\nNormalerweise 12 Tonnen f\u00fcr einen 20-Fu\u00df-Container; 24 Tonnen f\u00fcr einen 40-Fu\u00df-Container. Linearantrieb Aluminium Industrieprofil<\/td>\n<\/tr>\n<tr>\n<td class=\"label\">Profil-Typ<\/td>\n<td>Industrie Aluminiumprofile werden in Autos, Z\u00fcgen, Maschinen, Anh\u00e4ngern, Elektronik, Medizintechnik und anderen Industriebereichen verwendet.<\/td>\n<\/tr>\n<tr>\n<td class=\"label\">Bearbeitung<\/td>\n<td>Hochpr\u00e4zisionsbearbeitung 1. fr\u00e4sen; 2. bohren; 3. biegen; 4. schneiden<\/td>\n<\/tr>\n<tr>\n<td class=\"label\">Gesenk\/Gussform<\/td>\n<td>1. Linearantrieb Aluminium Industrieprofil mit unseren Formen, kostenlos;<br \/>\n2. Verwendung der Zeichnung des Kunden<\/td>\n<\/tr>\n<tr>\n<td class=\"label\">Standard<\/td>\n<td>Unser industrielles Aluminiumprofil erf\u00fcllt die nationalen Anforderungen Chinas<br \/>\nNorm GB\/T5237-2004<\/td>\n<\/tr>\n<tr>\n<td class=\"label\">FOB Hafen<\/td>\n<td>FOSHAN <\/td>\n<\/tr>\n<\/table>\n<h2>Unsere Produktionsbasis<\/h2>\n<h3>Fabrik-Panorama<\/h3>\n<p><img decoding=\"async\" src=\"\/wp-content\/uploads\/factory-01.webp\"\/><\/p>\n<h3>Werkstatt zur Herstellung von Aluminiumstangen<\/h3>\n<p><img decoding=\"async\" src=\"\/wp-content\/uploads\/factory-02.webp\"\/><\/p>\n<\/p>\n<p><img decoding=\"async\" src=\"\/wp-content\/uploads\/factory-03.webp\"\/><\/p>\n<h3>Lagerhaus f\u00fcr Formen<\/h3>\n<p><img decoding=\"async\" src=\"\/wp-content\/uploads\/factory-04.webp\"\/><\/p>\n<h3>43 Aluminium-Strangpressanlagen (500\u00e2\u20ac\"5500 Tonnen)<\/h3>\n<p><img decoding=\"async\" src=\"\/wp-content\/uploads\/factory-05.webp\"\/><\/p>\n<p><img decoding=\"async\" src=\"\/wp-content\/uploads\/factory-06.webp\"\/><\/p>\n<p><img decoding=\"async\" src=\"\/wp-content\/uploads\/factory-07.webp\"\/><\/p>\n<h3>Werkstatt f\u00fcr Pulverbeschichtung<\/h3>\n<p><img decoding=\"async\" src=\"\/wp-content\/uploads\/factory-09.webp\"\/><\/p>\n<h3>Eloxal-Werkstatt<\/h3>\n<p><img decoding=\"async\" src=\"\/wp-content\/uploads\/factory-10.webp\"\/><\/p>\n<h3>Workshop zur Tiefenverarbeitung<\/h3>\n<p><img decoding=\"async\" src=\"\/wp-content\/uploads\/factory-11.webp\"\/><\/p>\n<h3>CNC-Pr\u00e4zisionsbearbeitungswerkstatt<\/h3>\n<p><img decoding=\"async\" src=\"\/wp-content\/uploads\/factory-11.5.webp\"\/><\/p>\n<h3>Lager f\u00fcr Fertigprodukte und Export<\/h3>\n<p><img decoding=\"async\" src=\"\/wp-content\/uploads\/factory-12.webp\"\/><\/p>\n<p><img decoding=\"async\" src=\"\/wp-content\/uploads\/factory-13.webp\"\/><\/p>\n<p><img decoding=\"async\" src=\"\/wp-content\/uploads\/factory-14.webp\"\/><\/p>\n<h2>FAQ<\/h2>\n<p><b>1. was ist eine Vorhangstange aus Aluminiumprofilen aus dem Bauwesen? <\/b><\/p>\n<p> Eine Aluminium-Profilvorhangstange von Building Materials ist ein Aluminiumstangensystem zum Aufh\u00e4ngen von Vorh\u00e4ngen, das sowohl funktionale Unterst\u00fctzung als auch \u00e4sthetische Attraktivit\u00e4t bietet.\n<\/p>\n<p><\/p>\n<p><b>2. warum Aluminium f\u00fcr Gardinenstangen w\u00e4hlen? <\/b><\/p>\n<p> Aluminium ist leicht, langlebig und korrosionsbest\u00e4ndig und damit ideal f\u00fcr Vorhangstangen, die h\u00e4ufigem Gebrauch standhalten und in verschiedenen Umgebungen eingesetzt werden m\u00fcssen.\n<\/p>\n<p><\/p>\n<p><b>3. k\u00f6nnen die Gardinenstangen individuell angepasst werden? <\/b><\/p>\n<p> Ja, Vorhangstangen aus Aluminiumprofilen k\u00f6nnen in Bezug auf L\u00e4nge, Ausf\u00fchrung und Design individuell angepasst werden, um verschiedenen Vorhang- und Raumstilen gerecht zu werden.\n<\/p>\n<p><\/p>\n<p><b>4. welche Ausf\u00fchrungen gibt es f\u00fcr Aluminium-Gardinenstangen? <\/b><\/p>\n<p> Zu den Optionen geh\u00f6ren eloxierte, pulverbeschichtete und geb\u00fcrstete Oberfl\u00e4chen, die sowohl Haltbarkeit als auch \u00e4sthetische Vielseitigkeit bieten.\n<\/p>\n<p><\/p>\n<p><b>5. sind diese Gardinenstangen f\u00fcr den Au\u00dfenbereich geeignet? <\/b><\/p>\n<p> Ja, mit der richtigen Beschichtung k\u00f6nnen Aluminium-Gardinenstangen den Bedingungen im Freien standhalten und bieten Korrosionsbest\u00e4ndigkeit und Langlebigkeit.\n<\/p>\n<p><\/p>\n<p><b>6. wie einfach lassen sich diese Gardinenstangen montieren? <\/b><\/p>\n<p> Der modulare Aufbau erm\u00f6glicht eine schnelle und einfache Installation, f\u00fcr die in der Regel nur Standardwerkzeug und minimaler Aufwand erforderlich sind.\n<\/p>\n<p><\/p>\n<p><b>7. in welchen Branchen werden Vorhangstangen aus Aluminiumprofil verwendet? <\/b><\/p>\n<p> Diese Vorhangstangen werden h\u00e4ufig in Wohn-, Gesch\u00e4fts- und B\u00fcror\u00e4umen, Hotels und anderen Umgebungen eingesetzt, in denen robuste und optisch ansprechende Fensterbehandlungen erforderlich sind.\n<\/p>\n<p><\/p>\n<p><b>8. ist Aluminium umweltfreundlich? <\/b><\/p>\n<p> Ja, Aluminium ist 100% recycelbar, was es zu einer umweltfreundlichen Wahl f\u00fcr Bau- und Innenarchitekturprojekte macht.\n<\/p>\n<p><\/p>","protected":false},"featured_media":7692,"template":"","categories":[67],"class_list":["post-7693","product","type-product","status-publish","has-post-thumbnail","hentry","category-architectural-aluminium-profile"],"meta_box":{"hilight_text_group":{"product_hilight_text":"<li>Durable aluminum construction ensures long-lasting performance for curtain rods.<\/li>\r\r\n<li>Lightweight yet strong, providing easy handling and smooth curtain movement.<\/li>\r\r\n<li>Corrosion-resistant finish suitable for both indoor and outdoor use.<\/li>\r\r\n<li>Customizable sizes and finishes to match any interior design or architectural style.<\/li>\r\r\n<li>Easy to install with a modular design for seamless integration into curtain systems.<\/li>\r\r\n<li>Perfect for residential, commercial, and industrial applications with high aesthetic appeal.<\/li>","product_chanpin_blog":"<ul>\r\r\n<li><a href=\"https:\/\/sinoextrud.com\/t-slot-v-slot-differences\/\" target=\"_blank\">t slot vs v slot<\/a><\/li>\r\r\n<li><a href=\"https:\/\/sinoextrud.com\/what-is-4040-aluminium-extrud\/\" target=\"_blank\">4040 aluminium extrusion<\/a><\/li>\r\r\n<li><a href=\"https:\/\/sinoextrud.com\/what-is-4040-aluminium-extrud\/\" target=\"_blank\">aluminum extrusions for industrial racks<\/a><\/li>\r\r\n<li><a href=\"https:\/\/sinoextrud.com\/powder-coating-aluminium-process\/\" target=\"_blank\">powder coating aluminium<\/a><\/li>\r\r\n<li><a href=\"https:\/\/sinoextrud.com\/what-is-an-aluminium-strip-ceiling\/\" target=\"_blank\">aluminium strip ceiling<\/a><\/li>\r\r\n<li><a href=\"https:\/\/sinoextrud.com\/what-is-a-heat-sink\/\" target=\"_blank\">what is a heat sink<\/a><\/li>\r\r\n<\/ul>","product_chanpin_chanpin":"<li><a href=\"https:\/\/sinoextrud.com\/product\/slotted-extruded-aluminum-u-shaped-bending-punching\/\" target=\"_blank\">Slotted Extruded Aluminum U Shaped Bending Punching<\/a><\/li>\r\n<li><a href=\"https:\/\/sinoextrud.com\/product\/extruded-aluminium-channel\/\" target=\"_blank\">Extruded Aluminium Channel<\/a><\/li>\r\n<li><a href=\"https:\/\/sinoextrud.com\/product\/y-section-aluminium-extrusion\/\" target=\"_blank\">Y Section Aluminium Extrusion<\/a><\/li>\r\n<li><a href=\"https:\/\/sinoextrud.com\/product\/round-aluminum-extrusion-architeture-fabrication\/\" target=\"_blank\">Round Aluminum Extrusion Architeture Fabrication<\/a><\/li>\r\n<li><a href=\"https:\/\/sinoextrud.com\/product\/building-materials-aluminium-profile-curtain-rod\/\" target=\"_blank\">Building Materials Aluminium Profile Curtain Rod<\/a><\/li>\r\n<li><a href=\"https:\/\/sinoextrud.com\/product\/factory-offer-extrude-aluminium-track-profile\/\" target=\"_blank\">Factory Offer Extrude Aluminium Track Profile<\/a><\/li>\r\n<li><a href=\"https:\/\/sinoextrud.com\/product\/clip-on-aluminium-profiles\/\" target=\"_blank\">Clip On Aluminium Profiles<\/a><\/li>\r\n<li><a href=\"https:\/\/sinoextrud.com\/product\/extruded-aluminum-connectors-for-door\/\" target=\"_blank\">Extruded Aluminum Connectors For Door<\/a><\/li>\r\n<li><a href=\"https:\/\/sinoextrud.com\/product\/t-shaped-aluminum-extrusion\/\" target=\"_blank\">T Shaped Aluminum Extrusion<\/a><\/li>\r\n<li><a href=\"https:\/\/sinoextrud.com\/product\/aluminum-profile-windows-and-door-powder-coated-sliding-way\/\" target=\"_blank\">aluminum profile windows and door powder coated sliding way<\/a><\/li>\r\n<li><a href=\"https:\/\/sinoextrud.com\/product\/sliver-anodized-aluminum-extrusions-kitchen-cabinets-profiles-frame\/\" target=\"_blank\">Sliver Anodized Aluminum Extrusions Kitchen Cabinets Profiles Frame<\/a><\/li>"},"feature_list":[]},"_links":{"self":[{"href":"https:\/\/sinoextrud.com\/de\/wp-json\/wp\/v2\/product\/7693","targetHints":{"allow":["GET"]}}],"collection":[{"href":"https:\/\/sinoextrud.com\/de\/wp-json\/wp\/v2\/product"}],"about":[{"href":"https:\/\/sinoextrud.com\/de\/wp-json\/wp\/v2\/types\/product"}],"wp:featuredmedia":[{"embeddable":true,"href":"https:\/\/sinoextrud.com\/de\/wp-json\/wp\/v2\/media\/7692"}],"wp:attachment":[{"href":"https:\/\/sinoextrud.com\/de\/wp-json\/wp\/v2\/media?parent=7693"}],"wp:term":[{"taxonomy":"category","embeddable":true,"href":"https:\/\/sinoextrud.com\/de\/wp-json\/wp\/v2\/categories?post=7693"}],"curies":[{"name":"wp","href":"https:\/\/api.w.org\/{rel}","templated":true}]}}