{"id":7691,"date":"2025-06-10T01:44:33","date_gmt":"2025-06-10T01:44:33","guid":{"rendered":"https:\/\/sinoextrud.com\/product\/round-aluminum-extrusion-architeture-fabrication\/"},"modified":"2025-06-24T06:13:25","modified_gmt":"2025-06-24T06:13:25","slug":"runde-aluminium-strangpressprofile-fur-die-architektonische-fertigung","status":"publish","type":"product","link":"https:\/\/sinoextrud.com\/de\/product\/round-aluminum-extrusion-architeture-fabrication\/","title":{"rendered":"Rundes Aluminium Strangpressen Herstellung von Architeturen"},"content":{"rendered":"<h2>Produkte Details<\/h2>\n<table class=\"custom-table\">\n<tbody>\n<tr>\n<td> Name des Produkts<\/td>\n<td> Rundes Aluminium Strangpressen Herstellung von Architeturen<\/td>\n<\/tr>\n<tr>\n<td> Behandlung der Oberfl\u00e4che<\/td>\n<td> M\u00fchle fertig<\/td>\n<\/tr>\n<tr>\n<td> Aluminiumlegierung<\/td>\n<td> 6063-T5<\/td>\n<\/tr>\n<tr>\n<td> Farbe<\/td>\n<td> Werksfertig, oder Anpassung<\/td>\n<\/tr>\n<tr>\n<td> Anmeldung<\/td>\n<td> Aluminiumstrangpressen f\u00fcr Industrie, Architektur, Fertigung<\/td>\n<\/tr>\n<tr>\n<td> Marke<\/td>\n<td> Sinoextrud \/ Sinoextrud \/ Sinoextrud Aluminium<\/td>\n<\/tr>\n<tr>\n<td> Herkunft<\/td>\n<td> Foshan, China<\/td>\n<\/tr>\n<\/tbody>\n<\/table>\n<h2>Unsere Produktionsbasis<\/h2>\n<h3>Fabrik-Panorama<\/h3>\n<p><img decoding=\"async\" src=\"\/wp-content\/uploads\/factory-01.webp\"\/><\/p>\n<h3>Werkstatt zur Herstellung von Aluminiumstangen<\/h3>\n<p><img decoding=\"async\" src=\"\/wp-content\/uploads\/factory-02.webp\"\/><\/p>\n<p><img decoding=\"async\" src=\"\/wp-content\/uploads\/factory-03.webp\"\/><\/p>\n<h3>Lagerhaus f\u00fcr Formen<\/h3>\n<p><img decoding=\"async\" src=\"\/wp-content\/uploads\/factory-04.webp\"\/><\/p>\n<h3>43 Aluminium-Strangpressanlagen (500\u00e2\u20ac\"5500 Tonnen)<\/h3>\n<p><img decoding=\"async\" src=\"\/wp-content\/uploads\/factory-05.webp\"\/><\/p>\n<p><img decoding=\"async\" src=\"\/wp-content\/uploads\/factory-06.webp\"\/><\/p>\n<p><img decoding=\"async\" src=\"\/wp-content\/uploads\/factory-07.webp\"\/><\/p>\n<h3>Werkstatt f\u00fcr Pulverbeschichtung<\/h3>\n<p><img decoding=\"async\" src=\"\/wp-content\/uploads\/factory-09.webp\"\/><\/p>\n<h3>Eloxal-Werkstatt<\/h3>\n<p><img decoding=\"async\" src=\"\/wp-content\/uploads\/factory-10.webp\"\/><\/p>\n<h3>Workshop zur Tiefenverarbeitung<\/h3>\n<p><img decoding=\"async\" src=\"\/wp-content\/uploads\/factory-11.webp\"\/><\/p>\n<h3>CNC-Pr\u00e4zisionsbearbeitungswerkstatt<\/h3>\n<p><img decoding=\"async\" src=\"\/wp-content\/uploads\/factory-11.5.webp\"\/><\/p>\n<h3>Lager f\u00fcr Fertigprodukte und Export<\/h3>\n<p><img decoding=\"async\" src=\"\/wp-content\/uploads\/factory-12.webp\"\/><\/p>\n<p><img decoding=\"async\" src=\"\/wp-content\/uploads\/factory-13.webp\"\/><\/p>\n<p><img decoding=\"async\" src=\"\/wp-content\/uploads\/factory-14.webp\"\/><\/p>\n<h2>FAQ<\/h2>\n<p><p><b>1. was ist runde Aluminium-Strangpressprofile f\u00fcr die Herstellung von Architektur? <\/b><\/p>\n<p> Es handelt sich um ein rundes Aluminiumprofil, das in der Architektur f\u00fcr strukturelle oder dekorative Anwendungen wie S\u00e4ulen, Gel\u00e4nder und Rahmen verwendet wird.<br \/>\n<\/p><br \/>\n<br \/>\n<p><b>2. warum runde Aluminium-Strangpressprofile in der Architektur w\u00e4hlen? <\/b><\/p>\n<p> Runde Aluminium-Strangpressprofile vereinen klare \u00c4sthetik mit Festigkeit, Korrosionsbest\u00e4ndigkeit und einfacher Verarbeitung f\u00fcr den Einsatz in der Architektur.<br \/>\n<\/p><br \/>\n<br \/>\n<p><b>3. kann der Durchmesser und die Dicke angepasst werden? <\/b><\/p>\n<p> Ja, runde Aluminium-Strangpressprofile k\u00f6nnen in Bezug auf Gr\u00f6\u00dfe, Dicke, Legierung und Oberfl\u00e4che vollst\u00e4ndig an die Projektspezifikationen angepasst werden.<br \/>\n<\/p><br \/>\n<br \/>\n<p><b>4. sind diese Profile f\u00fcr Au\u00dfeninstallationen geeignet? <\/b><\/p>\n<p> Mit eloxierten oder pulverbeschichteten Oberfl\u00e4chen eignen sie sich hervorragend f\u00fcr den Au\u00dfeneinsatz.<br \/>\n<\/p><br \/>\n<br \/>\n<p><b>5. was sind typische Anwendungen f\u00fcr runde Aluminium-Strangpressprofile? <\/b><\/p>\n<p> Zu den \u00fcblichen Verwendungszwecken geh\u00f6ren Handl\u00e4ufe, Balustraden, Vorhangfassaden, Schilderstrukturen und moderne Fassadenelemente.<br \/>\n<\/p><br \/>\n<br \/>\n<p><b>Ist das Material bei der Herstellung leicht zu verarbeiten? <\/b><\/p>\n<p> Ja, Aluminium ist leicht und l\u00e4sst sich einfach schneiden, schwei\u00dfen, bohren und formen - ideal f\u00fcr architektonische Anpassungen.<br \/>\n<\/p><br \/>\n<br \/>\n<p><b>7. unterst\u00fctzt das Strangpressprofil die Oberfl\u00e4chenbearbeitung? <\/b><\/p>\n<p> Ja, es kann eloxiert, geb\u00fcrstet, pulverbeschichtet oder lackiert werden, um verschiedene Texturen, Farben und Schutzniveaus zu erzielen.<br \/>\n<\/p><br \/>\n<br \/>\n<p><b>8. ist Aluminium f\u00fcr Architekturprojekte umweltfreundlich? <\/b><\/p>\n<p> Ja, Aluminium ist 100% recycelbar und tr\u00e4gt zu gr\u00fcnen Geb\u00e4udezertifizierungen wie LEED bei.<br \/>\n<\/p><br \/><\/p>","protected":false},"featured_media":7690,"template":"","categories":[67],"class_list":["post-7691","product","type-product","status-publish","has-post-thumbnail","hentry","category-architectural-aluminium-profile"],"meta_box":{"hilight_text_group":{"product_hilight_text":"<li>Round aluminum extrusion provides smooth aesthetics for architectural applications.<\/li>\r\r\n<li>Lightweight yet strong material simplifies fabrication and installation.<\/li>\r\r\n<li>Corrosion-resistant finish ensures long-term performance in indoor and outdoor use.<\/li>\r\r\n<li>Customizable in diameter, wall thickness, and alloy to suit design needs.<\/li>\r\r\n<li>Ideal for railings, columns, curtain wall systems, and structural detailing.<\/li>\r\r\n<li>Supports various surface treatments including anodizing and powder coating.<\/li>","product_chanpin_blog":"<ul>\r\r\n<li><a href=\"https:\/\/sinoextrud.com\/t-slot-v-slot-differences\/\" target=\"_blank\">t slot vs v slot<\/a><\/li>\r\r\n<li><a href=\"https:\/\/sinoextrud.com\/what-is-4040-aluminium-extrud\/\" target=\"_blank\">4040 aluminium extrusion<\/a><\/li>\r\r\n<li><a href=\"https:\/\/sinoextrud.com\/what-is-4040-aluminium-extrud\/\" target=\"_blank\">aluminum extrusions for industrial racks<\/a><\/li>\r\r\n<li><a href=\"https:\/\/sinoextrud.com\/powder-coating-aluminium-process\/\" target=\"_blank\">powder coating aluminium<\/a><\/li>\r\r\n<li><a href=\"https:\/\/sinoextrud.com\/what-is-an-aluminium-strip-ceiling\/\" target=\"_blank\">aluminium strip ceiling<\/a><\/li>\r\r\n<li><a href=\"https:\/\/sinoextrud.com\/what-is-a-heat-sink\/\" target=\"_blank\">what is a heat sink<\/a><\/li>\r\r\n<\/ul>","product_chanpin_chanpin":"<li><a href=\"https:\/\/sinoextrud.com\/product\/extruded-aluminum-sections\/\" target=\"_blank\">Extruded Aluminum Sections<\/a><\/li>\r\n<li><a href=\"https:\/\/sinoextrud.com\/product\/slotted-extruded-aluminum-u-shaped-bending-punching\/\" target=\"_blank\">Slotted Extruded Aluminum U Shaped Bending Punching<\/a><\/li>\r\n<li><a href=\"https:\/\/sinoextrud.com\/product\/extruded-aluminium-channel\/\" target=\"_blank\">Extruded Aluminium Channel<\/a><\/li>\r\n<li><a href=\"https:\/\/sinoextrud.com\/product\/y-section-aluminium-extrusion\/\" target=\"_blank\">Y Section Aluminium Extrusion<\/a><\/li>\r\n<li><a href=\"https:\/\/sinoextrud.com\/product\/round-aluminum-extrusion-architeture-fabrication\/\" target=\"_blank\">Round Aluminum Extrusion Architeture Fabrication<\/a><\/li>\r\n<li><a href=\"https:\/\/sinoextrud.com\/product\/building-materials-aluminium-profile-curtain-rod\/\" target=\"_blank\">Building Materials Aluminium Profile Curtain Rod<\/a><\/li>\r\n<li><a href=\"https:\/\/sinoextrud.com\/product\/factory-offer-extrude-aluminium-track-profile\/\" target=\"_blank\">Factory Offer Extrude Aluminium Track Profile<\/a><\/li>\r\n<li><a href=\"https:\/\/sinoextrud.com\/product\/clip-on-aluminium-profiles\/\" target=\"_blank\">Clip On Aluminium Profiles<\/a><\/li>\r\n<li><a href=\"https:\/\/sinoextrud.com\/product\/extruded-aluminum-connectors-for-door\/\" target=\"_blank\">Extruded Aluminum Connectors For Door<\/a><\/li>\r\n<li><a href=\"https:\/\/sinoextrud.com\/product\/color-polishing-aluminium-for-sliding-door\/\" target=\"_blank\">Color Polishing Aluminium For Sliding Door<\/a><\/li>\r\n<li><a href=\"https:\/\/sinoextrud.com\/product\/anodized-small-aluminum-extrusions\/\" target=\"_blank\">Anodized Small Aluminum Extrusions<\/a><\/li>"},"feature_list":[]},"_links":{"self":[{"href":"https:\/\/sinoextrud.com\/de\/wp-json\/wp\/v2\/product\/7691","targetHints":{"allow":["GET"]}}],"collection":[{"href":"https:\/\/sinoextrud.com\/de\/wp-json\/wp\/v2\/product"}],"about":[{"href":"https:\/\/sinoextrud.com\/de\/wp-json\/wp\/v2\/types\/product"}],"wp:featuredmedia":[{"embeddable":true,"href":"https:\/\/sinoextrud.com\/de\/wp-json\/wp\/v2\/media\/7690"}],"wp:attachment":[{"href":"https:\/\/sinoextrud.com\/de\/wp-json\/wp\/v2\/media?parent=7691"}],"wp:term":[{"taxonomy":"category","embeddable":true,"href":"https:\/\/sinoextrud.com\/de\/wp-json\/wp\/v2\/categories?post=7691"}],"curies":[{"name":"wp","href":"https:\/\/api.w.org\/{rel}","templated":true}]}}