{"id":7689,"date":"2025-06-10T01:43:12","date_gmt":"2025-06-10T01:43:12","guid":{"rendered":"https:\/\/sinoextrud.com\/product\/y-section-aluminium-extrusion\/"},"modified":"2025-06-24T06:13:24","modified_gmt":"2025-06-24T06:13:24","slug":"aluminium-strangpressprofil-y","status":"publish","type":"product","link":"https:\/\/sinoextrud.com\/de\/product\/y-section-aluminium-extrusion\/","title":{"rendered":"Y-Profil Aluminium-Strangpressprofile"},"content":{"rendered":"<h2>Produkte Details<\/h2>\n<table class=\"custom-table\">\n<tbody>\n<tr>\n<td> Name<\/td>\n<td> Y-Profil aus stranggepresstem Aluminium<\/td>\n<\/tr>\n<tr>\n<td> Marke<\/td>\n<td> Sinoextrud<\/td>\n<\/tr>\n<tr>\n<td> Kategorie<\/td>\n<td> Aluminium-Profile<\/td>\n<\/tr>\n<tr>\n<td> Material<\/td>\n<td> 6061 ist weit verbreitet. 6063, 6463, 6005, 6082 ist auch verf\u00fcgbar.<\/td>\n<\/tr>\n<tr>\n<td> Temperament<\/td>\n<td> T5-T8<\/td>\n<\/tr>\n<tr>\n<td> L\u00e4nge<\/td>\n<td> 1-9m oder kundenspezifischer Zuschnitt<\/td>\n<\/tr>\n<tr>\n<td> Gr\u00f6\u00dfe (mm)<\/td>\n<td> Personalisierung<\/td>\n<\/tr>\n<tr>\n<td> Form<\/td>\n<td> Y-Form\/Anpassung<\/td>\n<\/tr>\n<tr>\n<td> Oberfl\u00e4chenbehandlung<\/td>\n<td> Fr\u00e4sen, Eloxieren, Sandstrahlen, Polieren, Elektrophorese, Pulverbeschichtung, usw.<\/td>\n<\/tr>\n<tr>\n<td> Farbe<\/td>\n<td> W\u00e4hrend, schwarz, Silber, Bronze, Gold, Champagner, dunkel, Kupfer, etc<\/td>\n<\/tr>\n<tr>\n<td> Standard<\/td>\n<td> ASTM, GB, DIN<\/td>\n<\/tr>\n<tr>\n<td> Von<\/td>\n<td> Guangdong, China<\/td>\n<\/tr>\n<tr>\n<td> Anmeldung<\/td>\n<td> Bauwesen, Dekoration (z.B. Spiegelrahmen, Bilderrahmen, etc.)<\/td>\n<\/tr>\n<\/tbody>\n<\/table>\n<h2>Unsere Produktionsbasis<\/h2>\n<h3>Fabrik-Panorama<\/h3>\n<p><img decoding=\"async\" src=\"\/wp-content\/uploads\/factory-01.webp\"\/><\/p>\n<h3>Werkstatt zur Herstellung von Aluminiumstangen<\/h3>\n<p><img decoding=\"async\" src=\"\/wp-content\/uploads\/factory-02.webp\"\/><\/p>\n<p><img decoding=\"async\" src=\"\/wp-content\/uploads\/factory-03.webp\"\/><\/p>\n<h3>Lagerhaus f\u00fcr Formen<\/h3>\n<p><img decoding=\"async\" src=\"\/wp-content\/uploads\/factory-04.webp\"\/><\/p>\n<h3>43 Aluminium-Strangpressanlagen (500\u00e2\u20ac\"5500 Tonnen)<\/h3>\n<p><img decoding=\"async\" src=\"\/wp-content\/uploads\/factory-05.webp\"\/><\/p>\n<p><img decoding=\"async\" src=\"\/wp-content\/uploads\/factory-06.webp\"\/><\/p>\n<p><img decoding=\"async\" src=\"\/wp-content\/uploads\/factory-07.webp\"\/><\/p>\n<h3>Werkstatt f\u00fcr Pulverbeschichtung<\/h3>\n<p><img decoding=\"async\" src=\"\/wp-content\/uploads\/factory-09.webp\"\/><\/p>\n<h3>Eloxal-Werkstatt<\/h3>\n<p><img decoding=\"async\" src=\"\/wp-content\/uploads\/factory-10.webp\"\/><\/p>\n<h3>Workshop zur Tiefenverarbeitung<\/h3>\n<p><img decoding=\"async\" src=\"\/wp-content\/uploads\/factory-11.webp\"\/><\/p>\n<h3>CNC-Pr\u00e4zisionsbearbeitungswerkstatt<\/h3>\n<p><img decoding=\"async\" src=\"\/wp-content\/uploads\/factory-11.5.webp\"\/><\/p>\n<h3>Lager f\u00fcr Fertigprodukte und Export<\/h3>\n<p><img decoding=\"async\" src=\"\/wp-content\/uploads\/factory-12.webp\"\/><\/p>\n<p><img decoding=\"async\" src=\"\/wp-content\/uploads\/factory-13.webp\"\/><\/p>\n<p><img decoding=\"async\" src=\"\/wp-content\/uploads\/factory-14.webp\"\/><\/p>\n<h2>FAQ<\/h2>\n<p><p><b>1. was ist ein Aluminium-Strangpressprofil mit Y-Profil? <\/b><\/p>\n<p> Ein Aluminium-Strangpressprofil mit Y-Profil ist ein speziell geformtes Aluminiumprofil mit drei Armen, die ein Y\" zur strukturellen Unterst\u00fctzung und f\u00fcr Mehrpunktverbindungen bilden.<br \/>\n<\/p><br \/>\n<br \/>\n<p><b>2. was sind die Vorteile der Y-Form? <\/b><\/p>\n<p> Das Y-Profil erm\u00f6glicht multidirektionale Verbindungen, eine bessere Lastverteilung und mehr Flexibilit\u00e4t bei der Konstruktion komplexer Tragwerke.<br \/>\n<\/p><br \/>\n<br \/>\n<p><b>3. ist Y Abschnitt Aluminium Extrusion stark? <\/b><\/p>\n<p> Ja, es bietet ein hervorragendes Verh\u00e4ltnis zwischen Festigkeit und Gewicht und eignet sich daher f\u00fcr strukturelle und industrielle Anwendungen.<br \/>\n<\/p><br \/>\n<br \/>\n<p><b>4. kann die Y-Extrusion angepasst werden? <\/b><\/p>\n<p> Y-Profil-Strangpressprofile aus Aluminium k\u00f6nnen in Bezug auf Abmessungen, Dicken und Oberfl\u00e4chenbeschaffenheit genau auf die jeweiligen Anwendungsanforderungen zugeschnitten werden.<br \/>\n<\/p><br \/>\n<br \/>\n<p><b>5. welche Industrien verwenden \u00fcblicherweise Y-Profil-Strangpressprofile? <\/b><\/p>\n<p> Sie werden in architektonischen Rahmen, Automatisierungseinrichtungen, Ausstellungsstrukturen und Trennwandsystemen verwendet.<br \/>\n<\/p><br \/>\n<br \/>\n<p><b>6. ist das Material korrosionsbest\u00e4ndig? <\/b><\/p>\n<p> Ja, die Aluminiumoberfl\u00e4che kann eloxiert oder pulverbeschichtet werden, um eine hervorragende Korrosionsbest\u00e4ndigkeit in rauen Umgebungen zu gew\u00e4hrleisten.<br \/>\n<\/p><br \/>\n<br \/>\n<p><b>7. wie wird das Y-Profil installiert? <\/b><\/p>\n<p> Es ist mit Standard-Aluminium-Rahmenverbindern kompatibel und kann mit herk\u00f6mmlichen Werkzeugen geschnitten, gebohrt und montiert werden.<br \/>\n<\/p><br \/>\n<br \/>\n<p><b>8. ist diese Extrusion f\u00fcr Au\u00dfenanwendungen geeignet? <\/b><\/p>\n<p> Ja, mit einer angemessenen Oberfl\u00e4chenbehandlung sind Y-Profil-Strangpressprofile aus Aluminium auch im Freien und in witterungsabh\u00e4ngigen Umgebungen gut einsetzbar.<br \/>\n<\/p><br \/><\/p>","protected":false},"featured_media":7688,"template":"","categories":[67],"class_list":["post-7689","product","type-product","status-publish","has-post-thumbnail","hentry","category-architectural-aluminium-profile"],"meta_box":{"hilight_text_group":{"product_hilight_text":"<li>Unique Y-shaped design offers structural stability and multi-directional support.<\/li>\r\r\n<li>Lightweight yet high-strength aluminum ensures easy handling and durability.<\/li>\r\r\n<li>Corrosion-resistant finish ideal for both indoor and outdoor environments.<\/li>\r\r\n<li>Customizable dimensions and alloys to meet diverse engineering requirements.<\/li>\r\r\n<li>Compatible with various assembly systems and industrial frameworks.<\/li>\r\r\n<li>Excellent for architectural structures, framing systems, and partition walls.<\/li>","product_chanpin_blog":"<ul>\r\r\n<li><a href=\"https:\/\/sinoextrud.com\/t-slot-v-slot-differences\/\" target=\"_blank\">t slot vs v slot<\/a><\/li>\r\r\n<li><a href=\"https:\/\/sinoextrud.com\/what-is-4040-aluminium-extrud\/\" target=\"_blank\">4040 aluminium extrusion<\/a><\/li>\r\r\n<li><a href=\"https:\/\/sinoextrud.com\/what-is-4040-aluminium-extrud\/\" target=\"_blank\">aluminum extrusions for industrial racks<\/a><\/li>\r\r\n<li><a href=\"https:\/\/sinoextrud.com\/powder-coating-aluminium-process\/\" target=\"_blank\">powder coating aluminium<\/a><\/li>\r\r\n<li><a href=\"https:\/\/sinoextrud.com\/what-is-an-aluminium-strip-ceiling\/\" target=\"_blank\">aluminium strip ceiling<\/a><\/li>\r\r\n<li><a href=\"https:\/\/sinoextrud.com\/what-is-a-heat-sink\/\" target=\"_blank\">what is a heat sink<\/a><\/li>\r\r\n<\/ul>","product_chanpin_chanpin":"<li><a href=\"https:\/\/sinoextrud.com\/product\/three-acid-oxidation-aluminium-u-shaped-channel\/\" target=\"_blank\">Three Acid Oxidation Aluminium U Shaped Channel<\/a><\/li>\r\n<li><a href=\"https:\/\/sinoextrud.com\/product\/extruded-aluminum-sections\/\" target=\"_blank\">Extruded Aluminum Sections<\/a><\/li>\r\n<li><a href=\"https:\/\/sinoextrud.com\/product\/slotted-extruded-aluminum-u-shaped-bending-punching\/\" target=\"_blank\">Slotted Extruded Aluminum U Shaped Bending Punching<\/a><\/li>\r\n<li><a href=\"https:\/\/sinoextrud.com\/product\/extruded-aluminium-channel\/\" target=\"_blank\">Extruded Aluminium Channel<\/a><\/li>\r\n<li><a href=\"https:\/\/sinoextrud.com\/product\/y-section-aluminium-extrusion\/\" target=\"_blank\">Y Section Aluminium Extrusion<\/a><\/li>\r\n<li><a href=\"https:\/\/sinoextrud.com\/product\/round-aluminum-extrusion-architeture-fabrication\/\" target=\"_blank\">Round Aluminum Extrusion Architeture Fabrication<\/a><\/li>\r\n<li><a href=\"https:\/\/sinoextrud.com\/product\/building-materials-aluminium-profile-curtain-rod\/\" target=\"_blank\">Building Materials Aluminium Profile Curtain Rod<\/a><\/li>\r\n<li><a href=\"https:\/\/sinoextrud.com\/product\/factory-offer-extrude-aluminium-track-profile\/\" target=\"_blank\">Factory Offer Extrude Aluminium Track Profile<\/a><\/li>\r\n<li><a href=\"https:\/\/sinoextrud.com\/product\/clip-on-aluminium-profiles\/\" target=\"_blank\">Clip On Aluminium Profiles<\/a><\/li>\r\n<li><a href=\"https:\/\/sinoextrud.com\/product\/aluminium-handrail-profiles\/\" target=\"_blank\">Aluminium Handrail Profiles<\/a><\/li>\r\n<li><a href=\"https:\/\/sinoextrud.com\/product\/triangle-ceiling-system\/\" target=\"_blank\">Triangle Ceiling System (Triangle Ceiling)<\/a><\/li>"},"feature_list":[]},"_links":{"self":[{"href":"https:\/\/sinoextrud.com\/de\/wp-json\/wp\/v2\/product\/7689","targetHints":{"allow":["GET"]}}],"collection":[{"href":"https:\/\/sinoextrud.com\/de\/wp-json\/wp\/v2\/product"}],"about":[{"href":"https:\/\/sinoextrud.com\/de\/wp-json\/wp\/v2\/types\/product"}],"wp:featuredmedia":[{"embeddable":true,"href":"https:\/\/sinoextrud.com\/de\/wp-json\/wp\/v2\/media\/7688"}],"wp:attachment":[{"href":"https:\/\/sinoextrud.com\/de\/wp-json\/wp\/v2\/media?parent=7689"}],"wp:term":[{"taxonomy":"category","embeddable":true,"href":"https:\/\/sinoextrud.com\/de\/wp-json\/wp\/v2\/categories?post=7689"}],"curies":[{"name":"wp","href":"https:\/\/api.w.org\/{rel}","templated":true}]}}