{"id":7681,"date":"2025-06-10T01:34:03","date_gmt":"2025-06-10T01:34:03","guid":{"rendered":"https:\/\/sinoextrud.com\/product\/three-acid-oxidation-aluminium-u-shaped-channel\/"},"modified":"2025-06-24T06:13:23","modified_gmt":"2025-06-24T06:13:23","slug":"aluminium-u-formige-rinne-mit-drei-sauren-oxidiert","status":"publish","type":"product","link":"https:\/\/sinoextrud.com\/de\/product\/three-acid-oxidation-aluminium-u-shaped-channel\/","title":{"rendered":"Drei S\u00e4uren Oxidation Aluminium U-f\u00f6rmige Rinne"},"content":{"rendered":"<h2>Produkte Details<\/h2>\n<table class=\"custom-table\">\n<tbody>\n<tr>\n<td> Artikel:<\/td>\n<td> Drei S\u00e4uren Oxidation Aluminium U-f\u00f6rmige Rinne<\/td>\n<td> Note:<\/td>\n<td> Serie 6000 6063<\/td>\n<\/tr>\n<tr>\n<td> Temperament:<\/td>\n<td> 6063-T5<\/td>\n<td> Ort der Herkunft:<\/td>\n<td> Foshan, Guangdong<\/td>\n<\/tr>\n<tr>\n<td> Die Form:<\/td>\n<td> U-f\u00f6rmiger Kanal<\/td>\n<td> Legierung oder nicht:<\/td>\n<td> Alunimun-Legierung<\/td>\n<\/tr>\n<tr>\n<td> Vertr\u00e4glichkeit:<\/td>\n<td> \u00b10,5%<\/td>\n<td> Marke:<\/td>\n<td> Sinoextrud, Sinoextrud<\/td>\n<\/tr>\n<tr>\n<td> Standard:<\/td>\n<td> mittlere und hohe Qualit\u00e4t<\/td>\n<td> Surfacetreatment:<\/td>\n<td> Pulverbeschichtung, Elektrophorese, Holzmaserung, Eloxieren, B\u00fcrsten, Polieren<\/td>\n<\/tr>\n<tr>\n<td> Lieferzeiten:<\/td>\n<td> 25-30 Tage<\/td>\n<td> MOQ:<\/td>\n<td> 200KGs<\/td>\n<\/tr>\n<tr>\n<td> Zahlungsfrist:<\/td>\n<td> T\/T(30% Anzahlung), L\/C<\/td>\n<td> Bearbeitungsservice:<\/td>\n<td> Biegen, Abwickeln, Schwei\u00dfen, Stanzen, Schneiden<\/td>\n<\/tr>\n<tr>\n<td> Hafen:<\/td>\n<td> Guangzhou, Shenzhen, Foshan<\/td>\n<td> L\u00e4nge::<\/td>\n<td> 1-9m oder kundenspezifisch<\/td>\n<\/tr>\n<\/tbody>\n<\/table>\n<h2>Unsere Produktionsbasis<\/h2>\n<h3>Fabrik-Panorama<\/h3>\n<p><img decoding=\"async\" src=\"\/wp-content\/uploads\/factory-01.webp\"\/><\/p>\n<h3>Werkstatt zur Herstellung von Aluminiumstangen<\/h3>\n<p><img decoding=\"async\" src=\"\/wp-content\/uploads\/factory-02.webp\"\/><\/p>\n<\/p>\n<p><img decoding=\"async\" src=\"\/wp-content\/uploads\/factory-03.webp\"\/><\/p>\n<h3>Lagerhaus f\u00fcr Formen<\/h3>\n<p><img decoding=\"async\" src=\"\/wp-content\/uploads\/factory-04.webp\"\/><\/p>\n<h3>43 Aluminium-Strangpressanlagen (500-5500 Tonnen)<\/h3>\n<p><img decoding=\"async\" src=\"\/wp-content\/uploads\/factory-05.webp\"\/><\/p>\n<p><img decoding=\"async\" src=\"\/wp-content\/uploads\/factory-06.webp\"\/><\/p>\n<p><img decoding=\"async\" src=\"\/wp-content\/uploads\/factory-07.webp\"\/><\/p>\n<h3>Werkstatt f\u00fcr Pulverbeschichtung<\/h3>\n<p><img decoding=\"async\" src=\"\/wp-content\/uploads\/factory-09.webp\"\/><\/p>\n<h3>Eloxal-Werkstatt<\/h3>\n<p><img decoding=\"async\" src=\"\/wp-content\/uploads\/factory-10.webp\"\/><\/p>\n<h3>Workshop zur Tiefenverarbeitung<\/h3>\n<p><img decoding=\"async\" src=\"\/wp-content\/uploads\/factory-11.webp\"\/><\/p>\n<h3>CNC-Pr\u00e4zisionsbearbeitungswerkstatt<\/h3>\n<p><img decoding=\"async\" src=\"\/wp-content\/uploads\/factory-11.5.webp\"\/><\/p>\n<h3>Lager f\u00fcr Fertigprodukte und Export<\/h3>\n<p><img decoding=\"async\" src=\"\/wp-content\/uploads\/factory-12.webp\"\/><\/p>\n<p><img decoding=\"async\" src=\"\/wp-content\/uploads\/factory-13.webp\"\/><\/p>\n<p><img decoding=\"async\" src=\"\/wp-content\/uploads\/factory-14.webp\"\/><\/p>\n<h2>FAQ<\/h2>\n<p><b>1. was ist ein Drei-S\u00e4ure-Oxidation Aluminium U-f\u00f6rmigen Kanal? <\/b><\/p>\n<p> Es handelt sich um ein U-f\u00f6rmiges Aluminiumprofil, das mit einem Dreis\u00e4ure-Oxidationsverfahren behandelt wurde, um die Korrosionsbest\u00e4ndigkeit, Oberfl\u00e4chenh\u00e4rte und Langlebigkeit zu verbessern.\n<\/p>\n<p><\/p>\n<p><b>2. warum das Verfahren der Drei-S\u00e4uren-Oxidation? <\/b><\/p>\n<p> Die Oxidation mit drei S\u00e4uren erh\u00f6ht die Haltbarkeit der Oberfl\u00e4che, verbessert die Korrosions- und Abriebfestigkeit und verleiht dem Aluminiumkanal ein edles Aussehen.\n<\/p>\n<p><\/p>\n<p><b>3. welche Vorteile hat ein U-f\u00f6rmiger Aluminiumkanal? <\/b><\/p>\n<p> U-f\u00f6rmige Kan\u00e4le bieten hervorragende Unterst\u00fctzung und Ausrichtung f\u00fcr strukturelle, dekorative und Montageanwendungen im Bauwesen und in der Fertigung.\n<\/p>\n<p><\/p>\n<p><b>4. k\u00f6nnen die Aluminium U-Kanal angepasst werden? <\/b><\/p>\n<p> Ja, U-f\u00f6rmige Aluminiumschienen mit drei S\u00e4uren k\u00f6nnen in L\u00e4nge, Breite, Wandst\u00e4rke und Ausf\u00fchrung auf die jeweiligen Projektanforderungen zugeschnitten werden.\n<\/p>\n<p><\/p>\n<p><b>5. ist dieser Kanal f\u00fcr den Au\u00dfeneinsatz geeignet? <\/b><\/p>\n<p> Die Oxidationsbehandlung bietet einen hervorragenden Schutz gegen Witterungseinfl\u00fcsse und Feuchtigkeit und ist daher ideal f\u00fcr den Einsatz im Freien und in der Industrie.\n<\/p>\n<p><\/p>\n<p><b>6. unterst\u00fctzt die Oberfl\u00e4che \u00e4sthetische Anwendungen? <\/b><\/p>\n<p> Ja, die glatte und gleichm\u00e4\u00dfige Oberfl\u00e4che aus saurer Oxidation eignet sich f\u00fcr moderne architektonische Designs und sichtbare Installationen.\n<\/p>\n<p><\/p>\n<p><b>7. ist das Produkt leicht und einfach zu installieren? <\/b><\/p>\n<p> Ja, die geringe Dichte von Aluminium in Kombination mit der U-Profil-Form sorgt f\u00fcr einfache Handhabung, einfachen Transport und schnelle Installation.\n<\/p>\n<p><\/p>\n<p><b>8. in welchen Branchen wird diese Art von Aluminiumkan\u00e4len \u00fcblicherweise verwendet? <\/b><\/p>\n<p> Es wird h\u00e4ufig im Bauwesen, in der Architektur, in der Innenarchitektur und in der Industrie verwendet, wo Festigkeit und Korrosionsbest\u00e4ndigkeit von entscheidender Bedeutung sind.\n<\/p>\n<p><\/p>","protected":false},"featured_media":7680,"template":"","categories":[67],"class_list":["post-7681","product","type-product","status-publish","has-post-thumbnail","hentry","category-architectural-aluminium-profile"],"meta_box":{"hilight_text_group":{"product_hilight_text":"<li>Three acid oxidation process ensures enhanced corrosion and wear resistance.<\/li>\r\r\n<li>U-shaped aluminum channel provides strong structural support and stability.<\/li>\r\r\n<li>Refined surface finish suitable for visible architectural and industrial applications.<\/li>\r\r\n<li>Lightweight yet durable aluminum alloy reduces load without compromising strength.<\/li>\r\r\n<li>Excellent compatibility with glass, panels, and other construction materials.<\/li>\r\r\n<li>Customizable dimensions and finishes to meet various project requirements.<\/li>","product_chanpin_blog":"<ul>\r\r\n<li><a href=\"https:\/\/sinoextrud.com\/t-slot-v-slot-differences\/\" target=\"_blank\">t slot vs v slot<\/a><\/li>\r\r\n<li><a href=\"https:\/\/sinoextrud.com\/what-is-4040-aluminium-extrud\/\" target=\"_blank\">4040 aluminium extrusion<\/a><\/li>\r\r\n<li><a href=\"https:\/\/sinoextrud.com\/what-is-4040-aluminium-extrud\/\" target=\"_blank\">aluminum extrusions for industrial racks<\/a><\/li>\r\r\n<li><a href=\"https:\/\/sinoextrud.com\/powder-coating-aluminium-process\/\" target=\"_blank\">powder coating aluminium<\/a><\/li>\r\r\n<li><a href=\"https:\/\/sinoextrud.com\/what-is-an-aluminium-strip-ceiling\/\" target=\"_blank\">aluminium strip ceiling<\/a><\/li>\r\r\n<li><a href=\"https:\/\/sinoextrud.com\/what-is-a-heat-sink\/\" target=\"_blank\">what is a heat sink<\/a><\/li>\r\r\n<\/ul>","product_chanpin_chanpin":"<li><a href=\"https:\/\/sinoextrud.com\/product\/modular-extruded-aluminum-framing\/\" target=\"_blank\">Modular Extruded Aluminum Framing<\/a><\/li>\r\n<li><a href=\"https:\/\/sinoextrud.com\/product\/anodized-aluminium-profile-value-frame-extrusion\/\" target=\"_blank\">Anodized Aluminium Profile Value Frame Extrusion<\/a><\/li>\r\n<li><a href=\"https:\/\/sinoextrud.com\/product\/aluminum-track-extrusion\/\" target=\"_blank\">Aluminum Track Extrusion<\/a><\/li>\r\n<li><a href=\"https:\/\/sinoextrud.com\/product\/aluminum-trailer-decking\/\" target=\"_blank\">Aluminum Trailer Decking<\/a><\/li>\r\n<li><a href=\"https:\/\/sinoextrud.com\/product\/three-acid-oxidation-aluminium-u-shaped-channel\/\" target=\"_blank\">Three Acid Oxidation Aluminium U Shaped Channel<\/a><\/li>\r\n<li><a href=\"https:\/\/sinoextrud.com\/product\/extruded-aluminum-sections\/\" target=\"_blank\">Extruded Aluminum Sections<\/a><\/li>\r\n<li><a href=\"https:\/\/sinoextrud.com\/product\/slotted-extruded-aluminum-u-shaped-bending-punching\/\" target=\"_blank\">Slotted Extruded Aluminum U Shaped Bending Punching<\/a><\/li>\r\n<li><a href=\"https:\/\/sinoextrud.com\/product\/extruded-aluminium-channel\/\" target=\"_blank\">Extruded Aluminium Channel<\/a><\/li>\r\n<li><a href=\"https:\/\/sinoextrud.com\/product\/y-section-aluminium-extrusion\/\" target=\"_blank\">Y Section Aluminium Extrusion<\/a><\/li>\r\n<li><a href=\"https:\/\/sinoextrud.com\/product\/anodized-matt-and-various-color-extruded-construction-aluminium-profile\/\" target=\"_blank\">Anodized Matt And Various Color Extruded Construction Aluminium Profile<\/a><\/li>\r\n<li><a href=\"https:\/\/sinoextrud.com\/product\/wood-grain-aluminum-extrusion-slider\/\" target=\"_blank\">Wood Grain Aluminum Extrusion Slider<\/a><\/li>"},"feature_list":[]},"_links":{"self":[{"href":"https:\/\/sinoextrud.com\/de\/wp-json\/wp\/v2\/product\/7681","targetHints":{"allow":["GET"]}}],"collection":[{"href":"https:\/\/sinoextrud.com\/de\/wp-json\/wp\/v2\/product"}],"about":[{"href":"https:\/\/sinoextrud.com\/de\/wp-json\/wp\/v2\/types\/product"}],"wp:featuredmedia":[{"embeddable":true,"href":"https:\/\/sinoextrud.com\/de\/wp-json\/wp\/v2\/media\/7680"}],"wp:attachment":[{"href":"https:\/\/sinoextrud.com\/de\/wp-json\/wp\/v2\/media?parent=7681"}],"wp:term":[{"taxonomy":"category","embeddable":true,"href":"https:\/\/sinoextrud.com\/de\/wp-json\/wp\/v2\/categories?post=7681"}],"curies":[{"name":"wp","href":"https:\/\/api.w.org\/{rel}","templated":true}]}}