{"id":7670,"date":"2025-06-09T08:08:36","date_gmt":"2025-06-09T08:08:36","guid":{"rendered":"https:\/\/sinoextrud.com\/product\/aluminum-track-extrusion\/"},"modified":"2025-06-24T06:13:23","modified_gmt":"2025-06-24T06:13:23","slug":"aluminium-schienenstrangpressen","status":"publish","type":"product","link":"https:\/\/sinoextrud.com\/de\/product\/aluminum-track-extrusion\/","title":{"rendered":"Aluminium Schienenstrangpressen"},"content":{"rendered":"<h2>Produkte Details<\/h2>\n<table class=\"custom-table\">\n<tr>\n<td class=\"label\">1. Werkstoff<\/td>\n<td>Aluminium; 6063, 6061, 6082, 6005, T5, T6,<\/td>\n<\/tr>\n<tr>\n<td class=\"label\">2. Schnittformen<\/td>\n<td>I, U, T, C, Z, L, H, quadratisch, rund, flach, hohl, T-Nut und andere komplizierte Formen nach Ma\u00df.<\/td>\n<\/tr>\n<tr>\n<td class=\"label\">3. Oberfl\u00e4chenbehandlung<\/td>\n<td>Fr\u00e4sen\/Eloxieren(Oxidation)\/Sandstrahlen\/Pulverbeschichtung\/Elektrophorese\/Holzmaserung...<\/td>\n<\/tr>\n<tr>\n<td class=\"label\">4. Produktionslinien<\/td>\n<td>1) 5 Produktionslinien zum Schmelzen und Gie\u00dfen<br \/>\n2) 25 Produktionslinien f\u00fcr die Extrusion (von 500 bis 3000 Tonnen und f\u00fcr verschiedene Kundenanforderungen)<br \/>\n3) 6 Produktionslinien f\u00fcr Anodisierung und Elektrophrese<br \/>\n4) 2 Produktionslinien zur Pulverbeschichtung<br \/>\n5) 4 Produktionslinien f\u00fcr Holzkorn<br \/>\n6) 2 Produktionslinien f\u00fcr w\u00e4rmeisolierte gebrochene Br\u00fccken<br \/>\n7) 2 Produktionslinien zum Drahtziehen und Polieren<\/td>\n<\/tr>\n<tr>\n<td class=\"label\">5. Charakteristische Dienstleistungen<\/td>\n<td>1). OEM-Service.<br \/>\n2). Design nach den Anforderungen der Kunden.<br \/>\n3). mehrj\u00e4hrige Berufserfahrung in Forschung, Produktion<br \/>\n4). Unser modernes Tiefbearbeitungszentrum kann Bearbeitungen wie Schneiden, Stanzen, Bohren, etc. anbieten.<\/td>\n<\/tr>\n<tr>\n<td class=\"label\">6. Qualit\u00e4tskontrolle<\/td>\n<td>Wir verf\u00fcgen \u00fcber ein strenges Qualit\u00e4tskontrollsystem, das sich auf das Material und den Produktionsprozess bezieht,<br \/>\nbis zum Endprodukt und gew\u00e4hrleisten die Produktqualit\u00e4t und R\u00fcckverfolgbarkeit.\n<\/td>\n<\/tr>\n<\/table>\n<h2>Unsere Produktionsbasis<\/h2>\n<h3>Fabrik-Panorama<\/h3>\n<p><img decoding=\"async\" src=\"\/wp-content\/uploads\/factory-01.webp\"\/><\/p>\n<h3>Werkstatt zur Herstellung von Aluminiumstangen<\/h3>\n<p><img decoding=\"async\" src=\"\/wp-content\/uploads\/factory-02.webp\"\/><\/p>\n<p><img decoding=\"async\" src=\"\/wp-content\/uploads\/factory-03.webp\"\/><\/p>\n<h3>Lagerhaus f\u00fcr Formen<\/h3>\n<p><img decoding=\"async\" src=\"\/wp-content\/uploads\/factory-04.webp\"\/><\/p>\n<h3>43 Aluminium-Strangpressanlagen (500-5500 Tonnen)<\/h3>\n<p><img decoding=\"async\" src=\"\/wp-content\/uploads\/factory-05.webp\"\/><\/p>\n<p><img decoding=\"async\" src=\"\/wp-content\/uploads\/factory-06.webp\"\/><\/p>\n<p><img decoding=\"async\" src=\"\/wp-content\/uploads\/factory-07.webp\"\/><\/p>\n<h3>Werkstatt f\u00fcr Pulverbeschichtung<\/h3>\n<p><img decoding=\"async\" src=\"\/wp-content\/uploads\/factory-09.webp\"\/><\/p>\n<h3>Eloxal-Werkstatt<\/h3>\n<p><img decoding=\"async\" src=\"\/wp-content\/uploads\/factory-10.webp\"\/><\/p>\n<h3>Workshop zur Tiefenverarbeitung<\/h3>\n<p><img decoding=\"async\" src=\"\/wp-content\/uploads\/factory-11.webp\"\/><\/p>\n<h3>CNC-Pr\u00e4zisionsbearbeitungswerkstatt<\/h3>\n<p><img decoding=\"async\" src=\"\/wp-content\/uploads\/factory-11.5.webp\"\/><\/p>\n<h3>Lager f\u00fcr Fertigprodukte und Export<\/h3>\n<p><img decoding=\"async\" src=\"\/wp-content\/uploads\/factory-12.webp\"\/><\/p>\n<p><img decoding=\"async\" src=\"\/wp-content\/uploads\/factory-13.webp\"\/><\/p>\n<p><img decoding=\"async\" src=\"\/wp-content\/uploads\/factory-14.webp\"\/><\/p>\n<h2>FAQ<\/h2>\n<p><p><b>1. was ist Aluminium Schienenstrangpressen? <\/b><\/p>\n<p> Aluminium-Strangpressprofile sind pr\u00e4zisionsgeformte Aluminiumprofile, die zur F\u00fchrung oder Unterst\u00fctzung von Bewegungssystemen wie Schiebet\u00fcren, Vorh\u00e4ngen und Automatisierungskomponenten dienen.<br \/>\n<\/p><br \/>\n<br \/>\n<p><b>2. welche Vorteile hat die Verwendung von Aluminium-Strangpressprofilen? <\/b><\/p>\n<p> Aluminiumschienen bieten Festigkeit, Korrosionsbest\u00e4ndigkeit und geringes Gewicht und sind ideal f\u00fcr den langfristigen Einsatz in gewerblichen und industriellen Umgebungen.<br \/>\n<\/p><br \/>\n<br \/>\n<p><b>3. k\u00f6nnen Aluminium-Strangpressprofile individuell angepasst werden? <\/b><\/p>\n<p> Ja, sie k\u00f6nnen in L\u00e4nge, Schlitzbreite, Befestigungsart und Oberfl\u00e4chenbeschaffenheit auf die jeweiligen Anwendungsanforderungen zugeschnitten werden.<br \/>\n<\/p><br \/>\n<br \/>\n<p><b>4. sind diese Schienen f\u00fcr den Einsatz im Freien geeignet? <\/b><\/p>\n<p> Die eloxierte oder pulverbeschichtete Oberfl\u00e4che bietet eine hervorragende Best\u00e4ndigkeit gegen Witterung, Korrosion und UV-Strahlung.<br \/>\n<\/p><br \/>\n<br \/>\n<p><b>5. f\u00fcr welche Anwendungen werden Aluminium-Strangpressprofile verwendet? <\/b><\/p>\n<p> Sie werden h\u00e4ufig in Schiebet\u00fcrsystemen, in der Industrieautomation, in Vorhangschienen und in H\u00e4ngef\u00f6rderern eingesetzt.<br \/>\n<\/p><br \/>\n<br \/>\n<p><b>6. ist die Installation von Aluminiumschienen schwierig? <\/b><\/p>\n<p> Nein, sie sind leicht und f\u00fcr eine schnelle Montage mit Standardhalterungen oder -befestigungen ausgelegt.<br \/>\n<\/p><br \/>\n<br \/>\n<p><b>7. halten Aluminiumschienen schwere Lasten aus? <\/b><\/p>\n<p> Ja, je nach Profil und Wandst\u00e4rke k\u00f6nnen Aluminium-Strangpressprofile mittlere bis schwere Lasten mit zuverl\u00e4ssiger Leistung bew\u00e4ltigen.<br \/>\n<\/p><br \/>\n<br \/>\n<p><b>8. sind diese Schienen mit Standardrollen oder -gleitern kompatibel? <\/b><\/p>\n<p> Ja, die meisten Aluminiumschienen sind so konzipiert, dass sie sich nahtlos in g\u00e4ngige Rollen- oder Schienensysteme integrieren lassen.<br \/>\n<\/p><br \/><\/p>","protected":false},"featured_media":7669,"template":"","categories":[67],"class_list":["post-7670","product","type-product","status-publish","has-post-thumbnail","hentry","category-architectural-aluminium-profile"],"meta_box":{"hilight_text_group":{"product_hilight_text":"<li>Durable aluminum construction ensures high load capacity and long service life.<\/li>\r\r\n<li>Precision-extruded track profiles support smooth and stable motion systems.<\/li>\r\r\n<li>Corrosion-resistant surface suitable for indoor and outdoor applications.<\/li>\r\r\n<li>Customizable lengths, slot designs, and finishes to meet diverse needs.<\/li>\r\r\n<li>Lightweight and easy to install with standard mounting hardware.<\/li>\r\r\n<li>Compatible with a variety of sliding, rolling, or guiding mechanisms.<\/li>","product_chanpin_blog":"<ul>\r\r\n<li><a href=\"https:\/\/sinoextrud.com\/t-slot-v-slot-differences\/\" target=\"_blank\">t slot vs v slot<\/a><\/li>\r\r\n<li><a href=\"https:\/\/sinoextrud.com\/what-is-4040-aluminium-extrud\/\" target=\"_blank\">4040 aluminium extrusion<\/a><\/li>\r\r\n<li><a href=\"https:\/\/sinoextrud.com\/what-is-4040-aluminium-extrud\/\" target=\"_blank\">aluminum extrusions for industrial racks<\/a><\/li>\r\r\n<li><a href=\"https:\/\/sinoextrud.com\/powder-coating-aluminium-process\/\" target=\"_blank\">powder coating aluminium<\/a><\/li>\r\r\n<li><a href=\"https:\/\/sinoextrud.com\/what-is-an-aluminium-strip-ceiling\/\" target=\"_blank\">aluminium strip ceiling<\/a><\/li>\r\r\n<li><a href=\"https:\/\/sinoextrud.com\/what-is-a-heat-sink\/\" target=\"_blank\">what is a heat sink<\/a><\/li>\r\r\n<\/ul>","product_chanpin_chanpin":"<li><a href=\"https:\/\/sinoextrud.com\/product\/aluminum-rail-profile-precision\/\" target=\"_blank\">Aluminum Rail Profile Precision<\/a><\/li>\r\n<li><a href=\"https:\/\/sinoextrud.com\/product\/roller-shutter-profiles-aluminum\/\" target=\"_blank\">Roller Shutter Profiles Aluminum<\/a><\/li>\r\n<li><a href=\"https:\/\/sinoextrud.com\/product\/modular-extruded-aluminum-framing\/\" target=\"_blank\">Modular Extruded Aluminum Framing<\/a><\/li>\r\n<li><a href=\"https:\/\/sinoextrud.com\/product\/anodized-aluminium-profile-value-frame-extrusion\/\" target=\"_blank\">Anodized Aluminium Profile Value Frame Extrusion<\/a><\/li>\r\n<li><a href=\"https:\/\/sinoextrud.com\/product\/aluminum-track-extrusion\/\" target=\"_blank\">Aluminum Track Extrusion<\/a><\/li>\r\n<li><a href=\"https:\/\/sinoextrud.com\/product\/aluminum-trailer-decking\/\" target=\"_blank\">Aluminum Trailer Decking<\/a><\/li>\r\n<li><a href=\"https:\/\/sinoextrud.com\/product\/three-acid-oxidation-aluminium-u-shaped-channel\/\" target=\"_blank\">Three Acid Oxidation Aluminium U Shaped Channel<\/a><\/li>\r\n<li><a href=\"https:\/\/sinoextrud.com\/product\/extruded-aluminum-sections\/\" target=\"_blank\">Extruded Aluminum Sections<\/a><\/li>\r\n<li><a href=\"https:\/\/sinoextrud.com\/product\/slotted-extruded-aluminum-u-shaped-bending-punching\/\" target=\"_blank\">Slotted Extruded Aluminum U Shaped Bending Punching<\/a><\/li>\r\n<li><a href=\"https:\/\/sinoextrud.com\/product\/standard-aluminium-extrusions\/\" target=\"_blank\">Standard Aluminium Extrusions<\/a><\/li>\r\n<li><a href=\"https:\/\/sinoextrud.com\/product\/aluminium-sliding-door-matt-grey\/\" target=\"_blank\">Aluminium Sliding Door Matt Grey<\/a><\/li>"},"feature_list":[]},"_links":{"self":[{"href":"https:\/\/sinoextrud.com\/de\/wp-json\/wp\/v2\/product\/7670","targetHints":{"allow":["GET"]}}],"collection":[{"href":"https:\/\/sinoextrud.com\/de\/wp-json\/wp\/v2\/product"}],"about":[{"href":"https:\/\/sinoextrud.com\/de\/wp-json\/wp\/v2\/types\/product"}],"wp:featuredmedia":[{"embeddable":true,"href":"https:\/\/sinoextrud.com\/de\/wp-json\/wp\/v2\/media\/7669"}],"wp:attachment":[{"href":"https:\/\/sinoextrud.com\/de\/wp-json\/wp\/v2\/media?parent=7670"}],"wp:term":[{"taxonomy":"category","embeddable":true,"href":"https:\/\/sinoextrud.com\/de\/wp-json\/wp\/v2\/categories?post=7670"}],"curies":[{"name":"wp","href":"https:\/\/api.w.org\/{rel}","templated":true}]}}