{"id":7662,"date":"2025-06-09T08:01:29","date_gmt":"2025-06-09T08:01:29","guid":{"rendered":"https:\/\/sinoextrud.com\/product\/aluminum-rail-profile-precision\/"},"modified":"2025-06-24T06:13:22","modified_gmt":"2025-06-24T06:13:22","slug":"aluminium-schienenprofil-prazision","status":"publish","type":"product","link":"https:\/\/sinoextrud.com\/de\/product\/aluminum-rail-profile-precision\/","title":{"rendered":"Aluminium Schienenprofil Pr\u00e4zision"},"content":{"rendered":"<h2>Produkte Details<\/h2>\n<table class=\"custom-table\">\n<tbody>\n<tr>\n<td> Produktname<\/td>\n<td> Aluminium Schienenprofil Pr\u00e4zision<\/td>\n<\/tr>\n<tr>\n<td> Material<\/td>\n<td> 6063-T5 oder anderes kundenspezifisches Material<\/td>\n<\/tr>\n<tr>\n<td> Form<\/td>\n<td> U H I T V oder andere Sonderformen<\/td>\n<\/tr>\n<tr>\n<td> Dicke<\/td>\n<td> 0,7mm-10mm<\/td>\n<\/tr>\n<tr>\n<td> Gr\u00f6\u00dfe<\/td>\n<td> Nach Zeichnung oder vom Kunden geliefertem Muster<\/td>\n<\/tr>\n<tr>\n<td> L\u00e4nge<\/td>\n<td> Normalerweise 1-9M, andere L\u00e4ngen verhandelbar<\/td>\n<\/tr>\n<tr>\n<td> Typische Anwendungen<\/td>\n<td> Industrie, Architektur, Dekoration usw.<\/td>\n<\/tr>\n<tr>\n<td> Benutzerdefinierter Typ<\/td>\n<td> Zeichnung oder Muster vom Kunden zur Verf\u00fcgung gestellt<\/td>\n<\/tr>\n<tr>\n<td> Tiefgreifender Prozess<\/td>\n<td> CNC-Fr\u00e4sen, Bohren, Stanzen, Bohren, Gewindeschneiden, Biegen, Schwei\u00dfen usw.<\/td>\n<\/tr>\n<tr>\n<td> Marke<\/td>\n<td> Sinoextrud, Sinoextrud, , benutzerdefinierte Marke avalaible<\/td>\n<\/tr>\n<tr>\n<td> Oberfl\u00e4chenbehandlung<\/td>\n<td> Feinbearbeitet, eloxiert, pulverbeschichtet usw.<\/td>\n<\/tr>\n<tr>\n<td> Farbe<\/td>\n<td> Silber, Schwarz, Champagner etc.<\/td>\n<\/tr>\n<tr>\n<td> MOQ<\/td>\n<td> 200KGs<\/td>\n<\/tr>\n<tr>\n<td> Qualit\u00e4tsstandard<\/td>\n<td> Hohes Qualit\u00e4tsniveau<\/td>\n<\/tr>\n<tr>\n<td> Bescheinigungen<\/td>\n<td> ISO9001, ISO4001, CQM, SGS, CE, BV usw.<\/td>\n<\/tr>\n<tr>\n<td> Lieferf\u00e4higkeit<\/td>\n<td> 3000 Tonnen pro Monat<\/td>\n<\/tr>\n<tr>\n<td> Herkunftsort<\/td>\n<td> Guangdong, China<\/td>\n<\/tr>\n<tr>\n<td> Vorlaufzeit<\/td>\n<td> 1. 13-18 Tage f\u00fcr die \u00d6ffnung der Form und die Best\u00e4tigung der Proben.<br \/>\n2. 25-30 Tage Massenproduktion.<\/td>\n<\/tr>\n<tr>\n<td> Lieferbedingungen<\/td>\n<td> EXW oder FOB Foshan\/Guangzhou\/Shenzhen<\/td>\n<\/tr>\n<tr>\n<td> Zahlungsbedingungen<\/td>\n<td> LC oder TT 30% Anzahlung, 70% Restbetrag vor Verladung<\/td>\n<\/tr>\n<\/tbody>\n<\/table>\n<h2>Unsere Produktionsbasis<\/h2>\n<h3>Fabrik-Panorama<\/h3>\n<p><img decoding=\"async\" src=\"\/wp-content\/uploads\/factory-01.webp\"\/><\/p>\n<h3>Werkstatt zur Herstellung von Aluminiumstangen<\/h3>\n<p><img decoding=\"async\" src=\"\/wp-content\/uploads\/factory-02.webp\"\/><\/p>\n<p><img decoding=\"async\" src=\"\/wp-content\/uploads\/factory-03.webp\"\/><\/p>\n<h3>Lagerhaus f\u00fcr Formen<\/h3>\n<p><img decoding=\"async\" src=\"\/wp-content\/uploads\/factory-04.webp\"\/><\/p>\n<h3>43 Aluminium-Strangpressanlagen (500-5500 Tonnen)<\/h3>\n<p><img decoding=\"async\" src=\"\/wp-content\/uploads\/factory-05.webp\"\/><\/p>\n<p><img decoding=\"async\" src=\"\/wp-content\/uploads\/factory-06.webp\"\/><\/p>\n<p><img decoding=\"async\" src=\"\/wp-content\/uploads\/factory-07.webp\"\/><\/p>\n<h3>Werkstatt f\u00fcr Pulverbeschichtung<\/h3>\n<p><img decoding=\"async\" src=\"\/wp-content\/uploads\/factory-09.webp\"\/><\/p>\n<h3>Eloxal-Werkstatt<\/h3>\n<p><img decoding=\"async\" src=\"\/wp-content\/uploads\/factory-10.webp\"\/><\/p>\n<h3>Workshop zur Tiefenverarbeitung<\/h3>\n<p><img decoding=\"async\" src=\"\/wp-content\/uploads\/factory-11.webp\"\/><\/p>\n<h3>CNC-Pr\u00e4zisionsbearbeitungswerkstatt<\/h3>\n<p><img decoding=\"async\" src=\"\/wp-content\/uploads\/factory-11.5.webp\"\/><\/p>\n<h3>Lager f\u00fcr Fertigprodukte und Export<\/h3>\n<p><img decoding=\"async\" src=\"\/wp-content\/uploads\/factory-12.webp\"\/><\/p>\n<p><img decoding=\"async\" src=\"\/wp-content\/uploads\/factory-13.webp\"\/><\/p>\n<p><img decoding=\"async\" src=\"\/wp-content\/uploads\/factory-14.webp\"\/><\/p>\n<h2>FAQ<\/h2>\n<p><p><b>1. was ist ein Aluminiumschienenprofil Pr\u00e4zision?<\/b><\/p>\n<p>Es handelt sich um ein hochtolerantes Aluminium-Strangpressprofil, das f\u00fcr lineare Bewegungssysteme und pr\u00e4zise mechanische Anwendungen entwickelt wurde.<br \/>\n<\/p><br \/>\n<br \/>\n<p><b>2. warum ein Pr\u00e4zisions-Aluminiumschienenprofil w\u00e4hlen?<\/b><\/p>\n<p>Es bietet hervorragende Ma\u00dfgenauigkeit, konsistente Ausrichtung und reibungslose Bewegung f\u00fcr Automatisierungs- und Maschinenkomponenten.<br \/>\n<\/p><br \/>\n<br \/>\n<p><b>3. welche Branchen verwenden Pr\u00e4zisionsschienenprofile aus Aluminium?<\/b><\/p>\n<p>Zu den g\u00e4ngigen Branchen geh\u00f6ren Robotik, CNC-Maschinen, Verpackung, medizinische Ger\u00e4te und Halbleiterfertigung.<br \/>\n<\/p><br \/>\n<br \/>\n<p><b>4. ist die Oberfl\u00e4chenbehandlung korrosionsbest\u00e4ndig?<\/b><\/p>\n<p>Ja, die Profile sind mit Eloxierung oder anderen Beschichtungen zum Schutz vor Verschlei\u00df und Korrosion erh\u00e4ltlich.<br \/>\n<\/p><br \/>\n<br \/>\n<p><b>5. k\u00f6nnen Aluminiumschienenprofile individuell angepasst werden?<\/b><\/p>\n<p>Ja, wir bieten kundenspezifische Bearbeitungen, Bohrungen, Gewindeschneiden und Oberfl\u00e4chenbehandlungen auf der Grundlage Ihrer technischen Zeichnungen oder Anwendungsanforderungen.<br \/>\n<\/p><br \/>\n<br \/>\n<p><b>6. sind diese Schienen mit Linearlagern oder F\u00fchrungen kompatibel?<\/b><\/p>\n<p>Ja, unsere Aluminiumschienenprofile sind f\u00fcr die Verwendung mit Standard-Linearlagersystemen konzipiert und lassen sich leicht integrieren.<br \/>\n<\/p><br \/>\n<br \/>\n<p><b>7. wie hoch ist die Toleranzgrenze f\u00fcr Pr\u00e4zisionsschienen?<\/b><\/p>\n<p>Typische Toleranzen liegen zwischen \u00b10,05 mm und \u00b10,1 mm, je nach Profil und Bearbeitungsanforderungen.<br \/>\n<\/p><br \/>\n<br \/>\n<p><b>8. unterst\u00fctzen Sie Gro\u00df- und OEM-Bestellungen?<\/b><\/p>\n<p>Nat\u00fcrlich bieten wir OEM-L\u00f6sungen und Massenproduktion f\u00fcr globale Kunden mit stabiler Qualit\u00e4t und p\u00fcnktlicher Lieferung.<br \/>\n<\/p><br \/><\/p>","protected":false},"featured_media":7661,"template":"","categories":[67],"class_list":["post-7662","product","type-product","status-publish","has-post-thumbnail","hentry","category-architectural-aluminium-profile"],"meta_box":{"hilight_text_group":{"product_hilight_text":"<li>High precision aluminum rail profile ensures tight dimensional tolerances<\/li>\r\r\n<li>Ideal for automation, linear motion systems, and precision assemblies<\/li>\r\r\n<li>Lightweight yet strong, reducing system load and enhancing performance<\/li>\r\r\n<li>Corrosion-resistant finish suitable for industrial and cleanroom environments<\/li>\r\r\n<li>Customizable length, shape, and surface treatments for diverse applications<\/li>\r\r\n<li>Supports high repeatability and smooth motion for mechanical systems<\/li>\r\r\n<li>Compatible with various fastening and mounting accessories<\/li>","product_chanpin_blog":"<ul>\r\r\n<li><a href=\"https:\/\/sinoextrud.com\/t-slot-v-slot-differences\/\" target=\"_blank\">t slot vs v slot<\/a><\/li>\r\r\n<li><a href=\"https:\/\/sinoextrud.com\/what-is-4040-aluminium-extrud\/\" target=\"_blank\">4040 aluminium extrusion<\/a><\/li>\r\r\n<li><a href=\"https:\/\/sinoextrud.com\/what-is-4040-aluminium-extrud\/\" target=\"_blank\">aluminum extrusions for industrial racks<\/a><\/li>\r\r\n<li><a href=\"https:\/\/sinoextrud.com\/powder-coating-aluminium-process\/\" target=\"_blank\">powder coating aluminium<\/a><\/li>\r\r\n<li><a href=\"https:\/\/sinoextrud.com\/what-is-an-aluminium-strip-ceiling\/\" target=\"_blank\">aluminium strip ceiling<\/a><\/li>\r\r\n<li><a href=\"https:\/\/sinoextrud.com\/what-is-a-heat-sink\/\" target=\"_blank\">what is a heat sink<\/a><\/li>\r\r\n<\/ul>","product_chanpin_chanpin":"<li><a href=\"https:\/\/sinoextrud.com\/product\/indoor-and-outdoor-aluminium-louver-profile\/\" target=\"_blank\">Indoor and Outdoor Aluminium Louver Profile<\/a><\/li>\r\n<li><a href=\"https:\/\/sinoextrud.com\/product\/aluminum-profiles-anodized-for-cabinet-furniture-protection\/\" target=\"_blank\">Aluminum Profiles Anodized For Cabinet Furniture Protection<\/a><\/li>\r\n<li><a href=\"https:\/\/sinoextrud.com\/product\/extruded-aluminium-track\/\" target=\"_blank\">Extruded Aluminium Track<\/a><\/li>\r\n<li><a href=\"https:\/\/sinoextrud.com\/product\/aluminum-quarter-round-trim\/\" target=\"_blank\">Aluminum Quarter Round Trim<\/a><\/li>\r\n<li><a href=\"https:\/\/sinoextrud.com\/product\/aluminum-rail-profile-precision\/\" target=\"_blank\">Aluminum Rail Profile Precision<\/a><\/li>\r\n<li><a href=\"https:\/\/sinoextrud.com\/product\/roller-shutter-profiles-aluminum\/\" target=\"_blank\">Roller Shutter Profiles Aluminum<\/a><\/li>\r\n<li><a href=\"https:\/\/sinoextrud.com\/product\/modular-extruded-aluminum-framing\/\" target=\"_blank\">Modular Extruded Aluminum Framing<\/a><\/li>\r\n<li><a href=\"https:\/\/sinoextrud.com\/product\/anodized-aluminium-profile-value-frame-extrusion\/\" target=\"_blank\">Anodized Aluminium Profile Value Frame Extrusion<\/a><\/li>\r\n<li><a href=\"https:\/\/sinoextrud.com\/product\/aluminum-track-extrusion\/\" target=\"_blank\">Aluminum Track Extrusion<\/a><\/li>\r\n<li><a href=\"https:\/\/sinoextrud.com\/product\/extruded-aluminum-rail-system\/\" target=\"_blank\">Extruded Aluminum Rail System<\/a><\/li>\r\n<li><a href=\"https:\/\/sinoextrud.com\/product\/aluminum-cnc-machining\/\" target=\"_blank\">Aluminum cnc machining<\/a><\/li>"},"feature_list":[]},"_links":{"self":[{"href":"https:\/\/sinoextrud.com\/de\/wp-json\/wp\/v2\/product\/7662","targetHints":{"allow":["GET"]}}],"collection":[{"href":"https:\/\/sinoextrud.com\/de\/wp-json\/wp\/v2\/product"}],"about":[{"href":"https:\/\/sinoextrud.com\/de\/wp-json\/wp\/v2\/types\/product"}],"wp:featuredmedia":[{"embeddable":true,"href":"https:\/\/sinoextrud.com\/de\/wp-json\/wp\/v2\/media\/7661"}],"wp:attachment":[{"href":"https:\/\/sinoextrud.com\/de\/wp-json\/wp\/v2\/media?parent=7662"}],"wp:term":[{"taxonomy":"category","embeddable":true,"href":"https:\/\/sinoextrud.com\/de\/wp-json\/wp\/v2\/categories?post=7662"}],"curies":[{"name":"wp","href":"https:\/\/api.w.org\/{rel}","templated":true}]}}