{"id":7650,"date":"2025-06-09T07:24:33","date_gmt":"2025-06-09T07:24:33","guid":{"rendered":"https:\/\/sinoextrud.com\/product\/aluminum-profile-shutter\/"},"modified":"2025-06-24T06:13:19","modified_gmt":"2025-06-24T06:13:19","slug":"aluminium-profilschalung","status":"publish","type":"product","link":"https:\/\/sinoextrud.com\/de\/product\/aluminum-profile-shutter\/","title":{"rendered":"Aluminiumprofil-Fensterladen"},"content":{"rendered":"<h2>Produkte Details<\/h2>\n<table class=\"custom-table\">\n<tbody>\n<tr>\n<td> Name<\/td>\n<td> Fensterladen aus Aluminiumprofil<\/td>\n<\/tr>\n<tr>\n<td> Marke<\/td>\n<td> Sinoextrud\/Sinoextrud<\/td>\n<\/tr>\n<tr>\n<td> Kategorie<\/td>\n<td> Aluminium-Profile<\/td>\n<\/tr>\n<tr>\n<td> Material<\/td>\n<td> 6063 ist weit verbreitet. 6061, 6463, 6005, 6082 ist auch verf\u00fcgbar.<\/td>\n<\/tr>\n<tr>\n<td> Temperament<\/td>\n<td> T5-T8<\/td>\n<\/tr>\n<tr>\n<td> L\u00e4nge<\/td>\n<td> 1-9m oder 5.8M, kundenspezifische Anfrage wird angenommen.<\/td>\n<\/tr>\n<tr>\n<td> Gr\u00f6\u00dfe (mm)<\/td>\n<td> Verschiedene Gr\u00f6\u00dfen, k\u00f6nnen Sie f\u00fcr Details kontaktieren.<\/td>\n<\/tr>\n<tr>\n<td> Dicke<\/td>\n<td> Gem\u00e4\u00df Ihrer Anfrage<\/td>\n<\/tr>\n<tr>\n<td> Form<\/td>\n<td> Personalisierung<\/td>\n<\/tr>\n<tr>\n<td> Oberfl\u00e4chenbehandlung<\/td>\n<td> Fr\u00e4sen, Eloxieren, Sandstrahlen, Elektrophorese, Pulverbeschichtung, usw.<\/td>\n<\/tr>\n<tr>\n<td> Farbe<\/td>\n<td> Silber, Schwarz, Wei\u00df, Rot, Gelb, Champagner oder kundenspezifische Farbe<\/td>\n<\/tr>\n<tr>\n<td> Standard<\/td>\n<td> ASTM, GB, DIN<\/td>\n<\/tr>\n<tr>\n<td> Von<\/td>\n<td> Guangdong, China<\/td>\n<\/tr>\n<tr>\n<td> Anmeldung<\/td>\n<td> Dekoration, Fenster und T\u00fcren.<\/td>\n<\/tr>\n<\/tbody>\n<\/table>\n<h2>Unsere Produktionsbasis<\/h2>\n<h3>Fabrik-Panorama<\/h3>\n<p><img decoding=\"async\" src=\"\/wp-content\/uploads\/factory-01.webp\"\/><\/p>\n<h3>Werkstatt zur Herstellung von Aluminiumstangen<\/h3>\n<p><img decoding=\"async\" src=\"\/wp-content\/uploads\/factory-02.webp\"\/><\/p>\n<p><img decoding=\"async\" src=\"\/wp-content\/uploads\/factory-03.webp\"\/><\/p>\n<h3>Lagerhaus f\u00fcr Formen<\/h3>\n<p><img decoding=\"async\" src=\"\/wp-content\/uploads\/factory-04.webp\"\/><\/p>\n<h3>43 Aluminium-Strangpressanlagen (500\u00e2\u20ac\"5500 Tonnen)<\/h3>\n<p><img decoding=\"async\" src=\"\/wp-content\/uploads\/factory-05.webp\"\/><\/p>\n<p><img decoding=\"async\" src=\"\/wp-content\/uploads\/factory-06.webp\"\/><\/p>\n<p><img decoding=\"async\" src=\"\/wp-content\/uploads\/factory-07.webp\"\/><\/p>\n<h3>Werkstatt f\u00fcr Pulverbeschichtung<\/h3>\n<p><img decoding=\"async\" src=\"\/wp-content\/uploads\/factory-09.webp\"\/><\/p>\n<h3>Eloxal-Werkstatt<\/h3>\n<p><img decoding=\"async\" src=\"\/wp-content\/uploads\/factory-10.webp\"\/><\/p>\n<h3>Workshop zur Tiefenverarbeitung<\/h3>\n<p><img decoding=\"async\" src=\"\/wp-content\/uploads\/factory-11.webp\"\/><\/p>\n<h3>CNC-Pr\u00e4zisionsbearbeitungswerkstatt<\/h3>\n<p><img decoding=\"async\" src=\"\/wp-content\/uploads\/factory-11.5.webp\"\/><\/p>\n<h3>Lager f\u00fcr Fertigprodukte und Export<\/h3>\n<p><img decoding=\"async\" src=\"\/wp-content\/uploads\/factory-12.webp\"\/><\/p>\n<p><img decoding=\"async\" src=\"\/wp-content\/uploads\/factory-13.webp\"\/><\/p>\n<p><img decoding=\"async\" src=\"\/wp-content\/uploads\/factory-14.webp\"\/><\/p>\n<h2>FAQ<\/h2>\n<p><p><b>1. was ist ein Aluminiumprofil-Fensterladen? <\/b><\/p>\n<p> Ein Aluminiumprofil-Rollladen ist ein haltbares und leichtes Rollladensystem aus stranggepressten Aluminiumprofilen, das f\u00fcr sichere und stilvolle \u00d6ffnungen entwickelt wurde.<br \/>\n<\/p><br \/>\n<br \/>\n<p><b>2 Warum sollten Sie Aluminiumfensterl\u00e4den herk\u00f6mmlichen Materialien vorziehen? <\/b><\/p>\n<p> Aluminium-Fensterl\u00e4den bieten eine hervorragende Korrosionsbest\u00e4ndigkeit, ein geringes Gewicht und ein modernes Aussehen, ideal f\u00fcr gewerbliche und private Anwendungen.<br \/>\n<\/p><br \/>\n<br \/>\n<p><b>3. sind Fensterl\u00e4den aus Aluminiumprofilen witterungsbest\u00e4ndig? <\/b><\/p>\n<p> Ja, die korrosionsbest\u00e4ndige Oberfl\u00e4che gew\u00e4hrleistet eine hervorragende Leistung in Au\u00dfenbereichen, einschlie\u00dflich Gebieten mit hoher Luftfeuchtigkeit und Niederschl\u00e4gen.<br \/>\n<\/p><br \/>\n<br \/>\n<p><b>4. k\u00f6nnen Aluminium Profil Fensterl\u00e4den angepasst werden? <\/b><\/p>\n<p> Nat\u00fcrlich k\u00f6nnen sie in Bezug auf Abmessungen, Farben und Oberfl\u00e4chenbehandlungen auf die jeweiligen Projektanforderungen zugeschnitten werden.<br \/>\n<\/p><br \/>\n<br \/>\n<p><b>5. wie einfach ist die Montage von Aluminiumprofilen f\u00fcr Fensterl\u00e4den? <\/b><\/p>\n<p> Das leichte Design und die modulare Profilstruktur erm\u00f6glichen eine schnelle und einfache Installation, was den Arbeitsaufwand und die Kosten reduziert.<br \/>\n<\/p><br \/>\n<br \/>\n<p><b>6. sind Aluminiumfensterl\u00e4den wartungspflichtig? <\/b><\/p>\n<p> Der Wartungsaufwand ist minimal; dank der eloxierten oder pulverbeschichteten Oberfl\u00e4che ist eine gelegentliche Reinigung ausreichend.<br \/>\n<\/p><br \/>\n<br \/>\n<p><b>7 Verbessern Aluminiumfensterl\u00e4den die \u00c4sthetik eines Geb\u00e4udes? <\/b><\/p>\n<p> Ja, ihr schlankes und modernes Aussehen erg\u00e4nzt die zeitgen\u00f6ssische Architektur und bewahrt gleichzeitig die Funktionalit\u00e4t.<br \/>\n<\/p><br \/>\n<br \/>\n<p><b>8. sind diese Fensterl\u00e4den f\u00fcr Sicherheitsanwendungen geeignet? <\/b><\/p>\n<p> Ja, Fensterl\u00e4den aus Aluminiumprofilen bieten einen soliden Schutz f\u00fcr Fenster und T\u00fcren und tragen zur Erh\u00f6hung der Sicherheit in Wohn- und Gesch\u00e4ftsr\u00e4umen bei.<br \/>\n<\/p><br \/><\/p>","protected":false},"featured_media":7649,"template":"","categories":[67],"class_list":["post-7650","product","type-product","status-publish","has-post-thumbnail","hentry","category-architectural-aluminium-profile"],"meta_box":{"hilight_text_group":{"product_hilight_text":"<li>High-strength aluminum profile offers excellent durability and security.<\/li>\r\r\n<li>Lightweight structure allows for easy installation and smooth operation.<\/li>\r\r\n<li>Corrosion-resistant surface ideal for both indoor and outdoor applications.<\/li>\r\r\n<li>Modern, sleek design enhances building aesthetics.<\/li>\r\r\n<li>Customizable sizes and finishes to fit various architectural requirements.<\/li>\r\r\n<li>Low maintenance and long service life reduce operational costs.<\/li>","product_chanpin_blog":"<ul>\r\r\n<li><a href=\"https:\/\/sinoextrud.com\/t-slot-v-slot-differences\/\" target=\"_blank\">t slot vs v slot<\/a><\/li>\r\r\n<li><a href=\"https:\/\/sinoextrud.com\/what-is-4040-aluminium-extrud\/\" target=\"_blank\">4040 aluminium extrusion<\/a><\/li>\r\r\n<li><a href=\"https:\/\/sinoextrud.com\/what-is-4040-aluminium-extrud\/\" target=\"_blank\">aluminum extrusions for industrial racks<\/a><\/li>\r\r\n<li><a href=\"https:\/\/sinoextrud.com\/powder-coating-aluminium-process\/\" target=\"_blank\">powder coating aluminium<\/a><\/li>\r\r\n<li><a href=\"https:\/\/sinoextrud.com\/what-is-an-aluminium-strip-ceiling\/\" target=\"_blank\">aluminium strip ceiling<\/a><\/li>\r\r\n<li><a href=\"https:\/\/sinoextrud.com\/what-is-a-heat-sink\/\" target=\"_blank\">what is a heat sink<\/a><\/li>\r\r\n<\/ul>","product_chanpin_chanpin":"<li><a href=\"https:\/\/sinoextrud.com\/product\/aluminum-profile-for-shower-enclosure\/\" target=\"_blank\">Aluminum Profile For Shower Enclosure<\/a><\/li>\r\n<li><a href=\"https:\/\/sinoextrud.com\/product\/wall-aluminum-profile-decoration-t-shaped-edge-trim\/\" target=\"_blank\">Wall Aluminum Profile Decoration T Shaped Edge Trim<\/a><\/li>\r\n<li><a href=\"https:\/\/sinoextrud.com\/product\/colorful-brushed-aluminium-photo-frame-manufacturer\/\" target=\"_blank\">Colorful Brushed Aluminium Photo Frame Manufacturer<\/a><\/li>\r\n<li><a href=\"https:\/\/sinoextrud.com\/product\/aluminum-shutter-extrusion-profiles\/\" target=\"_blank\">Aluminum Shutter Extrusion Profiles<\/a><\/li>\r\n<li><a href=\"https:\/\/sinoextrud.com\/product\/aluminum-profile-shutter\/\" target=\"_blank\">Aluminum Profile Shutter<\/a><\/li>\r\n<li><a href=\"https:\/\/sinoextrud.com\/product\/gb-matt-anodized-aluminium\/\" target=\"_blank\">GB Matt Anodized Aluminium<\/a><\/li>\r\n<li><a href=\"https:\/\/sinoextrud.com\/product\/indoor-and-outdoor-aluminium-louver-profile\/\" target=\"_blank\">Indoor and Outdoor Aluminium Louver Profile<\/a><\/li>\r\n<li><a href=\"https:\/\/sinoextrud.com\/product\/aluminum-profiles-anodized-for-cabinet-furniture-protection\/\" target=\"_blank\">Aluminum Profiles Anodized For Cabinet Furniture Protection<\/a><\/li>\r\n<li><a href=\"https:\/\/sinoextrud.com\/product\/extruded-aluminium-track\/\" target=\"_blank\">Extruded Aluminium Track<\/a><\/li>\r\n<li><a href=\"https:\/\/sinoextrud.com\/product\/aluminum-price-per-pound\/\" target=\"_blank\">Aluminum Price Per Pound<\/a><\/li>\r\n<li><a href=\"https:\/\/sinoextrud.com\/product\/elictrophoresis-matte-gold-aluminium-profile-cad\/\" target=\"_blank\">Elictrophoresis matte gold aluminium profile cad download section price per ton extrusions for windows and doors construction<\/a><\/li>"},"feature_list":[]},"_links":{"self":[{"href":"https:\/\/sinoextrud.com\/de\/wp-json\/wp\/v2\/product\/7650","targetHints":{"allow":["GET"]}}],"collection":[{"href":"https:\/\/sinoextrud.com\/de\/wp-json\/wp\/v2\/product"}],"about":[{"href":"https:\/\/sinoextrud.com\/de\/wp-json\/wp\/v2\/types\/product"}],"wp:featuredmedia":[{"embeddable":true,"href":"https:\/\/sinoextrud.com\/de\/wp-json\/wp\/v2\/media\/7649"}],"wp:attachment":[{"href":"https:\/\/sinoextrud.com\/de\/wp-json\/wp\/v2\/media?parent=7650"}],"wp:term":[{"taxonomy":"category","embeddable":true,"href":"https:\/\/sinoextrud.com\/de\/wp-json\/wp\/v2\/categories?post=7650"}],"curies":[{"name":"wp","href":"https:\/\/api.w.org\/{rel}","templated":true}]}}