{"id":7648,"date":"2025-06-09T07:22:21","date_gmt":"2025-06-09T07:22:21","guid":{"rendered":"https:\/\/sinoextrud.com\/product\/aluminum-shutter-extrusion-profiles\/"},"modified":"2025-06-24T06:13:19","modified_gmt":"2025-06-24T06:13:19","slug":"aluminium-strangpressprofile-fur-fensterladen","status":"publish","type":"product","link":"https:\/\/sinoextrud.com\/de\/product\/aluminum-shutter-extrusion-profiles\/","title":{"rendered":"Strangpressprofile f\u00fcr Aluminiumfensterl\u00e4den"},"content":{"rendered":"<h2>Produkte Details<\/h2>\n<table class=\"custom-table\">\n<tbody>\n<tr>\n<td> Produktname<\/td>\n<td> Strangpressprofile f\u00fcr Aluminiumfensterl\u00e4den<\/td>\n<\/tr>\n<tr>\n<td> Material<\/td>\n<td> 6063-T5<\/td>\n<\/tr>\n<tr>\n<td> Form&amp;Gr\u00f6\u00dfe<\/td>\n<td> Nach Zeichnung oder vom Kunden geliefertem Muster<\/td>\n<\/tr>\n<tr>\n<td> Dicke<\/td>\n<td> 1,0mm-10mm<\/td>\n<\/tr>\n<tr>\n<td> L\u00e4nge<\/td>\n<td> Standard 1-9M, Sonderl\u00e4ngen verf\u00fcgbar<\/td>\n<\/tr>\n<tr>\n<td> Typische Anwendungen<\/td>\n<td> Fensterl\u00e4den, Jalousien, Vorhangfassaden und mehr<\/td>\n<\/tr>\n<tr>\n<td> Benutzerdefinierter Typ<\/td>\n<td> Vom Kunden zur Verf\u00fcgung gestellte Zeichnung oder Muster<\/td>\n<\/tr>\n<tr>\n<td> Tiefgreifender Prozess<\/td>\n<td> CNC-Fr\u00e4sen, Bohren, Stanzen, Bohren, Gewindeschneiden, Biegen, Schwei\u00dfen usw.<\/td>\n<\/tr>\n<tr>\n<td> Marke<\/td>\n<td> Sinoextrud,,Sinoextrud,,benutzerdefinierte Marke avalaible<\/td>\n<\/tr>\n<tr>\n<td> Oberfl\u00e4che fertig<\/td>\n<td> M\u00fchle fertig, Holzmaserung, eloxiert, pulverbeschichtet etc.<\/td>\n<\/tr>\n<tr>\n<td> Farbe<\/td>\n<td> Silber, Schwarz, Champagner etc.<\/td>\n<\/tr>\n<tr>\n<td> MOQ<\/td>\n<td> 200KGs<\/td>\n<\/tr>\n<tr>\n<td> Qualit\u00e4tsstandard<\/td>\n<td> Hohes Qualit\u00e4tsniveau<\/td>\n<\/tr>\n<tr>\n<td> Bescheinigungen<\/td>\n<td> ISO9001, ISO4001, CQM, SGS, CE, BV usw.<\/td>\n<\/tr>\n<tr>\n<td> Kapazit\u00e4t<\/td>\n<td> 3000 Tonnen pro Monat<\/td>\n<\/tr>\n<\/tbody>\n<\/table>\n<h2>Unsere Produktionsbasis<\/h2>\n<h3>Fabrik-Panorama<\/h3>\n<p><img decoding=\"async\" src=\"\/wp-content\/uploads\/factory-01.webp\"\/><\/p>\n<h3>Werkstatt zur Herstellung von Aluminiumstangen<\/h3>\n<p><img decoding=\"async\" src=\"\/wp-content\/uploads\/factory-02.webp\"\/><\/p>\n<p><img decoding=\"async\" src=\"\/wp-content\/uploads\/factory-03.webp\"\/><\/p>\n<h3>Lagerhaus f\u00fcr Formen<\/h3>\n<p><img decoding=\"async\" src=\"\/wp-content\/uploads\/factory-04.webp\"\/><\/p>\n<h3>43 Aluminium-Strangpressanlagen (500\u00e2\u20ac\"5500 Tonnen)<\/h3>\n<p><img decoding=\"async\" src=\"\/wp-content\/uploads\/factory-05.webp\"\/><\/p>\n<p><img decoding=\"async\" src=\"\/wp-content\/uploads\/factory-06.webp\"\/><\/p>\n<p><img decoding=\"async\" src=\"\/wp-content\/uploads\/factory-07.webp\"\/><\/p>\n<h3>Werkstatt f\u00fcr Pulverbeschichtung<\/h3>\n<p><img decoding=\"async\" src=\"\/wp-content\/uploads\/factory-09.webp\"\/><\/p>\n<h3>Eloxal-Werkstatt<\/h3>\n<p><img decoding=\"async\" src=\"\/wp-content\/uploads\/factory-10.webp\"\/><\/p>\n<h3>Workshop zur Tiefenverarbeitung<\/h3>\n<p><img decoding=\"async\" src=\"\/wp-content\/uploads\/factory-11.webp\"\/><\/p>\n<h3>CNC-Pr\u00e4zisionsbearbeitungswerkstatt<\/h3>\n<p><img decoding=\"async\" src=\"\/wp-content\/uploads\/factory-11.5.webp\"\/><\/p>\n<h3>Lager f\u00fcr Fertigprodukte und Export<\/h3>\n<p><img decoding=\"async\" src=\"\/wp-content\/uploads\/factory-12.webp\"\/><\/p>\n<p><img decoding=\"async\" src=\"\/wp-content\/uploads\/factory-13.webp\"\/><\/p>\n<p><img decoding=\"async\" src=\"\/wp-content\/uploads\/factory-14.webp\"\/><\/p>\n<h2>FAQ<\/h2>\n<p><p><b>1. was sind Aluminium Fensterladen Extrusionsprofile?<\/b><\/p>\n<p>Aluminium-Strangpressprofile f\u00fcr Fensterl\u00e4den sind speziell entwickelte Aluminiumprofile, die bei der Herstellung von Fenster- und T\u00fcrl\u00e4den verwendet werden, um Haltbarkeit und Funktion zu gew\u00e4hrleisten.<br \/>\n<\/p><br \/>\n<br \/>\n<p><b>2. was sind die Vorteile von Aluminium-Rollladenprofilen?<\/b><\/p>\n<p>Sie bieten leichte Festigkeit, Korrosionsbest\u00e4ndigkeit, Designflexibilit\u00e4t und sind im Vergleich zu Holz oder Stahl wartungsarm.<br \/>\n<\/p><br \/>\n<br \/>\n<p><b>3. k\u00f6nnen Aluminium-Rollladenprofile im Freien verwendet werden?<\/b><\/p>\n<p>Ja, sie sind korrosions- und witterungsbest\u00e4ndig und eignen sich daher sowohl f\u00fcr Innen- als auch f\u00fcr Au\u00dfenrolll\u00e4den.<br \/>\n<\/p><br \/>\n<br \/>\n<p><b>4. sind verschiedene Ausf\u00fchrungen und Farben erh\u00e4ltlich?<\/b><\/p>\n<p>Ja, wir bieten pulverbeschichtete, eloxierte und holzgemaserte Oberfl\u00e4chen in einer Vielzahl von Farben an, die den Designvorlieben entsprechen.<br \/>\n<\/p><br \/>\n<br \/>\n<p><b>5. k\u00f6nnen diese Profile angepasst werden?<\/b><\/p>\n<p>Ja, wir bieten kundenspezifische L\u00e4ngen, Fl\u00fcgeldesigns und Montagekonfigurationen an, um spezielle architektonische oder funktionale Anforderungen zu erf\u00fcllen.<br \/>\n<\/p><br \/>\n<br \/>\n<p><b>6. sind Aluminiumfensterl\u00e4den f\u00fcr die Bel\u00fcftung und den Sonnenschutz geeignet?<\/b><\/p>\n<p>Sie sind auf jeden Fall so konzipiert, dass sie die Luftzirkulation verbessern und gleichzeitig Schatten und Privatsph\u00e4re bieten.<br \/>\n<\/p><br \/>\n<br \/>\n<p><b>7. bieten Sie Profile sowohl f\u00fcr feste als auch f\u00fcr verstellbare Fensterl\u00e4den an?<\/b><\/p>\n<p>Ja, unsere Extrusionsprofile eignen sich sowohl f\u00fcr Anwendungen mit festen Lamellen als auch f\u00fcr solche mit verstellbaren Jalousien.<br \/>\n<\/p><br \/>\n<br \/>\n<p><b>8. wo werden Aluminium-Rollladenprofile \u00fcblicherweise verwendet?<\/b><\/p>\n<p>Sie werden h\u00e4ufig f\u00fcr Fenster in Wohnh\u00e4usern, Gesch\u00e4ftsgeb\u00e4uden, Fassaden, Balkonen und als Sichtschutz verwendet.<br \/>\n<\/p><br \/><\/p>","protected":false},"featured_media":7647,"template":"","categories":[67],"class_list":["post-7648","product","type-product","status-publish","has-post-thumbnail","hentry","category-architectural-aluminium-profile"],"meta_box":{"hilight_text_group":{"product_hilight_text":"<li>High-strength aluminum construction ensures long-term durability<\/li>\r\r\n<li>Corrosion-resistant for indoor and outdoor shutter applications<\/li>\r\r\n<li>Lightweight material allows easy handling and installation<\/li>\r\r\n<li>Available in a variety of profiles, finishes, and colors<\/li>\r\r\n<li>Supports both fixed and adjustable shutter systems<\/li>\r\r\n<li>Custom lengths and designs available for project-specific needs<\/li>\r\r\n<li>Enhances ventilation, sun shading, and privacy control<\/li>","product_chanpin_blog":"<ul>\r\r\n<li><a href=\"https:\/\/sinoextrud.com\/t-slot-v-slot-differences\/\" target=\"_blank\">t slot vs v slot<\/a><\/li>\r\r\n<li><a href=\"https:\/\/sinoextrud.com\/what-is-4040-aluminium-extrud\/\" target=\"_blank\">4040 aluminium extrusion<\/a><\/li>\r\r\n<li><a href=\"https:\/\/sinoextrud.com\/what-is-4040-aluminium-extrud\/\" target=\"_blank\">aluminum extrusions for industrial racks<\/a><\/li>\r\r\n<li><a href=\"https:\/\/sinoextrud.com\/powder-coating-aluminium-process\/\" target=\"_blank\">powder coating aluminium<\/a><\/li>\r\r\n<li><a href=\"https:\/\/sinoextrud.com\/what-is-an-aluminium-strip-ceiling\/\" target=\"_blank\">aluminium strip ceiling<\/a><\/li>\r\r\n<li><a href=\"https:\/\/sinoextrud.com\/what-is-a-heat-sink\/\" target=\"_blank\">what is a heat sink<\/a><\/li>\r\r\n<\/ul>","product_chanpin_chanpin":"<li><a href=\"https:\/\/sinoextrud.com\/product\/powder-coated-wooden-grain-aluminium-shutter-profile\/\" target=\"_blank\">Powder Coated Wooden Grain Aluminium Shutter Profile<\/a><\/li>\r\n<li><a href=\"https:\/\/sinoextrud.com\/product\/aluminum-profile-for-shower-enclosure\/\" target=\"_blank\">Aluminum Profile For Shower Enclosure<\/a><\/li>\r\n<li><a href=\"https:\/\/sinoextrud.com\/product\/wall-aluminum-profile-decoration-t-shaped-edge-trim\/\" target=\"_blank\">Wall Aluminum Profile Decoration T Shaped Edge Trim<\/a><\/li>\r\n<li><a href=\"https:\/\/sinoextrud.com\/product\/colorful-brushed-aluminium-photo-frame-manufacturer\/\" target=\"_blank\">Colorful Brushed Aluminium Photo Frame Manufacturer<\/a><\/li>\r\n<li><a href=\"https:\/\/sinoextrud.com\/product\/aluminum-shutter-extrusion-profiles\/\" target=\"_blank\">Aluminum Shutter Extrusion Profiles<\/a><\/li>\r\n<li><a href=\"https:\/\/sinoextrud.com\/product\/aluminum-profile-shutter\/\" target=\"_blank\">Aluminum Profile Shutter<\/a><\/li>\r\n<li><a href=\"https:\/\/sinoextrud.com\/product\/gb-matt-anodized-aluminium\/\" target=\"_blank\">GB Matt Anodized Aluminium<\/a><\/li>\r\n<li><a href=\"https:\/\/sinoextrud.com\/product\/indoor-and-outdoor-aluminium-louver-profile\/\" target=\"_blank\">Indoor and Outdoor Aluminium Louver Profile<\/a><\/li>\r\n<li><a href=\"https:\/\/sinoextrud.com\/product\/aluminum-profiles-anodized-for-cabinet-furniture-protection\/\" target=\"_blank\">Aluminum Profiles Anodized For Cabinet Furniture Protection<\/a><\/li>\r\n<li><a href=\"https:\/\/sinoextrud.com\/product\/aluminum-extrusion-box\/\" target=\"_blank\">aluminum extrusion box<\/a><\/li>\r\n<li><a href=\"https:\/\/sinoextrud.com\/product\/extruded-aluminum-flat-bar-6061-7075\/\" target=\"_blank\">Extruded Aluminum Flat Bar 6061 7075<\/a><\/li>"},"feature_list":[]},"_links":{"self":[{"href":"https:\/\/sinoextrud.com\/de\/wp-json\/wp\/v2\/product\/7648","targetHints":{"allow":["GET"]}}],"collection":[{"href":"https:\/\/sinoextrud.com\/de\/wp-json\/wp\/v2\/product"}],"about":[{"href":"https:\/\/sinoextrud.com\/de\/wp-json\/wp\/v2\/types\/product"}],"wp:featuredmedia":[{"embeddable":true,"href":"https:\/\/sinoextrud.com\/de\/wp-json\/wp\/v2\/media\/7647"}],"wp:attachment":[{"href":"https:\/\/sinoextrud.com\/de\/wp-json\/wp\/v2\/media?parent=7648"}],"wp:term":[{"taxonomy":"category","embeddable":true,"href":"https:\/\/sinoextrud.com\/de\/wp-json\/wp\/v2\/categories?post=7648"}],"curies":[{"name":"wp","href":"https:\/\/api.w.org\/{rel}","templated":true}]}}