{"id":7646,"date":"2025-06-09T07:19:10","date_gmt":"2025-06-09T07:19:10","guid":{"rendered":"https:\/\/sinoextrud.com\/product\/colorful-brushed-aluminium-photo-frame-manufacturer\/"},"modified":"2025-06-24T06:13:19","modified_gmt":"2025-06-24T06:13:19","slug":"bunte-geburstete-aluminium-fotorahmen-hersteller","status":"publish","type":"product","link":"https:\/\/sinoextrud.com\/de\/product\/colorful-brushed-aluminium-photo-frame-manufacturer\/","title":{"rendered":"Bunte geb\u00fcrstete Aluminium Fotorahmen Hersteller"},"content":{"rendered":"<h2>Produkte Details<\/h2>\n<table class=\"custom-table\">\n<tbody>\n<tr>\n<td> Artikel:<\/td>\n<td> Bunte geb\u00fcrstete Aluminium Fotorahmen Hersteller<\/td>\n<\/tr>\n<tr>\n<td> Temperament:<\/td>\n<td> T3-T8<\/td>\n<\/tr>\n<tr>\n<td> Legierung:<\/td>\n<td> Legierung<\/td>\n<\/tr>\n<tr>\n<td> Note:<\/td>\n<td> Serie 6000<\/td>\n<\/tr>\n<tr>\n<td> L\u00e4nge:<\/td>\n<td> 1-9m oder kundenspezifisch<\/td>\n<\/tr>\n<tr>\n<td> Gr\u00f6\u00dfe:<\/td>\n<td> Kundenspezifisch<\/td>\n<\/tr>\n<tr>\n<td> Oberfl\u00e4chenveredelung:<\/td>\n<td> Geb\u00fcrstet<\/td>\n<\/tr>\n<tr>\n<td> Qualit\u00e4tskontrolle:<\/td>\n<td> 100% Inspektion vor der Auslieferung<\/td>\n<\/tr>\n<tr>\n<td> Zertifizierung:<\/td>\n<td> ISO9001, ISO14001<\/td>\n<\/tr>\n<tr>\n<td> Herkunft:<\/td>\n<td> Foshan, Guangdong, China<\/td>\n<\/tr>\n<tr>\n<td> Art:<\/td>\n<td> Dekoration Aluminium-Profil, Fenster &amp; T\u00fcr Aluminium-Profil, K\u00fchlk\u00f6rper Aluminium-Profil, Glaswand Aluminium-Profil, Industrie Aluminium-Profil, Aluminium Holzmaserung Rohr, geb\u00fcrstetem Aluminium-Fotorahmen Profil<\/td>\n<\/tr>\n<\/tbody>\n<\/table>\n<h2>Unsere Produktionsbasis<\/h2>\n<h3>Fabrik-Panorama<\/h3>\n<p><img decoding=\"async\" src=\"\/wp-content\/uploads\/factory-01.webp\"\/><\/p>\n<h3>Werkstatt zur Herstellung von Aluminiumstangen<\/h3>\n<p><img decoding=\"async\" src=\"\/wp-content\/uploads\/factory-02.webp\"\/><\/p>\n<p><img decoding=\"async\" src=\"\/wp-content\/uploads\/factory-03.webp\"\/><\/p>\n<h3>Lagerhaus f\u00fcr Formen<\/h3>\n<p><img decoding=\"async\" src=\"\/wp-content\/uploads\/factory-04.webp\"\/><\/p>\n<h3>43 Aluminium-Strangpressanlagen (500-5500 Tonnen)<\/h3>\n<p><img decoding=\"async\" src=\"\/wp-content\/uploads\/factory-05.webp\"\/><\/p>\n<p><img decoding=\"async\" src=\"\/wp-content\/uploads\/factory-06.webp\"\/><\/p>\n<p><img decoding=\"async\" src=\"\/wp-content\/uploads\/factory-07.webp\"\/><\/p>\n<h3>Werkstatt f\u00fcr Pulverbeschichtung<\/h3>\n<p><img decoding=\"async\" src=\"\/wp-content\/uploads\/factory-09.webp\"\/><\/p>\n<h3>Eloxal-Werkstatt<\/h3>\n<p><img decoding=\"async\" src=\"\/wp-content\/uploads\/factory-10.webp\"\/><\/p>\n<h3>Workshop zur Tiefenverarbeitung<\/h3>\n<p><img decoding=\"async\" src=\"\/wp-content\/uploads\/factory-11.webp\"\/><\/p>\n<h3>CNC-Pr\u00e4zisionsbearbeitungswerkstatt<\/h3>\n<p><img decoding=\"async\" src=\"\/wp-content\/uploads\/factory-11.5.webp\"\/><\/p>\n<h3>Lager f\u00fcr Fertigprodukte und Export<\/h3>\n<p><img decoding=\"async\" src=\"\/wp-content\/uploads\/factory-12.webp\"\/><\/p>\n<p><img decoding=\"async\" src=\"\/wp-content\/uploads\/factory-13.webp\"\/><\/p>\n<p><img decoding=\"async\" src=\"\/wp-content\/uploads\/factory-14.webp\"\/><\/p>\n<h2>FAQ<\/h2>\n<p><p><b>1. was ist ein bunter Fotorahmen aus geb\u00fcrstetem Aluminium?<\/b><\/p>\n<p>Der Fotorahmen ist aus geb\u00fcrstetem Aluminium gefertigt und bietet mit seinen leuchtenden Farben einen eleganten und modernen Look f\u00fcr die Pr\u00e4sentation von Fotos oder Kunstwerken.<br \/>\n<\/p><br \/>\n<br \/>\n<p><b>2 Was sind die Vorteile der Verwendung von geb\u00fcrsteten Aluminiumrahmen?<\/b><\/p>\n<p>Sie sind stilvoll, korrosionsbest\u00e4ndig, leicht und in mehreren Farbvarianten erh\u00e4ltlich, die zu verschiedenen Einrichtungsstilen passen.<br \/>\n<\/p><br \/>\n<br \/>\n<p><b>3. kann ich individuelle Farben und Gr\u00f6\u00dfen bestellen?<\/b><\/p>\n<p>Ja, als Hersteller bieten wir kundenspezifische Abmessungen, Oberfl\u00e4chen und eine breite Palette von Farboptionen f\u00fcr Gro\u00dfauftr\u00e4ge.<br \/>\n<\/p><br \/>\n<br \/>\n<p><b>4. sind diese Fotorahmen f\u00fcr die kommerzielle Nutzung geeignet?<\/b><\/p>\n<p>Ja, sie werden aufgrund ihres hochwertigen Aussehens und ihrer Langlebigkeit h\u00e4ufig in Galerien, Ausstellungen, Einzelhandelsgesch\u00e4ften und Firmenr\u00e4umen verwendet.<br \/>\n<\/p><br \/>\n<br \/>\n<p><b>5. wie haltbar ist die geb\u00fcrstete und farbige Oberfl\u00e4che?<\/b><\/p>\n<p>Die Oberfl\u00e4che aus geb\u00fcrstetem Aluminium ist kratzfest und mit einer Beschichtung versehen, die ein Ausbleichen und Korrosion im Laufe der Zeit verhindert.<br \/>\n<\/p><br \/>\n<br \/>\n<p><b>6. sind diese Aluminiumrahmen leicht?<\/b><\/p>\n<p>Ja, sie sind aus hochwertigem Aluminium gefertigt, das stabil und dennoch leicht ist, um das Aufh\u00e4ngen und die Handhabung zu erleichtern.<br \/>\n<\/p><br \/>\n<br \/>\n<p><b>7. welche Montagem\u00f6glichkeiten gibt es?<\/b><\/p>\n<p>Die Rahmen k\u00f6nnen je nach Bedarf mit Wandhaken, Staffeleir\u00fcckseiten oder kundenspezifischen Befestigungselementen geliefert werden.<br \/>\n<\/p><br \/>\n<br \/>\n<p><b>8. wo werden bunte Fotorahmen aus geb\u00fcrstetem Aluminium \u00fcblicherweise verwendet?<\/b><\/p>\n<p>Sie werden gerne in der Heimdekoration, in Fotostudios, in kommerziellen Innenr\u00e4umen, bei Veranstaltungen und als Geschenkverpackung eingesetzt.<br \/>\n<\/p><br \/><\/p>","protected":false},"featured_media":7645,"template":"","categories":[67],"class_list":["post-7646","product","type-product","status-publish","has-post-thumbnail","hentry","category-architectural-aluminium-profile"],"meta_box":{"hilight_text_group":{"product_hilight_text":"<li>Brushed aluminum surface delivers a stylish, modern aesthetic<\/li>\r\r\n<li>Available in a wide range of vibrant colors to suit various interiors<\/li>\r\r\n<li>Durable and lightweight aluminum construction for easy handling<\/li>\r\r\n<li>Corrosion-resistant finish ensures long-lasting quality<\/li>\r\r\n<li>Custom sizes and color options available for bulk orders<\/li>\r\r\n<li>Ideal for home d\u00c3\u00a9cor, galleries, exhibitions, and retail displays<\/li>\r\r\n<li>Precision manufacturing ensures consistent quality and clean edges<\/li>","product_chanpin_blog":"<ul>\r\r\n<li><a href=\"https:\/\/sinoextrud.com\/t-slot-v-slot-differences\/\" target=\"_blank\">t slot vs v slot<\/a><\/li>\r\r\n<li><a href=\"https:\/\/sinoextrud.com\/what-is-4040-aluminium-extrud\/\" target=\"_blank\">4040 aluminium extrusion<\/a><\/li>\r\r\n<li><a href=\"https:\/\/sinoextrud.com\/what-is-4040-aluminium-extrud\/\" target=\"_blank\">aluminum extrusions for industrial racks<\/a><\/li>\r\r\n<li><a href=\"https:\/\/sinoextrud.com\/powder-coating-aluminium-process\/\" target=\"_blank\">powder coating aluminium<\/a><\/li>\r\r\n<li><a href=\"https:\/\/sinoextrud.com\/what-is-an-aluminium-strip-ceiling\/\" target=\"_blank\">aluminium strip ceiling<\/a><\/li>\r\r\n<li><a href=\"https:\/\/sinoextrud.com\/what-is-a-heat-sink\/\" target=\"_blank\">what is a heat sink<\/a><\/li>\r\r\n<\/ul>","product_chanpin_chanpin":"<li><a href=\"https:\/\/sinoextrud.com\/product\/newest-stable-extruded-aluminum-u-channel-profile-frameless-glass-railing-system-with-balustrade-handrail-fittings\/\" target=\"_blank\">Newest Stable Extruded Aluminum U Channel Profile Frameless Glass Railing System With Balustrade Handrail Fittings<\/a><\/li>\r\n<li><a href=\"https:\/\/sinoextrud.com\/product\/powder-coated-wooden-grain-aluminium-shutter-profile\/\" target=\"_blank\">Powder Coated Wooden Grain Aluminium Shutter Profile<\/a><\/li>\r\n<li><a href=\"https:\/\/sinoextrud.com\/product\/aluminum-profile-for-shower-enclosure\/\" target=\"_blank\">Aluminum Profile For Shower Enclosure<\/a><\/li>\r\n<li><a href=\"https:\/\/sinoextrud.com\/product\/wall-aluminum-profile-decoration-t-shaped-edge-trim\/\" target=\"_blank\">Wall Aluminum Profile Decoration T Shaped Edge Trim<\/a><\/li>\r\n<li><a href=\"https:\/\/sinoextrud.com\/product\/colorful-brushed-aluminium-photo-frame-manufacturer\/\" target=\"_blank\">Colorful Brushed Aluminium Photo Frame Manufacturer<\/a><\/li>\r\n<li><a href=\"https:\/\/sinoextrud.com\/product\/aluminum-shutter-extrusion-profiles\/\" target=\"_blank\">Aluminum Shutter Extrusion Profiles<\/a><\/li>\r\n<li><a href=\"https:\/\/sinoextrud.com\/product\/aluminum-profile-shutter\/\" target=\"_blank\">Aluminum Profile Shutter<\/a><\/li>\r\n<li><a href=\"https:\/\/sinoextrud.com\/product\/gb-matt-anodized-aluminium\/\" target=\"_blank\">GB Matt Anodized Aluminium<\/a><\/li>\r\n<li><a href=\"https:\/\/sinoextrud.com\/product\/indoor-and-outdoor-aluminium-louver-profile\/\" target=\"_blank\">Indoor and Outdoor Aluminium Louver Profile<\/a><\/li>\r\n<li><a href=\"https:\/\/sinoextrud.com\/product\/aluminum-extrusion-profiles-products\/\" target=\"_blank\">Aluminum Extrusion Profiles Products<\/a><\/li>\r\n<li><a href=\"https:\/\/sinoextrud.com\/product\/extruded-aluminum-door-frame\/\" target=\"_blank\">Extruded Aluminum Door Frame<\/a><\/li>"},"feature_list":[]},"_links":{"self":[{"href":"https:\/\/sinoextrud.com\/de\/wp-json\/wp\/v2\/product\/7646","targetHints":{"allow":["GET"]}}],"collection":[{"href":"https:\/\/sinoextrud.com\/de\/wp-json\/wp\/v2\/product"}],"about":[{"href":"https:\/\/sinoextrud.com\/de\/wp-json\/wp\/v2\/types\/product"}],"wp:featuredmedia":[{"embeddable":true,"href":"https:\/\/sinoextrud.com\/de\/wp-json\/wp\/v2\/media\/7645"}],"wp:attachment":[{"href":"https:\/\/sinoextrud.com\/de\/wp-json\/wp\/v2\/media?parent=7646"}],"wp:term":[{"taxonomy":"category","embeddable":true,"href":"https:\/\/sinoextrud.com\/de\/wp-json\/wp\/v2\/categories?post=7646"}],"curies":[{"name":"wp","href":"https:\/\/api.w.org\/{rel}","templated":true}]}}