{"id":7640,"date":"2025-06-09T07:11:39","date_gmt":"2025-06-09T07:11:39","guid":{"rendered":"https:\/\/sinoextrud.com\/product\/powder-coated-wooden-grain-aluminium-shutter-profile\/"},"modified":"2025-06-24T06:13:18","modified_gmt":"2025-06-24T06:13:18","slug":"pulverbeschichtetes-aluminium-fensterladenprofil-mit-holzmaserung","status":"publish","type":"product","link":"https:\/\/sinoextrud.com\/de\/product\/powder-coated-wooden-grain-aluminium-shutter-profile\/","title":{"rendered":"Pulverbeschichtetes Aluminium Fensterladenprofil mit Holzmaserung"},"content":{"rendered":"<h2>Produkte Details<\/h2>\n<table class=\"custom-table\">\n<tbody>\n<tr>\n<td> Produktname<\/td>\n<td> Pulverbeschichtetes Aluminium Fensterladenprofil mit Holzmaserung<\/td>\n<\/tr>\n<tr>\n<td> Produktpalette<\/td>\n<td> Aluminium-Strangpressprofile f\u00fcr Pergola-Aluminiumprofile, Aluminium-Rollladenprofile, Aluminium-Lamellenprofile, etc.<\/td>\n<\/tr>\n<tr>\n<td> Aluminium-Legierung<\/td>\n<td> Aluminium der Serie 6000<\/td>\n<\/tr>\n<tr>\n<td> Temperament<\/td>\n<td> T3-T8<\/td>\n<\/tr>\n<tr>\n<td> Form<\/td>\n<td> Personalisierung<\/td>\n<\/tr>\n<tr>\n<td> Farbe<\/td>\n<td> Pulverbeschichtete Holzmaserung, oder individuelle Gestaltung<\/td>\n<\/tr>\n<tr>\n<td> Oberfl\u00e4chenbehandlung<\/td>\n<td> walzblank, eloxiert, Holzmaserung, Pulverbeschichtung, Sandstrahlen, Elektrophorese, geb\u00fcrstet, poliert, etc.<\/td>\n<\/tr>\n<tr>\n<td> CNC-Tiefenbearbeitung<\/td>\n<td> Schneiden, Bohren, Zerspanen, Stanzen, Biegen, Gewindeschneiden und so weiter<\/td>\n<\/tr>\n<tr>\n<td> Zertifizierungen<\/td>\n<td> CE, ISO, SGS, TUV, ROHS<\/td>\n<\/tr>\n<tr>\n<td> Proben<\/td>\n<td> kostenlose Probe. 1-3 Tage an Sie geliefert.<\/td>\n<\/tr>\n<tr>\n<td> MOQ<\/td>\n<td> 200KG f\u00fcr jedes Profil<\/td>\n<\/tr>\n<tr>\n<td> Lieferfrist<\/td>\n<td> Die Entwicklung der Form und die Anfertigung des Musters dauern 12-15 Tage, die Produktion dauert 15-25 Tage nach Eingang der Anzahlung des K\u00e4ufers.<\/td>\n<\/tr>\n<tr>\n<td> Zahlungsbedingungen<\/td>\n<td> 30% Anzahlung vor der Produktion, und der Restbetrag vor dem Versand.<\/td>\n<\/tr>\n<tr>\n<td> Hafen<\/td>\n<td> Shenzhen, Guangzhou, Foshan<\/td>\n<\/tr>\n<\/tbody>\n<\/table>\n<h2>Unsere Produktionsbasis<\/h2>\n<h3>Fabrik-Panorama<\/h3>\n<p><img decoding=\"async\" src=\"\/wp-content\/uploads\/factory-01.webp\"\/><\/p>\n<h3>Werkstatt zur Herstellung von Aluminiumstangen<\/h3>\n<p><img decoding=\"async\" src=\"\/wp-content\/uploads\/factory-02.webp\"\/><\/p>\n<\/p>\n<p><img decoding=\"async\" src=\"\/wp-content\/uploads\/factory-03.webp\"\/><\/p>\n<h3>Lagerhaus f\u00fcr Formen<\/h3>\n<p><img decoding=\"async\" src=\"\/wp-content\/uploads\/factory-04.webp\"\/><\/p>\n<h3>43 Aluminium-Strangpressanlagen (500\u00e2\u20ac\"5500 Tonnen)<\/h3>\n<p><img decoding=\"async\" src=\"\/wp-content\/uploads\/factory-05.webp\"\/><\/p>\n<p><img decoding=\"async\" src=\"\/wp-content\/uploads\/factory-06.webp\"\/><\/p>\n<p><img decoding=\"async\" src=\"\/wp-content\/uploads\/factory-07.webp\"\/><\/p>\n<h3>Werkstatt f\u00fcr Pulverbeschichtung<\/h3>\n<p><img decoding=\"async\" src=\"\/wp-content\/uploads\/factory-09.webp\"\/><\/p>\n<h3>Eloxal-Werkstatt<\/h3>\n<p><img decoding=\"async\" src=\"\/wp-content\/uploads\/factory-10.webp\"\/><\/p>\n<h3>Workshop zur Tiefenverarbeitung<\/h3>\n<p><img decoding=\"async\" src=\"\/wp-content\/uploads\/factory-11.webp\"\/><\/p>\n<h3>CNC-Pr\u00e4zisionsbearbeitungswerkstatt<\/h3>\n<p><img decoding=\"async\" src=\"\/wp-content\/uploads\/factory-11.5.webp\"\/><\/p>\n<h3>Lager f\u00fcr Fertigprodukte und Export<\/h3>\n<p><img decoding=\"async\" src=\"\/wp-content\/uploads\/factory-12.webp\"\/><\/p>\n<p><img decoding=\"async\" src=\"\/wp-content\/uploads\/factory-13.webp\"\/><\/p>\n<p><img decoding=\"async\" src=\"\/wp-content\/uploads\/factory-14.webp\"\/><\/p>\n<h2>FAQ<\/h2>\n<p><b>1. was ist ein pulverbeschichtetes Holzmaser-Aluminium-Fensterladenprofil?<\/b><\/p>\n<p>Es handelt sich um ein Aluminium-Fensterladenprofil mit einer pulverbeschichteten Holzmaserung, das die \u00c4sthetik von Holz mit der Haltbarkeit von Aluminium verbindet.\n<\/p>\n<p><\/p>\n<p><b>2 Was sind die Vorteile der Verwendung von Holzmaserungsprofilen f\u00fcr Aluminiumfensterl\u00e4den?<\/b><\/p>\n<p>Sie bieten eine nat\u00fcrliche Holzoptik, Witterungsbest\u00e4ndigkeit, Korrosionsschutz und minimale Wartung.\n<\/p>\n<p><\/p>\n<p><b>3. sind diese Aluminium-Fensterl\u00e4den f\u00fcr die Verwendung im Freien geeignet?<\/b><\/p>\n<p>Ja, die Pulverbeschichtung und die Aluminiumbasis machen sie sehr widerstandsf\u00e4hig gegen Feuchtigkeit, UV-Strahlen und Temperaturschwankungen.\n<\/p>\n<p><\/p>\n<p><b>4. kann das Holzmaserungsmuster angepasst werden?<\/b><\/p>\n<p>Ja, wir bieten verschiedene Holzmaserungen und Farben an, die zu verschiedenen architektonischen Stilen passen.\n<\/p>\n<p><\/p>\n<p><b>5. ist dieses Fensterladenprofil eine umweltfreundliche Option?<\/b><\/p>\n<p>Ja, es vermeidet die Verwendung von nat\u00fcrlichem Holz, reduziert die Abholzung von W\u00e4ldern und ist recycelbar.\n<\/p>\n<p><\/p>\n<p><b>6. wo k\u00f6nnen pulverbeschichtete Aluminiumfensterl\u00e4den mit Holzmaserung verwendet werden?<\/b><\/p>\n<p>Sie werden h\u00e4ufig an Fenstern, T\u00fcren, Balkonen, Pergolen und als Au\u00dfenverkleidungen oder Lamellensysteme verwendet.\n<\/p>\n<p><\/p>\n<p><b>7. sind diese Fensterl\u00e4den leicht und einfach zu installieren?<\/b><\/p>\n<p>Ja, das Aluminiummaterial ist leicht, was Transport und Installation effizient und kosteng\u00fcnstig macht.\n<\/p>\n<p><\/p>\n<p><b>8. wie haltbar ist die Holzmaserung der Pulverbeschichtung?<\/b><\/p>\n<p>Die Oberfl\u00e4che ist UV-stabil, kratzfest und h\u00e4lt jahrelang, ohne zu verblassen, abzubl\u00e4ttern oder Risse zu bekommen.\n<\/p>\n<p><\/p>","protected":false},"featured_media":7639,"template":"","categories":[67],"class_list":["post-7640","product","type-product","status-publish","has-post-thumbnail","hentry","category-architectural-aluminium-profile"],"meta_box":{"hilight_text_group":{"product_hilight_text":"<li>Wood grain powder coating provides a natural timber look with aluminum durability<\/li>\r\r\n<li>Corrosion-resistant and weatherproof for long-term outdoor performance<\/li>\r\r\n<li>Low maintenance alternative to real wood shutters<\/li>\r\r\n<li>Lightweight yet strong aluminum ensures easy installation and structural integrity<\/li>\r\r\n<li>Available in a variety of wood grain patterns and colors<\/li>\r\r\n<li>Eco-friendly solution without deforestation or wood decay issues<\/li>\r\r\n<li>Suitable for windows, doors, fa?ades, and privacy screens<\/li>","product_chanpin_blog":"<ul>\r\r\n<li><a href=\"https:\/\/sinoextrud.com\/t-slot-v-slot-differences\/\" target=\"_blank\">t slot vs v slot<\/a><\/li>\r\r\n<li><a href=\"https:\/\/sinoextrud.com\/what-is-4040-aluminium-extrud\/\" target=\"_blank\">4040 aluminium extrusion<\/a><\/li>\r\r\n<li><a href=\"https:\/\/sinoextrud.com\/what-is-4040-aluminium-extrud\/\" target=\"_blank\">aluminum extrusions for industrial racks<\/a><\/li>\r\r\n<li><a href=\"https:\/\/sinoextrud.com\/powder-coating-aluminium-process\/\" target=\"_blank\">powder coating aluminium<\/a><\/li>\r\r\n<li><a href=\"https:\/\/sinoextrud.com\/what-is-an-aluminium-strip-ceiling\/\" target=\"_blank\">aluminium strip ceiling<\/a><\/li>\r\r\n<li><a href=\"https:\/\/sinoextrud.com\/what-is-a-heat-sink\/\" target=\"_blank\">what is a heat sink<\/a><\/li>\r\r\n<\/ul>","product_chanpin_chanpin":"<li><a href=\"https:\/\/sinoextrud.com\/product\/aluminum-profil-louver-roof\/\" target=\"_blank\">Aluminum Profil Louver Roof<\/a><\/li>\r\n<li><a href=\"https:\/\/sinoextrud.com\/product\/aluminum-profile-connector\/\" target=\"_blank\">Aluminum Profile Connector<\/a><\/li>\r\n<li><a href=\"https:\/\/sinoextrud.com\/product\/anodized-powder-coated-window-louver-extrusion-shutter-aluminum-profiles\/\" target=\"_blank\">Anodized Powder Coated Window Louver Extrusion Shutter Aluminum Profiles<\/a><\/li>\r\n<li><a href=\"https:\/\/sinoextrud.com\/product\/newest-stable-extruded-aluminum-u-channel-profile-frameless-glass-railing-system-with-balustrade-handrail-fittings\/\" target=\"_blank\">Newest Stable Extruded Aluminum U Channel Profile Frameless Glass Railing System With Balustrade Handrail Fittings<\/a><\/li>\r\n<li><a href=\"https:\/\/sinoextrud.com\/product\/powder-coated-wooden-grain-aluminium-shutter-profile\/\" target=\"_blank\">Powder Coated Wooden Grain Aluminium Shutter Profile<\/a><\/li>\r\n<li><a href=\"https:\/\/sinoextrud.com\/product\/aluminum-profile-for-shower-enclosure\/\" target=\"_blank\">Aluminum Profile For Shower Enclosure<\/a><\/li>\r\n<li><a href=\"https:\/\/sinoextrud.com\/product\/wall-aluminum-profile-decoration-t-shaped-edge-trim\/\" target=\"_blank\">Wall Aluminum Profile Decoration T Shaped Edge Trim<\/a><\/li>\r\n<li><a href=\"https:\/\/sinoextrud.com\/product\/colorful-brushed-aluminium-photo-frame-manufacturer\/\" target=\"_blank\">Colorful Brushed Aluminium Photo Frame Manufacturer<\/a><\/li>\r\n<li><a href=\"https:\/\/sinoextrud.com\/product\/aluminum-shutter-extrusion-profiles\/\" target=\"_blank\">Aluminum Shutter Extrusion Profiles<\/a><\/li>\r\n<li><a href=\"https:\/\/sinoextrud.com\/product\/aluminum-extrusion-u-channel-profiles\/\" target=\"_blank\">Aluminum Extrusion U Channel Profiles<\/a><\/li>\r\n<li><a href=\"https:\/\/sinoextrud.com\/product\/u-channel-aluminium-extrusion\/\" target=\"_blank\">U Channel Aluminium Extrusion<\/a><\/li>"},"feature_list":[]},"_links":{"self":[{"href":"https:\/\/sinoextrud.com\/de\/wp-json\/wp\/v2\/product\/7640","targetHints":{"allow":["GET"]}}],"collection":[{"href":"https:\/\/sinoextrud.com\/de\/wp-json\/wp\/v2\/product"}],"about":[{"href":"https:\/\/sinoextrud.com\/de\/wp-json\/wp\/v2\/types\/product"}],"wp:featuredmedia":[{"embeddable":true,"href":"https:\/\/sinoextrud.com\/de\/wp-json\/wp\/v2\/media\/7639"}],"wp:attachment":[{"href":"https:\/\/sinoextrud.com\/de\/wp-json\/wp\/v2\/media?parent=7640"}],"wp:term":[{"taxonomy":"category","embeddable":true,"href":"https:\/\/sinoextrud.com\/de\/wp-json\/wp\/v2\/categories?post=7640"}],"curies":[{"name":"wp","href":"https:\/\/api.w.org\/{rel}","templated":true}]}}