{"id":7634,"date":"2025-06-09T07:03:36","date_gmt":"2025-06-09T07:03:36","guid":{"rendered":"https:\/\/sinoextrud.com\/product\/aluminum-profile-connector\/"},"modified":"2025-06-24T06:13:17","modified_gmt":"2025-06-24T06:13:17","slug":"aluminiumprofil-verbinder","status":"publish","type":"product","link":"https:\/\/sinoextrud.com\/de\/product\/aluminum-profile-connector\/","title":{"rendered":"Aluminiumprofil-Verbinder"},"content":{"rendered":"<h2>Produkte Details<\/h2>\n<table class=\"custom-table\">\n<tbody>\n<tr>\n<td> Produktname<\/td>\n<td> Aluminiumprofil-Verbinder<\/td>\n<\/tr>\n<tr>\n<td> Material<\/td>\n<td> 6063 oder 6061<\/td>\n<\/tr>\n<tr>\n<td> Temperament<\/td>\n<td> T3-T8<\/td>\n<\/tr>\n<tr>\n<td> Form<\/td>\n<td> L-Form oder nach Kundenwunsch<\/td>\n<\/tr>\n<tr>\n<td> L\u00e4nge<\/td>\n<td> Standardl\u00e4nge 1-9M, Sonderl\u00e4ngen verhandelbar<\/td>\n<\/tr>\n<tr>\n<td> Tiefgreifender Prozess<\/td>\n<td> Unterst\u00fctzt CNC-Fr\u00e4sen, Stanzen, Bohren, Gewindeschneiden, Biegen<\/td>\n<\/tr>\n<tr>\n<td> MOQ<\/td>\n<td> 200Kg h\u00e4ngt von den verschiedenen Oberfl\u00e4chen ab.<\/td>\n<\/tr>\n<tr>\n<td> Oberfl\u00e4che Fertig<\/td>\n<td> Gefr\u00e4st, Holzmaserung, eloxiert, Pulverbeschichtung, Elektrophorese, PVDF-Beschichtung, geb\u00fcrstet usw.<\/td>\n<\/tr>\n<tr>\n<td> Zertifizierungen<\/td>\n<td> ISO9001, ISO4001, CQM, SGS, CE, BV usw.<\/td>\n<\/tr>\n<tr>\n<td> Herkunftsort<\/td>\n<td> Guangdong, China<\/td>\n<\/tr>\n<\/tbody>\n<\/table>\n<h2>Unsere Produktionsbasis<\/h2>\n<h3>Fabrik-Panorama<\/h3>\n<p><img decoding=\"async\" src=\"\/wp-content\/uploads\/factory-01.webp\"\/><\/p>\n<h3>Werkstatt zur Herstellung von Aluminiumstangen<\/h3>\n<p><img decoding=\"async\" src=\"\/wp-content\/uploads\/factory-02.webp\"\/><\/p>\n<\/p>\n<p><img decoding=\"async\" src=\"\/wp-content\/uploads\/factory-03.webp\"\/><\/p>\n<h3>Lagerhaus f\u00fcr Formen<\/h3>\n<p><img decoding=\"async\" src=\"\/wp-content\/uploads\/factory-04.webp\"\/><\/p>\n<h3>43 Aluminium-Strangpressanlagen (500\u00e2\u20ac\"5500 Tonnen)<\/h3>\n<p><img decoding=\"async\" src=\"\/wp-content\/uploads\/factory-05.webp\"\/><\/p>\n<p><img decoding=\"async\" src=\"\/wp-content\/uploads\/factory-06.webp\"\/><\/p>\n<p><img decoding=\"async\" src=\"\/wp-content\/uploads\/factory-07.webp\"\/><\/p>\n<h3>Werkstatt f\u00fcr Pulverbeschichtung<\/h3>\n<p><img decoding=\"async\" src=\"\/wp-content\/uploads\/factory-09.webp\"\/><\/p>\n<h3>Eloxal-Werkstatt<\/h3>\n<p><img decoding=\"async\" src=\"\/wp-content\/uploads\/factory-10.webp\"\/><\/p>\n<h3>Workshop zur Tiefenverarbeitung<\/h3>\n<p><img decoding=\"async\" src=\"\/wp-content\/uploads\/factory-11.webp\"\/><\/p>\n<h3>CNC-Pr\u00e4zisionsbearbeitungswerkstatt<\/h3>\n<p><img decoding=\"async\" src=\"\/wp-content\/uploads\/factory-11.5.webp\"\/><\/p>\n<h3>Lager f\u00fcr Fertigprodukte und Export<\/h3>\n<p><img decoding=\"async\" src=\"\/wp-content\/uploads\/factory-12.webp\"\/><\/p>\n<p><img decoding=\"async\" src=\"\/wp-content\/uploads\/factory-13.webp\"\/><\/p>\n<p><img decoding=\"async\" src=\"\/wp-content\/uploads\/factory-14.webp\"\/><\/p>\n<h2>FAQ<\/h2>\n<p><b>1. was ist ein Aluminiumprofilverbinder? <\/b><\/p>\n<p> Ein Aluminium-Profilverbinder ist ein mechanisches Bauteil, das zur sicheren Verbindung von Aluminium-Strangpressprofilen in industriellen und strukturellen Rahmenwerken verwendet wird.\n<\/p>\n<p><\/p>\n<p><b>2. warum sind Aluminiumprofilverbinder wichtig? <\/b><\/p>\n<p> Aluminiumprofilverbinder gew\u00e4hrleisten strukturelle Integrit\u00e4t, Stabilit\u00e4t und Flexibilit\u00e4t in modularen Montagesystemen.\n<\/p>\n<p><\/p>\n<p><b>3. sind Aluminiumprofilverbinder einfach zu installieren? <\/b><\/p>\n<p> Ja, sie sind f\u00fcr eine schnelle Montage ohne Schwei\u00dfen konzipiert und damit ideal f\u00fcr eine effiziente Montage und Demontage.\n<\/p>\n<p><\/p>\n<p><b>4. k\u00f6nnen diese Verbinder mit allen Aluminiumprofilen verwendet werden? <\/b><\/p>\n<p> Die meisten Verbinder sind so konstruiert, dass sie mit Standard-T-Nut- oder V-Nut-Aluminium-Strangpresssystemen kompatibel sind.\n<\/p>\n<p><\/p>\n<p><b>5. welche Materialien werden f\u00fcr Aluminiumprofilverbinder verwendet? <\/b><\/p>\n<p> Sie bestehen in der Regel aus hochfestem Aluminium oder einer Zinklegierung mit Korrosionsschutzbeschichtungen f\u00fcr eine lange Lebensdauer.\n<\/p>\n<p><\/p>\n<p><b>6. halten diese Steckverbinder schweren Lasten stand? <\/b><\/p>\n<p> Ja, hochwertige Aluminium-Profilverbinder sind f\u00fcr hohe mechanische Belastungen in industriellen Anwendungen ausgelegt.\n<\/p>\n<p><\/p>\n<p><b>7. gibt es verschiedene Arten von Aluminiumprofilverbindern? <\/b><\/p>\n<p> Zu den Optionen geh\u00f6ren auf jeden Fall Winkel, Endverbinder, Innenverbinder und kundenspezifische Anschl\u00fcsse f\u00fcr verschiedene Verbindungsarten.\n<\/p>\n<p><\/p>\n<p><b>8. k\u00f6nnen Aluminiumprofilverbinder wiederverwendet werden? <\/b><\/p>\n<p> Ja, sie sind wiederverwendbar und daher ideal f\u00fcr modulare Systeme, die angepasst oder neu konfiguriert werden m\u00fcssen.\n<\/p>\n<p><\/p>","protected":false},"featured_media":7633,"template":"","categories":[67],"class_list":["post-7634","product","type-product","status-publish","has-post-thumbnail","hentry","category-architectural-aluminium-profile"],"meta_box":{"hilight_text_group":{"product_hilight_text":"<li>High-precision design ensures strong and stable aluminum profile connections.<\/li>\r\r\n<li>Made from durable materials for long-term industrial and structural use.<\/li>\r\r\n<li>Compatible with standard aluminum extrusion systems for easy integration.<\/li>\r\r\n<li>Quick installation without the need for complex tools or welding.<\/li>\r\r\n<li>Corrosion-resistant surface for reliable performance in various environments.<\/li>\r\r\n<li>Available in various shapes and sizes to support diverse connection needs.<\/li>","product_chanpin_blog":"<ul>\r\r\n<li><a href=\"https:\/\/sinoextrud.com\/t-slot-v-slot-differences\/\" target=\"_blank\">t slot vs v slot<\/a><\/li>\r\r\n<li><a href=\"https:\/\/sinoextrud.com\/what-is-4040-aluminium-extrud\/\" target=\"_blank\">4040 aluminium extrusion<\/a><\/li>\r\r\n<li><a href=\"https:\/\/sinoextrud.com\/what-is-4040-aluminium-extrud\/\" target=\"_blank\">aluminum extrusions for industrial racks<\/a><\/li>\r\r\n<li><a href=\"https:\/\/sinoextrud.com\/powder-coating-aluminium-process\/\" target=\"_blank\">powder coating aluminium<\/a><\/li>\r\r\n<li><a href=\"https:\/\/sinoextrud.com\/what-is-an-aluminium-strip-ceiling\/\" target=\"_blank\">aluminium strip ceiling<\/a><\/li>\r\r\n<li><a href=\"https:\/\/sinoextrud.com\/what-is-a-heat-sink\/\" target=\"_blank\">what is a heat sink<\/a><\/li>\r\r\n<\/ul>","product_chanpin_chanpin":"<li><a href=\"https:\/\/sinoextrud.com\/product\/architectural-aluminum-extrusion-profiles\/\" target=\"_blank\">Architectural Aluminum Extrusion Profiles<\/a><\/li>\r\n<li><a href=\"https:\/\/sinoextrud.com\/product\/aluminum-outdoor-louvers\/\" target=\"_blank\">Aluminum Outdoor Louvers<\/a><\/li>\r\n<li><a href=\"https:\/\/sinoextrud.com\/product\/anodized-aluminum-frame-profile-brushed-photo-aluminum-frame-modern-decorative-industrial-frame-profile\/\" target=\"_blank\">Anodized Aluminum Frame Profile Brushed Photo Aluminum Frame Modern Decorative Industrial Frame Profile<\/a><\/li>\r\n<li><a href=\"https:\/\/sinoextrud.com\/product\/aluminum-profil-louver-roof\/\" target=\"_blank\">Aluminum Profil Louver Roof<\/a><\/li>\r\n<li><a href=\"https:\/\/sinoextrud.com\/product\/aluminum-profile-connector\/\" target=\"_blank\">Aluminum Profile Connector<\/a><\/li>\r\n<li><a href=\"https:\/\/sinoextrud.com\/product\/anodized-powder-coated-window-louver-extrusion-shutter-aluminum-profiles\/\" target=\"_blank\">Anodized Powder Coated Window Louver Extrusion Shutter Aluminum Profiles<\/a><\/li>\r\n<li><a href=\"https:\/\/sinoextrud.com\/product\/newest-stable-extruded-aluminum-u-channel-profile-frameless-glass-railing-system-with-balustrade-handrail-fittings\/\" target=\"_blank\">Newest Stable Extruded Aluminum U Channel Profile Frameless Glass Railing System With Balustrade Handrail Fittings<\/a><\/li>\r\n<li><a href=\"https:\/\/sinoextrud.com\/product\/powder-coated-wooden-grain-aluminium-shutter-profile\/\" target=\"_blank\">Powder Coated Wooden Grain Aluminium Shutter Profile<\/a><\/li>\r\n<li><a href=\"https:\/\/sinoextrud.com\/product\/aluminum-profile-for-shower-enclosure\/\" target=\"_blank\">Aluminum Profile For Shower Enclosure<\/a><\/li>\r\n<li><a href=\"https:\/\/sinoextrud.com\/product\/cnc-aluminum-bar-profile-for-instrument\/\" target=\"_blank\">CNC Aluminum Bar Profile For Instrument<\/a><\/li>\r\n<li><a href=\"https:\/\/sinoextrud.com\/product\/roller-shutter-profiles-aluminum\/\" target=\"_blank\">Roller Shutter Profiles Aluminum<\/a><\/li>"},"feature_list":[]},"_links":{"self":[{"href":"https:\/\/sinoextrud.com\/de\/wp-json\/wp\/v2\/product\/7634","targetHints":{"allow":["GET"]}}],"collection":[{"href":"https:\/\/sinoextrud.com\/de\/wp-json\/wp\/v2\/product"}],"about":[{"href":"https:\/\/sinoextrud.com\/de\/wp-json\/wp\/v2\/types\/product"}],"wp:featuredmedia":[{"embeddable":true,"href":"https:\/\/sinoextrud.com\/de\/wp-json\/wp\/v2\/media\/7633"}],"wp:attachment":[{"href":"https:\/\/sinoextrud.com\/de\/wp-json\/wp\/v2\/media?parent=7634"}],"wp:term":[{"taxonomy":"category","embeddable":true,"href":"https:\/\/sinoextrud.com\/de\/wp-json\/wp\/v2\/categories?post=7634"}],"curies":[{"name":"wp","href":"https:\/\/api.w.org\/{rel}","templated":true}]}}