{"id":7626,"date":"2025-06-09T06:54:53","date_gmt":"2025-06-09T06:54:53","guid":{"rendered":"https:\/\/sinoextrud.com\/product\/architectural-aluminum-extrusion-profiles\/"},"modified":"2025-06-24T06:13:16","modified_gmt":"2025-06-24T06:13:16","slug":"architektonische-aluminium-strangpressprofile","status":"publish","type":"product","link":"https:\/\/sinoextrud.com\/de\/product\/architectural-aluminum-extrusion-profiles\/","title":{"rendered":"Architektonische Aluminium-Extrusionsprofile"},"content":{"rendered":"<h2>Produkte Details<\/h2>\n<table class=\"custom-table\">\n<tbody>\n<tr>\n<td> Produktname<\/td>\n<td> Architektonische Aluminium-Extrusionsprofile<\/td>\n<\/tr>\n<tr>\n<td> Material Klasse<\/td>\n<td> Serie 6000<\/td>\n<\/tr>\n<tr>\n<td> Form<\/td>\n<td> Quadratisch, rund, rechteckig und andere kundenspezifische Formen<\/td>\n<\/tr>\n<tr>\n<td> Dicke<\/td>\n<td> 0,7mm-10mm oder nach Kundenwunsch<\/td>\n<\/tr>\n<tr>\n<td> Gr\u00f6\u00dfe<\/td>\n<td> Wie angepasst<\/td>\n<\/tr>\n<tr>\n<td> Typische Anwendungen<\/td>\n<td> Architektur wie Vorhangfassade, B\u00fcroteil, Dachdecke, Fenster und T\u00fcren<\/td>\n<\/tr>\n<tr>\n<td> Marke<\/td>\n<td> Sinoextrud, Sinoextrud, oder OEM-Marke<\/td>\n<\/tr>\n<tr>\n<td> CNC-Verfahren<\/td>\n<td> CNC-Fr\u00e4sen, Bohren, Stanzen, Bohren, Gewindeschneiden, Biegen<\/td>\n<\/tr>\n<tr>\n<td> Oberfl\u00e4chenbehandlung<\/td>\n<td> Feinstbearbeitung, Holzmaserung, Eloxierung, Pulverbeschichtung, Elektrophorese, PVDF-Beschichtung usw.<\/td>\n<\/tr>\n<tr>\n<td> B\u00fcrgschaft<\/td>\n<td> ISO9001, ISO4001, CQM, SGS, CE, BV usw.<\/td>\n<\/tr>\n<tr>\n<td> Herkunftsort<\/td>\n<td> Guangdong, China<\/td>\n<\/tr>\n<\/tbody>\n<\/table>\n<h2>Unsere Produktionsbasis<\/h2>\n<h3>Fabrik-Panorama<\/h3>\n<p><img decoding=\"async\" src=\"\/wp-content\/uploads\/factory-01.webp\"\/><\/p>\n<h3>Werkstatt zur Herstellung von Aluminiumstangen<\/h3>\n<p><img decoding=\"async\" src=\"\/wp-content\/uploads\/factory-02.webp\"\/><\/p>\n<p><img decoding=\"async\" src=\"\/wp-content\/uploads\/factory-03.webp\"\/><\/p>\n<h3>Lagerhaus f\u00fcr Formen<\/h3>\n<p><img decoding=\"async\" src=\"\/wp-content\/uploads\/factory-04.webp\"\/><\/p>\n<h3>43 Aluminium-Strangpressanlagen (500\u00e2\u20ac\"5500 Tonnen)<\/h3>\n<p><img decoding=\"async\" src=\"\/wp-content\/uploads\/factory-05.webp\"\/><\/p>\n<p><img decoding=\"async\" src=\"\/wp-content\/uploads\/factory-06.webp\"\/><\/p>\n<p><img decoding=\"async\" src=\"\/wp-content\/uploads\/factory-07.webp\"\/><\/p>\n<h3>Werkstatt f\u00fcr Pulverbeschichtung<\/h3>\n<p><img decoding=\"async\" src=\"\/wp-content\/uploads\/factory-09.webp\"\/><\/p>\n<h3>Eloxal-Werkstatt<\/h3>\n<p><img decoding=\"async\" src=\"\/wp-content\/uploads\/factory-10.webp\"\/><\/p>\n<h3>Workshop zur Tiefenverarbeitung<\/h3>\n<p><img decoding=\"async\" src=\"\/wp-content\/uploads\/factory-11.webp\"\/><\/p>\n<h3>CNC-Pr\u00e4zisionsbearbeitungswerkstatt<\/h3>\n<p><img decoding=\"async\" src=\"\/wp-content\/uploads\/factory-11.5.webp\"\/><\/p>\n<h3>Lager f\u00fcr Fertigprodukte und Export<\/h3>\n<p><img decoding=\"async\" src=\"\/wp-content\/uploads\/factory-12.webp\"\/><\/p>\n<p><img decoding=\"async\" src=\"\/wp-content\/uploads\/factory-13.webp\"\/><\/p>\n<p><img decoding=\"async\" src=\"\/wp-content\/uploads\/factory-14.webp\"\/><\/p>\n<h2>FAQ<\/h2>\n<p><p><b>1. was sind architektonische Aluminium-Strangpressprofile?<\/b><\/p>\n<p>Architektonische Aluminium-Strangpressprofile sind speziell entwickelte Aluminiumformen, die bei der Konstruktion von Bauelementen wie Fassaden, Vorhangfassaden, Fenstern und T\u00fcren verwendet werden.<br \/>\n<\/p><br \/>\n<br \/>\n<p><b>2. was sind die Vorteile der Verwendung von architektonischen Aluminium-Strangpressprofilen?<\/b><\/p>\n<p>Sie zeichnen sich durch hohe Festigkeit, geringes Gewicht, Korrosionsbest\u00e4ndigkeit und Designflexibilit\u00e4t aus und sind damit ideal f\u00fcr die moderne Architektur.<br \/>\n<\/p><br \/>\n<br \/>\n<p><b>3. sind diese Aluminiumprofile f\u00fcr die Verwendung im Au\u00dfenbereich von Geb\u00e4uden geeignet?<\/b><\/p>\n<p>Ja, architektonische Aluminium-Strangpressprofile sind mit witterungsbest\u00e4ndigen Beschichtungen versehen, um rauen Umweltbedingungen standzuhalten.<br \/>\n<\/p><br \/>\n<br \/>\n<p><b>4. k\u00f6nnen architektonische Aluminium-Extrusionsprofile angepasst werden?<\/b><\/p>\n<p>Ja, wir bieten kundenspezifische Formen, Gr\u00f6\u00dfen, Farben und Oberfl\u00e4chen an, um besondere architektonische und strukturelle Anforderungen zu erf\u00fcllen.<br \/>\n<\/p><br \/>\n<br \/>\n<p><b>Unterst\u00fctzen diese Profile thermische Trennsysteme?<\/b><\/p>\n<p>Ja, es gibt M\u00f6glichkeiten der thermischen Trennung, um die Isolierung zu verbessern und den Energieverbrauch von Geb\u00e4uden zu senken.<br \/>\n<\/p><br \/>\n<br \/>\n<p><b>6. wo werden architektonische Aluminium-Strangpressprofile \u00fcblicherweise verwendet?<\/b><\/p>\n<p>Sie werden in Gesch\u00e4ftsgeb\u00e4uden, Wohnanlagen, Wolkenkratzern, Schaufenstern und gr\u00fcnen Geb\u00e4uden eingesetzt.<br \/>\n<\/p><br \/>\n<br \/>\n<p><b>7. sind diese Profile mit anderen Bausystemen kompatibel?<\/b><\/p>\n<p>Ja, sie sind so konzipiert, dass sie sich nahtlos in Glas-, Stein- und Verbundpaneelsysteme im Architekturbau integrieren lassen.<br \/>\n<\/p><br \/>\n<br \/>\n<p><b>8. welche Oberfl\u00e4chenausf\u00fchrungen sind f\u00fcr diese Profile erh\u00e4ltlich?<\/b><\/p>\n<p>Zu den verf\u00fcgbaren Oberfl\u00e4chen geh\u00f6ren eloxiert, pulverbeschichtet, geb\u00fcrstet und kundenspezifische Texturen, um \u00e4sthetischen und funktionalen Anforderungen gerecht zu werden.<br \/>\n<\/p><br \/><\/p>","protected":false},"featured_media":7625,"template":"","categories":[67],"class_list":["post-7626","product","type-product","status-publish","has-post-thumbnail","hentry","category-architectural-aluminium-profile"],"meta_box":{"hilight_text_group":{"product_hilight_text":"<li>High precision extrusion ensures consistent quality for architectural applications<\/li>\r\r\n<li>Lightweight and strong aluminum ideal for modern building structures<\/li>\r\r\n<li>Corrosion-resistant finishes suitable for exterior environments<\/li>\r\r\n<li>Available in a wide range of shapes, sizes, and custom designs<\/li>\r\r\n<li>Supports thermal break technology for energy-efficient buildings<\/li>\r\r\n<li>Compatible with curtain walls, fa?ades, windows, and door systems<\/li>\r\r\n<li>Enhances building aesthetics with sleek and contemporary profiles<\/li>","product_chanpin_blog":"<ul>\r\r\n<li><a href=\"https:\/\/sinoextrud.com\/t-slot-v-slot-differences\/\" target=\"_blank\">t slot vs v slot<\/a><\/li>\r\r\n<li><a href=\"https:\/\/sinoextrud.com\/what-is-4040-aluminium-extrud\/\" target=\"_blank\">4040 aluminium extrusion<\/a><\/li>\r\r\n<li><a href=\"https:\/\/sinoextrud.com\/what-is-4040-aluminium-extrud\/\" target=\"_blank\">aluminum extrusions for industrial racks<\/a><\/li>\r\r\n<li><a href=\"https:\/\/sinoextrud.com\/powder-coating-aluminium-process\/\" target=\"_blank\">powder coating aluminium<\/a><\/li>\r\r\n<li><a href=\"https:\/\/sinoextrud.com\/what-is-an-aluminium-strip-ceiling\/\" target=\"_blank\">aluminium strip ceiling<\/a><\/li>\r\r\n<li><a href=\"https:\/\/sinoextrud.com\/what-is-a-heat-sink\/\" target=\"_blank\">what is a heat sink<\/a><\/li>\r\r\n<\/ul>","product_chanpin_chanpin":"<li><a href=\"https:\/\/sinoextrud.com\/product\/profile-aluminium-extrusion-used-for-door\/\" target=\"_blank\">Profile Aluminium Extrusion Used For Door<\/a><\/li>\r\n<li><a href=\"https:\/\/sinoextrud.com\/product\/square-aluminum-extrusion\/\" target=\"_blank\">Square Aluminum Extrusion<\/a><\/li>\r\n<li><a href=\"https:\/\/sinoextrud.com\/product\/extruded-aluminum-drawer-pulls\/\" target=\"_blank\">Extruded Aluminum Drawer Pulls<\/a><\/li>\r\n<li><a href=\"https:\/\/sinoextrud.com\/product\/picture-frame-extrusions\/\" target=\"_blank\">Picture Frame Extrusions<\/a><\/li>\r\n<li><a href=\"https:\/\/sinoextrud.com\/product\/architectural-aluminum-extrusion-profiles\/\" target=\"_blank\">Architectural Aluminum Extrusion Profiles<\/a><\/li>\r\n<li><a href=\"https:\/\/sinoextrud.com\/product\/aluminum-outdoor-louvers\/\" target=\"_blank\">Aluminum Outdoor Louvers<\/a><\/li>\r\n<li><a href=\"https:\/\/sinoextrud.com\/product\/anodized-aluminum-frame-profile-brushed-photo-aluminum-frame-modern-decorative-industrial-frame-profile\/\" target=\"_blank\">Anodized Aluminum Frame Profile Brushed Photo Aluminum Frame Modern Decorative Industrial Frame Profile<\/a><\/li>\r\n<li><a href=\"https:\/\/sinoextrud.com\/product\/aluminum-profil-louver-roof\/\" target=\"_blank\">Aluminum Profil Louver Roof<\/a><\/li>\r\n<li><a href=\"https:\/\/sinoextrud.com\/product\/aluminum-profile-connector\/\" target=\"_blank\">Aluminum Profile Connector<\/a><\/li>\r\n<li><a href=\"https:\/\/sinoextrud.com\/product\/u-shaped-aluminum-extrusion\/\" target=\"_blank\">U Shaped Aluminum Extrusion<\/a><\/li>\r\n<li><a href=\"https:\/\/sinoextrud.com\/product\/aluminium-sliding-door-pictures-new-update-sliding-wardrobe-doors-profile-manufacturers-oem-value-frame-extrusion\/\" target=\"_blank\">aluminium sliding door pictures new update sliding wardrobe doors profile manufacturers OEM value frame extrusion<\/a><\/li>"},"feature_list":[]},"_links":{"self":[{"href":"https:\/\/sinoextrud.com\/de\/wp-json\/wp\/v2\/product\/7626","targetHints":{"allow":["GET"]}}],"collection":[{"href":"https:\/\/sinoextrud.com\/de\/wp-json\/wp\/v2\/product"}],"about":[{"href":"https:\/\/sinoextrud.com\/de\/wp-json\/wp\/v2\/types\/product"}],"wp:featuredmedia":[{"embeddable":true,"href":"https:\/\/sinoextrud.com\/de\/wp-json\/wp\/v2\/media\/7625"}],"wp:attachment":[{"href":"https:\/\/sinoextrud.com\/de\/wp-json\/wp\/v2\/media?parent=7626"}],"wp:term":[{"taxonomy":"category","embeddable":true,"href":"https:\/\/sinoextrud.com\/de\/wp-json\/wp\/v2\/categories?post=7626"}],"curies":[{"name":"wp","href":"https:\/\/api.w.org\/{rel}","templated":true}]}}