{"id":7622,"date":"2025-06-09T06:38:27","date_gmt":"2025-06-09T06:38:27","guid":{"rendered":"https:\/\/sinoextrud.com\/product\/extruded-aluminum-drawer-pulls\/"},"modified":"2025-06-24T06:13:15","modified_gmt":"2025-06-24T06:13:15","slug":"schubladengriffe-aus-stranggepresstem-aluminium","status":"publish","type":"product","link":"https:\/\/sinoextrud.com\/de\/product\/extruded-aluminum-drawer-pulls\/","title":{"rendered":"Schubladengriffe aus stranggepresstem Aluminium"},"content":{"rendered":"<h2>Produkte Details<\/h2>\n<table class=\"custom-table\">\n<tbody>\n<tr>\n<td> Produktname<\/td>\n<td> Schubladengriffe aus stranggepresstem Aluminium<\/td>\n<\/tr>\n<tr>\n<td> Material<\/td>\n<td> 6063-T5<\/td>\n<\/tr>\n<tr>\n<td> Dicke<\/td>\n<td> 0,7mm-10mm<\/td>\n<\/tr>\n<tr>\n<td> Gr\u00f6\u00dfe<\/td>\n<td> Wie angepasst<\/td>\n<\/tr>\n<tr>\n<td> L\u00e4nge<\/td>\n<td> Ma\u00dfgeschneiderte L\u00e4nge.<\/td>\n<\/tr>\n<tr>\n<td> Typische Anwendungen<\/td>\n<td> K\u00fcchenschrank und Kleiderschrank<\/td>\n<\/tr>\n<tr>\n<td> Marke<\/td>\n<td> Sinoextrud,Sinoextrud, oder OEM-Marke<\/td>\n<\/tr>\n<tr>\n<td> CNC-Verfahren<\/td>\n<td> CNC-Fr\u00e4sen, Bohren, Stanzen, Bohren, Gewindeschneiden, Biegen<\/td>\n<\/tr>\n<tr>\n<td> MOQ<\/td>\n<td> 200KG f\u00fcr jeden Artikel<\/td>\n<\/tr>\n<tr>\n<td> Oberfl\u00e4che Fertig<\/td>\n<td> Gefr\u00e4st, Holzmaserung, eloxiert, Pulverbeschichtung, Elektrophorese, geb\u00fcrstet usw.<\/td>\n<\/tr>\n<tr>\n<td> B\u00fcrgschaft<\/td>\n<td> ISO9001, ISO4001, CQM, SGS, CE, BV usw.<\/td>\n<\/tr>\n<\/tbody>\n<\/table>\n<h2>Unsere Produktionsbasis<\/h2>\n<h3>Fabrik-Panorama<\/h3>\n<p><img decoding=\"async\" src=\"\/wp-content\/uploads\/factory-01.webp\"\/><\/p>\n<h3>Werkstatt zur Herstellung von Aluminiumstangen<\/h3>\n<p><img decoding=\"async\" src=\"\/wp-content\/uploads\/factory-02.webp\"\/><\/p>\n<\/p>\n<p><img decoding=\"async\" src=\"\/wp-content\/uploads\/factory-03.webp\"\/><\/p>\n<h3>Lagerhaus f\u00fcr Formen<\/h3>\n<p><img decoding=\"async\" src=\"\/wp-content\/uploads\/factory-04.webp\"\/><\/p>\n<h3>43 Aluminium-Strangpressanlagen (500\u00e2\u20ac\"5500 Tonnen)<\/h3>\n<p><img decoding=\"async\" src=\"\/wp-content\/uploads\/factory-05.webp\"\/><\/p>\n<p><img decoding=\"async\" src=\"\/wp-content\/uploads\/factory-06.webp\"\/><\/p>\n<p><img decoding=\"async\" src=\"\/wp-content\/uploads\/factory-07.webp\"\/><\/p>\n<h3>Werkstatt f\u00fcr Pulverbeschichtung<\/h3>\n<p><img decoding=\"async\" src=\"\/wp-content\/uploads\/factory-09.webp\"\/><\/p>\n<h3>Eloxal-Werkstatt<\/h3>\n<p><img decoding=\"async\" src=\"\/wp-content\/uploads\/factory-10.webp\"\/><\/p>\n<h3>Workshop zur Tiefenverarbeitung<\/h3>\n<p><img decoding=\"async\" src=\"\/wp-content\/uploads\/factory-11.webp\"\/><\/p>\n<h3>CNC-Pr\u00e4zisionsbearbeitungswerkstatt<\/h3>\n<p><img decoding=\"async\" src=\"\/wp-content\/uploads\/factory-11.5.webp\"\/><\/p>\n<h3>Lager f\u00fcr Fertigprodukte und Export<\/h3>\n<p><img decoding=\"async\" src=\"\/wp-content\/uploads\/factory-12.webp\"\/><\/p>\n<p><img decoding=\"async\" src=\"\/wp-content\/uploads\/factory-13.webp\"\/><\/p>\n<p><img decoding=\"async\" src=\"\/wp-content\/uploads\/factory-14.webp\"\/><\/p>\n<h2>FAQ<\/h2>\n<p><b>1. was sind stranggepresste Aluminium-Schubladengriffe?<\/b><\/p>\n<p>Schubladenz\u00fcge aus stranggepresstem Aluminium sind elegante und langlebige Griffkomponenten aus stranggepresstem Aluminium, die zum \u00d6ffnen von Schubladen und Schr\u00e4nken verwendet werden.\n<\/p>\n<p><\/p>\n<p><b>2. was sind die Vorteile der Verwendung von stranggepressten Aluminium-Schubladengriffen?<\/b><\/p>\n<p>Sie bieten leichte Festigkeit, Korrosionsbest\u00e4ndigkeit, modernes Design und langfristige Verwendbarkeit in verschiedenen M\u00f6belanwendungen.\n<\/p>\n<p><\/p>\n<p><b>3. k\u00f6nnen stranggepresste Aluminium-Schubladenz\u00fcge angepasst werden?<\/b><\/p>\n<p>Ja, wir bieten kundenspezifische L\u00e4ngen, Profile, Oberfl\u00e4chen und Farben, die zu verschiedenen Schranktypen und Designthemen passen.\n<\/p>\n<p><\/p>\n<p><b>4. sind diese Schubladengriffe f\u00fcr den Einsatz in der K\u00fcche geeignet?<\/b><\/p>\n<p>Ja, ihre Korrosionsbest\u00e4ndigkeit und ihr modernes Aussehen machen sie ideal f\u00fcr K\u00fcchen, aber auch f\u00fcr B\u00e4der und B\u00fcros.\n<\/p>\n<p><\/p>\n<p><b>5. welche Oberfl\u00e4chen sind f\u00fcr Schubladengriffe aus stranggepresstem Aluminium erh\u00e4ltlich?<\/b><\/p>\n<p>Erh\u00e4ltlich sind eloxierte, geb\u00fcrstete, matte, polierte und pulverbeschichtete Ausf\u00fchrungen f\u00fcr optische Vielseitigkeit und Schutz.\n<\/p>\n<p><\/p>\n<p><b>Sind stranggepresste Aluminium-Schubladengriffe einfach zu installieren?<\/b><\/p>\n<p>Ja, sie sind f\u00fcr eine einfache Installation mit handels\u00fcblichen Schrauben und Montagezubeh\u00f6r ausgelegt.\n<\/p>\n<p><\/p>\n<p><b>7. wo k\u00f6nnen stranggepresste Aluminium-Schubladengriffe verwendet werden?<\/b><\/p>\n<p>Sie werden h\u00e4ufig in Wohnschr\u00e4nken, B\u00fcrom\u00f6beln, Werkzeugtruhen und gewerblichen Lagereinheiten verwendet.\n<\/p>\n<p><\/p>\n<p><b>8. sind diese Schubladengriffe widerstandsf\u00e4hig gegen Abnutzung und Fingerabdr\u00fccke?<\/b><\/p>\n<p>Ja, viele Oberfl\u00e4chen bieten eine hervorragende Best\u00e4ndigkeit gegen t\u00e4gliche Abnutzung, Flecken und Fingerabdr\u00fccke und sorgen f\u00fcr ein sauberes Aussehen.\n<\/p>\n<p><\/p>","protected":false},"featured_media":7621,"template":"","categories":[67],"class_list":["post-7622","product","type-product","status-publish","has-post-thumbnail","hentry","category-architectural-aluminium-profile"],"meta_box":{"hilight_text_group":{"product_hilight_text":"<li>Made from high-quality aluminum for strength and durability<\/li>\r\r\n<li>Lightweight and corrosion-resistant for long-lasting performance<\/li>\r\r\n<li>Sleek, modern appearance enhances cabinet and furniture aesthetics<\/li>\r\r\n<li>Available in various lengths, finishes, and styles<\/li>\r\r\n<li>Precision-extruded for consistent shape and smooth edges<\/li>\r\r\n<li>Easy to install with standard mounting hardware<\/li>\r\r\n<li>Ideal for kitchen cabinets, office furniture, and storage drawers<\/li>","product_chanpin_blog":"<ul>\r\r\n<li><a href=\"https:\/\/sinoextrud.com\/t-slot-v-slot-differences\/\" target=\"_blank\">t slot vs v slot<\/a><\/li>\r\r\n<li><a href=\"https:\/\/sinoextrud.com\/what-is-4040-aluminium-extrud\/\" target=\"_blank\">4040 aluminium extrusion<\/a><\/li>\r\r\n<li><a href=\"https:\/\/sinoextrud.com\/what-is-4040-aluminium-extrud\/\" target=\"_blank\">aluminum extrusions for industrial racks<\/a><\/li>\r\r\n<li><a href=\"https:\/\/sinoextrud.com\/powder-coating-aluminium-process\/\" target=\"_blank\">powder coating aluminium<\/a><\/li>\r\r\n<li><a href=\"https:\/\/sinoextrud.com\/what-is-an-aluminium-strip-ceiling\/\" target=\"_blank\">aluminium strip ceiling<\/a><\/li>\r\r\n<li><a href=\"https:\/\/sinoextrud.com\/what-is-a-heat-sink\/\" target=\"_blank\">what is a heat sink<\/a><\/li>\r\r\n<\/ul>","product_chanpin_chanpin":"<li><a href=\"https:\/\/sinoextrud.com\/product\/aluminum-window-extrusion-profiles\/\" target=\"_blank\">Aluminum Window Extrusion Profiles<\/a><\/li>\r\n<li><a href=\"https:\/\/sinoextrud.com\/product\/extruded-aluminium-window-frames\/\" target=\"_blank\">Extruded Aluminium Window Frames<\/a><\/li>\r\n<li><a href=\"https:\/\/sinoextrud.com\/product\/profile-aluminium-extrusion-used-for-door\/\" target=\"_blank\">Profile Aluminium Extrusion Used For Door<\/a><\/li>\r\n<li><a href=\"https:\/\/sinoextrud.com\/product\/square-aluminum-extrusion\/\" target=\"_blank\">Square Aluminum Extrusion<\/a><\/li>\r\n<li><a href=\"https:\/\/sinoextrud.com\/product\/extruded-aluminum-drawer-pulls\/\" target=\"_blank\">Extruded Aluminum Drawer Pulls<\/a><\/li>\r\n<li><a href=\"https:\/\/sinoextrud.com\/product\/picture-frame-extrusions\/\" target=\"_blank\">Picture Frame Extrusions<\/a><\/li>\r\n<li><a href=\"https:\/\/sinoextrud.com\/product\/architectural-aluminum-extrusion-profiles\/\" target=\"_blank\">Architectural Aluminum Extrusion Profiles<\/a><\/li>\r\n<li><a href=\"https:\/\/sinoextrud.com\/product\/aluminum-outdoor-louvers\/\" target=\"_blank\">Aluminum Outdoor Louvers<\/a><\/li>\r\n<li><a href=\"https:\/\/sinoextrud.com\/product\/anodized-aluminum-frame-profile-brushed-photo-aluminum-frame-modern-decorative-industrial-frame-profile\/\" target=\"_blank\">Anodized Aluminum Frame Profile Brushed Photo Aluminum Frame Modern Decorative Industrial Frame Profile<\/a><\/li>\r\n<li><a href=\"https:\/\/sinoextrud.com\/product\/cutting-aluminium-extrusion\/\" target=\"_blank\">Cutting Aluminium Extrusion<\/a><\/li>\r\n<li><a href=\"https:\/\/sinoextrud.com\/product\/custom-extruded-aluminum-enclosures-used-for-motor-shell\/\" target=\"_blank\">Custom Extruded Aluminum Enclosures Used For Motor Shell<\/a><\/li>"},"feature_list":[]},"_links":{"self":[{"href":"https:\/\/sinoextrud.com\/de\/wp-json\/wp\/v2\/product\/7622","targetHints":{"allow":["GET"]}}],"collection":[{"href":"https:\/\/sinoextrud.com\/de\/wp-json\/wp\/v2\/product"}],"about":[{"href":"https:\/\/sinoextrud.com\/de\/wp-json\/wp\/v2\/types\/product"}],"wp:featuredmedia":[{"embeddable":true,"href":"https:\/\/sinoextrud.com\/de\/wp-json\/wp\/v2\/media\/7621"}],"wp:attachment":[{"href":"https:\/\/sinoextrud.com\/de\/wp-json\/wp\/v2\/media?parent=7622"}],"wp:term":[{"taxonomy":"category","embeddable":true,"href":"https:\/\/sinoextrud.com\/de\/wp-json\/wp\/v2\/categories?post=7622"}],"curies":[{"name":"wp","href":"https:\/\/api.w.org\/{rel}","templated":true}]}}