{"id":7618,"date":"2025-06-09T06:31:07","date_gmt":"2025-06-09T06:31:07","guid":{"rendered":"https:\/\/sinoextrud.com\/product\/profile-aluminium-extrusion-used-for-door\/"},"modified":"2025-06-24T06:13:15","modified_gmt":"2025-06-24T06:13:15","slug":"profil-aus-stranggepresstem-aluminium-fur-turen","status":"publish","type":"product","link":"https:\/\/sinoextrud.com\/de\/product\/profile-aluminium-extrusion-used-for-door\/","title":{"rendered":"Profil Aluminium Strangpressen f\u00fcr T\u00fcr"},"content":{"rendered":"<h2>Produkte Details<\/h2>\n<table class=\"custom-table\">\n<tbody>\n<tr>\n<td> Name des Unternehmens<\/td>\n<td> Sinoextrud <\/td>\n<\/tr>\n<tr>\n<td> Business-Stil<\/td>\n<td> Hersteller, Import- und Exportunternehmen<\/td>\n<\/tr>\n<tr>\n<td> Marke<\/td>\n<td> Sinoextrud \/ Sinoextrud \/ Sinoextrud Aluminium-Profile<\/td>\n<\/tr>\n<tr>\n<td> Materialqualit\u00e4t<\/td>\n<td> 6061, 6063, 6005A, 6005, 6082, 6463, verf\u00fcgbar<\/td>\n<\/tr>\n<tr>\n<td> L\u00e4nge<\/td>\n<td> 1-9m, oder individuelle Anpassung<\/td>\n<\/tr>\n<tr>\n<td> MOQ<\/td>\n<td> 200KGS f\u00fcr jeden Artikel \/ Farbe<\/td>\n<\/tr>\n<tr>\n<td> Oberfl\u00e4chenbehandlung<\/td>\n<td> Walzoberfl\u00e4che, Eloxierung, Pulverbeschichtung, Elektrophorese, Fluorkohlenstoff (PVDF), Holzmaserung, poliert, geb\u00fcrstet, sandgestrahlt, usw.<\/td>\n<\/tr>\n<tr>\n<td> CNC-Verfahren<\/td>\n<td> Bohren, Biegen, Schwei\u00dfen, Gewindeschneiden, Schneiden, Stanzen, usw.<\/td>\n<\/tr>\n<tr>\n<td> Farbe<\/td>\n<td> Viele Farben, oder Anpassung an Kundenw\u00fcnsche<\/td>\n<\/tr>\n<tr>\n<td> Paket<\/td>\n<td> Innen mit Schutzfolie, Schrumpffolie oder PE-Schaum, au\u00dfen mit Karton, oder Holzrahmen oder Sonderanfertigung<\/td>\n<\/tr>\n<tr>\n<td> Zahlungsfrist<\/td>\n<td> 30% Vorauszahlung, Restbetrag vor Versand<\/td>\n<\/tr>\n<tr>\n<td> Hafen laden<\/td>\n<td> FOB Shenzhen, Guangzhou, Foshan<\/td>\n<\/tr>\n<tr>\n<td> Lieferfrist<\/td>\n<td> 25-30 Tage nach Erhalt der Anzahlung vom K\u00e4ufer.<\/td>\n<\/tr>\n<\/tbody>\n<\/table>\n<h2>Unsere Produktionsbasis<\/h2>\n<h3>Fabrik-Panorama<\/h3>\n<p><img decoding=\"async\" src=\"\/wp-content\/uploads\/factory-01.webp\"\/><\/p>\n<h3>Werkstatt zur Herstellung von Aluminiumstangen<\/h3>\n<p><img decoding=\"async\" src=\"\/wp-content\/uploads\/factory-02.webp\"\/><\/p>\n<\/p>\n<p><img decoding=\"async\" src=\"\/wp-content\/uploads\/factory-03.webp\"\/><\/p>\n<h3>Lagerhaus f\u00fcr Formen<\/h3>\n<p><img decoding=\"async\" src=\"\/wp-content\/uploads\/factory-04.webp\"\/><\/p>\n<h3>43 Aluminium-Strangpressanlagen (500\u00e2\u20ac\"5500 Tonnen)<\/h3>\n<p><img decoding=\"async\" src=\"\/wp-content\/uploads\/factory-05.webp\"\/><\/p>\n<p><img decoding=\"async\" src=\"\/wp-content\/uploads\/factory-06.webp\"\/><\/p>\n<p><img decoding=\"async\" src=\"\/wp-content\/uploads\/factory-07.webp\"\/><\/p>\n<h3>Werkstatt f\u00fcr Pulverbeschichtung<\/h3>\n<p><img decoding=\"async\" src=\"\/wp-content\/uploads\/factory-09.webp\"\/><\/p>\n<h3>Eloxal-Werkstatt<\/h3>\n<p><img decoding=\"async\" src=\"\/wp-content\/uploads\/factory-10.webp\"\/><\/p>\n<h3>Workshop zur Tiefenverarbeitung<\/h3>\n<p><img decoding=\"async\" src=\"\/wp-content\/uploads\/factory-11.webp\"\/><\/p>\n<h3>CNC-Pr\u00e4zisionsbearbeitungswerkstatt<\/h3>\n<p><img decoding=\"async\" src=\"\/wp-content\/uploads\/factory-11.5.webp\"\/><\/p>\n<h3>Lager f\u00fcr Fertigprodukte und Export<\/h3>\n<p><img decoding=\"async\" src=\"\/wp-content\/uploads\/factory-12.webp\"\/><\/p>\n<p><img decoding=\"async\" src=\"\/wp-content\/uploads\/factory-13.webp\"\/><\/p>\n<p><img decoding=\"async\" src=\"\/wp-content\/uploads\/factory-14.webp\"\/><\/p>\n<h2>FAQ<\/h2>\n<p><b>1. was ist Profil Aluminium Extrusion f\u00fcr T\u00fcr verwendet?<\/b><\/p>\n<p>Profile Aluminium Extrusion Used For Door bezieht sich auf speziell entwickelte Aluminiumprofile, die den strukturellen Rahmen f\u00fcr verschiedene Arten von T\u00fcren bilden.\n<\/p>\n<p><\/p>\n<p><b>2. welche Vorteile bietet die Verwendung von Aluminium-Strangpressprofilen f\u00fcr T\u00fcren?<\/b><\/p>\n<p>Sie bieten Festigkeit, Korrosionsbest\u00e4ndigkeit, eine leichte Struktur und unterst\u00fctzen die W\u00e4rmed\u00e4mmung in modernen T\u00fcrsystemen.\n<\/p>\n<p><\/p>\n<p><b>3. sind T\u00fcrprofile aus Aluminium f\u00fcr den Au\u00dfeneinsatz geeignet?<\/b><\/p>\n<p>Ja, die Aluminiumprofile sind korrosionsbest\u00e4ndig und so konzipiert, dass sie rauen Witterungsbedingungen standhalten und sich daher ideal f\u00fcr Au\u00dfent\u00fcren eignen.\n<\/p>\n<p><\/p>\n<p><b>4) Kann das Aluminium-Strangpressprofil f\u00fcr verschiedene T\u00fcrdesigns angepasst werden?<\/b><\/p>\n<p>Ja, wir bieten kundenspezifische Gr\u00f6\u00dfen, Farben und Oberfl\u00e4chen an, um bestimmte T\u00fcrtypen und architektonische Anforderungen zu erf\u00fcllen.\n<\/p>\n<p><\/p>\n<p><b>5) F\u00fcr welche Arten von T\u00fcren werden Aluminium-Strangpressprofile verwendet?<\/b><\/p>\n<p>Diese Profile werden f\u00fcr Schiebet\u00fcren, Dreht\u00fcren, Faltt\u00fcren und rahmenlose Glast\u00fcren verwendet.\n<\/p>\n<p><\/p>\n<p><b>6. ist das Aluminium-Strangpressprofil energieeffizient?<\/b><\/p>\n<p>Ja, es gibt Optionen zur thermischen Trennung, die die W\u00e4rme\u00fcbertragung verringern und die Energieeffizienz von Geb\u00e4uden verbessern.\n<\/p>\n<p><\/p>\n<p><b>7. sind T\u00fcrprofile aus Aluminium leicht zu montieren?<\/b><\/p>\n<p>Ja, sie sind leicht und so konstruiert, dass sie mit Standardarmaturen kompatibel sind, was eine schnelle und effiziente Installation erm\u00f6glicht.\n<\/p>\n<p><\/p>\n<p><b>8. wo werden Aluminium-T\u00fcrprofile \u00fcblicherweise eingesetzt?<\/b><\/p>\n<p>Sie werden h\u00e4ufig in Wohn-, Gesch\u00e4fts- und Industriegeb\u00e4uden f\u00fcr Eingangst\u00fcren, Terrassent\u00fcren und Innentrennw\u00e4nde verwendet.\n<\/p>\n<p><\/p>","protected":false},"featured_media":7617,"template":"","categories":[67],"class_list":["post-7618","product","type-product","status-publish","has-post-thumbnail","hentry","category-architectural-aluminium-profile"],"meta_box":{"hilight_text_group":{"product_hilight_text":"<li>High-strength aluminum profiles provide stable and durable door framing<\/li>\r\r\n<li>Corrosion-resistant finish ensures long service life in all climates<\/li>\r\r\n<li>Lightweight design allows for easier transportation and installation<\/li>\r\r\n<li>Compatible with various door types including sliding, hinged, and folding<\/li>\r\r\n<li>Supports thermal break for improved energy efficiency<\/li>\r\r\n<li>Custom sizes, colors, and finishes available to match architectural styles<\/li>\r\r\n<li>Precision extrusion ensures consistent fit and seamless integration<\/li>","product_chanpin_blog":"<ul>\r\r\n<li><a href=\"https:\/\/sinoextrud.com\/t-slot-v-slot-differences\/\" target=\"_blank\">t slot vs v slot<\/a><\/li>\r\r\n<li><a href=\"https:\/\/sinoextrud.com\/what-is-4040-aluminium-extrud\/\" target=\"_blank\">4040 aluminium extrusion<\/a><\/li>\r\r\n<li><a href=\"https:\/\/sinoextrud.com\/what-is-4040-aluminium-extrud\/\" target=\"_blank\">aluminum extrusions for industrial racks<\/a><\/li>\r\r\n<li><a href=\"https:\/\/sinoextrud.com\/powder-coating-aluminium-process\/\" target=\"_blank\">powder coating aluminium<\/a><\/li>\r\r\n<li><a href=\"https:\/\/sinoextrud.com\/what-is-an-aluminium-strip-ceiling\/\" target=\"_blank\">aluminium strip ceiling<\/a><\/li>\r\r\n<li><a href=\"https:\/\/sinoextrud.com\/what-is-a-heat-sink\/\" target=\"_blank\">what is a heat sink<\/a><\/li>\r\r\n<\/ul>","product_chanpin_chanpin":"<li><a href=\"https:\/\/sinoextrud.com\/product\/aluminium-profiles-for-bedroom-doors\/\" target=\"_blank\">Aluminium Profiles For Bedroom Doors<\/a><\/li>\r\n<li><a href=\"https:\/\/sinoextrud.com\/product\/extruded-aluminum-framing\/\" target=\"_blank\">Extruded Aluminum Framing<\/a><\/li>\r\n<li><a href=\"https:\/\/sinoextrud.com\/product\/aluminum-window-extrusion-profiles\/\" target=\"_blank\">Aluminum Window Extrusion Profiles<\/a><\/li>\r\n<li><a href=\"https:\/\/sinoextrud.com\/product\/extruded-aluminium-window-frames\/\" target=\"_blank\">Extruded Aluminium Window Frames<\/a><\/li>\r\n<li><a href=\"https:\/\/sinoextrud.com\/product\/profile-aluminium-extrusion-used-for-door\/\" target=\"_blank\">Profile Aluminium Extrusion Used For Door<\/a><\/li>\r\n<li><a href=\"https:\/\/sinoextrud.com\/product\/square-aluminum-extrusion\/\" target=\"_blank\">Square Aluminum Extrusion<\/a><\/li>\r\n<li><a href=\"https:\/\/sinoextrud.com\/product\/extruded-aluminum-drawer-pulls\/\" target=\"_blank\">Extruded Aluminum Drawer Pulls<\/a><\/li>\r\n<li><a href=\"https:\/\/sinoextrud.com\/product\/picture-frame-extrusions\/\" target=\"_blank\">Picture Frame Extrusions<\/a><\/li>\r\n<li><a href=\"https:\/\/sinoextrud.com\/product\/architectural-aluminum-extrusion-profiles\/\" target=\"_blank\">Architectural Aluminum Extrusion Profiles<\/a><\/li>\r\n<li><a href=\"https:\/\/sinoextrud.com\/product\/aluminum-extrusion-bathroom-mirror-cabinet-aluminum-profile\/\" target=\"_blank\">Aluminum Extrusion Bathroom Mirror Cabinet Aluminum Profile<\/a><\/li>\r\n<li><a href=\"https:\/\/sinoextrud.com\/product\/aluminum-extrusion-framing-components\/\" target=\"_blank\">Aluminum Extrusion Framing Components<\/a><\/li>"},"feature_list":[]},"_links":{"self":[{"href":"https:\/\/sinoextrud.com\/de\/wp-json\/wp\/v2\/product\/7618","targetHints":{"allow":["GET"]}}],"collection":[{"href":"https:\/\/sinoextrud.com\/de\/wp-json\/wp\/v2\/product"}],"about":[{"href":"https:\/\/sinoextrud.com\/de\/wp-json\/wp\/v2\/types\/product"}],"wp:featuredmedia":[{"embeddable":true,"href":"https:\/\/sinoextrud.com\/de\/wp-json\/wp\/v2\/media\/7617"}],"wp:attachment":[{"href":"https:\/\/sinoextrud.com\/de\/wp-json\/wp\/v2\/media?parent=7618"}],"wp:term":[{"taxonomy":"category","embeddable":true,"href":"https:\/\/sinoextrud.com\/de\/wp-json\/wp\/v2\/categories?post=7618"}],"curies":[{"name":"wp","href":"https:\/\/api.w.org\/{rel}","templated":true}]}}