{"id":7615,"date":"2025-06-09T06:27:13","date_gmt":"2025-06-09T06:27:13","guid":{"rendered":"https:\/\/sinoextrud.com\/product\/extruded-aluminium-window-frames\/"},"modified":"2025-06-25T02:04:36","modified_gmt":"2025-06-25T02:04:36","slug":"fensterrahmen-aus-stranggepresstem-aluminium","status":"publish","type":"product","link":"https:\/\/sinoextrud.com\/de\/product\/extruded-aluminium-window-frames\/","title":{"rendered":"Stranggepresste Aluminium-Fensterrahmen"},"content":{"rendered":"<h2>Produkte Details<\/h2>\n<table class=\"custom-table\">\n<tr>\n<td class=\"label\">Name<\/td>\n<td>Stranggepresste Aluminium-Fensterrahmen<\/td>\n<\/tr>\n<\/table>\n<h2>Unsere Produktionsbasis<\/h2>\n<h3>Fabrik-Panorama<\/h3>\n<p><img decoding=\"async\" src=\"\/wp-content\/uploads\/factory-01.webp\"\/><\/p>\n<h3>Werkstatt zur Herstellung von Aluminiumstangen<\/h3>\n<p><img decoding=\"async\" src=\"\/wp-content\/uploads\/factory-02.webp\"\/><\/p>\n<\/p>\n<p><img decoding=\"async\" src=\"\/wp-content\/uploads\/factory-03.webp\"\/><\/p>\n<h3>Lagerhaus f\u00fcr Formen<\/h3>\n<p><img decoding=\"async\" src=\"\/wp-content\/uploads\/factory-04.webp\"\/><\/p>\n<h3>43 Aluminium-Strangpressanlagen (500\u00e2\u20ac\"5500 Tonnen)<\/h3>\n<p><img decoding=\"async\" src=\"\/wp-content\/uploads\/factory-05.webp\"\/><\/p>\n<p><img decoding=\"async\" src=\"\/wp-content\/uploads\/factory-06.webp\"\/><\/p>\n<p><img decoding=\"async\" src=\"\/wp-content\/uploads\/factory-07.webp\"\/><\/p>\n<h3>Werkstatt f\u00fcr Pulverbeschichtung<\/h3>\n<p><img decoding=\"async\" src=\"\/wp-content\/uploads\/factory-09.webp\"\/><\/p>\n<h3>Eloxal-Werkstatt<\/h3>\n<p><img decoding=\"async\" src=\"\/wp-content\/uploads\/factory-10.webp\"\/><\/p>\n<h3>Workshop zur Tiefenverarbeitung<\/h3>\n<p><img decoding=\"async\" src=\"\/wp-content\/uploads\/factory-11.webp\"\/><\/p>\n<h3>CNC-Pr\u00e4zisionsbearbeitungswerkstatt<\/h3>\n<p><img decoding=\"async\" src=\"\/wp-content\/uploads\/factory-11.5.webp\"\/><\/p>\n<h3>Lager f\u00fcr Fertigprodukte und Export<\/h3>\n<p><img decoding=\"async\" src=\"\/wp-content\/uploads\/factory-12.webp\"\/><\/p>\n<p><img decoding=\"async\" src=\"\/wp-content\/uploads\/factory-13.webp\"\/><\/p>\n<p><img decoding=\"async\" src=\"\/wp-content\/uploads\/factory-14.webp\"\/><\/p>\n<h2>FAQ<\/h2>\n<p><b>1. was sind stranggepresste Aluminium-Fensterrahmen?<\/b><\/p>\n<p>Stranggepresste Aluminium-Fensterrahmen sind hochpr\u00e4zise Aluminiumprofile, die zum Bau von Fenstersystemen mit \u00fcberlegener Festigkeit und Leistung verwendet werden.\n<\/p>\n<p><\/p>\n<p><b>2. warum stranggepresste Aluminium-Fensterrahmen verwenden?<\/b><\/p>\n<p>Sie zeichnen sich durch lange Haltbarkeit, Korrosionsbest\u00e4ndigkeit und Energieeffizienz aus und sind daher ideal f\u00fcr moderne Fensterinstallationen.\n<\/p>\n<p><\/p>\n<p><b>3. sind stranggepresste Aluminiumfensterrahmen witterungsbest\u00e4ndig?<\/b><\/p>\n<p>Ja, sie sind korrosionsbest\u00e4ndig und so gebaut, dass sie Regen, Sonne und anderen Umwelteinfl\u00fcssen standhalten.\n<\/p>\n<p><\/p>\n<p><b>4. k\u00f6nnen stranggepresste Aluminium-Fensterrahmen individuell gestaltet werden?<\/b><\/p>\n<p>Ja, wir bieten Anpassungen in Bezug auf Abmessungen, Farben, Oberfl\u00e4chen und Kompatibilit\u00e4t mit verschiedenen Glastypen.\n<\/p>\n<p><\/p>\n<p><b>5. unterst\u00fctzen stranggepresste Aluminium-Fensterrahmen W\u00e4rmebr\u00fccken?<\/b><\/p>\n<p>Ja, sie k\u00f6nnen in thermische Trennsysteme integriert werden, um die Isolierung zu verbessern und Energieverluste zu verringern.\n<\/p>\n<p><\/p>\n<p><b>6. f\u00fcr welche Arten von Geb\u00e4uden werden stranggepresste Aluminiumfensterrahmen verwendet?<\/b><\/p>\n<p>Sie werden h\u00e4ufig in Wohnh\u00e4usern, B\u00fcrogeb\u00e4uden, Einkaufszentren und Hochh\u00e4usern eingesetzt.\n<\/p>\n<p><\/p>\n<p><b>7. sind stranggepresste Aluminiumfenster leicht zu montieren?<\/b><\/p>\n<p>Ja, ihr geringes Gewicht und die pr\u00e4zise Extrusion erleichtern den Transport, das Ausrichten und die Installation.\n<\/p>\n<p><\/p>\n<p><b>8. bieten diese Fensterrahmen eine gute \u00c4sthetik?<\/b><\/p>\n<p>Ja, ihre schlanken, modernen Profile und die gro\u00dfe Auswahl an Oberfl\u00e4chen verbessern den architektonischen Reiz eines jeden Geb\u00e4udes.\n<\/p>\n<p><\/p>","protected":false},"featured_media":9132,"template":"","categories":[67],"class_list":["post-7615","product","type-product","status-publish","has-post-thumbnail","hentry","category-architectural-aluminium-profile"],"meta_box":{"hilight_text_group":{"product_hilight_text":"<li>Precision-extruded frames ensure structural stability and uniformity<\/li>\r\n\r\n<li>Made from lightweight yet strong aluminum for easy handling and durability<\/li>\r\n\r\n<li>Corrosion-resistant surface suitable for harsh weather environments<\/li>\r\n\r\n<li>Compatible with various glazing options for design flexibility<\/li>\r\n\r\n<li>Supports thermal break systems for enhanced energy efficiency<\/li>\r\n\r\n<li>Available in multiple colors and surface finishes<\/li>\r\n\r\n<li>Ideal for residential, commercial, and industrial window applications<\/li>","product_chanpin_chanpin":"<li><a href=\"https:\/\/sinoextrud.com\/product\/aluminum-fireproof-outdoor-terracce-decking-floor\/\" target=\"_blank\">Aluminum Fireproof Outdoor Terracce Decking Floor<\/a><\/li>\r\n<li><a href=\"https:\/\/sinoextrud.com\/product\/aluminium-profiles-for-bedroom-doors\/\" target=\"_blank\">Aluminium Profiles For Bedroom Doors<\/a><\/li>\r\n<li><a href=\"https:\/\/sinoextrud.com\/product\/extruded-aluminum-framing\/\" target=\"_blank\">Extruded Aluminum Framing<\/a><\/li>\r\n<li><a href=\"https:\/\/sinoextrud.com\/product\/aluminum-window-extrusion-profiles\/\" target=\"_blank\">Aluminum Window Extrusion Profiles<\/a><\/li>\r\n<li><a href=\"https:\/\/sinoextrud.com\/product\/extruded-aluminium-window-frames\/\" target=\"_blank\">Extruded Aluminium Window Frames<\/a><\/li>\r\n<li><a href=\"https:\/\/sinoextrud.com\/product\/profile-aluminium-extrusion-used-for-door\/\" target=\"_blank\">Profile Aluminium Extrusion Used For Door<\/a><\/li>\r\n<li><a href=\"https:\/\/sinoextrud.com\/product\/square-aluminum-extrusion\/\" target=\"_blank\">Square Aluminum Extrusion<\/a><\/li>\r\n<li><a href=\"https:\/\/sinoextrud.com\/product\/extruded-aluminum-drawer-pulls\/\" target=\"_blank\">Extruded Aluminum Drawer Pulls<\/a><\/li>\r\n<li><a href=\"https:\/\/sinoextrud.com\/product\/picture-frame-extrusions\/\" target=\"_blank\">Picture Frame Extrusions<\/a><\/li>\r\n<li><a href=\"https:\/\/sinoextrud.com\/product\/wood-grain-customize-aluminium-extrusion-rail\/\" target=\"_blank\">Wood Grain Customize Aluminium Extrusion Rail<\/a><\/li>\r\n<li><a href=\"https:\/\/sinoextrud.com\/product\/extruded-aluminum-framing-systems\/\" target=\"_blank\">Extruded Aluminum Framing Systems<\/a><\/li>","product_chanpin_blog":"<ul>\r\n\r\n<li><a href=\"https:\/\/sinoextrud.com\/t-slot-v-slot-differences\/\" target=\"_blank\">t slot vs v slot<\/a><\/li>\r\n\r\n<li><a href=\"https:\/\/sinoextrud.com\/what-is-4040-aluminium-extrud\/\" target=\"_blank\">4040 aluminium extrusion<\/a><\/li>\r\n\r\n<li><a href=\"https:\/\/sinoextrud.com\/what-is-4040-aluminium-extrud\/\" target=\"_blank\">aluminum extrusions for industrial racks<\/a><\/li>\r\n\r\n<li><a href=\"https:\/\/sinoextrud.com\/powder-coating-aluminium-process\/\" target=\"_blank\">powder coating aluminium<\/a><\/li>\r\n\r\n<li><a href=\"https:\/\/sinoextrud.com\/what-is-an-aluminium-strip-ceiling\/\" target=\"_blank\">aluminium strip ceiling<\/a><\/li>\r\n\r\n<li><a href=\"https:\/\/sinoextrud.com\/what-is-a-heat-sink\/\" target=\"_blank\">what is a heat sink<\/a><\/li>\r\n\r\n<\/ul>"},"feature_list":[]},"_links":{"self":[{"href":"https:\/\/sinoextrud.com\/de\/wp-json\/wp\/v2\/product\/7615","targetHints":{"allow":["GET"]}}],"collection":[{"href":"https:\/\/sinoextrud.com\/de\/wp-json\/wp\/v2\/product"}],"about":[{"href":"https:\/\/sinoextrud.com\/de\/wp-json\/wp\/v2\/types\/product"}],"wp:featuredmedia":[{"embeddable":true,"href":"https:\/\/sinoextrud.com\/de\/wp-json\/wp\/v2\/media\/9132"}],"wp:attachment":[{"href":"https:\/\/sinoextrud.com\/de\/wp-json\/wp\/v2\/media?parent=7615"}],"wp:term":[{"taxonomy":"category","embeddable":true,"href":"https:\/\/sinoextrud.com\/de\/wp-json\/wp\/v2\/categories?post=7615"}],"curies":[{"name":"wp","href":"https:\/\/api.w.org\/{rel}","templated":true}]}}