{"id":7608,"date":"2025-06-09T03:04:44","date_gmt":"2025-06-09T03:04:44","guid":{"rendered":"https:\/\/sinoextrud.com\/product\/extruded-aluminum-framing\/"},"modified":"2025-06-24T06:13:14","modified_gmt":"2025-06-24T06:13:14","slug":"rahmen-aus-stranggepresstem-aluminium","status":"publish","type":"product","link":"https:\/\/sinoextrud.com\/de\/product\/extruded-aluminum-framing\/","title":{"rendered":"Rahmen aus stranggepresstem Aluminium"},"content":{"rendered":"<h2>Produkte Details<\/h2>\n<table class=\"custom-table\">\n<tr>\n<td class=\"label\">\nArt:<\/td>\n<td> Stranggepresstes Aluminium-Rahmenprofil, industriell genutzt<\/td>\n<\/tr>\n<tr>\n<td class=\"label\">Temperament:<\/td>\n<td> T3-T8<\/td>\n<\/tr>\n<tr>\n<td class=\"label\">Oberfl\u00e4chenveredelung:<\/td>\n<td> Anodische Oxidation<\/td>\n<\/tr>\n<tr>\n<td class=\"label\">Zertifizierung:<\/td>\n<td> CE, ISO<\/td>\n<\/tr>\n<tr>\n<td class=\"label\">Warenzeichen:<\/td>\n<td> Sonnenaufgang<\/td>\n<\/tr>\n<tr>\n<td class=\"label\">Herkunft:<\/td>\n<td> Foshan, Guangdong, China<\/td>\n<\/tr>\n<tr>\n<td class=\"label\">Note:<\/td>\n<td> Serie 6000<\/td>\n<\/tr>\n<tr>\n<td class=\"label\">Legierung:<\/td>\n<td> Legierung<\/td>\n<\/tr>\n<tr>\n<td class=\"label\">Legierungsbestandteil:<\/td>\n<td> 6061<\/td>\n<\/tr>\n<tr>\n<td class=\"label\">Stil:<\/td>\n<td> Gemeinsame<\/td>\n<\/tr>\n<tr>\n<td class=\"label\">Spezifikation:<\/td>\n<td> CE, SGS, FORM E<\/td>\n<\/tr>\n<\/table>\n<h2>Unsere Produktionsbasis<\/h2>\n<h3>Fabrik-Panorama<\/h3>\n<p><img decoding=\"async\" src=\"\/wp-content\/uploads\/factory-01.webp\"\/><\/p>\n<h3>Werkstatt zur Herstellung von Aluminiumstangen<\/h3>\n<p><img decoding=\"async\" src=\"\/wp-content\/uploads\/factory-02.webp\"\/><\/p>\n<p><img decoding=\"async\" src=\"\/wp-content\/uploads\/factory-03.webp\"\/><\/p>\n<h3>Lagerhaus f\u00fcr Formen<\/h3>\n<p><img decoding=\"async\" src=\"\/wp-content\/uploads\/factory-04.webp\"\/><\/p>\n<h3>43 Aluminium-Strangpressanlagen (500\u00e2\u20ac\"5500 Tonnen)<\/h3>\n<p><img decoding=\"async\" src=\"\/wp-content\/uploads\/factory-05.webp\"\/><\/p>\n<p><img decoding=\"async\" src=\"\/wp-content\/uploads\/factory-06.webp\"\/><\/p>\n<p><img decoding=\"async\" src=\"\/wp-content\/uploads\/factory-07.webp\"\/><\/p>\n<h3>Werkstatt f\u00fcr Pulverbeschichtung<\/h3>\n<p><img decoding=\"async\" src=\"\/wp-content\/uploads\/factory-09.webp\"\/><\/p>\n<h3>Eloxal-Werkstatt<\/h3>\n<p><img decoding=\"async\" src=\"\/wp-content\/uploads\/factory-10.webp\"\/><\/p>\n<h3>Workshop zur Tiefenverarbeitung<\/h3>\n<p><img decoding=\"async\" src=\"\/wp-content\/uploads\/factory-11.webp\"\/><\/p>\n<h3>CNC-Pr\u00e4zisionsbearbeitungswerkstatt<\/h3>\n<p><img decoding=\"async\" src=\"\/wp-content\/uploads\/factory-11.5.webp\"\/><\/p>\n<h3>Lager f\u00fcr Fertigprodukte und Export<\/h3>\n<p><img decoding=\"async\" src=\"\/wp-content\/uploads\/factory-12.webp\"\/><\/p>\n<p><img decoding=\"async\" src=\"\/wp-content\/uploads\/factory-13.webp\"\/><\/p>\n<p><img decoding=\"async\" src=\"\/wp-content\/uploads\/factory-14.webp\"\/><\/p>\n<h2>FAQ<\/h2>\n<p><p><b>1. was ist ein stranggepresster Aluminiumrahmen?<\/b><\/p>\n<p>Stranggepresster Aluminiumrahmen ist ein modulares Struktursystem aus hochfesten Aluminiumprofilen, das in industriellen und gewerblichen Anwendungen eingesetzt wird.<br \/>\n<\/p><br \/>\n<br \/>\n<p><b>Was sind die Vorteile der Verwendung von stranggepresstem Aluminiumrahmen?<\/b><\/p>\n<p>Stranggepresste Aluminiumrahmen bieten Langlebigkeit, Flexibilit\u00e4t, Korrosionsbest\u00e4ndigkeit und einfache Anpassungsm\u00f6glichkeiten f\u00fcr eine Vielzahl von Projekten.<br \/>\n<\/p><br \/>\n<br \/>\n<p><b>3. sind stranggepresste Aluminiumrahmen leicht zu montieren?<\/b><\/p>\n<p>Ja, das modulare Design der stranggepressten Aluminiumrahmen erm\u00f6glicht eine schnelle und werkzeugeffiziente Montage.<br \/>\n<\/p><br \/>\n<br \/>\n<p><b>4. k\u00f6nnen stranggepresste Aluminiumrahmen wiederverwendet oder umgestaltet werden?<\/b><\/p>\n<p>Ja, stranggepresste Aluminiumrahmensysteme k\u00f6nnen demontiert und neu konfiguriert werden, ohne dass die strukturelle Integrit\u00e4t beeintr\u00e4chtigt wird.<br \/>\n<\/p><br \/>\n<br \/>\n<p><b>5. ist dieses Rahmensystem f\u00fcr Schwerlastanwendungen geeignet?<\/b><\/p>\n<p>Ja, stranggepresste Aluminiumrahmen sind so konstruiert, dass sie schwere Lasten tragen und gleichzeitig eine leichte Struktur aufweisen.<br \/>\n<\/p><br \/>\n<br \/>\n<p><b>6. sind Zubeh\u00f6r und Verbindungselemente f\u00fcr stranggepresste Aluminiumrahmen erh\u00e4ltlich?<\/b><\/p>\n<p>Ja, eine ganze Reihe von kompatiblen Steckern, Halterungen und Zubeh\u00f6r ist f\u00fcr eine vielseitige Montage erh\u00e4ltlich.<br \/>\n<\/p><br \/>\n<br \/>\n<p><b>7. sind stranggepresste Aluminiumrahmen korrosionsbest\u00e4ndig?<\/b><\/p>\n<p>Ja, stranggepresste Aluminiumrahmen werden mit eloxierten oder beschichteten Oberfl\u00e4chen geliefert, die eine ausgezeichnete Korrosionsbest\u00e4ndigkeit bieten.<br \/>\n<\/p><br \/>\n<br \/>\n<p><b>8. kann ich Sonderl\u00e4ngen oder -querschnitte f\u00fcr Aluminiumrahmen erhalten?<\/b><\/p>\n<p>Ja, wir bieten ma\u00dfgeschneiderte Rahmen aus stranggepresstem Aluminium an, die auf Ihre spezifischen Design- und Ma\u00dfanforderungen zugeschnitten sind.<br \/>\n<\/p><br \/><\/p>","protected":false},"featured_media":7607,"template":"","categories":[67],"class_list":["post-7608","product","type-product","status-publish","has-post-thumbnail","hentry","category-architectural-aluminium-profile"],"meta_box":{"hilight_text_group":{"product_hilight_text":"<li>High-strength extruded aluminum for robust structural support<\/li>\r\r\n<li>Modular design allows easy assembly and reconfiguration<\/li>\r\r\n<li>Lightweight yet durable for various industrial applications<\/li>\r\r\n<li>Corrosion-resistant surface suitable for harsh environments<\/li>\r\r\n<li>Compatible with a wide range of connectors and accessories<\/li>","product_chanpin_blog":"<ul>\r\r\n<li><a href=\"https:\/\/sinoextrud.com\/t-slot-v-slot-differences\/\" target=\"_blank\">t slot vs v slot<\/a><\/li>\r\r\n<li><a href=\"https:\/\/sinoextrud.com\/what-is-4040-aluminium-extrud\/\" target=\"_blank\">4040 aluminium extrusion<\/a><\/li>\r\r\n<li><a href=\"https:\/\/sinoextrud.com\/what-is-4040-aluminium-extrud\/\" target=\"_blank\">aluminum extrusions for industrial racks<\/a><\/li>\r\r\n<li><a href=\"https:\/\/sinoextrud.com\/powder-coating-aluminium-process\/\" target=\"_blank\">powder coating aluminium<\/a><\/li>\r\r\n<li><a href=\"https:\/\/sinoextrud.com\/what-is-an-aluminium-strip-ceiling\/\" target=\"_blank\">aluminium strip ceiling<\/a><\/li>\r\r\n<li><a href=\"https:\/\/sinoextrud.com\/what-is-a-heat-sink\/\" target=\"_blank\">what is a heat sink<\/a><\/li>\r\r\n<\/ul>","product_chanpin_chanpin":"<li><a href=\"https:\/\/sinoextrud.com\/product\/aluminum-extrusion-profile-for-clean-room\/\" target=\"_blank\">Aluminum Extrusion Profile For Clean Room<\/a><\/li>\r\n<li><a href=\"https:\/\/sinoextrud.com\/product\/aluminum-extrusion-profile-rolling-shutter\/\" target=\"_blank\">Aluminum Extrusion Profile Rolling Shutter<\/a><\/li>\r\n<li><a href=\"https:\/\/sinoextrud.com\/product\/aluminum-fireproof-outdoor-terracce-decking-floor\/\" target=\"_blank\">Aluminum Fireproof Outdoor Terracce Decking Floor<\/a><\/li>\r\n<li><a href=\"https:\/\/sinoextrud.com\/product\/aluminium-profiles-for-bedroom-doors\/\" target=\"_blank\">Aluminium Profiles For Bedroom Doors<\/a><\/li>\r\n<li><a href=\"https:\/\/sinoextrud.com\/product\/extruded-aluminum-framing\/\" target=\"_blank\">Extruded Aluminum Framing<\/a><\/li>\r\n<li><a href=\"https:\/\/sinoextrud.com\/product\/aluminum-window-extrusion-profiles\/\" target=\"_blank\">Aluminum Window Extrusion Profiles<\/a><\/li>\r\n<li><a href=\"https:\/\/sinoextrud.com\/product\/extruded-aluminium-window-frames\/\" target=\"_blank\">Extruded Aluminium Window Frames<\/a><\/li>\r\n<li><a href=\"https:\/\/sinoextrud.com\/product\/profile-aluminium-extrusion-used-for-door\/\" target=\"_blank\">Profile Aluminium Extrusion Used For Door<\/a><\/li>\r\n<li><a href=\"https:\/\/sinoextrud.com\/product\/square-aluminum-extrusion\/\" target=\"_blank\">Square Aluminum Extrusion<\/a><\/li>\r\n<li><a href=\"https:\/\/sinoextrud.com\/product\/6063-slotted-aluminum-bar-extrusion-profiles\/\" target=\"_blank\">6063 Slotted Aluminum Bar Extrusion Profiles<\/a><\/li>\r\n<li><a href=\"https:\/\/sinoextrud.com\/product\/6063-t5-extruded-aluminum-t-slot\/\" target=\"_blank\">6063 T5 Extruded Aluminum T Slot<\/a><\/li>"},"feature_list":[]},"_links":{"self":[{"href":"https:\/\/sinoextrud.com\/de\/wp-json\/wp\/v2\/product\/7608","targetHints":{"allow":["GET"]}}],"collection":[{"href":"https:\/\/sinoextrud.com\/de\/wp-json\/wp\/v2\/product"}],"about":[{"href":"https:\/\/sinoextrud.com\/de\/wp-json\/wp\/v2\/types\/product"}],"wp:featuredmedia":[{"embeddable":true,"href":"https:\/\/sinoextrud.com\/de\/wp-json\/wp\/v2\/media\/7607"}],"wp:attachment":[{"href":"https:\/\/sinoextrud.com\/de\/wp-json\/wp\/v2\/media?parent=7608"}],"wp:term":[{"taxonomy":"category","embeddable":true,"href":"https:\/\/sinoextrud.com\/de\/wp-json\/wp\/v2\/categories?post=7608"}],"curies":[{"name":"wp","href":"https:\/\/api.w.org\/{rel}","templated":true}]}}