{"id":7606,"date":"2025-06-09T03:01:46","date_gmt":"2025-06-09T03:01:46","guid":{"rendered":"https:\/\/sinoextrud.com\/product\/aluminium-profiles-for-bedroom-doors\/"},"modified":"2025-06-24T06:13:14","modified_gmt":"2025-06-24T06:13:14","slug":"aluminiumprofile-fur-zimmerturen","status":"publish","type":"product","link":"https:\/\/sinoextrud.com\/de\/product\/aluminium-profiles-for-bedroom-doors\/","title":{"rendered":"Aluminiumprofile f\u00fcr Schlafraumt\u00fcren"},"content":{"rendered":"<h2>Produkte Details<\/h2>\n<table class=\"custom-table\">\n<tr>\n<td class=\"label\">Typ<\/td>\n<td>Aluminiun-Eckverbindung Fenster<\/td>\n<\/tr>\n<tr>\n<td class=\"label\">Aluminium-Profile<\/td>\n<td>Material: Aluminiumlegierung 6063-T5<br \/>\nOberfl\u00e4chenbehandlung: Holzmaserung pulverbeschichtet, Elektrophorese, Eloxieren, Sandstrahlen, etc.<br \/>\nFarbe: grau\/champagnerfarben, \/Holzmaserung\/wei\u00df\/gr\u00fcn\/schwarz und individuell etc.<br \/>\nTh\n  <\/td>\n<\/tr>\n<tr>\n<td class=\"label\">Paket<\/td>\n<td>Schutzschaum+W\u00e4rmekontrahierte Plastikfolie. \/ Holzverpackung \/ Metallpalette oder<br \/>\nh\u00e4ngen von den speziellen Anforderungen der Kunden ab.<\/td>\n<\/tr>\n<tr>\n<td class=\"label\">Zahlungsfrist<\/td>\n<td>1) T\/T: 30% des Gesamtwertes als Depositum sollte durch T\/T innerhalb von 3 Tagen bezahlt werden, wenn<br \/>\nAuftragsbest\u00e4tigung, und der Restbetrag sollte per T\/T vor dem Packen des Containers bezahlt werden.<br \/>\n2) L\/C: 30% des Gesamtwertes als Anzahlung sollte durch T\/T innerhalb von 3 Tagen nach Best\u00e4tigung der Bestellung bezahlt werden, und die restliche Summe sollte durch L\/C bei Sicht bezahlt werden.<\/td>\n<\/tr>\n<\/table>\n<h2>Unsere Produktionsbasis<\/h2>\n<h3>Fabrik-Panorama<\/h3>\n<p><img decoding=\"async\" src=\"\/wp-content\/uploads\/factory-01.webp\"\/><\/p>\n<h3>Werkstatt zur Herstellung von Aluminiumstangen<\/h3>\n<p><img decoding=\"async\" src=\"\/wp-content\/uploads\/factory-02.webp\"\/><\/p>\n<\/p>\n<p><img decoding=\"async\" src=\"\/wp-content\/uploads\/factory-03.webp\"\/><\/p>\n<h3>Lagerhaus f\u00fcr Formen<\/h3>\n<p><img decoding=\"async\" src=\"\/wp-content\/uploads\/factory-04.webp\"\/><\/p>\n<h3>43 Aluminium-Strangpressanlagen (500\u00e2\u20ac\"5500 Tonnen)<\/h3>\n<p><img decoding=\"async\" src=\"\/wp-content\/uploads\/factory-05.webp\"\/><\/p>\n<p><img decoding=\"async\" src=\"\/wp-content\/uploads\/factory-06.webp\"\/><\/p>\n<p><img decoding=\"async\" src=\"\/wp-content\/uploads\/factory-07.webp\"\/><\/p>\n<h3>Werkstatt f\u00fcr Pulverbeschichtung<\/h3>\n<p><img decoding=\"async\" src=\"\/wp-content\/uploads\/factory-09.webp\"\/><\/p>\n<h3>Eloxal-Werkstatt<\/h3>\n<p><img decoding=\"async\" src=\"\/wp-content\/uploads\/factory-10.webp\"\/><\/p>\n<h3>Workshop zur Tiefenverarbeitung<\/h3>\n<p><img decoding=\"async\" src=\"\/wp-content\/uploads\/factory-11.webp\"\/><\/p>\n<h3>CNC-Pr\u00e4zisionsbearbeitungswerkstatt<\/h3>\n<p><img decoding=\"async\" src=\"\/wp-content\/uploads\/factory-11.5.webp\"\/><\/p>\n<h3>Lager f\u00fcr Fertigprodukte und Export<\/h3>\n<p><img decoding=\"async\" src=\"\/wp-content\/uploads\/factory-12.webp\"\/><\/p>\n<p><img decoding=\"async\" src=\"\/wp-content\/uploads\/factory-13.webp\"\/><\/p>\n<p><img decoding=\"async\" src=\"\/wp-content\/uploads\/factory-14.webp\"\/><\/p>\n<h2>FAQ<\/h2>\n<p><b>1. was sind Aluminiumprofile f\u00fcr Zimmert\u00fcren?<\/b><\/p>\n<p>Aluminiumprofile f\u00fcr Zimmert\u00fcren sind strukturelle Rahmenelemente, die zum Bau stilvoller und langlebiger Zimmert\u00fcrrahmen verwendet werden.\n<\/p>\n<p><\/p>\n<p><b>2. sind Aluminiumprofile f\u00fcr die Verwendung in Innenr\u00e4umen geeignet?<\/b><\/p>\n<p>Ja, Aluminiumprofile sind aufgrund ihrer Korrosionsbest\u00e4ndigkeit und ihres eleganten Aussehens ideal f\u00fcr den Innenbereich geeignet.\n<\/p>\n<p><\/p>\n<p><b>3. welche Vorteile haben Aluminiumprofile f\u00fcr Zimmert\u00fcren?<\/b><\/p>\n<p>Aluminiumprofile bieten eine leichte, stabile und rostfreie L\u00f6sung, die das moderne Innendesign unterst\u00fctzt.\n<\/p>\n<p><\/p>\n<p><b>4. kann ich f\u00fcr die Profile der Schlafzimmert\u00fcren individuelle Farben oder Oberfl\u00e4chen erhalten?<\/b><\/p>\n<p>Ja, unsere Aluminiumprofile f\u00fcr Schlafzimmert\u00fcren sind in verschiedenen Farben und Ausf\u00fchrungen erh\u00e4ltlich, die zu unterschiedlichen Einrichtungsthemen passen.\n<\/p>\n<p><\/p>\n<p><b>5) Sind die Aluminiumprofile einfach zu installieren?<\/b><\/p>\n<p>Ja, unsere Aluminiumprofile sind pr\u00e4zisionsgeschnitten und f\u00fcr eine einfache Montage mit minimalem Werkzeugaufwand konzipiert.\n<\/p>\n<p><\/p>\n<p><b>6. rosten oder korrodieren Aluminiumprofile mit der Zeit?<\/b><\/p>\n<p>Nein, Aluminiumprofile sind korrosionsbest\u00e4ndig und behalten ihr Aussehen in feuchter Umgebung oder in Innenr\u00e4umen.\n<\/p>\n<p><\/p>\n<p><b>7. k\u00f6nnen diese Profile f\u00fcr Schiebe- oder Pendelt\u00fcren im Schlafzimmer verwendet werden?<\/b><\/p>\n<p>Ja, unsere Aluminiumprofile eignen sich sowohl f\u00fcr Schiebe- als auch f\u00fcr Dreht\u00fcrsysteme f\u00fcr Schlafzimmer.\n<\/p>\n<p><\/p>\n<p><b>8. bieten Sie kundenspezifische Gr\u00f6\u00dfen f\u00fcr Aluminium-Schlafzimmert\u00fcrprofile an?<\/b><\/p>\n<p>Ja, wir liefern ma\u00dfgeschneiderte Aluminiumprofile, die auf Ihre spezifischen Gr\u00f6\u00dfen- und Designanforderungen zugeschnitten sind.\n<\/p>\n<p><\/p>","protected":false},"featured_media":7605,"template":"","categories":[67],"class_list":["post-7606","product","type-product","status-publish","has-post-thumbnail","hentry","category-architectural-aluminium-profile"],"meta_box":{"hilight_text_group":{"product_hilight_text":"<li>High-quality aluminum alloy ensures durability and long-lasting performance<\/li>\r\r\n<li>Modern and sleek design enhances bedroom aesthetics<\/li>\r\r\n<li>Lightweight structure allows for easy door operation<\/li>\r\r\n<li>Corrosion-resistant surface suitable for humid indoor environments<\/li>\r\r\n<li>Customizable colors and finishes to match interior styles<\/li>","product_chanpin_blog":"<ul>\r\r\n<li><a href=\"https:\/\/sinoextrud.com\/t-slot-v-slot-differences\/\" target=\"_blank\">t slot vs v slot<\/a><\/li>\r\r\n<li><a href=\"https:\/\/sinoextrud.com\/what-is-4040-aluminium-extrud\/\" target=\"_blank\">4040 aluminium extrusion<\/a><\/li>\r\r\n<li><a href=\"https:\/\/sinoextrud.com\/what-is-4040-aluminium-extrud\/\" target=\"_blank\">aluminum extrusions for industrial racks<\/a><\/li>\r\r\n<li><a href=\"https:\/\/sinoextrud.com\/powder-coating-aluminium-process\/\" target=\"_blank\">powder coating aluminium<\/a><\/li>\r\r\n<li><a href=\"https:\/\/sinoextrud.com\/what-is-an-aluminium-strip-ceiling\/\" target=\"_blank\">aluminium strip ceiling<\/a><\/li>\r\r\n<li><a href=\"https:\/\/sinoextrud.com\/what-is-a-heat-sink\/\" target=\"_blank\">what is a heat sink<\/a><\/li>\r\r\n<\/ul>","product_chanpin_chanpin":"<li><a href=\"https:\/\/sinoextrud.com\/product\/aluminum-mirror-frame-extrusions\/\" target=\"_blank\">Aluminum Mirror Frame Extrusions<\/a><\/li>\r\n<li><a href=\"https:\/\/sinoextrud.com\/product\/aluminum-extrusion-profile-for-clean-room\/\" target=\"_blank\">Aluminum Extrusion Profile For Clean Room<\/a><\/li>\r\n<li><a href=\"https:\/\/sinoextrud.com\/product\/aluminum-extrusion-profile-rolling-shutter\/\" target=\"_blank\">Aluminum Extrusion Profile Rolling Shutter<\/a><\/li>\r\n<li><a href=\"https:\/\/sinoextrud.com\/product\/aluminum-fireproof-outdoor-terracce-decking-floor\/\" target=\"_blank\">Aluminum Fireproof Outdoor Terracce Decking Floor<\/a><\/li>\r\n<li><a href=\"https:\/\/sinoextrud.com\/product\/aluminium-profiles-for-bedroom-doors\/\" target=\"_blank\">Aluminium Profiles For Bedroom Doors<\/a><\/li>\r\n<li><a href=\"https:\/\/sinoextrud.com\/product\/extruded-aluminum-framing\/\" target=\"_blank\">Extruded Aluminum Framing<\/a><\/li>\r\n<li><a href=\"https:\/\/sinoextrud.com\/product\/aluminum-window-extrusion-profiles\/\" target=\"_blank\">Aluminum Window Extrusion Profiles<\/a><\/li>\r\n<li><a href=\"https:\/\/sinoextrud.com\/product\/extruded-aluminium-window-frames\/\" target=\"_blank\">Extruded Aluminium Window Frames<\/a><\/li>\r\n<li><a href=\"https:\/\/sinoextrud.com\/product\/profile-aluminium-extrusion-used-for-door\/\" target=\"_blank\">Profile Aluminium Extrusion Used For Door<\/a><\/li>\r\n<li><a href=\"https:\/\/sinoextrud.com\/product\/aluminum-car-pedal-anodized-silver\/\" target=\"_blank\">Aluminum Car Pedal Anodized Silver<\/a><\/li>\r\n<li><a href=\"https:\/\/sinoextrud.com\/product\/aluminum-extrusion-aluminium-profile-for-surface-oxidized-pipe\/\" target=\"_blank\">Aluminum Extrusion Aluminium Profile for Surface Oxidized Pipe<\/a><\/li>"},"feature_list":[]},"_links":{"self":[{"href":"https:\/\/sinoextrud.com\/de\/wp-json\/wp\/v2\/product\/7606","targetHints":{"allow":["GET"]}}],"collection":[{"href":"https:\/\/sinoextrud.com\/de\/wp-json\/wp\/v2\/product"}],"about":[{"href":"https:\/\/sinoextrud.com\/de\/wp-json\/wp\/v2\/types\/product"}],"wp:featuredmedia":[{"embeddable":true,"href":"https:\/\/sinoextrud.com\/de\/wp-json\/wp\/v2\/media\/7605"}],"wp:attachment":[{"href":"https:\/\/sinoextrud.com\/de\/wp-json\/wp\/v2\/media?parent=7606"}],"wp:term":[{"taxonomy":"category","embeddable":true,"href":"https:\/\/sinoextrud.com\/de\/wp-json\/wp\/v2\/categories?post=7606"}],"curies":[{"name":"wp","href":"https:\/\/api.w.org\/{rel}","templated":true}]}}