{"id":7600,"date":"2025-06-09T02:51:03","date_gmt":"2025-06-09T02:51:03","guid":{"rendered":"https:\/\/sinoextrud.com\/product\/aluminum-extrusion-profile-for-clean-room\/"},"modified":"2025-06-24T06:13:13","modified_gmt":"2025-06-24T06:13:13","slug":"aluminium-extrusionsprofil-fur-reinraum","status":"publish","type":"product","link":"https:\/\/sinoextrud.com\/de\/product\/aluminum-extrusion-profile-for-clean-room\/","title":{"rendered":"Aluminium-Strangpressprofil f\u00fcr Reinraum"},"content":{"rendered":"<h2>Produkte Details<\/h2>\n<table class=\"custom-table\">\n<tbody>\n<tr>\n<td> Produktname<\/td>\n<td> Aluminium-Strangpressprofil f\u00fcr Reinraum<\/td>\n<\/tr>\n<tr>\n<td> Material<\/td>\n<td> 6063-T5 oder anderes gew\u00fcnschtes Material<\/td>\n<\/tr>\n<tr>\n<td> Form<\/td>\n<td> Personalisierung<\/td>\n<\/tr>\n<tr>\n<td> Dicke<\/td>\n<td> 0,7mm-10mm<\/td>\n<\/tr>\n<tr>\n<td> Gr\u00f6\u00dfe<\/td>\n<td> Nach Zeichnung oder Muster des Kunden<\/td>\n<\/tr>\n<tr>\n<td> L\u00e4nge<\/td>\n<td> Standardl\u00e4nge 1-9M, Sonderl\u00e4ngen verf\u00fcgbar<\/td>\n<\/tr>\n<tr>\n<td> Typische Anwendungen<\/td>\n<td> Reinraum, staubfreie Anlage usw.<\/td>\n<\/tr>\n<tr>\n<td> Benutzerdefinierter Typ<\/td>\n<td> Vorhandene Formgr\u00f6\u00dfe\/Zeichnung oder vom Kunden bereitgestelltes Muster<\/td>\n<\/tr>\n<tr>\n<td> Tiefgreifender Prozess<\/td>\n<td> CNC-Fr\u00e4sen, Bohren, Stanzen, Bohren, Gewindeschneiden, Biegen, Schwei\u00dfen usw.<\/td>\n<\/tr>\n<tr>\n<td> Marke<\/td>\n<td> Sinoextrud,,Sinoextrud,,benutzerdefinierte Marke avalaible<\/td>\n<\/tr>\n<tr>\n<td> Oberfl\u00e4chenbehandlung<\/td>\n<td> Walzfertig, eloxiert, pulverbeschichtet etc.<\/td>\n<\/tr>\n<tr>\n<td> Farbe<\/td>\n<td> Silber oder andere benutzerdefinierte Farbe<\/td>\n<\/tr>\n<tr>\n<td> MOQ<\/td>\n<td> 200KGs<\/td>\n<\/tr>\n<tr>\n<td> Qualit\u00e4tsstandard<\/td>\n<td> Mittleres und hohes Qualit\u00e4tsniveau<\/td>\n<\/tr>\n<tr>\n<td> Bescheinigungen<\/td>\n<td> ISO9001, ISO4001, CQM, SGS, CE, BV usw.<\/td>\n<\/tr>\n<tr>\n<td> Fabrik Produktionsf\u00e4higkeit<\/td>\n<td> Mehr als 15.000 Tonnen pro Monat<\/td>\n<\/tr>\n<tr>\n<td> Verpacken<\/td>\n<td> Innen mit Schutzfolie oder Plastikt\u00fcte, PE-Schaumstoff, au\u00dfen mit Karton, Holzrahmen oder anderen kundenspezifischen Verpackungsmethoden.<\/td>\n<\/tr>\n<\/tbody>\n<\/table>\n<h2>Unsere Produktionsbasis<\/h2>\n<h3>Fabrik-Panorama<\/h3>\n<p><img decoding=\"async\" src=\"\/wp-content\/uploads\/factory-01.webp\"\/><\/p>\n<h3>Werkstatt zur Herstellung von Aluminiumstangen<\/h3>\n<p><img decoding=\"async\" src=\"\/wp-content\/uploads\/factory-02.webp\"\/><\/p>\n<\/p>\n<p><img decoding=\"async\" src=\"\/wp-content\/uploads\/factory-03.webp\"\/><\/p>\n<h3>Lagerhaus f\u00fcr Formen<\/h3>\n<p><img decoding=\"async\" src=\"\/wp-content\/uploads\/factory-04.webp\"\/><\/p>\n<h3>43 Aluminium-Strangpressanlagen (500\u00e2\u20ac\"5500 Tonnen)<\/h3>\n<p><img decoding=\"async\" src=\"\/wp-content\/uploads\/factory-05.webp\"\/><\/p>\n<p><img decoding=\"async\" src=\"\/wp-content\/uploads\/factory-06.webp\"\/><\/p>\n<p><img decoding=\"async\" src=\"\/wp-content\/uploads\/factory-07.webp\"\/><\/p>\n<h3>Werkstatt f\u00fcr Pulverbeschichtung<\/h3>\n<p><img decoding=\"async\" src=\"\/wp-content\/uploads\/factory-09.webp\"\/><\/p>\n<h3>Eloxal-Werkstatt<\/h3>\n<p><img decoding=\"async\" src=\"\/wp-content\/uploads\/factory-10.webp\"\/><\/p>\n<h3>Workshop zur Tiefenverarbeitung<\/h3>\n<p><img decoding=\"async\" src=\"\/wp-content\/uploads\/factory-11.webp\"\/><\/p>\n<h3>CNC-Pr\u00e4zisionsbearbeitungswerkstatt<\/h3>\n<p><img decoding=\"async\" src=\"\/wp-content\/uploads\/factory-11.5.webp\"\/><\/p>\n<h3>Lager f\u00fcr Fertigprodukte und Export<\/h3>\n<p><img decoding=\"async\" src=\"\/wp-content\/uploads\/factory-12.webp\"\/><\/p>\n<p><img decoding=\"async\" src=\"\/wp-content\/uploads\/factory-13.webp\"\/><\/p>\n<p><img decoding=\"async\" src=\"\/wp-content\/uploads\/factory-14.webp\"\/><\/p>\n<h2>FAQ<\/h2>\n<p><b>1. was ist ein Aluminium-Strangpressprofil f\u00fcr den Reinraum?<\/b><\/p>\n<p>Es handelt sich um ein pr\u00e4zisionsgefertigtes Aluminiumprofil, das zum Bau von Rahmen, Trennw\u00e4nden und Ger\u00e4tetr\u00e4gern in sterilen Reinraumumgebungen verwendet wird.\n<\/p>\n<p><\/p>\n<p><b>2. warum ist Aluminiumextrusion ideal f\u00fcr Reinr\u00e4ume?<\/b><\/p>\n<p>Aluminium ist leicht, korrosionsbest\u00e4ndig und einfach zu reinigen, was es zu einem idealen Material f\u00fcr kontaminationsanf\u00e4llige Umgebungen wie Reinr\u00e4ume macht.\n<\/p>\n<p><\/p>\n<p><b>3. k\u00f6nnen diese Profile eine modulare Bauweise unterst\u00fctzen?<\/b><\/p>\n<p>Ja, die meisten Reinraum-Aluminiumprofile verf\u00fcgen \u00fcber T-Nuten f\u00fcr die modulare Montage, was Konstruktions\u00e4nderungen und -erweiterungen vereinfacht.\n<\/p>\n<p><\/p>\n<p><b>4. welche Oberfl\u00e4chenbehandlungen gibt es f\u00fcr Reinraum-Aluminiumprofile?<\/b><\/p>\n<p>Zu den \u00fcblichen Behandlungen geh\u00f6ren Eloxieren und Pulverbeschichten, die die Haltbarkeit und chemische Best\u00e4ndigkeit in sterilen Umgebungen verbessern.\n<\/p>\n<p><\/p>\n<p><b>5. sind diese Profile mit Reinraumplatten und -filtern kompatibel?<\/b><\/p>\n<p>Ja, sie sind so konzipiert, dass sie sich nahtlos in Reinraumplatten, Decken, HEPA-Filter und Durchreichefenster integrieren lassen.\n<\/p>\n<p><\/p>\n<p><b>6. bieten Sie kundenspezifische Profilabmessungen f\u00fcr spezielle Reinraumprojekte an?<\/b><\/p>\n<p>Ja, wir k\u00f6nnen auf der Grundlage Ihrer architektonischen und technischen Anforderungen individuelle Gr\u00f6\u00dfen, Formen und Vorbearbeitungen herstellen.\n<\/p>\n<p><\/p>\n<p><b>7. wo werden diese Aluminiumprofile \u00fcblicherweise verwendet?<\/b><\/p>\n<p>Sie werden h\u00e4ufig in Reinr\u00e4umen der Pharma-, Halbleiter-, Biotech- und Lebensmittelindustrie sowie in der medizinischen Fertigung eingesetzt.\n<\/p>\n<p><\/p>\n<p><b>8. ist das Profil leicht zu reinigen und zu pflegen?<\/b><\/p>\n<p>Ja, die glatte, eloxierte Oberfl\u00e4che widersteht der Ansammlung von Bakterien und l\u00e4sst sich mit Standardreinigungsmitteln leicht desinfizieren.\n<\/p>\n<p><\/p>","protected":false},"featured_media":7599,"template":"","categories":[67],"class_list":["post-7600","product","type-product","status-publish","has-post-thumbnail","hentry","category-architectural-aluminium-profile"],"meta_box":{"hilight_text_group":{"product_hilight_text":"<li>High-precision aluminum extrusion ensures cleanroom-grade assembly<\/li>\r\r\n<li>Corrosion-resistant and easy-to-clean surface ideal for sterile environments<\/li>\r\r\n<li>Modular T-slot design allows flexible and tool-free installation<\/li>\r\r\n<li>Lightweight yet strong, reducing structural load while maintaining stability<\/li>\r\r\n<li>Compatible with cleanroom panels, doors, and air filtration systems<\/li>\r\r\n<li>Available in anodized or powder-coated finishes for added protection<\/li>\r\r\n<li>Custom profiles, sizes, and machining available for specific cleanroom layouts<\/li>","product_chanpin_blog":"<ul>\r\r\n<li><a href=\"https:\/\/sinoextrud.com\/t-slot-v-slot-differences\/\" target=\"_blank\">t slot vs v slot<\/a><\/li>\r\r\n<li><a href=\"https:\/\/sinoextrud.com\/what-is-4040-aluminium-extrud\/\" target=\"_blank\">4040 aluminium extrusion<\/a><\/li>\r\r\n<li><a href=\"https:\/\/sinoextrud.com\/what-is-4040-aluminium-extrud\/\" target=\"_blank\">aluminum extrusions for industrial racks<\/a><\/li>\r\r\n<li><a href=\"https:\/\/sinoextrud.com\/powder-coating-aluminium-process\/\" target=\"_blank\">powder coating aluminium<\/a><\/li>\r\r\n<li><a href=\"https:\/\/sinoextrud.com\/what-is-an-aluminium-strip-ceiling\/\" target=\"_blank\">aluminium strip ceiling<\/a><\/li>\r\r\n<li><a href=\"https:\/\/sinoextrud.com\/what-is-a-heat-sink\/\" target=\"_blank\">what is a heat sink<\/a><\/li>\r\r\n<\/ul>","product_chanpin_chanpin":"<li><a href=\"https:\/\/sinoextrud.com\/product\/triangular-aluminium-extrusion\/\" target=\"_blank\">Triangular Aluminium Extrusion<\/a><\/li>\r\n<li><a href=\"https:\/\/sinoextrud.com\/product\/aluminum-extrusion-alloys\/\" target=\"_blank\">Aluminum Extrusion Alloys<\/a><\/li>\r\n<li><a href=\"https:\/\/sinoextrud.com\/product\/aluminum-extrusion-frame\/\" target=\"_blank\">Aluminum Extrusion Frame<\/a><\/li>\r\n<li><a href=\"https:\/\/sinoextrud.com\/product\/aluminum-mirror-frame-extrusions\/\" target=\"_blank\">Aluminum Mirror Frame Extrusions<\/a><\/li>\r\n<li><a href=\"https:\/\/sinoextrud.com\/product\/aluminum-extrusion-profile-for-clean-room\/\" target=\"_blank\">Aluminum Extrusion Profile For Clean Room<\/a><\/li>\r\n<li><a href=\"https:\/\/sinoextrud.com\/product\/aluminum-extrusion-profile-rolling-shutter\/\" target=\"_blank\">Aluminum Extrusion Profile Rolling Shutter<\/a><\/li>\r\n<li><a href=\"https:\/\/sinoextrud.com\/product\/aluminum-fireproof-outdoor-terracce-decking-floor\/\" target=\"_blank\">Aluminum Fireproof Outdoor Terracce Decking Floor<\/a><\/li>\r\n<li><a href=\"https:\/\/sinoextrud.com\/product\/aluminium-profiles-for-bedroom-doors\/\" target=\"_blank\">Aluminium Profiles For Bedroom Doors<\/a><\/li>\r\n<li><a href=\"https:\/\/sinoextrud.com\/product\/extruded-aluminum-framing\/\" target=\"_blank\">Extruded Aluminum Framing<\/a><\/li>\r\n<li><a href=\"https:\/\/sinoextrud.com\/product\/anodized-aluminium-extrusion-profile-for-frame-construction-system\/\" target=\"_blank\">Anodized aluminium extrusion profile for frame construction system<\/a><\/li>\r\n<li><a href=\"https:\/\/sinoextrud.com\/product\/anodizing-aluminium-alloy-wire-slot\/\" target=\"_blank\">Anodizing Aluminium Alloy Wire Slot<\/a><\/li>"},"feature_list":[]},"_links":{"self":[{"href":"https:\/\/sinoextrud.com\/de\/wp-json\/wp\/v2\/product\/7600","targetHints":{"allow":["GET"]}}],"collection":[{"href":"https:\/\/sinoextrud.com\/de\/wp-json\/wp\/v2\/product"}],"about":[{"href":"https:\/\/sinoextrud.com\/de\/wp-json\/wp\/v2\/types\/product"}],"wp:featuredmedia":[{"embeddable":true,"href":"https:\/\/sinoextrud.com\/de\/wp-json\/wp\/v2\/media\/7599"}],"wp:attachment":[{"href":"https:\/\/sinoextrud.com\/de\/wp-json\/wp\/v2\/media?parent=7600"}],"wp:term":[{"taxonomy":"category","embeddable":true,"href":"https:\/\/sinoextrud.com\/de\/wp-json\/wp\/v2\/categories?post=7600"}],"curies":[{"name":"wp","href":"https:\/\/api.w.org\/{rel}","templated":true}]}}