{"id":7598,"date":"2025-06-09T02:50:00","date_gmt":"2025-06-09T02:50:00","guid":{"rendered":"https:\/\/sinoextrud.com\/product\/aluminum-mirror-frame-extrusions\/"},"modified":"2025-06-24T06:13:12","modified_gmt":"2025-06-24T06:13:12","slug":"aluminium-spiegelrahmen-strangpressprofile","status":"publish","type":"product","link":"https:\/\/sinoextrud.com\/de\/product\/aluminum-mirror-frame-extrusions\/","title":{"rendered":"Aluminium-Spiegelrahmen-Extrusionen"},"content":{"rendered":"<h2>Produkte Details<\/h2>\n<table class=\"custom-table\">\n<tbody>\n<tr>\n<td> Name<\/td>\n<td> Aluminium-Spiegelrahmen-Strangpressprofile<\/td>\n<\/tr>\n<tr>\n<td> Marke<\/td>\n<td> Sinoextrud\/Sinoextrud<\/td>\n<\/tr>\n<tr>\n<td> Kategorie<\/td>\n<td> Aluminium-Profile<\/td>\n<\/tr>\n<tr>\n<td> Material<\/td>\n<td> 6063 ist weit verbreitet. 6061, 6463, 6005, 6082 ist auch verf\u00fcgbar.<\/td>\n<\/tr>\n<tr>\n<td> Temperament<\/td>\n<td> T5-T8<\/td>\n<\/tr>\n<tr>\n<td> L\u00e4nge<\/td>\n<td> 1-9m oder individuelle Anpassung<\/td>\n<\/tr>\n<tr>\n<td> Gr\u00f6\u00dfe (mm)<\/td>\n<td> Verschiedene Gr\u00f6\u00dfen, k\u00f6nnen Sie f\u00fcr Details kontaktieren.<\/td>\n<\/tr>\n<tr>\n<td> Dicke<\/td>\n<td> Gem\u00e4\u00df Ihrer Anfrage<\/td>\n<\/tr>\n<tr>\n<td> Form<\/td>\n<td> Personalisierung<\/td>\n<\/tr>\n<tr>\n<td> Oberfl\u00e4chenbehandlung<\/td>\n<td> Fr\u00e4sen, Eloxieren, Sandstrahlen, Elektrophorese, Pulverbeschichtung, usw.<\/td>\n<\/tr>\n<tr>\n<td> Farbe<\/td>\n<td> Silber, Schwarz, Wei\u00df, Rot, Gelb, Champagner oder kundenspezifische Farbe<\/td>\n<\/tr>\n<tr>\n<td> Standard<\/td>\n<td> ASTM, GB, DIN<\/td>\n<\/tr>\n<tr>\n<td> Von<\/td>\n<td> Guangdong, China<\/td>\n<\/tr>\n<tr>\n<td> Anmeldung<\/td>\n<td> Dekoration<\/td>\n<\/tr>\n<\/tbody>\n<\/table>\n<h2>Unsere Produktionsbasis<\/h2>\n<h3>Fabrik-Panorama<\/h3>\n<p><img decoding=\"async\" src=\"\/wp-content\/uploads\/factory-01.webp\"\/><\/p>\n<h3>Werkstatt zur Herstellung von Aluminiumstangen<\/h3>\n<p><img decoding=\"async\" src=\"\/wp-content\/uploads\/factory-02.webp\"\/><\/p>\n<p><img decoding=\"async\" src=\"\/wp-content\/uploads\/factory-03.webp\"\/><\/p>\n<h3>Lagerhaus f\u00fcr Formen<\/h3>\n<p><img decoding=\"async\" src=\"\/wp-content\/uploads\/factory-04.webp\"\/><\/p>\n<h3>43 Aluminium-Strangpressanlagen (500-5500 Tonnen)<\/h3>\n<p><img decoding=\"async\" src=\"\/wp-content\/uploads\/factory-05.webp\"\/><\/p>\n<p><img decoding=\"async\" src=\"\/wp-content\/uploads\/factory-06.webp\"\/><\/p>\n<p><img decoding=\"async\" src=\"\/wp-content\/uploads\/factory-07.webp\"\/><\/p>\n<h3>Werkstatt f\u00fcr Pulverbeschichtung<\/h3>\n<p><img decoding=\"async\" src=\"\/wp-content\/uploads\/factory-09.webp\"\/><\/p>\n<h3>Eloxal-Werkstatt<\/h3>\n<p><img decoding=\"async\" src=\"\/wp-content\/uploads\/factory-10.webp\"\/><\/p>\n<h3>Workshop zur Tiefenverarbeitung<\/h3>\n<p><img decoding=\"async\" src=\"\/wp-content\/uploads\/factory-11.webp\"\/><\/p>\n<h3>CNC-Pr\u00e4zisionsbearbeitungswerkstatt<\/h3>\n<p><img decoding=\"async\" src=\"\/wp-content\/uploads\/factory-11.5.webp\"\/><\/p>\n<h3>Lager f\u00fcr Fertigprodukte und Export<\/h3>\n<p><img decoding=\"async\" src=\"\/wp-content\/uploads\/factory-12.webp\"\/><\/p>\n<p><img decoding=\"async\" src=\"\/wp-content\/uploads\/factory-13.webp\"\/><\/p>\n<p><img decoding=\"async\" src=\"\/wp-content\/uploads\/factory-14.webp\"\/><\/p>\n<h2>FAQ<\/h2>\n<p><p><b>1. was sind Aluminium-Spiegelrahmen-Extrusionen?<\/b><\/p>\n<p>Aluminium-Spiegelrahmenprofile sind speziell entwickelte Profile, die f\u00fcr die Umrahmung von Spiegeln verwendet werden und Haltbarkeit mit \u00c4sthetik verbinden.<br \/>\n<\/p><br \/>\n<br \/>\n<p><b>2. warum Aluminium f\u00fcr Spiegelrahmen verwenden?<\/b><\/p>\n<p>Aluminium ist leicht, korrosionsbest\u00e4ndig und bietet eine glatte Oberfl\u00e4che, wodurch es sich sowohl f\u00fcr private als auch f\u00fcr gewerbliche Spiegelrahmen eignet.<br \/>\n<\/p><br \/>\n<br \/>\n<p><b>3. k\u00f6nnen Spiegelrahmen aus Aluminium individuell angepasst werden?<\/b><\/p>\n<p>Ja, sie k\u00f6nnen in Bezug auf Profilform, L\u00e4nge, Oberfl\u00e4chenbeschaffenheit und Farbe individuell angepasst werden, um spezifischen Designanforderungen zu entsprechen.<br \/>\n<\/p><br \/>\n<br \/>\n<p><b>4. sind diese Rahmen f\u00fcr feuchte Umgebungen wie Badezimmer geeignet?<\/b><\/p>\n<p>Die Korrosionsbest\u00e4ndigkeit von Aluminium macht es perfekt f\u00fcr den Einsatz in feuchtigkeitsanf\u00e4lligen Bereichen wie B\u00e4dern und Spas.<br \/>\n<\/p><br \/>\n<br \/>\n<p><b>5. welche Veredelungen sind f\u00fcr Spiegelrahmen aus Aluminium erh\u00e4ltlich?<\/b><\/p>\n<p>Zu den g\u00e4ngigen Oberfl\u00e4chen z\u00e4hlen eloxiertes Silber, mattes Schwarz, geb\u00fcrstetes Gold und pulverbeschichtete Sonderfarben.<br \/>\n<\/p><br \/>\n<br \/>\n<p><b>6. ist der Aluminium-Spiegelrahmen leicht zu installieren?<\/b><\/p>\n<p>Ja, die Profile sind f\u00fcr eine schnelle und sichere Montage ausgelegt, oft mit vorgebohrten L\u00f6chern und glatten Kanten.<br \/>\n<\/p><br \/>\n<br \/>\n<p><b>7. unterst\u00fctzen die Hersteller OEM- und Gro\u00dfbestellungen?<\/b><\/p>\n<p>Ja, die meisten Lieferanten bieten OEM-Dienste, kundenspezifische Werkzeuge und Massenproduktion f\u00fcr globale Marken und H\u00e4ndler an.<br \/>\n<\/p><br \/><\/p>","protected":false},"featured_media":7597,"template":"","categories":[67],"class_list":["post-7598","product","type-product","status-publish","has-post-thumbnail","hentry","category-architectural-aluminium-profile"],"meta_box":{"hilight_text_group":{"product_hilight_text":"<li>Sleek and modern aluminum profile enhances mirror aesthetics<\/li>\r\r\n<li>Lightweight yet sturdy frame structure ensures long-lasting durability<\/li>\r\r\n<li>Corrosion-resistant surface ideal for bathrooms and humid environments<\/li>\r\r\n<li>Available in anodized, powder-coated, and brushed finishes<\/li>\r\r\n<li>Custom shapes, lengths, and finishes available for OEM requirements<\/li>\r\r\n<li>Easy installation and maintenance with precision-fit design<\/li>","product_chanpin_blog":"<ul>\r\r\n<li><a href=\"https:\/\/sinoextrud.com\/t-slot-v-slot-differences\/\" target=\"_blank\">t slot vs v slot<\/a><\/li>\r\r\n<li><a href=\"https:\/\/sinoextrud.com\/what-is-4040-aluminium-extrud\/\" target=\"_blank\">4040 aluminium extrusion<\/a><\/li>\r\r\n<li><a href=\"https:\/\/sinoextrud.com\/what-is-4040-aluminium-extrud\/\" target=\"_blank\">aluminum extrusions for industrial racks<\/a><\/li>\r\r\n<li><a href=\"https:\/\/sinoextrud.com\/powder-coating-aluminium-process\/\" target=\"_blank\">powder coating aluminium<\/a><\/li>\r\r\n<li><a href=\"https:\/\/sinoextrud.com\/what-is-an-aluminium-strip-ceiling\/\" target=\"_blank\">aluminium strip ceiling<\/a><\/li>\r\r\n<li><a href=\"https:\/\/sinoextrud.com\/what-is-a-heat-sink\/\" target=\"_blank\">what is a heat sink<\/a><\/li>\r\r\n<\/ul>","product_chanpin_chanpin":"<li><a href=\"https:\/\/sinoextrud.com\/product\/anodized-aluminum-kitchen-profile-for-handle-price\/\" target=\"_blank\">Anodized Aluminum Kitchen Profile For Handle Price<\/a><\/li>\r\n<li><a href=\"https:\/\/sinoextrud.com\/product\/triangular-aluminium-extrusion\/\" target=\"_blank\">Triangular Aluminium Extrusion<\/a><\/li>\r\n<li><a href=\"https:\/\/sinoextrud.com\/product\/aluminum-extrusion-alloys\/\" target=\"_blank\">Aluminum Extrusion Alloys<\/a><\/li>\r\n<li><a href=\"https:\/\/sinoextrud.com\/product\/aluminum-extrusion-frame\/\" target=\"_blank\">Aluminum Extrusion Frame<\/a><\/li>\r\n<li><a href=\"https:\/\/sinoextrud.com\/product\/aluminum-mirror-frame-extrusions\/\" target=\"_blank\">Aluminum Mirror Frame Extrusions<\/a><\/li>\r\n<li><a href=\"https:\/\/sinoextrud.com\/product\/aluminum-extrusion-profile-for-clean-room\/\" target=\"_blank\">Aluminum Extrusion Profile For Clean Room<\/a><\/li>\r\n<li><a href=\"https:\/\/sinoextrud.com\/product\/aluminum-extrusion-profile-rolling-shutter\/\" target=\"_blank\">Aluminum Extrusion Profile Rolling Shutter<\/a><\/li>\r\n<li><a href=\"https:\/\/sinoextrud.com\/product\/aluminum-fireproof-outdoor-terracce-decking-floor\/\" target=\"_blank\">Aluminum Fireproof Outdoor Terracce Decking Floor<\/a><\/li>\r\n<li><a href=\"https:\/\/sinoextrud.com\/product\/aluminium-profiles-for-bedroom-doors\/\" target=\"_blank\">Aluminium Profiles For Bedroom Doors<\/a><\/li>\r\n<li><a href=\"https:\/\/sinoextrud.com\/product\/aluminium-door-extrusions-profiles\/\" target=\"_blank\">Aluminium Door Extrusions Profiles<\/a><\/li>\r\n<li><a href=\"https:\/\/sinoextrud.com\/product\/aluminium-door-frame-extrusions\/\" target=\"_blank\">Aluminium Door Frame Extrusions<\/a><\/li>"},"feature_list":[]},"_links":{"self":[{"href":"https:\/\/sinoextrud.com\/de\/wp-json\/wp\/v2\/product\/7598","targetHints":{"allow":["GET"]}}],"collection":[{"href":"https:\/\/sinoextrud.com\/de\/wp-json\/wp\/v2\/product"}],"about":[{"href":"https:\/\/sinoextrud.com\/de\/wp-json\/wp\/v2\/types\/product"}],"wp:featuredmedia":[{"embeddable":true,"href":"https:\/\/sinoextrud.com\/de\/wp-json\/wp\/v2\/media\/7597"}],"wp:attachment":[{"href":"https:\/\/sinoextrud.com\/de\/wp-json\/wp\/v2\/media?parent=7598"}],"wp:term":[{"taxonomy":"category","embeddable":true,"href":"https:\/\/sinoextrud.com\/de\/wp-json\/wp\/v2\/categories?post=7598"}],"curies":[{"name":"wp","href":"https:\/\/api.w.org\/{rel}","templated":true}]}}