{"id":7596,"date":"2025-06-09T02:48:13","date_gmt":"2025-06-09T02:48:13","guid":{"rendered":"https:\/\/sinoextrud.com\/product\/aluminum-extrusion-frame\/"},"modified":"2025-06-24T06:13:12","modified_gmt":"2025-06-24T06:13:12","slug":"aluminium-extrusionsrahmen","status":"publish","type":"product","link":"https:\/\/sinoextrud.com\/de\/product\/aluminum-extrusion-frame\/","title":{"rendered":"Aluminium Strangpressen Rahmen"},"content":{"rendered":"<h2>Produkte Details<\/h2>\n<table class=\"custom-table\">\n<tr>\n<td class=\"label\">Produktname:<\/td>\n<td>Aluminium Extrusionsrahmen, Aluminium Extrusion Bilderrahmen<\/td>\n<\/tr>\n<tr>\n<td class=\"label\">Gesch\u00e4ftsart:<\/td>\n<td>Hersteller\/ Fabrik<\/td>\n<\/tr>\n<tr>\n<td class=\"label\">Legierung:<\/td>\n<td>6063\/6061\/6005\/6060\/7005. (Spezielle Legierung k\u00f6nnte auf Ihre Anforderungen gemacht werden.)<\/td>\n<\/tr>\n<tr>\n<td class=\"label\">Temperament:<\/td>\n<td>T5\/T6\/T4<\/td>\n<\/tr>\n<tr>\n<td class=\"label\">Standard:<\/td>\n<td>China GB Hochpr\u00e4zisionsstandard.<\/td>\n<\/tr>\n<tr>\n<td class=\"label\">Die Dicke:<\/td>\n<td>Je nach Ihren Anforderungen.<\/td>\n<\/tr>\n<tr>\n<td class=\"label\">L\u00e4nge:<\/td>\n<td>5,8 m ist f\u00fcr die Verladung und Lieferung geeignet. Und wir k\u00f6nnen jede L\u00e4nge produzieren, die Sie wollen.<\/td>\n<\/tr>\n<tr>\n<td class=\"label\">MOQ:<\/td>\n<td>Normalerweise 200 kg. Normalerweise 10~12 Tonnen f\u00fcr 1*20GP und 20~23 Tonnen f\u00fcr 1*40HQ.<\/td>\n<\/tr>\n<tr>\n<td class=\"label\">Oberfl\u00e4che:<\/td>\n<td>Fr\u00e4sen, Eloxieren, Pulverbeschichtung, Holzmaserung, Polieren, B\u00fcrsten, Elektrophorese.<\/td>\n<\/tr>\n<tr>\n<td class=\"label\">Farbe, die wir tun k\u00f6nnen:<\/td>\n<td>Silber, Schwarz, Wei\u00df, Bronze, Champagner, Gr\u00fcn, Grau, Goldgelb, Nickel, oder individuell.<\/td>\n<\/tr>\n<tr>\n<td class=\"label\">Pulverbeschichtung:<\/td>\n<td>Kundenspezifisch. Normale Dicke: 80-120 um.<\/td>\n<\/tr>\n<tr>\n<td class=\"label\">Elektrophorese Komplexer Film:<\/td>\n<td>Normale Dicke: 16 um.<\/td>\n<\/tr>\n<tr>\n<td class=\"label\">Holzmaserung:<\/td>\n<td>Kundenspezifisch. Normale Dicke: 60-120 um.<\/td>\n<\/tr>\n<\/table>\n<h2>Unsere Produktionsbasis<\/h2>\n<h3>Fabrik-Panorama<\/h3>\n<p><img decoding=\"async\" src=\"\/wp-content\/uploads\/factory-01.webp\"\/><\/p>\n<h3>Werkstatt zur Herstellung von Aluminiumstangen<\/h3>\n<p><img decoding=\"async\" src=\"\/wp-content\/uploads\/factory-02.webp\"\/><\/p>\n<p><img decoding=\"async\" src=\"\/wp-content\/uploads\/factory-03.webp\"\/><\/p>\n<h3>Lagerhaus f\u00fcr Formen<\/h3>\n<p><img decoding=\"async\" src=\"\/wp-content\/uploads\/factory-04.webp\"\/><\/p>\n<h3>43 Aluminium-Strangpressanlagen (500-5500 Tonnen)<\/h3>\n<p><img decoding=\"async\" src=\"\/wp-content\/uploads\/factory-05.webp\"\/><\/p>\n<p><img decoding=\"async\" src=\"\/wp-content\/uploads\/factory-06.webp\"\/><\/p>\n<p><img decoding=\"async\" src=\"\/wp-content\/uploads\/factory-07.webp\"\/><\/p>\n<h3>Werkstatt f\u00fcr Pulverbeschichtung<\/h3>\n<p><img decoding=\"async\" src=\"\/wp-content\/uploads\/factory-09.webp\"\/><\/p>\n<h3>Eloxal-Werkstatt<\/h3>\n<p><img decoding=\"async\" src=\"\/wp-content\/uploads\/factory-10.webp\"\/><\/p>\n<h3>Workshop zur Tiefenverarbeitung<\/h3>\n<p><img decoding=\"async\" src=\"\/wp-content\/uploads\/factory-11.webp\"\/><\/p>\n<h3>CNC-Pr\u00e4zisionsbearbeitungswerkstatt<\/h3>\n<p><img decoding=\"async\" src=\"\/wp-content\/uploads\/factory-11.5.webp\"\/><\/p>\n<h3>Lager f\u00fcr Fertigprodukte und Export<\/h3>\n<p><img decoding=\"async\" src=\"\/wp-content\/uploads\/factory-12.webp\"\/><\/p>\n<p><img decoding=\"async\" src=\"\/wp-content\/uploads\/factory-13.webp\"\/><\/p>\n<p><img decoding=\"async\" src=\"\/wp-content\/uploads\/factory-14.webp\"\/><\/p>\n<h2>FAQ<\/h2>\n<p><p><b>1. was ist ein Aluminium-Strangpressprofil? <\/b><\/p>\n<p> Ein Aluminium-Strangpressprofil ist ein strukturelles System, das aus stranggepressten Aluminiumprofilen besteht und f\u00fcr seine St\u00e4rke, Modularit\u00e4t und Korrosionsbest\u00e4ndigkeit bekannt ist.<br \/>\n<\/p><br \/>\n<br \/>\n<p><b>2. was sind die Vorteile von Aluminium-Strangpressprofilen? <\/b><\/p>\n<p> Strangpressrahmen aus Aluminium bieten leichte Festigkeit, modulare Konstruktion, Korrosionsbest\u00e4ndigkeit und einfache Anpassung f\u00fcr verschiedene industrielle und kommerzielle Anwendungen.<br \/>\n<\/p><br \/>\n<br \/>\n<p><b>3. ist Schwei\u00dfen bei Aluminium-Strangpressprofilen erforderlich? <\/b><\/p>\n<p> Nein, diese Rahmen verwenden Schraubverbindungen, die das Schwei\u00dfen \u00fcberfl\u00fcssig machen und eine schnellere und sicherere Montage erm\u00f6glichen.<br \/>\n<\/p><br \/>\n<br \/>\n<p><b>4. k\u00f6nnen die Rahmen individuell angepasst werden? <\/b><\/p>\n<p> Ja, Aluminium-Strangpressprofile k\u00f6nnen in Bezug auf L\u00e4nge, Profilform, Schlitzgr\u00f6\u00dfe und Oberfl\u00e4chenbeschaffenheit individuell angepasst werden, um einzigartige Projektspezifikationen zu erf\u00fcllen.<br \/>\n<\/p><br \/>\n<br \/>\n<p><b>5. sind Aluminium-Strangpressprofile in rauen Umgebungen haltbar? <\/b><\/p>\n<p> Die eloxierte oder pulverbeschichtete Oberfl\u00e4che bietet eine hervorragende Best\u00e4ndigkeit gegen Korrosion, Verschlei\u00df und Umwelteinfl\u00fcsse.<br \/>\n<\/p><br \/>\n<br \/>\n<p><b>6. welche Branchen verwenden Aluminium-Strangpressprofile? <\/b><\/p>\n<p> Diese Rahmen werden h\u00e4ufig in der Automatisierung, Robotik, Fertigung, bei Anzeigesystemen und im Reinraumbau eingesetzt.<br \/>\n<\/p><br \/>\n<br \/>\n<p><b>7. ist das Rahmensystem wiederverwendbar? <\/b><\/p>\n<p> Ja, die modulare Bauweise erm\u00f6glicht die Demontage und Wiederverwendung, was sie f\u00fcr dynamische oder sich entwickelnde Konfigurationen kosteneffizient macht.<br \/>\n<\/p><br \/>\n<br \/>\n<p><b>8. wie einfach ist es, Zubeh\u00f6r zu integrieren? <\/b><\/p>\n<p> Die Rahmen aus Aluminiumprofilen sind mit standardisierten Schlitzen versehen, die mit Halterungen, Paneelen, T\u00fcren und anderen Beschl\u00e4gen kompatibel sind.<br \/>\n<\/p><br \/><\/p>","protected":false},"featured_media":7595,"template":"","categories":[67],"class_list":["post-7596","product","type-product","status-publish","has-post-thumbnail","hentry","category-architectural-aluminium-profile"],"meta_box":{"hilight_text_group":{"product_hilight_text":"<li>Modular aluminum extrusion design enables flexible and scalable structures.<\/li>\r\r\n<li>Lightweight yet high-strength material ideal for industrial and commercial framing.<\/li>\r\r\n<li>Corrosion-resistant surface treatment ensures durability in harsh environments.<\/li>\r\r\n<li>Compatible with standard connectors and accessories for easy assembly.<\/li>\r\r\n<li>No welding required\u00e2\u20ac\u201dreduces installation time and labor costs.<\/li>\r\r\n<li>Customizable sizes and cross-sections to meet specific application needs.<\/li>","product_chanpin_blog":"<ul>\r\r\n<li><a href=\"https:\/\/sinoextrud.com\/t-slot-v-slot-differences\/\" target=\"_blank\">t slot vs v slot<\/a><\/li>\r\r\n<li><a href=\"https:\/\/sinoextrud.com\/what-is-4040-aluminium-extrud\/\" target=\"_blank\">4040 aluminium extrusion<\/a><\/li>\r\r\n<li><a href=\"https:\/\/sinoextrud.com\/what-is-4040-aluminium-extrud\/\" target=\"_blank\">aluminum extrusions for industrial racks<\/a><\/li>\r\r\n<li><a href=\"https:\/\/sinoextrud.com\/powder-coating-aluminium-process\/\" target=\"_blank\">powder coating aluminium<\/a><\/li>\r\r\n<li><a href=\"https:\/\/sinoextrud.com\/what-is-an-aluminium-strip-ceiling\/\" target=\"_blank\">aluminium strip ceiling<\/a><\/li>\r\r\n<li><a href=\"https:\/\/sinoextrud.com\/what-is-a-heat-sink\/\" target=\"_blank\">what is a heat sink<\/a><\/li>\r\r\n<\/ul>","product_chanpin_chanpin":"<li><a href=\"https:\/\/sinoextrud.com\/product\/aluminum-window-frames-mosquito-netting-suppliers\/\" target=\"_blank\">Aluminum Window Frames Mosquito Netting Suppliers<\/a><\/li>\r\n<li><a href=\"https:\/\/sinoextrud.com\/product\/anodized-aluminum-kitchen-profile-for-handle-price\/\" target=\"_blank\">Anodized Aluminum Kitchen Profile For Handle Price<\/a><\/li>\r\n<li><a href=\"https:\/\/sinoextrud.com\/product\/triangular-aluminium-extrusion\/\" target=\"_blank\">Triangular Aluminium Extrusion<\/a><\/li>\r\n<li><a href=\"https:\/\/sinoextrud.com\/product\/aluminum-extrusion-alloys\/\" target=\"_blank\">Aluminum Extrusion Alloys<\/a><\/li>\r\n<li><a href=\"https:\/\/sinoextrud.com\/product\/aluminum-extrusion-frame\/\" target=\"_blank\">Aluminum Extrusion Frame<\/a><\/li>\r\n<li><a href=\"https:\/\/sinoextrud.com\/product\/aluminum-mirror-frame-extrusions\/\" target=\"_blank\">Aluminum Mirror Frame Extrusions<\/a><\/li>\r\n<li><a href=\"https:\/\/sinoextrud.com\/product\/aluminum-extrusion-profile-for-clean-room\/\" target=\"_blank\">Aluminum Extrusion Profile For Clean Room<\/a><\/li>\r\n<li><a href=\"https:\/\/sinoextrud.com\/product\/aluminum-extrusion-profile-rolling-shutter\/\" target=\"_blank\">Aluminum Extrusion Profile Rolling Shutter<\/a><\/li>\r\n<li><a href=\"https:\/\/sinoextrud.com\/product\/aluminum-fireproof-outdoor-terracce-decking-floor\/\" target=\"_blank\">Aluminum Fireproof Outdoor Terracce Decking Floor<\/a><\/li>\r\n<li><a href=\"https:\/\/sinoextrud.com\/product\/aluminium-rail-profile\/\" target=\"_blank\">Aluminium Rail Profile<\/a><\/li>\r\n<li><a href=\"https:\/\/sinoextrud.com\/product\/aluminum-extruded-profile\/\" target=\"_blank\">Aluminum Extruded Profile<\/a><\/li>"},"feature_list":[]},"_links":{"self":[{"href":"https:\/\/sinoextrud.com\/de\/wp-json\/wp\/v2\/product\/7596","targetHints":{"allow":["GET"]}}],"collection":[{"href":"https:\/\/sinoextrud.com\/de\/wp-json\/wp\/v2\/product"}],"about":[{"href":"https:\/\/sinoextrud.com\/de\/wp-json\/wp\/v2\/types\/product"}],"wp:featuredmedia":[{"embeddable":true,"href":"https:\/\/sinoextrud.com\/de\/wp-json\/wp\/v2\/media\/7595"}],"wp:attachment":[{"href":"https:\/\/sinoextrud.com\/de\/wp-json\/wp\/v2\/media?parent=7596"}],"wp:term":[{"taxonomy":"category","embeddable":true,"href":"https:\/\/sinoextrud.com\/de\/wp-json\/wp\/v2\/categories?post=7596"}],"curies":[{"name":"wp","href":"https:\/\/api.w.org\/{rel}","templated":true}]}}