{"id":7586,"date":"2025-06-09T02:34:49","date_gmt":"2025-06-09T02:34:49","guid":{"rendered":"https:\/\/sinoextrud.com\/product\/customized-extruded-aluminum-flat-bar-profile\/"},"modified":"2025-06-24T06:13:10","modified_gmt":"2025-06-24T06:13:10","slug":"kundenspezifisches-stranggepresstes-aluminium-flachstahlprofil","status":"publish","type":"product","link":"https:\/\/sinoextrud.com\/de\/product\/customized-extruded-aluminum-flat-bar-profile\/","title":{"rendered":"Kundenspezifisches stranggepresstes Aluminium-Flachstahlprofil"},"content":{"rendered":"<h2>Produkte Details<\/h2>\n<table class=\"custom-table\">\n<tr>\n<td class=\"label\">Markenname<\/td>\n<td>Kundenspezifisches stranggepresstes Aluminium-Flachstahlprofil<\/td>\n<\/tr>\n<tr>\n<td class=\"label\">Material<\/td>\n<td>Legierung 6063 T5<\/td>\n<\/tr>\n<tr>\n<td class=\"label\">Artikel<\/td>\n<td>Stranggepresstes Aluminium-Flachstangenprofil<\/td>\n<\/tr>\n<tr>\n<td class=\"label\">Zertifikat<\/td>\n<td>ISO9001, ISO14001<\/td>\n<\/tr>\n<tr>\n<td class=\"label\">F\u00e4higkeit<\/td>\n<td>Jahresproduktion mehr als 200.000 Tonnen<\/td>\n<\/tr>\n<tr>\n<td class=\"label\">Farbe<\/td>\n<td>Kundenspezifisch verf\u00fcgbar<\/td>\n<\/tr>\n<tr>\n<td class=\"label\">L\u00e4nge<\/td>\n<td>1-9 Meter oder kundenspezifisch<\/td>\n<\/tr>\n<tr>\n<td class=\"label\">Dicke<\/td>\n<td>Kundenspezifisch<\/td>\n<\/tr>\n<tr>\n<td class=\"label\">Oberfl\u00e4che<\/td>\n<td>Walzoberfl\u00e4che, Eloxierung, Pulverbeschichtung, Holzmaserung, Beschichtung, etc.<\/td>\n<\/tr>\n<tr>\n<td class=\"label\">Anmeldung<\/td>\n<td>Fenster- und T\u00fcrprofile, Gel\u00e4nder, Vorhangfassaden<br \/>\nVerladung, Hafen Foshan<\/td>\n<\/tr>\n<tr>\n<td class=\"label\">Zahlung<\/td>\n<td>T\/T, 30% Anzahlung, der Restbetrag ist vor der Lieferung zu begleichen<\/td>\n<\/tr>\n<tr>\n<td class=\"label\">Paket<\/td>\n<td>1. innen: mit Kunststoff-Schutzfolie verpackt, um jedes Profil zu sch\u00fctzen<\/td>\n<\/tr>\n<tr>\n<td class=\"label\"><\/td>\n<td>2. au\u00dfen: mit wasserfestem Bastelpapier verpackt<\/td>\n<\/tr>\n<tr>\n<td class=\"label\">Lieferung<\/td>\n<td>25-30 Tage nach der Anzahlung<\/td>\n<\/tr>\n<tr>\n<td class=\"label\">Reihenfolge der Bestellung<\/td>\n<td>1. Best\u00e4tigen Sie die Zeichnungen, die Oberfl\u00e4chenbehandlung und den Preis;<\/td>\n<\/tr>\n<tr>\n<td class=\"label\"><\/td>\n<td>2. Bezahlen Sie die Formgeb\u00fchr und wir beginnen mit der Herstellung der Formen;<\/td>\n<\/tr>\n<tr>\n<td class=\"label\"><\/td>\n<td>3. Wir senden Ihnen Muster f\u00fcr Ihre Best\u00e4tigung;<\/td>\n<\/tr>\n<tr>\n<td class=\"label\"><\/td>\n<td>4. Machen Sie die Zahlung von 30% Kaution, die Produktion zu starten;<\/td>\n<\/tr>\n<\/table>\n<h2>Unsere Produktionsbasis<\/h2>\n<h3>Fabrik-Panorama<\/h3>\n<p><img decoding=\"async\" src=\"\/wp-content\/uploads\/factory-01.webp\"\/><\/p>\n<h3>Werkstatt zur Herstellung von Aluminiumstangen<\/h3>\n<p><img decoding=\"async\" src=\"\/wp-content\/uploads\/factory-02.webp\"\/><\/p>\n<\/p>\n<p><img decoding=\"async\" src=\"\/wp-content\/uploads\/factory-03.webp\"\/><\/p>\n<h3>Lagerhaus f\u00fcr Formen<\/h3>\n<p><img decoding=\"async\" src=\"\/wp-content\/uploads\/factory-04.webp\"\/><\/p>\n<h3>43 Aluminium-Strangpressanlagen (500\u00e2\u20ac\"5500 Tonnen)<\/h3>\n<p><img decoding=\"async\" src=\"\/wp-content\/uploads\/factory-05.webp\"\/><\/p>\n<p><img decoding=\"async\" src=\"\/wp-content\/uploads\/factory-06.webp\"\/><\/p>\n<p><img decoding=\"async\" src=\"\/wp-content\/uploads\/factory-07.webp\"\/><\/p>\n<h3>Werkstatt f\u00fcr Pulverbeschichtung<\/h3>\n<p><img decoding=\"async\" src=\"\/wp-content\/uploads\/factory-09.webp\"\/><\/p>\n<h3>Eloxal-Werkstatt<\/h3>\n<p><img decoding=\"async\" src=\"\/wp-content\/uploads\/factory-10.webp\"\/><\/p>\n<h3>Workshop zur Tiefenverarbeitung<\/h3>\n<p><img decoding=\"async\" src=\"\/wp-content\/uploads\/factory-11.webp\"\/><\/p>\n<h3>CNC-Pr\u00e4zisionsbearbeitungswerkstatt<\/h3>\n<p><img decoding=\"async\" src=\"\/wp-content\/uploads\/factory-11.5.webp\"\/><\/p>\n<h3>Lager f\u00fcr Fertigprodukte und Export<\/h3>\n<p><img decoding=\"async\" src=\"\/wp-content\/uploads\/factory-12.webp\"\/><\/p>\n<p><img decoding=\"async\" src=\"\/wp-content\/uploads\/factory-13.webp\"\/><\/p>\n<p><img decoding=\"async\" src=\"\/wp-content\/uploads\/factory-14.webp\"\/><\/p>\n<h2>FAQ<\/h2>\n<p><b>1. was ist ein kundenspezifisches stranggepresstes Aluminium-Flachprofil?<\/b><\/p>\n<p>Es handelt sich um ein rechteckiges Aluminium-Strangpressprofil, das nach bestimmten Abmessungen und Oberfl\u00e4chenbehandlungen f\u00fcr den Einsatz im Bauwesen, in der Industrie oder f\u00fcr dekorative Anwendungen entwickelt wurde.\n<\/p>\n<p><\/p>\n<p><b>2. warum stranggepresste Aluminium-Flachstangen w\u00e4hlen?<\/b><\/p>\n<p>Sie bieten eine leichte und dennoch robuste L\u00f6sung, die korrosionsbest\u00e4ndig ist und sich in verschiedenen Umgebungen leicht verarbeiten l\u00e4sst.\n<\/p>\n<p><\/p>\n<p><b>3. k\u00f6nnen Aluminiumflachstangen individuell angepasst werden?<\/b><\/p>\n<p>Ja, sie k\u00f6nnen in Bezug auf Gr\u00f6\u00dfe, Oberfl\u00e4chenbeschaffenheit und Legierungstyp genau auf die Projekt- oder OEM-Spezifikationen zugeschnitten werden.\n<\/p>\n<p><\/p>\n<p><b>4) Was sind die h\u00e4ufigsten Anwendungen f\u00fcr Aluminium-Flachstahlprofile?<\/b><\/p>\n<p>Sie werden bei der Herstellung von Rahmen, St\u00fctzen, Konsolen, Zierleisten, Schildern und M\u00f6beln verwendet.\n<\/p>\n<p><\/p>\n<p><b>5. sind stranggepresste Aluminiumflachstangen korrosionsbest\u00e4ndig?<\/b><\/p>\n<p>Auf jeden Fall, vor allem wenn sie eloxiert oder pulverbeschichtet sind, eignen sie sich sowohl f\u00fcr den Innen- als auch f\u00fcr den Au\u00dfenbereich.\n<\/p>\n<p><\/p>\n<p><b>6. welche Oberfl\u00e4chenbehandlungen sind f\u00fcr Aluminiumflachstangen erh\u00e4ltlich?<\/b><\/p>\n<p>Je nach Anwendungsbedarf stehen folgende Optionen zur Verf\u00fcgung: walzblank, eloxiert, pulverbeschichtet, geb\u00fcrstet oder poliert.\n<\/p>\n<p><\/p>\n<p><b>7. gibt es eine Mindestbestellmenge f\u00fcr kundenspezifische Aluminiumflachstangen?<\/b><\/p>\n<p>Die meisten Hersteller bieten flexible Mindestabnahmemengen und wettbewerbsf\u00e4hige Direktpreise f\u00fcr Sonderanfertigungen oder Gro\u00dfauftr\u00e4ge.\n<\/p>\n<p><\/p>","protected":false},"featured_media":7585,"template":"","categories":[67],"class_list":["post-7586","product","type-product","status-publish","has-post-thumbnail","hentry","category-architectural-aluminium-profile"],"meta_box":{"hilight_text_group":{"product_hilight_text":"<li>Made from high-quality aluminum alloy for strength and durability<\/li>\r\r\n<li>Customizable in width, thickness, length, and alloy grade<\/li>\r\r\n<li>Excellent corrosion resistance for indoor and outdoor use<\/li>\r\r\n<li>Ideal for structural, decorative, and industrial applications<\/li>\r\r\n<li>Smooth surface finish suitable for anodizing, powder coating, or polishing<\/li>\r\r\n<li>Factory-direct pricing and OEM service available for bulk orders<\/li>","product_chanpin_blog":"<ul>\r\r\n<li><a href=\"https:\/\/sinoextrud.com\/t-slot-v-slot-differences\/\" target=\"_blank\">t slot vs v slot<\/a><\/li>\r\r\n<li><a href=\"https:\/\/sinoextrud.com\/what-is-4040-aluminium-extrud\/\" target=\"_blank\">4040 aluminium extrusion<\/a><\/li>\r\r\n<li><a href=\"https:\/\/sinoextrud.com\/what-is-4040-aluminium-extrud\/\" target=\"_blank\">aluminum extrusions for industrial racks<\/a><\/li>\r\r\n<li><a href=\"https:\/\/sinoextrud.com\/powder-coating-aluminium-process\/\" target=\"_blank\">powder coating aluminium<\/a><\/li>\r\r\n<li><a href=\"https:\/\/sinoextrud.com\/what-is-an-aluminium-strip-ceiling\/\" target=\"_blank\">aluminium strip ceiling<\/a><\/li>\r\r\n<li><a href=\"https:\/\/sinoextrud.com\/what-is-a-heat-sink\/\" target=\"_blank\">what is a heat sink<\/a><\/li>\r\r\n<\/ul>","product_chanpin_chanpin":"<li><a href=\"https:\/\/sinoextrud.com\/product\/aluminium-v-slot-extrusion\/\" target=\"_blank\">Aluminium V Slot Extrusion<\/a><\/li>\r\n<li><a href=\"https:\/\/sinoextrud.com\/product\/aluminium-windows-with-mosquito-net-profile-catalog-uses-best-factory-price-per-pound\/\" target=\"_blank\">aluminium windows with mosquito net profile catalog uses best Factory Price per pound<\/a><\/li>\r\n<li><a href=\"https:\/\/sinoextrud.com\/product\/aluminum-alloy-6061-h-beams-aluminum-for-medical-clean-room-aluminum-extrusion-t-slot-i-beams-profile-dust-free-frame\/\" target=\"_blank\">Aluminum Alloy 6061 H Beams Aluminum For Medical Clean Room Aluminum Extrusion T Slot I Beams Profile Dust-free Frame<\/a><\/li>\r\n<li><a href=\"https:\/\/sinoextrud.com\/product\/extruded-profiles-aluminium\/\" target=\"_blank\">Extruded Profiles Aluminium<\/a><\/li>\r\n<li><a href=\"https:\/\/sinoextrud.com\/product\/customized-extruded-aluminum-flat-bar-profile\/\" target=\"_blank\">Customized Extruded Aluminum Flat Bar Profile<\/a><\/li>\r\n<li><a href=\"https:\/\/sinoextrud.com\/product\/aluminum-window-frames-mosquito-netting-suppliers\/\" target=\"_blank\">Aluminum Window Frames Mosquito Netting Suppliers<\/a><\/li>\r\n<li><a href=\"https:\/\/sinoextrud.com\/product\/anodized-aluminum-kitchen-profile-for-handle-price\/\" target=\"_blank\">Anodized Aluminum Kitchen Profile For Handle Price<\/a><\/li>\r\n<li><a href=\"https:\/\/sinoextrud.com\/product\/triangular-aluminium-extrusion\/\" target=\"_blank\">Triangular Aluminium Extrusion<\/a><\/li>\r\n<li><a href=\"https:\/\/sinoextrud.com\/product\/aluminum-extrusion-alloys\/\" target=\"_blank\">Aluminum Extrusion Alloys<\/a><\/li>\r\n<li><a href=\"https:\/\/sinoextrud.com\/product\/bending-aluminium-tube\/\" target=\"_blank\">Bending Aluminium Tube<\/a><\/li>\r\n<li><a href=\"https:\/\/sinoextrud.com\/product\/aluminium-profile-h\/\" target=\"_blank\">Aluminium Profile H<\/a><\/li>"},"feature_list":[]},"_links":{"self":[{"href":"https:\/\/sinoextrud.com\/de\/wp-json\/wp\/v2\/product\/7586","targetHints":{"allow":["GET"]}}],"collection":[{"href":"https:\/\/sinoextrud.com\/de\/wp-json\/wp\/v2\/product"}],"about":[{"href":"https:\/\/sinoextrud.com\/de\/wp-json\/wp\/v2\/types\/product"}],"wp:featuredmedia":[{"embeddable":true,"href":"https:\/\/sinoextrud.com\/de\/wp-json\/wp\/v2\/media\/7585"}],"wp:attachment":[{"href":"https:\/\/sinoextrud.com\/de\/wp-json\/wp\/v2\/media?parent=7586"}],"wp:term":[{"taxonomy":"category","embeddable":true,"href":"https:\/\/sinoextrud.com\/de\/wp-json\/wp\/v2\/categories?post=7586"}],"curies":[{"name":"wp","href":"https:\/\/api.w.org\/{rel}","templated":true}]}}