{"id":7580,"date":"2025-06-09T02:28:52","date_gmt":"2025-06-09T02:28:52","guid":{"rendered":"https:\/\/sinoextrud.com\/product\/aluminium-windows-with-mosquito-net-profile-catalog-uses-best-factory-price-per-pound\/"},"modified":"2025-06-24T06:13:10","modified_gmt":"2025-06-24T06:13:10","slug":"aluminium-fenster-mit-moskitonetz-profil-katalog-verwendet-besten-werkspreis-pro-pfund","status":"publish","type":"product","link":"https:\/\/sinoextrud.com\/de\/product\/aluminium-windows-with-mosquito-net-profile-catalog-uses-best-factory-price-per-pound\/","title":{"rendered":"Aluminium-Fenster mit Moskitonetz Profil Katalog verwendet beste Factory Price per pound"},"content":{"rendered":"<h2>Produkte Details<\/h2>\n<table class=\"custom-table\">\n<tr>\n<td class=\"label\">Modell Nr.:<\/td>\n<td>6063 t5 Aluminium Fenster mit Moskitonetz Profil Katalog verwendet beste Factory Price per pound<\/td>\n<\/tr>\n<tr>\n<td class=\"label\">Art:<\/td>\n<td>Aluminiumfenster mit Moskitonetz<\/td>\n<\/tr>\n<tr>\n<td class=\"label\">Aluminium verwendet:<\/td>\n<td>Serie 6000<\/td>\n<\/tr>\n<tr>\n<td class=\"label\">Temperament:<\/td>\n<td>T3-T8<\/td>\n<\/tr>\n<tr>\n<td class=\"label\">Aluminiumprofil-Katalog:<\/td>\n<td>Serie 80<\/td>\n<\/tr>\n<tr>\n<td class=\"label\">Legierung:<\/td>\n<td>Legierung<\/td>\n<\/tr>\n<tr>\n<td class=\"label\">Oberfl\u00e4chenveredelung:<\/td>\n<td> Pulverbeschichtung<\/td>\n<\/tr>\n<tr>\n<td class=\"label\">Zertifizierung:<\/td>\n<td>ISO<\/td>\n<\/tr>\n<tr>\n<td class=\"label\">Produktname:<\/td>\n<td>Aluminium Fenster Strangpressprofil<\/td>\n<\/tr>\n<tr>\n<td class=\"label\">Material:<\/td>\n<td>Aluminium-Legierung<\/td>\n<\/tr>\n<tr>\n<td class=\"label\">Aluminium Typ:<\/td>\n<td>6063-T5<\/td>\n<\/tr>\n<tr>\n<td class=\"label\">Zertifikat:<\/td>\n<td>ISO9001:2008\/ISO14001:\uff0c2004\uff0c<\/td>\n<\/tr>\n<tr>\n<td class=\"label\">Zeichnung:<\/td>\n<td>OEM &amp; ODM<\/td>\n<\/tr>\n<tr>\n<td class=\"label\">Die Dicke:<\/td>\n<td>0,8-3 mm je nach Bedarf<\/td>\n<\/tr>\n<tr>\n<td class=\"label\">L\u00e4nge:<\/td>\n<td>Max.9m<\/td>\n<\/tr>\n<tr>\n<td class=\"label\">Verwendung:<\/td>\n<td>Fenster&amp;T\u00fcr, Vorhangwand, Industrie, Dekoration<\/td>\n<\/tr>\n<tr>\n<td class=\"label\">Warenzeichen:<\/td>\n<td> Sinoextrud<\/td>\n<\/tr>\n<tr>\n<td class=\"label\">Spezifikation:<\/td>\n<td>ISO<\/td>\n<\/tr>\n<tr>\n<td class=\"label\">Herkunft:<\/td>\n<td>Foshan, Guangdong<\/td>\n<\/tr>\n<tr>\n<td class=\"label\">HS-Code:<\/td>\n<td>76042100<\/td>\n<\/tr>\n<\/table>\n<h2>Unsere Produktionsbasis<\/h2>\n<h3>Fabrik-Panorama<\/h3>\n<p><img decoding=\"async\" src=\"\/wp-content\/uploads\/factory-01.webp\"\/><\/p>\n<h3>Werkstatt zur Herstellung von Aluminiumstangen<\/h3>\n<p><img decoding=\"async\" src=\"\/wp-content\/uploads\/factory-02.webp\"\/><\/p>\n<\/p>\n<p><img decoding=\"async\" src=\"\/wp-content\/uploads\/factory-03.webp\"\/><\/p>\n<h3>Lagerhaus f\u00fcr Formen<\/h3>\n<p><img decoding=\"async\" src=\"\/wp-content\/uploads\/factory-04.webp\"\/><\/p>\n<h3>43 Aluminium-Strangpressanlagen (500-5500 Tonnen)<\/h3>\n<p><img decoding=\"async\" src=\"\/wp-content\/uploads\/factory-05.webp\"\/><\/p>\n<p><img decoding=\"async\" src=\"\/wp-content\/uploads\/factory-06.webp\"\/><\/p>\n<p><img decoding=\"async\" src=\"\/wp-content\/uploads\/factory-07.webp\"\/><\/p>\n<h3>Werkstatt f\u00fcr Pulverbeschichtung<\/h3>\n<p><img decoding=\"async\" src=\"\/wp-content\/uploads\/factory-09.webp\"\/><\/p>\n<h3>Eloxal-Werkstatt<\/h3>\n<p><img decoding=\"async\" src=\"\/wp-content\/uploads\/factory-10.webp\"\/><\/p>\n<h3>Workshop zur Tiefenverarbeitung<\/h3>\n<p><img decoding=\"async\" src=\"\/wp-content\/uploads\/factory-11.webp\"\/><\/p>\n<h3>CNC-Pr\u00e4zisionsbearbeitungswerkstatt<\/h3>\n<p><img decoding=\"async\" src=\"\/wp-content\/uploads\/factory-11.5.webp\"\/><\/p>\n<h3>Lager f\u00fcr Fertigprodukte und Export<\/h3>\n<p><img decoding=\"async\" src=\"\/wp-content\/uploads\/factory-12.webp\"\/><\/p>\n<p><img decoding=\"async\" src=\"\/wp-content\/uploads\/factory-13.webp\"\/><\/p>\n<p><img decoding=\"async\" src=\"\/wp-content\/uploads\/factory-14.webp\"\/><\/p>\n<h2>FAQ<\/h2>\n<p><b>1. was sind Aluminiumfenster mit Moskitonetzprofilen?<\/b><\/p>\n<p>Es handelt sich um Fenster mit Aluminiumrahmen und eingebauten Moskitonetzschienen, die L\u00fcftung und Insektenschutz in einem integrierten System bieten.\n<\/p>\n<p><\/p>\n<p><b>2. warum Aluminiumfenster mit Moskitonetzprofilen w\u00e4hlen?<\/b><\/p>\n<p>Sie bieten eine dauerhafte, wartungsarme L\u00f6sung mit zus\u00e4tzlichem Moskitoschutz und sind ideal f\u00fcr den privaten und gewerblichen Einsatz.\n<\/p>\n<p><\/p>\n<p><b>Sind diese Profile in einem Katalog enthalten?<\/b><\/p>\n<p>Ja, ein vollst\u00e4ndiger Katalog von Aluminium-Fensterprofilen mit Moskitonetz-Optionen ist verf\u00fcgbar, der verschiedene Gr\u00f6\u00dfen, Ausf\u00fchrungen und Konfigurationen zeigt.\n<\/p>\n<p><\/p>\n<p><b>4. wie hoch ist der Fabrikpreis pro Pfund f\u00fcr diese Aluminiumprofile?<\/b><\/p>\n<p>Die Werkspreise variieren je nach Menge und Spezifikation, sind aber sehr wettbewerbsf\u00e4hig, wenn sie direkt pro Pfund gekauft werden.\n<\/p>\n<p><\/p>\n<p><b>5. kann ich die Fenster- und Moskitonetzprofile aus Aluminium individuell gestalten?<\/b><\/p>\n<p>Selbstverst\u00e4ndlich ist eine OEM-Anpassung in Bezug auf Farbe, Gr\u00f6\u00dfe, Gewebetyp und Profildesign m\u00f6glich, um spezifischen Projektanforderungen gerecht zu werden.\n<\/p>\n<p><\/p>\n<p><b>6. sind Moskitonetz-Fensterprofile aus Aluminium einfach zu installieren?<\/b><\/p>\n<p>Ja, das geringe Gewicht von Aluminium und die vorgefertigten Netzkan\u00e4le vereinfachen den Installationsprozess.\n<\/p>\n<p><\/p>\n<p><b>7. welche Oberfl\u00e4chen sind f\u00fcr Aluminiumfensterprofile mit Netzen erh\u00e4ltlich?<\/b><\/p>\n<p>Zu den g\u00e4ngigen Oberfl\u00e4chen geh\u00f6ren Eloxierung, Pulverbeschichtung, Holzmaserung und Elektrophorese, um \u00e4sthetischen Vorlieben und Anforderungen an die Haltbarkeit gerecht zu werden.\n<\/p>\n<p><\/p>","protected":false},"featured_media":7579,"template":"","categories":[67],"class_list":["post-7580","product","type-product","status-publish","has-post-thumbnail","hentry","category-architectural-aluminium-profile"],"meta_box":{"hilight_text_group":{"product_hilight_text":"<li>Integrated mosquito net profile for added insect protection<\/li>\r\r\n<li>High-quality aluminum frame ensures strength and weather resistance<\/li>\r\r\n<li>Factory-direct pricing per pound offers excellent cost efficiency<\/li>\r\r\n<li>Lightweight design allows for easy installation and operation<\/li>\r\r\n<li>Available in various finishes and styles as per catalog<\/li>\r\r\n<li>Custom OEM service supported for window and mesh system integration<\/li>","product_chanpin_blog":"<ul>\r\r\n<li><a href=\"https:\/\/sinoextrud.com\/t-slot-v-slot-differences\/\" target=\"_blank\">t slot vs v slot<\/a><\/li>\r\r\n<li><a href=\"https:\/\/sinoextrud.com\/what-is-4040-aluminium-extrud\/\" target=\"_blank\">4040 aluminium extrusion<\/a><\/li>\r\r\n<li><a href=\"https:\/\/sinoextrud.com\/what-is-4040-aluminium-extrud\/\" target=\"_blank\">aluminum extrusions for industrial racks<\/a><\/li>\r\r\n<li><a href=\"https:\/\/sinoextrud.com\/powder-coating-aluminium-process\/\" target=\"_blank\">powder coating aluminium<\/a><\/li>\r\r\n<li><a href=\"https:\/\/sinoextrud.com\/what-is-an-aluminium-strip-ceiling\/\" target=\"_blank\">aluminium strip ceiling<\/a><\/li>\r\r\n<li><a href=\"https:\/\/sinoextrud.com\/what-is-a-heat-sink\/\" target=\"_blank\">what is a heat sink<\/a><\/li>\r\r\n<\/ul>","product_chanpin_chanpin":"<li><a href=\"https:\/\/sinoextrud.com\/product\/oem-aluminum-manufacturing-processes-cnc-machining\/\" target=\"_blank\">OEM Aluminum Manufacturing Processes CNC Machining<\/a><\/li>\r\n<li><a href=\"https:\/\/sinoextrud.com\/product\/extruded-aluminum-louver-blade-profile\/\" target=\"_blank\">Extruded Aluminum Louver Blade Profile<\/a><\/li>\r\n<li><a href=\"https:\/\/sinoextrud.com\/product\/aluminum-curtain-wall-extrusion\/\" target=\"_blank\">Aluminum Curtain Wall Extrusion<\/a><\/li>\r\n<li><a href=\"https:\/\/sinoextrud.com\/product\/aluminium-v-slot-extrusion\/\" target=\"_blank\">Aluminium V Slot Extrusion<\/a><\/li>\r\n<li><a href=\"https:\/\/sinoextrud.com\/product\/aluminium-windows-with-mosquito-net-profile-catalog-uses-best-factory-price-per-pound\/\" target=\"_blank\">aluminium windows with mosquito net profile catalog uses best Factory Price per pound<\/a><\/li>\r\n<li><a href=\"https:\/\/sinoextrud.com\/product\/aluminum-alloy-6061-h-beams-aluminum-for-medical-clean-room-aluminum-extrusion-t-slot-i-beams-profile-dust-free-frame\/\" target=\"_blank\">Aluminum Alloy 6061 H Beams Aluminum For Medical Clean Room Aluminum Extrusion T Slot I Beams Profile Dust-free Frame<\/a><\/li>\r\n<li><a href=\"https:\/\/sinoextrud.com\/product\/extruded-profiles-aluminium\/\" target=\"_blank\">Extruded Profiles Aluminium<\/a><\/li>\r\n<li><a href=\"https:\/\/sinoextrud.com\/product\/customized-extruded-aluminum-flat-bar-profile\/\" target=\"_blank\">Customized Extruded Aluminum Flat Bar Profile<\/a><\/li>\r\n<li><a href=\"https:\/\/sinoextrud.com\/product\/aluminum-window-frames-mosquito-netting-suppliers\/\" target=\"_blank\">Aluminum Window Frames Mosquito Netting Suppliers<\/a><\/li>\r\n<li><a href=\"https:\/\/sinoextrud.com\/product\/aluminum-industrial-profile-6082-alloy-with-precision-cnc-cutting-length-during-1-m-to-3-meter\/\" target=\"_blank\">aluminum industrial profile 6082 alloy with precision cnc cutting length during 1 m to 3 meter<\/a><\/li>\r\n<li><a href=\"https:\/\/sinoextrud.com\/product\/aluminum-profile-for-shower-enclosure\/\" target=\"_blank\">Aluminum Profile For Shower Enclosure<\/a><\/li>"},"feature_list":[]},"_links":{"self":[{"href":"https:\/\/sinoextrud.com\/de\/wp-json\/wp\/v2\/product\/7580","targetHints":{"allow":["GET"]}}],"collection":[{"href":"https:\/\/sinoextrud.com\/de\/wp-json\/wp\/v2\/product"}],"about":[{"href":"https:\/\/sinoextrud.com\/de\/wp-json\/wp\/v2\/types\/product"}],"wp:featuredmedia":[{"embeddable":true,"href":"https:\/\/sinoextrud.com\/de\/wp-json\/wp\/v2\/media\/7579"}],"wp:attachment":[{"href":"https:\/\/sinoextrud.com\/de\/wp-json\/wp\/v2\/media?parent=7580"}],"wp:term":[{"taxonomy":"category","embeddable":true,"href":"https:\/\/sinoextrud.com\/de\/wp-json\/wp\/v2\/categories?post=7580"}],"curies":[{"name":"wp","href":"https:\/\/api.w.org\/{rel}","templated":true}]}}