{"id":7568,"date":"2025-06-09T01:52:18","date_gmt":"2025-06-09T01:52:18","guid":{"rendered":"https:\/\/sinoextrud.com\/product\/anodized-colorful-oem-aluminium-profile-for-decoration-furniture-accessory-price\/"},"modified":"2025-06-24T06:13:06","modified_gmt":"2025-06-24T06:13:06","slug":"eloxierte-bunte-oem-aluminiumprofil-fur-dekoration-mobel-zubehor-preis","status":"publish","type":"product","link":"https:\/\/sinoextrud.com\/de\/product\/anodized-colorful-oem-aluminium-profile-for-decoration-furniture-accessory-price\/","title":{"rendered":"Eloxierte bunte OEM Aluminium-Profil f\u00fcr Dekoration M\u00f6bel Zubeh\u00f6r Preis"},"content":{"rendered":"<h2>Produkte Details<\/h2>\n<table class=\"custom-table\">\n<tbody>\n<tr>\n<td> <strong>Produktname<\/strong><\/td>\n<td> 6000er Aluminium-Strangpressprofil f\u00fcr M\u00f6bel<\/td>\n<\/tr>\n<tr>\n<td> <strong>Material<\/strong><\/td>\n<td> Aluminiumlegierung<\/td>\n<\/tr>\n<tr>\n<td> <strong>Farbe<\/strong><\/td>\n<td> nat\u00fcrlich<\/td>\n<\/tr>\n<tr>\n<td> <strong>Standard<\/strong><\/td>\n<td> GB\/5237-2004<\/td>\n<\/tr>\n<tr>\n<td> <strong>Klasse<\/strong><\/td>\n<td> 6005\/6061\/6063<\/td>\n<\/tr>\n<tr>\n<td> <strong>Oberfl\u00e4che<\/strong><\/td>\n<td> Fr\u00e4sen, Eloxieren, Sandstrahlen, Pulverbeschichten, etc.<\/td>\n<\/tr>\n<tr>\n<td> <strong>Tiefgehende Verarbeitung<\/strong><\/td>\n<td> Schneiden, Bohren, Gewindeschneiden, Biegen, usw.<\/td>\n<\/tr>\n<tr>\n<td> <strong>Gebraucht<\/strong><\/td>\n<td> Maschinen f\u00fcr die Bauindustrie<\/td>\n<\/tr>\n<\/tbody>\n<\/table>\n<h2>Unsere Produktionsbasis<\/h2>\n<h3>Fabrik-Panorama<\/h3>\n<p><img decoding=\"async\" src=\"\/wp-content\/uploads\/factory-01.webp\"\/><\/p>\n<h3>Werkstatt zur Herstellung von Aluminiumstangen<\/h3>\n<p><img decoding=\"async\" src=\"\/wp-content\/uploads\/factory-02.webp\"\/><\/p>\n<p><img decoding=\"async\" src=\"\/wp-content\/uploads\/factory-03.webp\"\/><\/p>\n<h3>Lagerhaus f\u00fcr Formen<\/h3>\n<p><img decoding=\"async\" src=\"\/wp-content\/uploads\/factory-04.webp\"\/><\/p>\n<h3>43 Aluminium-Strangpressanlagen (500\u00e2\u20ac\"5500 Tonnen)<\/h3>\n<p><img decoding=\"async\" src=\"\/wp-content\/uploads\/factory-05.webp\"\/><\/p>\n<p><img decoding=\"async\" src=\"\/wp-content\/uploads\/factory-06.webp\"\/><\/p>\n<p><img decoding=\"async\" src=\"\/wp-content\/uploads\/factory-07.webp\"\/><\/p>\n<h3>Werkstatt f\u00fcr Pulverbeschichtung<\/h3>\n<p><img decoding=\"async\" src=\"\/wp-content\/uploads\/factory-09.webp\"\/><\/p>\n<h3>Eloxal-Werkstatt<\/h3>\n<p><img decoding=\"async\" src=\"\/wp-content\/uploads\/factory-10.webp\"\/><\/p>\n<h3>Workshop zur Tiefenverarbeitung<\/h3>\n<p><img decoding=\"async\" src=\"\/wp-content\/uploads\/factory-11.webp\"\/><\/p>\n<h3>CNC-Pr\u00e4zisionsbearbeitungswerkstatt<\/h3>\n<p><img decoding=\"async\" src=\"\/wp-content\/uploads\/factory-11.5.webp\"\/><\/p>\n<h3>Lager f\u00fcr Fertigprodukte und Export<\/h3>\n<p><img decoding=\"async\" src=\"\/wp-content\/uploads\/factory-12.webp\"\/><\/p>\n<p><img decoding=\"async\" src=\"\/wp-content\/uploads\/factory-13.webp\"\/><\/p>\n<p><img decoding=\"async\" src=\"\/wp-content\/uploads\/factory-14.webp\"\/><\/p>\n<h2>FAQ<\/h2>\n<p><p><b>1.was ist ein eloxiertes buntes OEM-Aluminium-Profil f\u00fcr Dekoration M\u00f6bel Accessoire?<\/b><\/p>\n<p>Es handelt sich um ein kundenspezifisches Aluminium-Strangpressprofil mit eloxierten Farboberfl\u00e4chen, das bei dekorativen M\u00f6belzubeh\u00f6rteilen f\u00fcr ein modernes und dauerhaftes Aussehen verwendet wird.<br \/>\n<\/p><br \/>\n<br \/>\n<p><b>2. warum eloxierte Aluminiumprofile f\u00fcr M\u00f6belzubeh\u00f6r w\u00e4hlen?<\/b><\/p>\n<p>Eloxierte Aluminiumprofile bieten erh\u00f6hte Haltbarkeit, Korrosionsbest\u00e4ndigkeit und leuchtende, verblassungsbest\u00e4ndige Farben, die sich ideal f\u00fcr dekorative Anwendungen eignen.<br \/>\n<\/p><br \/>\n<br \/>\n<p><b>3. sind OEM-Aluminiumprofile in Form und Farbe anpassbar?<\/b><\/p>\n<p>Ja, OEM-Aluminiumprofile k\u00f6nnen in Farbe, Form und Abmessungen auf spezifische M\u00f6beldesigns und Markenanforderungen zugeschnitten werden.<br \/>\n<\/p><br \/>\n<br \/>\n<p><b>4. ist die eloxierte Oberfl\u00e4che f\u00fcr den langfristigen Gebrauch in Innenr\u00e4umen geeignet?<\/b><\/p>\n<p>Eloxierte Oberfl\u00e4chen sind \u00e4u\u00dferst haltbar und eignen sich perfekt f\u00fcr M\u00f6bel im Innenbereich, da sie Farbe und Aussehen \u00fcber die Zeit hinweg erhalten.<br \/>\n<\/p><br \/>\n<br \/>\n<p><b>5) Wie verh\u00e4lt sich eloxiertes Aluminium im Vergleich zu lackierten oder beschichteten Profilen?<\/b><\/p>\n<p>Eloxiertes Aluminium bietet im Vergleich zu lackierten oder pulverbeschichteten Profilen eine h\u00e4rtere, haltbarere Oberfl\u00e4che mit besserer Farbkonsistenz und Verschlei\u00dffestigkeit.<br \/>\n<\/p><br \/>\n<br \/>\n<p><b>6 K\u00f6nnen diese Aluminiumprofile in Umgebungen mit hoher Luftfeuchtigkeit verwendet werden?<\/b><\/p>\n<p>Ja, die eloxierte Oberfl\u00e4che erh\u00f6ht die Korrosionsbest\u00e4ndigkeit, so dass sie f\u00fcr K\u00fcchen, B\u00e4der und andere feuchtigkeitsanf\u00e4llige Bereiche geeignet sind.<br \/>\n<\/p><br \/>\n<br \/>\n<p><b>7) Was ist die typische Preisspanne f\u00fcr eloxierte OEM-Aluminiumprofile?<\/b><\/p>\n<p>Die Preise h\u00e4ngen von der Komplexit\u00e4t des Designs, der Menge und der Ausf\u00fchrung ab, sind aber sowohl bei Standard- als auch bei kundenspezifischen Gro\u00dfauftr\u00e4gen konkurrenzf\u00e4hig.<br \/>\n<\/p><br \/><\/p>","protected":false},"featured_media":7567,"template":"","categories":[67],"class_list":["post-7568","product","type-product","status-publish","has-post-thumbnail","hentry","category-architectural-aluminium-profile"],"meta_box":{"hilight_text_group":{"product_hilight_text":"<li>High-quality anodized finish offers vibrant, long-lasting color<\/li>\r\r\n<li>Custom OEM designs available for unique furniture applications<\/li>\r\r\n<li>Corrosion-resistant surface ideal for indoor and light-duty outdoor use<\/li>\r\r\n<li>Lightweight and easy to integrate into decorative furniture systems<\/li>\r\r\n<li>Precise extrusion ensures seamless fit and professional appearance<\/li>\r\r\n<li>Competitive pricing for bulk orders and customized specifications<\/li>","product_chanpin_blog":"<ul>\r\r\n<li><a href=\"https:\/\/sinoextrud.com\/t-slot-v-slot-differences\/\" target=\"_blank\">t slot vs v slot<\/a><\/li>\r\r\n<li><a href=\"https:\/\/sinoextrud.com\/what-is-4040-aluminium-extrud\/\" target=\"_blank\">4040 aluminium extrusion<\/a><\/li>\r\r\n<li><a href=\"https:\/\/sinoextrud.com\/what-is-4040-aluminium-extrud\/\" target=\"_blank\">aluminum extrusions for industrial racks<\/a><\/li>\r\r\n<li><a href=\"https:\/\/sinoextrud.com\/powder-coating-aluminium-process\/\" target=\"_blank\">powder coating aluminium<\/a><\/li>\r\r\n<li><a href=\"https:\/\/sinoextrud.com\/what-is-an-aluminium-strip-ceiling\/\" target=\"_blank\">aluminium strip ceiling<\/a><\/li>\r\r\n<li><a href=\"https:\/\/sinoextrud.com\/what-is-a-heat-sink\/\" target=\"_blank\">what is a heat sink<\/a><\/li>\r\r\n<\/ul>","product_chanpin_chanpin":"<li><a href=\"https:\/\/sinoextrud.com\/product\/extruded-aluminium-skirting-aluminium-skirting-board\/\" target=\"_blank\">Extruded Aluminium Skirting Aluminium Skirting Board<\/a><\/li>\r\n<li><a href=\"https:\/\/sinoextrud.com\/product\/aluminum-section-window\/\" target=\"_blank\">Aluminum Section Window<\/a><\/li>\r\n<li><a href=\"https:\/\/sinoextrud.com\/product\/aluminum-u-profile-glass-railing\/\" target=\"_blank\">Aluminum U profile Glass Railing<\/a><\/li>\r\n<li><a href=\"https:\/\/sinoextrud.com\/product\/aluminium-screen-door-extrusions\/\" target=\"_blank\">Aluminium Screen Door Extrusions<\/a><\/li>\r\n<li><a href=\"https:\/\/sinoextrud.com\/product\/anodized-colorful-oem-aluminium-profile-for-decoration-furniture-accessory-price\/\" target=\"_blank\">Anodized Colorful OEM Aluminium Profile For Decoration Furniture Accessory price<\/a><\/li>\r\n<li><a href=\"https:\/\/sinoextrud.com\/product\/sliver-anodized-aluminum-extrusions-kitchen-cabinets-profiles-frame\/\" target=\"_blank\">Sliver Anodized Aluminum Extrusions Kitchen Cabinets Profiles Frame<\/a><\/li>\r\n<li><a href=\"https:\/\/sinoextrud.com\/product\/oem-aluminum-manufacturing-processes-cnc-machining\/\" target=\"_blank\">OEM Aluminum Manufacturing Processes CNC Machining<\/a><\/li>\r\n<li><a href=\"https:\/\/sinoextrud.com\/product\/extruded-aluminum-louver-blade-profile\/\" target=\"_blank\">Extruded Aluminum Louver Blade Profile<\/a><\/li>\r\n<li><a href=\"https:\/\/sinoextrud.com\/product\/aluminum-curtain-wall-extrusion\/\" target=\"_blank\">Aluminum Curtain Wall Extrusion<\/a><\/li>\r\n<li><a href=\"https:\/\/sinoextrud.com\/product\/aluminium-shower-extrusions\/\" target=\"_blank\">Aluminium Shower Extrusions<\/a><\/li>\r\n<li><a href=\"https:\/\/sinoextrud.com\/product\/customized-structural-aluminum-profiles\/\" target=\"_blank\">Customized Structural Aluminum Profiles<\/a><\/li>"},"feature_list":[]},"_links":{"self":[{"href":"https:\/\/sinoextrud.com\/de\/wp-json\/wp\/v2\/product\/7568","targetHints":{"allow":["GET"]}}],"collection":[{"href":"https:\/\/sinoextrud.com\/de\/wp-json\/wp\/v2\/product"}],"about":[{"href":"https:\/\/sinoextrud.com\/de\/wp-json\/wp\/v2\/types\/product"}],"wp:featuredmedia":[{"embeddable":true,"href":"https:\/\/sinoextrud.com\/de\/wp-json\/wp\/v2\/media\/7567"}],"wp:attachment":[{"href":"https:\/\/sinoextrud.com\/de\/wp-json\/wp\/v2\/media?parent=7568"}],"wp:term":[{"taxonomy":"category","embeddable":true,"href":"https:\/\/sinoextrud.com\/de\/wp-json\/wp\/v2\/categories?post=7568"}],"curies":[{"name":"wp","href":"https:\/\/api.w.org\/{rel}","templated":true}]}}