{"id":7560,"date":"2025-06-09T01:44:34","date_gmt":"2025-06-09T01:44:34","guid":{"rendered":"https:\/\/sinoextrud.com\/product\/extruded-aluminium-skirting-aluminium-skirting-board\/"},"modified":"2025-06-24T06:13:06","modified_gmt":"2025-06-24T06:13:06","slug":"sockelleiste-aus-stranggepresstem-aluminium-sockelleiste-aus-aluminium","status":"publish","type":"product","link":"https:\/\/sinoextrud.com\/de\/product\/extruded-aluminium-skirting-aluminium-skirting-board\/","title":{"rendered":"Stranggepresste Aluminium-Sockelleisten Aluminium-Sockelleisten"},"content":{"rendered":"<h2>Produkte Details<\/h2>\n<table class=\"custom-table\">\n<tbody>\n<tr>\n<td> Artikel:<\/td>\n<td> Stranggepresste Aluminium-Sockelleisten Aluminium-Sockelleisten<\/td>\n<\/tr>\n<tr>\n<td> Die Form:<\/td>\n<td> angepasst<\/td>\n<\/tr>\n<tr>\n<td> Note:<\/td>\n<td> Serie 6000<\/td>\n<\/tr>\n<tr>\n<td> Temperament:<\/td>\n<td> T3-T8<\/td>\n<\/tr>\n<tr>\n<td> Legierung:<\/td>\n<td> Legierung<\/td>\n<\/tr>\n<tr>\n<td> Produktionszeit:<\/td>\n<td> 20 bis 25 Tage<\/td>\n<\/tr>\n<tr>\n<td> Transport-Paket:<\/td>\n<td> Standard-Export-Verpackung<\/td>\n<\/tr>\n<tr>\n<td> Herkunft:<\/td>\n<td> Foshan, China<\/td>\n<\/tr>\n<tr>\n<td> Extra Service:<\/td>\n<td> OEM<\/td>\n<\/tr>\n<tr>\n<td> Material:<\/td>\n<td> 6063-T5, 6061-T6, 6463-T5, 7075-T6, 6082<\/td>\n<\/tr>\n<tr>\n<td> Oberfl\u00e4chenveredelung:<\/td>\n<td> als Bedingung<\/td>\n<\/tr>\n<tr>\n<td> Zertifizierung:<\/td>\n<td> CE, ISO, TUV<\/td>\n<\/tr>\n<tr>\n<td> Legnth:<\/td>\n<td> 1~9 Meter (Standard wie erforderlich)<\/td>\n<\/tr>\n<tr>\n<td> Verarbeitung:<\/td>\n<td> Qualit\u00e4t beim Aluminium-Strangpressen<\/td>\n<\/tr>\n<tr>\n<td> Fob Port:<\/td>\n<td> Shenzhen, Foshan, Guangzhou<\/td>\n<\/tr>\n<tr>\n<td> Warenzeichen:<\/td>\n<td> Sinoextrud(Sinoextrud)\/ OEM<\/td>\n<\/tr>\n<\/tbody>\n<\/table>\n<h2>Unsere Produktionsbasis<\/h2>\n<h3>Fabrik-Panorama<\/h3>\n<p><img decoding=\"async\" src=\"\/wp-content\/uploads\/factory-01.webp\"\/><\/p>\n<h3>Werkstatt zur Herstellung von Aluminiumstangen<\/h3>\n<p><img decoding=\"async\" src=\"\/wp-content\/uploads\/factory-02.webp\"\/><\/p>\n<p><img decoding=\"async\" src=\"\/wp-content\/uploads\/factory-03.webp\"\/><\/p>\n<h3>Lagerhaus f\u00fcr Formen<\/h3>\n<p><img decoding=\"async\" src=\"\/wp-content\/uploads\/factory-04.webp\"\/><\/p>\n<h3>43 Aluminium-Strangpressanlagen (500-5500 Tonnen)<\/h3>\n<p><img decoding=\"async\" src=\"\/wp-content\/uploads\/factory-05.webp\"\/><\/p>\n<p><img decoding=\"async\" src=\"\/wp-content\/uploads\/factory-06.webp\"\/><\/p>\n<p><img decoding=\"async\" src=\"\/wp-content\/uploads\/factory-07.webp\"\/><\/p>\n<h3>Werkstatt f\u00fcr Pulverbeschichtung<\/h3>\n<p><img decoding=\"async\" src=\"\/wp-content\/uploads\/factory-09.webp\"\/><\/p>\n<h3>Eloxal-Werkstatt<\/h3>\n<p><img decoding=\"async\" src=\"\/wp-content\/uploads\/factory-10.webp\"\/><\/p>\n<h3>Workshop zur Tiefenverarbeitung<\/h3>\n<p><img decoding=\"async\" src=\"\/wp-content\/uploads\/factory-11.webp\"\/><\/p>\n<h3>CNC-Pr\u00e4zisionsbearbeitungswerkstatt<\/h3>\n<p><img decoding=\"async\" src=\"\/wp-content\/uploads\/factory-11.5.webp\"\/><\/p>\n<h3>Lager f\u00fcr Fertigprodukte und Export<\/h3>\n<p><img decoding=\"async\" src=\"\/wp-content\/uploads\/factory-12.webp\"\/><\/p>\n<p><img decoding=\"async\" src=\"\/wp-content\/uploads\/factory-13.webp\"\/><\/p>\n<p><img decoding=\"async\" src=\"\/wp-content\/uploads\/factory-14.webp\"\/><\/p>\n<h2>FAQ<\/h2>\n<p><p><b>1. was ist eine stranggepresste Aluminiumsockelleiste?<\/b><\/p>\n<p>Es handelt sich um einen Wandsockel aus stranggepresstem Aluminium, der zur Abdeckung von Boden-Wand-\u00dcberg\u00e4ngen verwendet wird und einen modernen Abschluss bildet.<br \/>\n<\/p><br \/>\n<br \/>\n<p><b>2 Warum sollten Sie sich f\u00fcr Aluminiumsockelleisten und nicht f\u00fcr traditionelle Materialien entscheiden?<\/b><\/p>\n<p>Aluminiumsockelleisten sind haltbarer, feuchtigkeits- und sto\u00dffest und bieten im Vergleich zu Holz oder Kunststoff ein sauberes, modernes Aussehen.<br \/>\n<\/p><br \/>\n<br \/>\n<p><b>3. sind Aluminiumsockelleisten f\u00fcr den gewerblichen Einsatz geeignet?<\/b><\/p>\n<p>Ja, seine Langlebigkeit und Verschlei\u00dffestigkeit machen ihn ideal f\u00fcr gewerbliche und stark frequentierte Umgebungen.<br \/>\n<\/p><br \/>\n<br \/>\n<p><b>4. k\u00f6nnen Aluminiumsockelleisten lackiert oder beschichtet werden?<\/b><\/p>\n<p>Ja, es ist in verschiedenen eloxierten, pulverbeschichteten und geb\u00fcrsteten Ausf\u00fchrungen erh\u00e4ltlich und kann farblich angepasst werden.<br \/>\n<\/p><br \/>\n<br \/>\n<p><b>5. ist es einfach, Sockelleisten aus Aluminium zu montieren?<\/b><\/p>\n<p>Ja, die meisten Systeme werden mit verdeckten Clips oder Klebefl\u00e4chen f\u00fcr eine schnelle und saubere Installation geliefert.<br \/>\n<\/p><br \/>\n<br \/>\n<p><b>6. mit welchen Bodenbel\u00e4gen sind Aluminium-Sockelleisten kompatibel?<\/b><\/p>\n<p>Er eignet sich gut f\u00fcr Fliesen-, Hartholz-, Laminat-, Vinyl- und sogar Teppichb\u00f6den.<br \/>\n<\/p><br \/>\n<br \/>\n<p><b>7) M\u00fcssen Aluminiumsockelleisten gewartet werden?<\/b><\/p>\n<p>Der Pflegeaufwand ist minimal - es gen\u00fcgt eine gelegentliche Reinigung, um das Aussehen zu erhalten.<br \/>\n<\/p><br \/>\n<br \/>\n<p><b>8. sind stranggepresste Aluminiumsockelleisten umweltfreundlich?<\/b><\/p>\n<p>Ja, es ist vollst\u00e4ndig recycelbar und tr\u00e4gt zu nachhaltigen Baupraktiken bei.<br \/>\n<\/p><br \/><\/p>","protected":false},"featured_media":7559,"template":"","categories":[67],"class_list":["post-7560","product","type-product","status-publish","has-post-thumbnail","hentry","category-architectural-aluminium-profile"],"meta_box":{"hilight_text_group":{"product_hilight_text":"<li>Modern extruded aluminum skirting offers sleek architectural appeal<\/li>\r\r\n<li>Durable and impact-resistant, ideal for high-traffic areas<\/li>\r\r\n<li>Corrosion-resistant finish ensures long-lasting performance<\/li>\r\r\n<li>Easy to install with concealed fixing systems<\/li>\r\r\n<li>Low maintenance and easy to clean surface<\/li>\r\r\n<li>Available in various heights, finishes, and profiles<\/li>\r\r\n<li>Compatible with wood, tile, and vinyl flooring<\/li>","product_chanpin_blog":"<ul>\r\r\n<li><a href=\"https:\/\/sinoextrud.com\/t-slot-v-slot-differences\/\" target=\"_blank\">t slot vs v slot<\/a><\/li>\r\r\n<li><a href=\"https:\/\/sinoextrud.com\/what-is-4040-aluminium-extrud\/\" target=\"_blank\">4040 aluminium extrusion<\/a><\/li>\r\r\n<li><a href=\"https:\/\/sinoextrud.com\/what-is-4040-aluminium-extrud\/\" target=\"_blank\">aluminum extrusions for industrial racks<\/a><\/li>\r\r\n<li><a href=\"https:\/\/sinoextrud.com\/powder-coating-aluminium-process\/\" target=\"_blank\">powder coating aluminium<\/a><\/li>\r\r\n<li><a href=\"https:\/\/sinoextrud.com\/what-is-an-aluminium-strip-ceiling\/\" target=\"_blank\">aluminium strip ceiling<\/a><\/li>\r\r\n<li><a href=\"https:\/\/sinoextrud.com\/what-is-a-heat-sink\/\" target=\"_blank\">what is a heat sink<\/a><\/li>\r\r\n<\/ul>","product_chanpin_chanpin":"<li><a href=\"https:\/\/sinoextrud.com\/product\/aluminium-profile-bracket\/\" target=\"_blank\">Aluminium Profile Bracket<\/a><\/li>\r\n<li><a href=\"https:\/\/sinoextrud.com\/product\/aluminum-u-shape-channel-profile\/\" target=\"_blank\">Aluminum U Shape Channel Profile<\/a><\/li>\r\n<li><a href=\"https:\/\/sinoextrud.com\/product\/aluminium-profile-glass-curtain-wall-system\/\" target=\"_blank\">Aluminium Profile Glass Curtain Wall System<\/a><\/li>\r\n<li><a href=\"https:\/\/sinoextrud.com\/product\/office-partition-aluminum-profile\/\" target=\"_blank\">Office Partition Aluminum Profile<\/a><\/li>\r\n<li><a href=\"https:\/\/sinoextrud.com\/product\/extruded-aluminium-skirting-aluminium-skirting-board\/\" target=\"_blank\">Extruded Aluminium Skirting Aluminium Skirting Board<\/a><\/li>\r\n<li><a href=\"https:\/\/sinoextrud.com\/product\/aluminum-section-window\/\" target=\"_blank\">Aluminum Section Window<\/a><\/li>\r\n<li><a href=\"https:\/\/sinoextrud.com\/product\/aluminum-u-profile-glass-railing\/\" target=\"_blank\">Aluminum U profile Glass Railing<\/a><\/li>\r\n<li><a href=\"https:\/\/sinoextrud.com\/product\/aluminium-screen-door-extrusions\/\" target=\"_blank\">Aluminium Screen Door Extrusions<\/a><\/li>\r\n<li><a href=\"https:\/\/sinoextrud.com\/product\/anodized-colorful-oem-aluminium-profile-for-decoration-furniture-accessory-price\/\" target=\"_blank\">Anodized Colorful OEM Aluminium Profile For Decoration Furniture Accessory price<\/a><\/li>\r\n<li><a href=\"https:\/\/sinoextrud.com\/product\/aluminium-extrusion-connectors\/\" target=\"_blank\">Aluminium Extrusion Connectors<\/a><\/li>\r\n<li><a href=\"https:\/\/sinoextrud.com\/product\/slotted-aluminum-profile-export-to-maylsia\/\" target=\"_blank\">Slotted Aluminum Profile Export To Maylsia<\/a><\/li>"},"feature_list":[]},"_links":{"self":[{"href":"https:\/\/sinoextrud.com\/de\/wp-json\/wp\/v2\/product\/7560","targetHints":{"allow":["GET"]}}],"collection":[{"href":"https:\/\/sinoextrud.com\/de\/wp-json\/wp\/v2\/product"}],"about":[{"href":"https:\/\/sinoextrud.com\/de\/wp-json\/wp\/v2\/types\/product"}],"wp:featuredmedia":[{"embeddable":true,"href":"https:\/\/sinoextrud.com\/de\/wp-json\/wp\/v2\/media\/7559"}],"wp:attachment":[{"href":"https:\/\/sinoextrud.com\/de\/wp-json\/wp\/v2\/media?parent=7560"}],"wp:term":[{"taxonomy":"category","embeddable":true,"href":"https:\/\/sinoextrud.com\/de\/wp-json\/wp\/v2\/categories?post=7560"}],"curies":[{"name":"wp","href":"https:\/\/api.w.org\/{rel}","templated":true}]}}