{"id":7558,"date":"2025-06-09T01:39:03","date_gmt":"2025-06-09T01:39:03","guid":{"rendered":"https:\/\/sinoextrud.com\/product\/office-partition-aluminum-profile\/"},"modified":"2025-06-24T06:13:05","modified_gmt":"2025-06-24T06:13:05","slug":"burotrennwand-aluminiumprofil","status":"publish","type":"product","link":"https:\/\/sinoextrud.com\/de\/product\/office-partition-aluminum-profile\/","title":{"rendered":"B\u00fcrotrennwand Aluminiumprofil"},"content":{"rendered":"<h2>Produkte Details<\/h2>\n<table class=\"custom-table\">\n<tr>\n<td class=\"label\">Artikel<\/td>\n<td>B\u00fcrotrennwand Aluminiumprofil<\/td>\n<\/tr>\n<tr>\n<td class=\"label\">Material<\/td>\n<td>Serie 6000 Aluminium<\/td>\n<\/tr>\n<tr>\n<td class=\"label\">Temperament<\/td>\n<td>T4, T5, T6<\/td>\n<\/tr>\n<tr>\n<td class=\"label\">Gr\u00f6\u00dfe\/St\u00e4rke<\/td>\n<td>Allgemeine Profildicke von 0,8 bis 5,0mm, L\u00e4nge von 1m-9m oder kundenspezifisch verf\u00fcgbar; Eloxalschutzschichtdicke von 8~25 um, Pulverbeschichtung von 40 ~ 120 um.<\/td>\n<\/tr>\n<tr>\n<td class=\"label\">Form<\/td>\n<td>Kundenspezifisch<\/td>\n<\/tr>\n<tr>\n<td class=\"label\">Anmeldung<\/td>\n<td>F\u00fcr Fenster und T\u00fcren, Dekoration, Industrie, Bauwesen und so weiter<\/td>\n<\/tr>\n<tr>\n<td class=\"label\">Oberfl\u00e4chenbehandlung<\/td>\n<td>Pulverbeschichtung, Elektrophorese, Holzmaserung, Eloxal und so weiter<\/td>\n<\/tr>\n<tr>\n<td class=\"label\">Farben<\/td>\n<td>Ref Pulverbeschichtung Farbe Blatt und kundenspezifische Farbe verf\u00fcgbar<\/td>\n<\/tr>\n<tr>\n<td class=\"label\">Tiefgreifender Prozess<\/td>\n<td>CNC, Bohren, Fr\u00e4sen, Schneiden, Schwei\u00dfen, Biegen, Montieren<\/td>\n<\/tr>\n<tr>\n<td class=\"label\">MOQ<\/td>\n<td>200KGs f\u00fcr jeden Artikel<\/td>\n<\/tr>\n<tr>\n<td class=\"label\">Details zur Verpackung<\/td>\n<td>(1) Innen: verpackt mit Kunststoff-Schutzfolie, um jedes St\u00fcck zu sch\u00fctzen<\/td>\n<\/tr>\n<tr>\n<td class=\"label\"><\/td>\n<td>(2) Au\u00dferhalb: Wrap zu sein B\u00fcndel von wasserdichten Handwerk Papier<\/td>\n<\/tr>\n<tr>\n<td class=\"label\">Lieferfrist<\/td>\n<td>(1) Die Entwicklung und Pr\u00fcfung von Mustern: 12-18 Tage.<\/td>\n<\/tr>\n<tr>\n<td class=\"label\"><\/td>\n<td>(2) Massenproduktion abgeschlossen: 20-30 Tage nach der Probe wird vom K\u00e4ufer best\u00e4tigt.<\/td>\n<\/tr>\n<tr>\n<td class=\"label\">FOB Hafen<\/td>\n<td>SHENZHEN \/ GUANGZHOU \/ FOSHAN<\/td>\n<\/tr>\n<tr>\n<td class=\"label\">Zahlungsbedingungen<\/td>\n<td>T\/T 30% f\u00fcr Ablagerung, Balance vor Versand.<\/td>\n<\/tr>\n<tr>\n<td class=\"label\">Abrechnungszeitraum<\/td>\n<td>Berechnen Sie nach dem tats\u00e4chlichen Endgewicht oder nach dem theoretischen Ziehgewicht.<\/td>\n<\/tr>\n<tr>\n<td class=\"label\">Produktionskapazit\u00e4t<\/td>\n<td>5000 Tonnen monatlich, 60000 Tonnen j\u00e4hrlich.<\/td>\n<\/tr>\n<tr>\n<td class=\"label\">Zertifikat und Standard<\/td>\n<td>CQM, SGS, CE, BV, SONCAP \/ GB, ISO, JIS, AS, NZS, QUALICOAT, QUOLANOD verf\u00fcgbar<\/td>\n<\/tr>\n<tr>\n<td class=\"label\">B\u00fcrgschaft<\/td>\n<td>Die Oberfl\u00e4chenfarbe kann im Innenbereich 10 bis 20 Jahre lang stabil bleiben.<\/td>\n<\/tr>\n<\/table>\n<h2>Unsere Produktionsbasis<\/h2>\n<h3>Fabrik-Panorama<\/h3>\n<p><img decoding=\"async\" src=\"\/wp-content\/uploads\/factory-01.webp\"\/><\/p>\n<h3>Werkstatt zur Herstellung von Aluminiumstangen<\/h3>\n<p><img decoding=\"async\" src=\"\/wp-content\/uploads\/factory-02.webp\"\/><\/p>\n<p><img decoding=\"async\" src=\"\/wp-content\/uploads\/factory-03.webp\"\/><\/p>\n<h3>Lagerhaus f\u00fcr Formen<\/h3>\n<p><img decoding=\"async\" src=\"\/wp-content\/uploads\/factory-04.webp\"\/><\/p>\n<h3>43 Aluminium-Strangpressanlagen (500\u00e2\u20ac\"5500 Tonnen)<\/h3>\n<p><img decoding=\"async\" src=\"\/wp-content\/uploads\/factory-05.webp\"\/><\/p>\n<p><img decoding=\"async\" src=\"\/wp-content\/uploads\/factory-06.webp\"\/><\/p>\n<p><img decoding=\"async\" src=\"\/wp-content\/uploads\/factory-07.webp\"\/><\/p>\n<h3>Werkstatt f\u00fcr Pulverbeschichtung<\/h3>\n<p><img decoding=\"async\" src=\"\/wp-content\/uploads\/factory-09.webp\"\/><\/p>\n<h3>Eloxal-Werkstatt<\/h3>\n<p><img decoding=\"async\" src=\"\/wp-content\/uploads\/factory-10.webp\"\/><\/p>\n<h3>Workshop zur Tiefenverarbeitung<\/h3>\n<p><img decoding=\"async\" src=\"\/wp-content\/uploads\/factory-11.webp\"\/><\/p>\n<h3>CNC-Pr\u00e4zisionsbearbeitungswerkstatt<\/h3>\n<p><img decoding=\"async\" src=\"\/wp-content\/uploads\/factory-11.5.webp\"\/><\/p>\n<h3>Lager f\u00fcr Fertigprodukte und Export<\/h3>\n<p><img decoding=\"async\" src=\"\/wp-content\/uploads\/factory-12.webp\"\/><\/p>\n<p><img decoding=\"async\" src=\"\/wp-content\/uploads\/factory-13.webp\"\/><\/p>\n<p><img decoding=\"async\" src=\"\/wp-content\/uploads\/factory-14.webp\"\/><\/p>\n<h2>FAQ<\/h2>\n<p><p><b>1. was ist ein B\u00fcrotrennwand-Aluminiumprofil?<\/b><\/p>\n<p>Es handelt sich um einen Rahmen aus stranggepresstem Aluminium, der zum Bau von modularen B\u00fcrotrennw\u00e4nden verwendet wird und f\u00fcr Struktur und Stil sorgt.<br \/>\n<\/p><br \/>\n<br \/>\n<p><b>2. warum Aluminiumprofile f\u00fcr B\u00fcrotrennw\u00e4nde w\u00e4hlen?<\/b><\/p>\n<p>Sie sind leicht, langlebig und korrosionsbest\u00e4ndig und bieten sowohl funktionale als auch \u00e4sthetische Vorteile.<br \/>\n<\/p><br \/>\n<br \/>\n<p><b>3. eignen sich Aluminiumprofile f\u00fcr B\u00fcrotrennw\u00e4nde aus Glas?<\/b><\/p>\n<p>Ja, sie sind so konzipiert, dass sie Glasplatten und andere Materialien wie Holz oder PVC sicher halten.<br \/>\n<\/p><br \/>\n<br \/>\n<p><b>4. k\u00f6nnen diese Profile angepasst werden?<\/b><\/p>\n<p>Nat\u00fcrlich k\u00f6nnen sie in verschiedenen Formen, Gr\u00f6\u00dfen, Ausf\u00fchrungen und Konfigurationen hergestellt werden, um verschiedenen B\u00fcrodesigns gerecht zu werden.<br \/>\n<\/p><br \/>\n<br \/>\n<p><b>Sind Profile f\u00fcr B\u00fcrotrennw\u00e4nde einfach zu installieren?<\/b><\/p>\n<p>Ja, sie bieten modulare Montageoptionen, die eine schnelle und flexible Installation erm\u00f6glichen.<br \/>\n<\/p><br \/>\n<br \/>\n<p><b>6. unterst\u00fctzen Aluminium-Trennwandprofile die Schalld\u00e4mmung?<\/b><\/p>\n<p>Ja, wenn sie mit geeigneten Glas- oder Paneelf\u00fcllungen kombiniert werden, k\u00f6nnen sie die Akustik in B\u00fcror\u00e4umen verbessern.<br \/>\n<\/p><br \/>\n<br \/>\n<p><b>7. welche Oberfl\u00e4chen sind f\u00fcr die Profile der B\u00fcrotrennw\u00e4nde erh\u00e4ltlich?<\/b><\/p>\n<p>Zu den g\u00e4ngigen Oberfl\u00e4chen geh\u00f6ren Eloxierung, Pulverbeschichtung und geb\u00fcrstetes Aluminium f\u00fcr ein professionelles Aussehen.<br \/>\n<\/p><br \/>\n<br \/>\n<p><b>8. ist Aluminium ein nachhaltiges Material f\u00fcr B\u00fcrosysteme?<\/b><\/p>\n<p>Ja, Aluminium ist 100% recycelbar und unterst\u00fctzt umweltfreundliche Baupraktiken.<br \/>\n<\/p><br \/><\/p>","protected":false},"featured_media":7557,"template":"","categories":[67],"class_list":["post-7558","product","type-product","status-publish","has-post-thumbnail","hentry","category-architectural-aluminium-profile"],"meta_box":{"hilight_text_group":{"product_hilight_text":"<li>Sleek and modern aluminum profiles enhance office aesthetics<\/li>\r\r\n<li>Lightweight yet strong for stable partition framing<\/li>\r\r\n<li>Corrosion-resistant surface ideal for long-term indoor use<\/li>\r\r\n<li>Supports glass, wood, or composite panel integration<\/li>\r\r\n<li>Easy installation with modular connection systems<\/li>\r\r\n<li>Customizable sizes, finishes, and configurations available<\/li>\r\r\n<li>Eco-friendly and fully recyclable aluminum material<\/li>","product_chanpin_blog":"<ul>\r\r\n<li><a href=\"https:\/\/sinoextrud.com\/t-slot-v-slot-differences\/\" target=\"_blank\">t slot vs v slot<\/a><\/li>\r\r\n<li><a href=\"https:\/\/sinoextrud.com\/what-is-4040-aluminium-extrud\/\" target=\"_blank\">4040 aluminium extrusion<\/a><\/li>\r\r\n<li><a href=\"https:\/\/sinoextrud.com\/what-is-4040-aluminium-extrud\/\" target=\"_blank\">aluminum extrusions for industrial racks<\/a><\/li>\r\r\n<li><a href=\"https:\/\/sinoextrud.com\/powder-coating-aluminium-process\/\" target=\"_blank\">powder coating aluminium<\/a><\/li>\r\r\n<li><a href=\"https:\/\/sinoextrud.com\/what-is-an-aluminium-strip-ceiling\/\" target=\"_blank\">aluminium strip ceiling<\/a><\/li>\r\r\n<li><a href=\"https:\/\/sinoextrud.com\/what-is-a-heat-sink\/\" target=\"_blank\">what is a heat sink<\/a><\/li>\r\r\n<\/ul>","product_chanpin_chanpin":"<li><a href=\"https:\/\/sinoextrud.com\/product\/greenhouse-aluminum-profile-customized-aluminum-profile-beam-powder-coated\/\" target=\"_blank\">greenhouse aluminum profile customized aluminum profile beam powder coated<\/a><\/li>\r\n<li><a href=\"https:\/\/sinoextrud.com\/product\/aluminium-profile-bracket\/\" target=\"_blank\">Aluminium Profile Bracket<\/a><\/li>\r\n<li><a href=\"https:\/\/sinoextrud.com\/product\/aluminum-u-shape-channel-profile\/\" target=\"_blank\">Aluminum U Shape Channel Profile<\/a><\/li>\r\n<li><a href=\"https:\/\/sinoextrud.com\/product\/aluminium-profile-glass-curtain-wall-system\/\" target=\"_blank\">Aluminium Profile Glass Curtain Wall System<\/a><\/li>\r\n<li><a href=\"https:\/\/sinoextrud.com\/product\/office-partition-aluminum-profile\/\" target=\"_blank\">Office Partition Aluminum Profile<\/a><\/li>\r\n<li><a href=\"https:\/\/sinoextrud.com\/product\/extruded-aluminium-skirting-aluminium-skirting-board\/\" target=\"_blank\">Extruded Aluminium Skirting Aluminium Skirting Board<\/a><\/li>\r\n<li><a href=\"https:\/\/sinoextrud.com\/product\/aluminum-section-window\/\" target=\"_blank\">Aluminum Section Window<\/a><\/li>\r\n<li><a href=\"https:\/\/sinoextrud.com\/product\/aluminum-u-profile-glass-railing\/\" target=\"_blank\">Aluminum U profile Glass Railing<\/a><\/li>\r\n<li><a href=\"https:\/\/sinoextrud.com\/product\/aluminium-screen-door-extrusions\/\" target=\"_blank\">Aluminium Screen Door Extrusions<\/a><\/li>\r\n<li><a href=\"https:\/\/sinoextrud.com\/product\/lay-in-tile-ceiling-system\/\" target=\"_blank\">Lay-in Tile Ceiling System<\/a><\/li>\r\n<li><a href=\"https:\/\/sinoextrud.com\/product\/aluminium-profile-for-window\/\" target=\"_blank\">Aluminium Profile For Window<\/a><\/li>"},"feature_list":[]},"_links":{"self":[{"href":"https:\/\/sinoextrud.com\/de\/wp-json\/wp\/v2\/product\/7558","targetHints":{"allow":["GET"]}}],"collection":[{"href":"https:\/\/sinoextrud.com\/de\/wp-json\/wp\/v2\/product"}],"about":[{"href":"https:\/\/sinoextrud.com\/de\/wp-json\/wp\/v2\/types\/product"}],"wp:featuredmedia":[{"embeddable":true,"href":"https:\/\/sinoextrud.com\/de\/wp-json\/wp\/v2\/media\/7557"}],"wp:attachment":[{"href":"https:\/\/sinoextrud.com\/de\/wp-json\/wp\/v2\/media?parent=7558"}],"wp:term":[{"taxonomy":"category","embeddable":true,"href":"https:\/\/sinoextrud.com\/de\/wp-json\/wp\/v2\/categories?post=7558"}],"curies":[{"name":"wp","href":"https:\/\/api.w.org\/{rel}","templated":true}]}}