{"id":7556,"date":"2025-06-09T01:37:15","date_gmt":"2025-06-09T01:37:15","guid":{"rendered":"https:\/\/sinoextrud.com\/product\/aluminium-profile-glass-curtain-wall-system\/"},"modified":"2025-06-24T06:13:05","modified_gmt":"2025-06-24T06:13:05","slug":"aluminiumprofil-glasfassadensystem-2","status":"publish","type":"product","link":"https:\/\/sinoextrud.com\/de\/product\/aluminium-profile-glass-curtain-wall-system\/","title":{"rendered":"Aluminiumprofil-Glasfassadensystem"},"content":{"rendered":"<h2>Produkte Details<\/h2>\n<table class=\"custom-table\">\n<tr>\n<td class=\"label\">Anwendung:<\/td>\n<td>Aluminiumprofil-Glasfassadensystem<\/td>\n<\/tr>\n<tr>\n<td class=\"label\">Note:<\/td>\n<td> Serie 6000<\/td>\n<\/tr>\n<tr>\n<td class=\"label\">Temperament:<\/td>\n<td> T3-T8<\/td>\n<\/tr>\n<tr>\n<td class=\"label\">Qualit\u00e4tskontrolle:<\/td>\n<td> 100% Pr\u00fcfung vor dem Versand<\/td>\n<\/tr>\n<tr>\n<td class=\"label\">(1) Innen:<\/td>\n<td> Verpackung mit Plastikschutzfolie zum Schutz jedes Profils<\/td>\n<\/tr>\n<tr>\n<td class=\"label\">(2) Au\u00dferhalb:<\/td>\n<td> Verpackung mit wasserfestem Bastelpapier<\/td>\n<\/tr>\n<tr>\n<td class=\"label\">Legierung:<\/td>\n<td> Legierung<\/td>\n<\/tr>\n<tr>\n<td class=\"label\">Gr\u00f6\u00dfe:<\/td>\n<td> angepasst<\/td>\n<\/tr>\n<\/table>\n<h2>Unsere Produktionsbasis<\/h2>\n<h3>Fabrik-Panorama<\/h3>\n<p><img decoding=\"async\" src=\"\/wp-content\/uploads\/factory-01.webp\"\/><\/p>\n<h3>Werkstatt zur Herstellung von Aluminiumstangen<\/h3>\n<p><img decoding=\"async\" src=\"\/wp-content\/uploads\/factory-02.webp\"\/><\/p>\n<p><img decoding=\"async\" src=\"\/wp-content\/uploads\/factory-03.webp\"\/><\/p>\n<h3>Lagerhaus f\u00fcr Formen<\/h3>\n<p><img decoding=\"async\" src=\"\/wp-content\/uploads\/factory-04.webp\"\/><\/p>\n<h3>43 Aluminium-Strangpressanlagen (500\u00e2\u20ac\"5500 Tonnen)<\/h3>\n<p><img decoding=\"async\" src=\"\/wp-content\/uploads\/factory-05.webp\"\/><\/p>\n<p><img decoding=\"async\" src=\"\/wp-content\/uploads\/factory-06.webp\"\/><\/p>\n<p><img decoding=\"async\" src=\"\/wp-content\/uploads\/factory-07.webp\"\/><\/p>\n<h3>Werkstatt f\u00fcr Pulverbeschichtung<\/h3>\n<p><img decoding=\"async\" src=\"\/wp-content\/uploads\/factory-09.webp\"\/><\/p>\n<h3>Eloxal-Werkstatt<\/h3>\n<p><img decoding=\"async\" src=\"\/wp-content\/uploads\/factory-10.webp\"\/><\/p>\n<h3>Workshop zur Tiefenverarbeitung<\/h3>\n<p><img decoding=\"async\" src=\"\/wp-content\/uploads\/factory-11.webp\"\/><\/p>\n<h3>CNC-Pr\u00e4zisionsbearbeitungswerkstatt<\/h3>\n<p><img decoding=\"async\" src=\"\/wp-content\/uploads\/factory-11.5.webp\"\/><\/p>\n<h3>Lager f\u00fcr Fertigprodukte und Export<\/h3>\n<p><img decoding=\"async\" src=\"\/wp-content\/uploads\/factory-12.webp\"\/><\/p>\n<p><img decoding=\"async\" src=\"\/wp-content\/uploads\/factory-13.webp\"\/><\/p>\n<p><img decoding=\"async\" src=\"\/wp-content\/uploads\/factory-14.webp\"\/><\/p>\n<h2>FAQ<\/h2>\n<p><p><b>1. was ist ein Aluminiumprofil-Glasfassadensystem?<\/b><\/p>\n<p>Es handelt sich um ein strukturelles Fassadensystem, bei dem Aluminiumprofile als Tr\u00e4ger f\u00fcr gro\u00dfe Glasscheiben verwendet werden, die h\u00e4ufig in Gesch\u00e4fts- und Hochh\u00e4usern eingesetzt werden.<br \/>\n<\/p><br \/>\n<br \/>\n<p><b>2. warum Aluminiumprofile f\u00fcr Vorhangfassadensysteme?<\/b><\/p>\n<p>Aluminiumprofile bieten eine hohe Festigkeit, Korrosionsbest\u00e4ndigkeit und Designflexibilit\u00e4t, was sie ideal f\u00fcr moderne Glasfassaden macht.<br \/>\n<\/p><br \/>\n<br \/>\n<p><b>3. sind vorgeh\u00e4ngte Glasfassaden energieeffizient?<\/b><\/p>\n<p>Ja, in Kombination mit thermisch getrennten Profilen und Isolierglas bieten sie eine hervorragende W\u00e4rmed\u00e4mmung und Energieeinsparung.<br \/>\n<\/p><br \/>\n<br \/>\n<p><b>4. kann das Aluminium-Fassadensystem individuell angepasst werden?<\/b><\/p>\n<p>Die Profile k\u00f6nnen in Form, Gr\u00f6\u00dfe, Oberfl\u00e4che und Farbe an die jeweiligen architektonischen Entw\u00fcrfe und Leistungsanforderungen angepasst werden.<br \/>\n<\/p><br \/>\n<br \/>\n<p><b>5. welche Glasarten sind mit Aluminiumprofilen kompatibel?<\/b><\/p>\n<p>Diese Systeme sind mit geh\u00e4rtetem, laminiertem, doppelt verglastem und Low-E-Glas kompatibel und gew\u00e4hrleisten St\u00e4rke, Sicherheit und thermische Leistung.<br \/>\n<\/p><br \/>\n<br \/>\n<p><b>6. ist das System f\u00fcr Hochh\u00e4user geeignet?<\/b><\/p>\n<p>Ja, Vorhangfassadensysteme aus Aluminium sind so konstruiert, dass sie Windlasten und seismischen Bewegungen standhalten, was sie ideal f\u00fcr hohe Geb\u00e4ude macht.<br \/>\n<\/p><br \/>\n<br \/>\n<p><b>7. welche Oberfl\u00e4chenbeschaffenheiten gibt es f\u00fcr Aluminium-Fassadenprofile?<\/b><\/p>\n<p>G\u00e4ngige Oberfl\u00e4chenbehandlungen sind Eloxieren, Pulverbeschichtung und PVDF-Beschichtung f\u00fcr eine l\u00e4ngere Lebensdauer und eine bessere Optik.<br \/>\n<\/p><br \/><\/p>","protected":false},"featured_media":0,"template":"","categories":[67],"class_list":["post-7556","product","type-product","status-publish","hentry","category-architectural-aluminium-profile"],"meta_box":{"hilight_text_group":{"product_hilight_text":"<li>High-strength aluminium profiles ensure structural integrity of glass curtain walls<\/li>\r\r\n<li>Sleek design allows for large glass panels and maximum natural light<\/li>\r\r\n<li>Excellent thermal insulation and weather resistance for energy efficiency<\/li>\r\r\n<li>Lightweight material reduces construction load and simplifies installation<\/li>\r\r\n<li>Customizable shapes, sizes, and finishes to match architectural requirements<\/li>\r\r\n<li>Compatible with double-glazed and laminated glass for enhanced safety<\/li>","product_chanpin_blog":"<ul>\r\r\n<li><a href=\"https:\/\/sinoextrud.com\/t-slot-v-slot-differences\/\" target=\"_blank\">t slot vs v slot<\/a><\/li>\r\r\n<li><a href=\"https:\/\/sinoextrud.com\/what-is-4040-aluminium-extrud\/\" target=\"_blank\">4040 aluminium extrusion<\/a><\/li>\r\r\n<li><a href=\"https:\/\/sinoextrud.com\/what-is-4040-aluminium-extrud\/\" target=\"_blank\">aluminum extrusions for industrial racks<\/a><\/li>\r\r\n<li><a href=\"https:\/\/sinoextrud.com\/powder-coating-aluminium-process\/\" target=\"_blank\">powder coating aluminium<\/a><\/li>\r\r\n<li><a href=\"https:\/\/sinoextrud.com\/what-is-an-aluminium-strip-ceiling\/\" target=\"_blank\">aluminium strip ceiling<\/a><\/li>\r\r\n<li><a href=\"https:\/\/sinoextrud.com\/what-is-a-heat-sink\/\" target=\"_blank\">what is a heat sink<\/a><\/li>\r\r\n<\/ul>","product_chanpin_chanpin":"<li><a href=\"https:\/\/sinoextrud.com\/product\/aluminium-powder-coating\/\" target=\"_blank\">Aluminium Powder Coating<\/a><\/li>\r\n<li><a href=\"https:\/\/sinoextrud.com\/product\/greenhouse-aluminum-profile-customized-aluminum-profile-beam-powder-coated\/\" target=\"_blank\">greenhouse aluminum profile customized aluminum profile beam powder coated<\/a><\/li>\r\n<li><a href=\"https:\/\/sinoextrud.com\/product\/aluminium-profile-bracket\/\" target=\"_blank\">Aluminium Profile Bracket<\/a><\/li>\r\n<li><a href=\"https:\/\/sinoextrud.com\/product\/aluminum-u-shape-channel-profile\/\" target=\"_blank\">Aluminum U Shape Channel Profile<\/a><\/li>\r\n<li><a href=\"https:\/\/sinoextrud.com\/product\/aluminium-profile-glass-curtain-wall-system\/\" target=\"_blank\">Aluminium Profile Glass Curtain Wall System<\/a><\/li>\r\n<li><a href=\"https:\/\/sinoextrud.com\/product\/office-partition-aluminum-profile\/\" target=\"_blank\">Office Partition Aluminum Profile<\/a><\/li>\r\n<li><a href=\"https:\/\/sinoextrud.com\/product\/extruded-aluminium-skirting-aluminium-skirting-board\/\" target=\"_blank\">Extruded Aluminium Skirting Aluminium Skirting Board<\/a><\/li>\r\n<li><a href=\"https:\/\/sinoextrud.com\/product\/aluminum-section-window\/\" target=\"_blank\">Aluminum Section Window<\/a><\/li>\r\n<li><a href=\"https:\/\/sinoextrud.com\/product\/aluminum-u-profile-glass-railing\/\" target=\"_blank\">Aluminum U profile Glass Railing<\/a><\/li>\r\n<li><a href=\"https:\/\/sinoextrud.com\/product\/30mm-aluminum-extrusion\/\" target=\"_blank\">30mm Aluminum Extrusion<\/a><\/li>\r\n<li><a href=\"https:\/\/sinoextrud.com\/product\/custom-high-quality-aluminum-shower-room-mirror-frame-aluminum-profile\/\" target=\"_blank\">Custom High-quality Aluminum Shower Room Mirror Frame Aluminum Profile<\/a><\/li>"},"feature_list":[]},"_links":{"self":[{"href":"https:\/\/sinoextrud.com\/de\/wp-json\/wp\/v2\/product\/7556","targetHints":{"allow":["GET"]}}],"collection":[{"href":"https:\/\/sinoextrud.com\/de\/wp-json\/wp\/v2\/product"}],"about":[{"href":"https:\/\/sinoextrud.com\/de\/wp-json\/wp\/v2\/types\/product"}],"wp:attachment":[{"href":"https:\/\/sinoextrud.com\/de\/wp-json\/wp\/v2\/media?parent=7556"}],"wp:term":[{"taxonomy":"category","embeddable":true,"href":"https:\/\/sinoextrud.com\/de\/wp-json\/wp\/v2\/categories?post=7556"}],"curies":[{"name":"wp","href":"https:\/\/api.w.org\/{rel}","templated":true}]}}