{"id":7554,"date":"2025-06-09T01:35:32","date_gmt":"2025-06-09T01:35:32","guid":{"rendered":"https:\/\/sinoextrud.com\/product\/aluminum-u-shape-channel-profile\/"},"modified":"2025-06-24T06:13:05","modified_gmt":"2025-06-24T06:13:05","slug":"aluminium-u-form-kanalprofil","status":"publish","type":"product","link":"https:\/\/sinoextrud.com\/de\/product\/aluminum-u-shape-channel-profile\/","title":{"rendered":"Aluminium U-Form Kanal Profil"},"content":{"rendered":"<h2>Produkte Details<\/h2>\n<table class=\"custom-table\">\n<tr>\n<td class=\"label\">Artikel:<\/td>\n<td>Aluminium U-Form Kanalprofil<\/td>\n<\/tr>\n<tr>\n<td class=\"label\">Temperament:<\/td>\n<td>T3-T8<\/td>\n<\/tr>\n<tr>\n<td class=\"label\">Legierung:<\/td>\n<td>Legierung<\/td>\n<\/tr>\n<tr>\n<td class=\"label\">Note:<\/td>\n<td>Serie 6000<\/td>\n<\/tr>\n<tr>\n<td class=\"label\">Gr\u00f6\u00dfe:<\/td>\n<td>Benutzerdefiniert<\/td>\n<\/tr>\n<tr>\n<td class=\"label\">Art:<\/td>\n<td>Stranggepresste Aluprofile<\/td>\n<\/tr>\n<tr>\n<td class=\"label\">Material:<\/td>\n<td>6063-T5, 6063-T6, 6061-T5, 6061-T6, 6463-T5<\/td>\n<\/tr>\n<tr>\n<td class=\"label\">Monatlicher Output:<\/td>\n<td>2400-3000 Tonnen<\/td>\n<\/tr>\n<tr>\n<td class=\"label\">Qualit\u00e4tskontrolle:<\/td>\n<td>100% Pr\u00fcfung vor dem Versand<\/td>\n<\/tr>\n<tr>\n<td class=\"label\">Spezifikation:<\/td>\n<td>ISO9001, ISO14001<\/td>\n<\/tr>\n<tr>\n<td class=\"label\">Warenzeichen:<\/td>\n<td>Sinoextrud(Sinoextrud)\/OEM<\/td>\n<\/tr>\n<tr>\n<td class=\"label\">Herkunft:<\/td>\n<td>Foshan, China<\/td>\n<\/tr>\n<\/table>\n<h2>Unsere Produktionsbasis<\/h2>\n<h3>Fabrik-Panorama<\/h3>\n<p><img decoding=\"async\" src=\"\/wp-content\/uploads\/factory-01.webp\"\/><\/p>\n<h3>Werkstatt zur Herstellung von Aluminiumstangen<\/h3>\n<p><img decoding=\"async\" src=\"\/wp-content\/uploads\/factory-02.webp\"\/><\/p>\n<p><img decoding=\"async\" src=\"\/wp-content\/uploads\/factory-03.webp\"\/><\/p>\n<h3>Lagerhaus f\u00fcr Formen<\/h3>\n<p><img decoding=\"async\" src=\"\/wp-content\/uploads\/factory-04.webp\"\/><\/p>\n<h3>43 Aluminium-Strangpressanlagen (500\u00e2\u20ac\"5500 Tonnen)<\/h3>\n<p><img decoding=\"async\" src=\"\/wp-content\/uploads\/factory-05.webp\"\/><\/p>\n<p><img decoding=\"async\" src=\"\/wp-content\/uploads\/factory-06.webp\"\/><\/p>\n<p><img decoding=\"async\" src=\"\/wp-content\/uploads\/factory-07.webp\"\/><\/p>\n<h3>Werkstatt f\u00fcr Pulverbeschichtung<\/h3>\n<p><img decoding=\"async\" src=\"\/wp-content\/uploads\/factory-09.webp\"\/><\/p>\n<h3>Eloxal-Werkstatt<\/h3>\n<p><img decoding=\"async\" src=\"\/wp-content\/uploads\/factory-10.webp\"\/><\/p>\n<h3>Workshop zur Tiefenverarbeitung<\/h3>\n<p><img decoding=\"async\" src=\"\/wp-content\/uploads\/factory-11.webp\"\/><\/p>\n<h3>CNC-Pr\u00e4zisionsbearbeitungswerkstatt<\/h3>\n<p><img decoding=\"async\" src=\"\/wp-content\/uploads\/factory-11.5.webp\"\/><\/p>\n<h3>Lager f\u00fcr Fertigprodukte und Export<\/h3>\n<p><img decoding=\"async\" src=\"\/wp-content\/uploads\/factory-12.webp\"\/><\/p>\n<p><img decoding=\"async\" src=\"\/wp-content\/uploads\/factory-13.webp\"\/><\/p>\n<p><img decoding=\"async\" src=\"\/wp-content\/uploads\/factory-14.webp\"\/><\/p>\n<h2>FAQ<\/h2>\n<p><p><b>1. was ist ein U-f\u00f6rmiges Aluminium-Kanalprofil?<\/b><\/p>\n<p>Ein U-f\u00f6rmiges Kanalprofil aus Aluminium ist ein U-f\u00f6rmiges Strangpressprofil, das f\u00fcr Rahmen, Montage und strukturelle Anwendungen im Bauwesen und in der Industrie verwendet wird.<br \/>\n<\/p><br \/>\n<br \/>\n<p><b>2 Welche Vorteile hat die Verwendung eines U-Profils aus Aluminium?<\/b><\/p>\n<p>U-Profile aus Aluminium bieten leichte Festigkeit, Korrosionsbest\u00e4ndigkeit und Vielseitigkeit bei verschiedenen Struktur- und Designprojekten.<br \/>\n<\/p><br \/>\n<br \/>\n<p><b>3. ist der Aluminium U-Kanal korrosionsbest\u00e4ndig?<\/b><\/p>\n<p>Ja, unsere U-Profile aus Aluminium sind eloxiert oder pulverbeschichtet, um eine langfristige Korrosionsbest\u00e4ndigkeit zu gew\u00e4hrleisten.<br \/>\n<\/p><br \/>\n<br \/>\n<p><b>4. kann ich kundenspezifische Gr\u00f6\u00dfen f\u00fcr U-f\u00f6rmige Aluminiumkan\u00e4le erhalten?<\/b><\/p>\n<p>Ja, wir bieten vollst\u00e4ndig anpassbare U-Profile aus Aluminium mit spezifischen Abmessungen und Wandst\u00e4rken an, um Ihre Projektanforderungen zu erf\u00fcllen.<br \/>\n<\/p><br \/>\n<br \/>\n<p><b>5. welche Branchen verwenden \u00fcblicherweise U-Profile aus Aluminium?<\/b><\/p>\n<p>U-Profile aus Aluminium werden h\u00e4ufig im Bauwesen, in der Automobilindustrie, in der M\u00f6belindustrie und in der Architektur eingesetzt.<br \/>\n<\/p><br \/>\n<br \/>\n<p><b>6. sind U-Profile aus Aluminium leicht zu verarbeiten?<\/b><\/p>\n<p>Ja, U-Profile aus Aluminium lassen sich leicht schneiden, bohren und schwei\u00dfen und eignen sich daher sowohl f\u00fcr Standard- als auch f\u00fcr Sonderanfertigungen.<br \/>\n<\/p><br \/>\n<br \/>\n<p><b>7. bieten Sie Optionen f\u00fcr die Oberfl\u00e4chenbehandlung der U-Rinne an?<\/b><\/p>\n<p>Ja, wir bieten eine Vielzahl von Oberfl\u00e4chenbehandlungen an, darunter Eloxierung, Pulverbeschichtung und Walzoberfl\u00e4che f\u00fcr verschiedene Anwendungen und Umgebungen.<br \/>\n<\/p><br \/>\n<br \/>\n<p><b>8. ist der Aluminium U-Kanal f\u00fcr Au\u00dfenanwendungen geeignet?<\/b><\/p>\n<p>Ja, bei entsprechender Oberfl\u00e4chenbehandlung sind unsere U-Profile aus Aluminium aufgrund ihrer hervorragenden Witterungsbest\u00e4ndigkeit ideal f\u00fcr den Au\u00dfenbereich geeignet.<br \/>\n<\/p><br \/><\/p>","protected":false},"featured_media":7553,"template":"","categories":[67],"class_list":["post-7554","product","type-product","status-publish","has-post-thumbnail","hentry","category-architectural-aluminium-profile"],"meta_box":{"hilight_text_group":{"product_hilight_text":"<li>Durable aluminum alloy construction with excellent strength-to-weight ratio<\/li>\r\r\n<li>Customizable dimensions and wall thickness for various industrial needs<\/li>\r\r\n<li>Corrosion-resistant finish suitable for both indoor and outdoor use<\/li>\r\r\n<li>Clean U-shaped design ideal for framing, tracks, and edge protection<\/li>\r\r\n<li>Easy to fabricate, drill, and cut for flexible application<\/li>","product_chanpin_blog":"<ul>\r\r\n<li><a href=\"https:\/\/sinoextrud.com\/t-slot-v-slot-differences\/\" target=\"_blank\">t slot vs v slot<\/a><\/li>\r\r\n<li><a href=\"https:\/\/sinoextrud.com\/what-is-4040-aluminium-extrud\/\" target=\"_blank\">4040 aluminium extrusion<\/a><\/li>\r\r\n<li><a href=\"https:\/\/sinoextrud.com\/what-is-4040-aluminium-extrud\/\" target=\"_blank\">aluminum extrusions for industrial racks<\/a><\/li>\r\r\n<li><a href=\"https:\/\/sinoextrud.com\/powder-coating-aluminium-process\/\" target=\"_blank\">powder coating aluminium<\/a><\/li>\r\r\n<li><a href=\"https:\/\/sinoextrud.com\/what-is-an-aluminium-strip-ceiling\/\" target=\"_blank\">aluminium strip ceiling<\/a><\/li>\r\r\n<li><a href=\"https:\/\/sinoextrud.com\/what-is-a-heat-sink\/\" target=\"_blank\">what is a heat sink<\/a><\/li>\r\r\n<\/ul>","product_chanpin_chanpin":"<li><a href=\"https:\/\/sinoextrud.com\/product\/aluminium-picture-frame-extrusions\/\" target=\"_blank\">Aluminium Picture Frame Extrusions<\/a><\/li>\r\n<li><a href=\"https:\/\/sinoextrud.com\/product\/aluminium-powder-coating\/\" target=\"_blank\">Aluminium Powder Coating<\/a><\/li>\r\n<li><a href=\"https:\/\/sinoextrud.com\/product\/greenhouse-aluminum-profile-customized-aluminum-profile-beam-powder-coated\/\" target=\"_blank\">greenhouse aluminum profile customized aluminum profile beam powder coated<\/a><\/li>\r\n<li><a href=\"https:\/\/sinoextrud.com\/product\/aluminium-profile-bracket\/\" target=\"_blank\">Aluminium Profile Bracket<\/a><\/li>\r\n<li><a href=\"https:\/\/sinoextrud.com\/product\/aluminum-u-shape-channel-profile\/\" target=\"_blank\">Aluminum U Shape Channel Profile<\/a><\/li>\r\n<li><a href=\"https:\/\/sinoextrud.com\/product\/aluminium-profile-glass-curtain-wall-system\/\" target=\"_blank\">Aluminium Profile Glass Curtain Wall System<\/a><\/li>\r\n<li><a href=\"https:\/\/sinoextrud.com\/product\/office-partition-aluminum-profile\/\" target=\"_blank\">Office Partition Aluminum Profile<\/a><\/li>\r\n<li><a href=\"https:\/\/sinoextrud.com\/product\/extruded-aluminium-skirting-aluminium-skirting-board\/\" target=\"_blank\">Extruded Aluminium Skirting Aluminium Skirting Board<\/a><\/li>\r\n<li><a href=\"https:\/\/sinoextrud.com\/product\/aluminum-section-window\/\" target=\"_blank\">Aluminum Section Window<\/a><\/li>\r\n<li><a href=\"https:\/\/sinoextrud.com\/product\/aluminium-extrusion-machining\/\" target=\"_blank\">Aluminium Extrusion Machining<\/a><\/li>\r\n<li><a href=\"https:\/\/sinoextrud.com\/product\/extruded-aluminum-channel-stock\/\" target=\"_blank\">Extruded Aluminum Channel Stock<\/a><\/li>"},"feature_list":[]},"_links":{"self":[{"href":"https:\/\/sinoextrud.com\/de\/wp-json\/wp\/v2\/product\/7554","targetHints":{"allow":["GET"]}}],"collection":[{"href":"https:\/\/sinoextrud.com\/de\/wp-json\/wp\/v2\/product"}],"about":[{"href":"https:\/\/sinoextrud.com\/de\/wp-json\/wp\/v2\/types\/product"}],"wp:featuredmedia":[{"embeddable":true,"href":"https:\/\/sinoextrud.com\/de\/wp-json\/wp\/v2\/media\/7553"}],"wp:attachment":[{"href":"https:\/\/sinoextrud.com\/de\/wp-json\/wp\/v2\/media?parent=7554"}],"wp:term":[{"taxonomy":"category","embeddable":true,"href":"https:\/\/sinoextrud.com\/de\/wp-json\/wp\/v2\/categories?post=7554"}],"curies":[{"name":"wp","href":"https:\/\/api.w.org\/{rel}","templated":true}]}}