{"id":7550,"date":"2025-06-09T01:29:03","date_gmt":"2025-06-09T01:29:03","guid":{"rendered":"https:\/\/sinoextrud.com\/product\/greenhouse-aluminum-profile-customized-aluminum-profile-beam-powder-coated\/"},"modified":"2025-06-24T06:13:04","modified_gmt":"2025-06-24T06:13:04","slug":"gewachshaus-aluminium-profil-kundenspezifische-aluminium-profil-balken-pulverbeschichtet","status":"publish","type":"product","link":"https:\/\/sinoextrud.com\/de\/product\/greenhouse-aluminum-profile-customized-aluminum-profile-beam-powder-coated\/","title":{"rendered":"Gew\u00e4chshaus Aluminium-Profil kundenspezifische Aluminium-Profil Balken pulverbeschichtet"},"content":{"rendered":"<h2>Produkte Details<\/h2>\n<table class=\"custom-table\">\n<tr>\n<td class=\"label\">Die Form:<\/td>\n<td>Gew\u00e4chshaus Aluminium-Profil kundenspezifische Aluminium-Profil Balken pulverbeschichtet<\/td>\n<\/tr>\n<tr>\n<td class=\"label\">Legierung:<\/td>\n<td>Aluminium-Profil-Legierung<\/td>\n<\/tr>\n<tr>\n<td class=\"label\">Legierungsbestandteil:<\/td>\n<td>6063<\/td>\n<\/tr>\n<tr>\n<td class=\"label\">Profil aus poliertem Aluminium:<\/td>\n<td>pulverbeschichtet<\/td>\n<\/tr>\n<tr>\n<td class=\"label\">Farben:<\/td>\n<td>Jeder ist verf\u00fcgbar<\/td>\n<\/tr>\n<tr>\n<td class=\"label\">CNC-bearbeitet:<\/td>\n<td>Wird CNC-bearbeitet<\/td>\n<\/tr>\n<tr>\n<td class=\"label\">OEM\/ODM Annehmbar:<\/td>\n<td>Ist OEM\/ODM akzeptabel?<\/td>\n<\/tr>\n<tr>\n<td class=\"label\">Transport-Paket:<\/td>\n<td>Schrumpffolie und Holzkiste<\/td>\n<\/tr>\n<tr>\n<td class=\"label\">Herkunft:<\/td>\n<td>Foshan, Guangdong China.<\/td>\n<\/tr>\n<tr>\n<td class=\"label\">Art:<\/td>\n<td>Aluminiumprodukte f\u00fcr den Bau.<\/td>\n<\/tr>\n<tr>\n<td class=\"label\">Note:<\/td>\n<td>Serie 6000<\/td>\n<\/tr>\n<tr>\n<td class=\"label\">Andere Oberfl\u00e4chenbehandlung:<\/td>\n<td>Eloxiert, Holzmaserung, etc.<\/td>\n<\/tr>\n<tr>\n<td class=\"label\">Zertifizierung:<\/td>\n<td>CE, ISO, ISO9001, Aama, DIN<\/td>\n<\/tr>\n<tr>\n<td class=\"label\">Unsere Qualit\u00e4t:<\/td>\n<td>100% QC-Pr\u00fcfung<\/td>\n<\/tr>\n<tr>\n<td class=\"label\">Unser Versprechen:<\/td>\n<td>100% Gute Produkte vor dem Versand<\/td>\n<\/tr>\n<tr>\n<td class=\"label\">Spezifikation:<\/td>\n<td>ISO 9001<\/td>\n<\/tr>\n<\/table>\n<h2>Unsere Produktionsbasis<\/h2>\n<h3>Fabrik-Panorama<\/h3>\n<p><img decoding=\"async\" src=\"\/wp-content\/uploads\/factory-01.webp\"\/><\/p>\n<h3>Werkstatt zur Herstellung von Aluminiumstangen<\/h3>\n<p><img decoding=\"async\" src=\"\/wp-content\/uploads\/factory-02.webp\"\/><\/p>\n<\/p>\n<p><img decoding=\"async\" src=\"\/wp-content\/uploads\/factory-03.webp\"\/><\/p>\n<h3>Lagerhaus f\u00fcr Formen<\/h3>\n<p><img decoding=\"async\" src=\"\/wp-content\/uploads\/factory-04.webp\"\/><\/p>\n<h3>43 Aluminium-Strangpressanlagen (500\u00e2\u20ac\"5500 Tonnen)<\/h3>\n<p><img decoding=\"async\" src=\"\/wp-content\/uploads\/factory-05.webp\"\/><\/p>\n<p><img decoding=\"async\" src=\"\/wp-content\/uploads\/factory-06.webp\"\/><\/p>\n<p><img decoding=\"async\" src=\"\/wp-content\/uploads\/factory-07.webp\"\/><\/p>\n<h3>Werkstatt f\u00fcr Pulverbeschichtung<\/h3>\n<p><img decoding=\"async\" src=\"\/wp-content\/uploads\/factory-09.webp\"\/><\/p>\n<h3>Eloxal-Werkstatt<\/h3>\n<p><img decoding=\"async\" src=\"\/wp-content\/uploads\/factory-10.webp\"\/><\/p>\n<h3>Workshop zur Tiefenverarbeitung<\/h3>\n<p><img decoding=\"async\" src=\"\/wp-content\/uploads\/factory-11.webp\"\/><\/p>\n<h3>CNC-Pr\u00e4zisionsbearbeitungswerkstatt<\/h3>\n<p><img decoding=\"async\" src=\"\/wp-content\/uploads\/factory-11.5.webp\"\/><\/p>\n<h3>Lager f\u00fcr Fertigprodukte und Export<\/h3>\n<p><img decoding=\"async\" src=\"\/wp-content\/uploads\/factory-12.webp\"\/><\/p>\n<p><img decoding=\"async\" src=\"\/wp-content\/uploads\/factory-13.webp\"\/><\/p>\n<p><img decoding=\"async\" src=\"\/wp-content\/uploads\/factory-14.webp\"\/><\/p>\n<h2>FAQ<\/h2>\n<p><b>1. was ist ein Gew\u00e4chshaus Aluminiumprofil Balken?<\/b><\/p>\n<p>Ein Gew\u00e4chshaus-Aluminium-Profiltr\u00e4ger ist ein strukturelles Aluminiumbauteil f\u00fcr Gew\u00e4chshausrahmen, das St\u00e4rke und Wetterbest\u00e4ndigkeit bietet.\n<\/p>\n<p><\/p>\n<p><b>2. ist der Aluminiumprofilbalken pulverbeschichtet?<\/b><\/p>\n<p>Ja, der Aluminium-Profiltr\u00e4ger ist mit einer hochwertigen Pulverbeschichtung versehen, um die Korrosionsbest\u00e4ndigkeit und die \u00c4sthetik zu verbessern.\n<\/p>\n<p><\/p>\n<p><b>3. kann ich ma\u00dfgeschneiderte Aluminiumprofile f\u00fcr mein Gew\u00e4chshaus bekommen?<\/b><\/p>\n<p>Ja, wir bieten vollst\u00e4ndig ma\u00dfgeschneiderte Gew\u00e4chshaus-Aluminiumprofile f\u00fcr Ihre spezifischen Projektanforderungen.\n<\/p>\n<p><\/p>\n<p><b>4 Was sind die Vorteile der Pulverbeschichtung von Aluminiumprofilen?<\/b><\/p>\n<p>Die Pulverbeschichtung verbessert die Haltbarkeit, die Korrosionsbest\u00e4ndigkeit und die Optik von Aluminium-Profiltr\u00e4gern f\u00fcr Gew\u00e4chsh\u00e4user.\n<\/p>\n<p><\/p>\n<p><b>Sind Ihre Gew\u00e4chshaustr\u00e4ger aus Aluminium leicht zu installieren?<\/b><\/p>\n<p>Ja, unsere leichten und pr\u00e4zise geschnittenen Aluminium-Profiltr\u00e4ger sind f\u00fcr eine einfache und effiziente Installation konzipiert.\n<\/p>\n<p><\/p>\n<p><b>6. bieten Sie OEM-Dienstleistungen f\u00fcr kundenspezifische Aluminiumprofile an?<\/b><\/p>\n<p>Ja, wir bieten OEM-L\u00f6sungen f\u00fcr Aluminiumprofile f\u00fcr Gew\u00e4chsh\u00e4user mit ma\u00dfgeschneiderten Abmessungen und Oberfl\u00e4chenbehandlungen.\n<\/p>\n<p><\/p>\n<p><b>7. wie hoch ist die Lebensdauer Ihrer pulverbeschichteten Aluminiumtr\u00e4ger?<\/b><\/p>\n<p>Unsere pulverbeschichteten Aluminium-Profiltr\u00e4ger sind so konzipiert, dass sie den Bedingungen im Freien standhalten und eine lange Lebensdauer haben.\n<\/p>\n<p><\/p>\n<p><b>8. wie verbessern ma\u00dfgeschneiderte Aluminiumprofile den Gew\u00e4chshausbau?<\/b><\/p>\n<p>Ma\u00dfgeschneiderte Aluminiumprofile erm\u00f6glichen eine optimierte Konstruktion und verbessern die Stabilit\u00e4t und Funktionalit\u00e4t der Gew\u00e4chsh\u00e4user.\n<\/p>\n<p><\/p>","protected":false},"featured_media":7549,"template":"","categories":[67],"class_list":["post-7550","product","type-product","status-publish","has-post-thumbnail","hentry","category-architectural-aluminium-profile"],"meta_box":{"hilight_text_group":{"product_hilight_text":"<li>High-strength aluminum alloy structure ensures durability and stability<\/li>\r\r\n<li>Customized dimensions and profiles to meet specific greenhouse designs<\/li>\r\r\n<li>Corrosion-resistant powder coated finish for extended lifespan<\/li>\r\r\n<li>Lightweight profile beam for easy transportation and installation<\/li>\r\r\n<li>Precision-engineered for seamless assembly and integration<\/li>","product_chanpin_blog":"<ul>\r\r\n<li><a href=\"https:\/\/sinoextrud.com\/t-slot-v-slot-differences\/\" target=\"_blank\">t slot vs v slot<\/a><\/li>\r\r\n<li><a href=\"https:\/\/sinoextrud.com\/what-is-4040-aluminium-extrud\/\" target=\"_blank\">4040 aluminium extrusion<\/a><\/li>\r\r\n<li><a href=\"https:\/\/sinoextrud.com\/what-is-4040-aluminium-extrud\/\" target=\"_blank\">aluminum extrusions for industrial racks<\/a><\/li>\r\r\n<li><a href=\"https:\/\/sinoextrud.com\/powder-coating-aluminium-process\/\" target=\"_blank\">powder coating aluminium<\/a><\/li>\r\r\n<li><a href=\"https:\/\/sinoextrud.com\/what-is-an-aluminium-strip-ceiling\/\" target=\"_blank\">aluminium strip ceiling<\/a><\/li>\r\r\n<li><a href=\"https:\/\/sinoextrud.com\/what-is-a-heat-sink\/\" target=\"_blank\">what is a heat sink<\/a><\/li>\r\r\n<\/ul>","product_chanpin_chanpin":"<li><a href=\"https:\/\/sinoextrud.com\/product\/anodizing-aluminium-extrusion-profiles-for-windows-and-door\/\" target=\"_blank\">Anodizing Aluminium Extrusion Profiles for Windows and Door<\/a><\/li>\r\n<li><a href=\"https:\/\/sinoextrud.com\/product\/aluminium-louver-extrusions\/\" target=\"_blank\">Aluminium Louver Extrusions<\/a><\/li>\r\n<li><a href=\"https:\/\/sinoextrud.com\/product\/aluminium-picture-frame-extrusions\/\" target=\"_blank\">Aluminium Picture Frame Extrusions<\/a><\/li>\r\n<li><a href=\"https:\/\/sinoextrud.com\/product\/aluminium-powder-coating\/\" target=\"_blank\">Aluminium Powder Coating<\/a><\/li>\r\n<li><a href=\"https:\/\/sinoextrud.com\/product\/greenhouse-aluminum-profile-customized-aluminum-profile-beam-powder-coated\/\" target=\"_blank\">greenhouse aluminum profile customized aluminum profile beam powder coated<\/a><\/li>\r\n<li><a href=\"https:\/\/sinoextrud.com\/product\/aluminium-profile-bracket\/\" target=\"_blank\">Aluminium Profile Bracket<\/a><\/li>\r\n<li><a href=\"https:\/\/sinoextrud.com\/product\/aluminum-u-shape-channel-profile\/\" target=\"_blank\">Aluminum U Shape Channel Profile<\/a><\/li>\r\n<li><a href=\"https:\/\/sinoextrud.com\/product\/aluminium-profile-glass-curtain-wall-system\/\" target=\"_blank\">Aluminium Profile Glass Curtain Wall System<\/a><\/li>\r\n<li><a href=\"https:\/\/sinoextrud.com\/product\/office-partition-aluminum-profile\/\" target=\"_blank\">Office Partition Aluminum Profile<\/a><\/li>\r\n<li><a href=\"https:\/\/sinoextrud.com\/product\/aluminum-extrusion-car-truck-aluminum-profile\/\" target=\"_blank\">Aluminum Extrusion Car & Truck Aluminum Profile<\/a><\/li>\r\n<li><a href=\"https:\/\/sinoextrud.com\/product\/cutting-extruded-aluminum-for-led\/\" target=\"_blank\">Cutting Extruded Aluminum For LED<\/a><\/li>"},"feature_list":[]},"_links":{"self":[{"href":"https:\/\/sinoextrud.com\/de\/wp-json\/wp\/v2\/product\/7550","targetHints":{"allow":["GET"]}}],"collection":[{"href":"https:\/\/sinoextrud.com\/de\/wp-json\/wp\/v2\/product"}],"about":[{"href":"https:\/\/sinoextrud.com\/de\/wp-json\/wp\/v2\/types\/product"}],"wp:featuredmedia":[{"embeddable":true,"href":"https:\/\/sinoextrud.com\/de\/wp-json\/wp\/v2\/media\/7549"}],"wp:attachment":[{"href":"https:\/\/sinoextrud.com\/de\/wp-json\/wp\/v2\/media?parent=7550"}],"wp:term":[{"taxonomy":"category","embeddable":true,"href":"https:\/\/sinoextrud.com\/de\/wp-json\/wp\/v2\/categories?post=7550"}],"curies":[{"name":"wp","href":"https:\/\/api.w.org\/{rel}","templated":true}]}}