{"id":7523,"date":"2025-06-07T10:00:36","date_gmt":"2025-06-07T10:00:36","guid":{"rendered":"https:\/\/sinoextrud.com\/product\/anodizing-aluminium-extrusion-profiles-for-windows-and-door\/"},"modified":"2025-06-24T06:13:03","modified_gmt":"2025-06-24T06:13:03","slug":"eloxieren-von-aluminium-strangpressprofilen-fur-fenster-und-turen","status":"publish","type":"product","link":"https:\/\/sinoextrud.com\/de\/product\/anodizing-aluminium-extrusion-profiles-for-windows-and-door\/","title":{"rendered":"Eloxieren von Aluminium-Strangpressprofilen f\u00fcr Fenster und T\u00fcren"},"content":{"rendered":"<h2>Produkte Details<\/h2>\n<table class=\"custom-table\">\n<tr>\n<td class=\"label\">\nModell Nr.:<\/td>\n<td>Eloxieren von Aluminium-Strangpressprofilen f\u00fcr Fenster und T\u00fcren<\/td>\n<\/tr>\n<tr>\n<td class=\"label\">Die Form:<\/td>\n<td> Fenster und T\u00fcren<\/td>\n<\/tr>\n<tr>\n<td class=\"label\">Temperament:<\/td>\n<td> T3-T8<\/td>\n<\/tr>\n<tr>\n<td class=\"label\">Legierung:<\/td>\n<td> Legierung<\/td>\n<\/tr>\n<tr>\n<td class=\"label\">Legierungsbestandteil:<\/td>\n<td> 6063<\/td>\n<\/tr>\n<tr>\n<td class=\"label\">Profil aus poliertem Aluminium:<\/td>\n<td> Chemisches Polieren<\/td>\n<\/tr>\n<tr>\n<td class=\"label\">Warenzeichen:<\/td>\n<td> K.A.<\/td>\n<\/tr>\n<tr>\n<td class=\"label\">Spezifikation:<\/td>\n<td> 1.5*1.5m<\/td>\n<\/tr>\n<tr>\n<td class=\"label\">HS-Code:<\/td>\n<td> 76101000<\/td>\n<\/tr>\n<tr>\n<td class=\"label\">Art:<\/td>\n<td> Fenster- und T\u00fcrprofile aus Aluminium, Dekorationsprofile aus Aluminium, Glaswandprofile aus Aluminium<\/td>\n<\/tr>\n<tr>\n<td class=\"label\">Note:<\/td>\n<td> Serie 3000<\/td>\n<\/tr>\n<tr>\n<td class=\"label\">Fenster &amp; T\u00fcren Aluminiumprofil:<\/td>\n<td> Serie 70<\/td>\n<\/tr>\n<tr>\n<td class=\"label\">Oberfl\u00e4chenveredelung:<\/td>\n<td> Pulverspr\u00fchen<\/td>\n<\/tr>\n<tr>\n<td class=\"label\">Zertifizierung:<\/td>\n<td> CE, SONCAP, RoHS, TUV<\/td>\n<\/tr>\n<tr>\n<td class=\"label\">Gr\u00f6\u00dfe:<\/td>\n<td> Kundenspezifisch<\/td>\n<\/tr>\n<tr>\n<td class=\"label\">Transport-Paket:<\/td>\n<td> Kunststofffolie, Papier<\/td>\n<\/tr>\n<tr>\n<td class=\"label\">Herkunft:<\/td>\n<td> China<\/td>\n<\/tr>\n<\/table>\n<h2>Unsere Produktionsbasis<\/h2>\n<h3>Fabrik-Panorama<\/h3>\n<p><img decoding=\"async\" src=\"\/wp-content\/uploads\/factory-01.webp\"\/><\/p>\n<h3>Werkstatt zur Herstellung von Aluminiumstangen<\/h3>\n<p><img decoding=\"async\" src=\"\/wp-content\/uploads\/factory-02.webp\"\/><\/p>\n<p><img decoding=\"async\" src=\"\/wp-content\/uploads\/factory-03.webp\"\/><\/p>\n<h3>Lagerhaus f\u00fcr Formen<\/h3>\n<p><img decoding=\"async\" src=\"\/wp-content\/uploads\/factory-04.webp\"\/><\/p>\n<h3>43 Aluminium-Strangpressanlagen (500-5500 Tonnen)<\/h3>\n<p><img decoding=\"async\" src=\"\/wp-content\/uploads\/factory-05.webp\"\/><\/p>\n<p><img decoding=\"async\" src=\"\/wp-content\/uploads\/factory-06.webp\"\/><\/p>\n<p><img decoding=\"async\" src=\"\/wp-content\/uploads\/factory-07.webp\"\/><\/p>\n<h3>Werkstatt f\u00fcr Pulverbeschichtung<\/h3>\n<p><img decoding=\"async\" src=\"\/wp-content\/uploads\/factory-09.webp\"\/><\/p>\n<h3>Eloxal-Werkstatt<\/h3>\n<p><img decoding=\"async\" src=\"\/wp-content\/uploads\/factory-10.webp\"\/><\/p>\n<h3>Workshop zur Tiefenverarbeitung<\/h3>\n<p><img decoding=\"async\" src=\"\/wp-content\/uploads\/factory-11.webp\"\/><\/p>\n<h3>CNC-Pr\u00e4zisionsbearbeitungswerkstatt<\/h3>\n<p><img decoding=\"async\" src=\"\/wp-content\/uploads\/factory-11.5.webp\"\/><\/p>\n<h3>Lager f\u00fcr Fertigprodukte und Export<\/h3>\n<p><img decoding=\"async\" src=\"\/wp-content\/uploads\/factory-12.webp\"\/><\/p>\n<p><img decoding=\"async\" src=\"\/wp-content\/uploads\/factory-13.webp\"\/><\/p>\n<p><img decoding=\"async\" src=\"\/wp-content\/uploads\/factory-14.webp\"\/><\/p>\n<h2>FAQ<\/h2>\n<p><p><b>1.was sind eloxierte Aluminium-Extrusionsprofile f\u00fcr Fenster und T\u00fcren?<\/b><\/p>\n<p>Dabei handelt es sich um Aluminiumprofile, die mit einem Eloxalverfahren behandelt wurden, um die Haltbarkeit, Korrosionsbest\u00e4ndigkeit und \u00e4sthetische Qualit\u00e4t von Fenster- und T\u00fcrrahmen zu verbessern.<br \/>\n<\/p><br \/>\n<br \/>\n<p><b>2. warum eloxiertes Aluminium f\u00fcr Fenster und T\u00fcren w\u00e4hlen?<\/b><\/p>\n<p>Durch die Eloxierung entsteht eine harte, witterungsbest\u00e4ndige Oberfl\u00e4che, die Farbe und Aussehen beibeh\u00e4lt und somit ideal f\u00fcr den Au\u00dfenbereich geeignet ist.<br \/>\n<\/p><br \/>\n<br \/>\n<p><b>3. ist eloxiertes Aluminium korrosionsbest\u00e4ndig?<\/b><\/p>\n<p>Ja, die Eloxalschicht sch\u00fctzt das Aluminium vor Rost, Feuchtigkeit und Umwelteinfl\u00fcssen.<br \/>\n<\/p><br \/>\n<br \/>\n<p><b>4. kann die eloxierte Oberfl\u00e4che individuell angepasst werden?<\/b><\/p>\n<p>Eloxierte Aluminiumprofile sind in verschiedenen Farben, Ausf\u00fchrungen und Dicken erh\u00e4ltlich, um spezifischen Designanforderungen gerecht zu werden.<br \/>\n<\/p><br \/>\n<br \/>\n<p><b>5. sind diese Profile f\u00fcr die Au\u00dfenmontage geeignet?<\/b><\/p>\n<p>Ja, sie sind f\u00fcr hohe UV- und Witterungseinfl\u00fcsse ausgelegt und eignen sich perfekt f\u00fcr Fenster und T\u00fcren im Au\u00dfenbereich.<br \/>\n<\/p><br \/>\n<br \/>\n<p><b>6) M\u00fcssen eloxierte Aluminiumprofile gewartet werden?<\/b><\/p>\n<p>Es ist nur eine gelegentliche Reinigung erforderlich, um das Finish und die Leistung zu erhalten.<br \/>\n<\/p><br \/>\n<br \/>\n<p><b>7. f\u00fcr welche Arten von Fenster- und T\u00fcrsystemen werden eloxierte Profile verwendet?<\/b><\/p>\n<p>Sie werden h\u00e4ufig in Schiebe-, Fl\u00fcgel-, Drehkipp- und feststehenden Systemen im Wohn- und Gewerbebereich eingesetzt.<br \/>\n<\/p><br \/>\n<br \/>\n<p><b>8. ist das Eloxieren ein umweltfreundliches Verfahren?<\/b><\/p>\n<p>Ja, Eloxieren ist ein sauberes, ungiftiges Verfahren, das dauerhafte Oberfl\u00e4chen mit minimaler Umweltbelastung erzeugt.<br \/>\n<\/p><br \/><\/p>","protected":false},"featured_media":7522,"template":"","categories":[67],"class_list":["post-7523","product","type-product","status-publish","has-post-thumbnail","hentry","category-architectural-aluminium-profile"],"meta_box":{"hilight_text_group":{"product_hilight_text":"<li>Durable anodized finish enhances corrosion and wear resistance<\/li>\r\r\n<li>Elegant metallic appearance ideal for modern windows and doors<\/li>\r\r\n<li>High-strength aluminum ensures long-term structural stability<\/li>\r\r\n<li>Available in multiple colors and anodizing thickness levels<\/li>\r\r\n<li>Low-maintenance surface retains finish for years<\/li>\r\r\n<li>Custom extrusions designed to fit various window and door systems<\/li>\r\r\n<li>Eco-friendly anodizing process with no harmful emissions<\/li>","product_chanpin_blog":"<ul>\r\r\n<li><a href=\"https:\/\/sinoextrud.com\/t-slot-v-slot-differences\/\" target=\"_blank\">t slot vs v slot<\/a><\/li>\r\r\n<li><a href=\"https:\/\/sinoextrud.com\/what-is-4040-aluminium-extrud\/\" target=\"_blank\">4040 aluminium extrusion<\/a><\/li>\r\r\n<li><a href=\"https:\/\/sinoextrud.com\/what-is-4040-aluminium-extrud\/\" target=\"_blank\">aluminum extrusions for industrial racks<\/a><\/li>\r\r\n<li><a href=\"https:\/\/sinoextrud.com\/powder-coating-aluminium-process\/\" target=\"_blank\">powder coating aluminium<\/a><\/li>\r\r\n<li><a href=\"https:\/\/sinoextrud.com\/what-is-an-aluminium-strip-ceiling\/\" target=\"_blank\">aluminium strip ceiling<\/a><\/li>\r\r\n<li><a href=\"https:\/\/sinoextrud.com\/what-is-a-heat-sink\/\" target=\"_blank\">what is a heat sink<\/a><\/li>\r\r\n<\/ul>","product_chanpin_chanpin":"<li><a href=\"https:\/\/sinoextrud.com\/product\/aluminium-sections-for-sliding-doors\/\" target=\"_blank\">Aluminium Sections For Sliding Doors<\/a><\/li>\r\n<li><a href=\"https:\/\/sinoextrud.com\/product\/aluminum-profile-manufacturer\/\" target=\"_blank\">Aluminum Profile Manufacturer<\/a><\/li>\r\n<li><a href=\"https:\/\/sinoextrud.com\/product\/aluminium-fence\/\" target=\"_blank\">Aluminium Fence<\/a><\/li>\r\n<li><a href=\"https:\/\/sinoextrud.com\/product\/aluminium-flat-bar\/\" target=\"_blank\">Aluminium Flat Bar<\/a><\/li>\r\n<li><a href=\"https:\/\/sinoextrud.com\/product\/anodizing-aluminium-extrusion-profiles-for-windows-and-door\/\" target=\"_blank\">Anodizing Aluminium Extrusion Profiles for Windows and Door<\/a><\/li>\r\n<li><a href=\"https:\/\/sinoextrud.com\/product\/aluminium-louver-extrusions\/\" target=\"_blank\">Aluminium Louver Extrusions<\/a><\/li>\r\n<li><a href=\"https:\/\/sinoextrud.com\/product\/aluminium-picture-frame-extrusions\/\" target=\"_blank\">Aluminium Picture Frame Extrusions<\/a><\/li>\r\n<li><a href=\"https:\/\/sinoextrud.com\/product\/aluminium-powder-coating\/\" target=\"_blank\">Aluminium Powder Coating<\/a><\/li>\r\n<li><a href=\"https:\/\/sinoextrud.com\/product\/greenhouse-aluminum-profile-customized-aluminum-profile-beam-powder-coated\/\" target=\"_blank\">greenhouse aluminum profile customized aluminum profile beam powder coated<\/a><\/li>\r\n<li><a href=\"https:\/\/sinoextrud.com\/product\/wood-look-aluminium-cladding\/\" target=\"_blank\">Wood Look Aluminium Cladding<\/a><\/li>\r\n<li><a href=\"https:\/\/sinoextrud.com\/product\/aluminium-profile-for-wardrobe-sliding-door-frame\/\" target=\"_blank\">Aluminium Profile For Wardrobe Sliding Door Frame<\/a><\/li>"},"feature_list":[]},"_links":{"self":[{"href":"https:\/\/sinoextrud.com\/de\/wp-json\/wp\/v2\/product\/7523","targetHints":{"allow":["GET"]}}],"collection":[{"href":"https:\/\/sinoextrud.com\/de\/wp-json\/wp\/v2\/product"}],"about":[{"href":"https:\/\/sinoextrud.com\/de\/wp-json\/wp\/v2\/types\/product"}],"wp:featuredmedia":[{"embeddable":true,"href":"https:\/\/sinoextrud.com\/de\/wp-json\/wp\/v2\/media\/7522"}],"wp:attachment":[{"href":"https:\/\/sinoextrud.com\/de\/wp-json\/wp\/v2\/media?parent=7523"}],"wp:term":[{"taxonomy":"category","embeddable":true,"href":"https:\/\/sinoextrud.com\/de\/wp-json\/wp\/v2\/categories?post=7523"}],"curies":[{"name":"wp","href":"https:\/\/api.w.org\/{rel}","templated":true}]}}