{"id":7517,"date":"2025-06-07T09:55:49","date_gmt":"2025-06-07T09:55:49","guid":{"rendered":"https:\/\/sinoextrud.com\/product\/aluminum-profile-manufacturer\/"},"modified":"2025-06-24T06:13:01","modified_gmt":"2025-06-24T06:13:01","slug":"hersteller-von-aluminiumprofilen","status":"publish","type":"product","link":"https:\/\/sinoextrud.com\/de\/product\/aluminum-profile-manufacturer\/","title":{"rendered":"Aluminiumprofil Hersteller"},"content":{"rendered":"<h2>Produkte Details<\/h2>\n<table class=\"custom-table\">\n<tr>\n<td class=\"label\">Gesch\u00e4ftsart:<\/td>\n<td>Aluminiumprofil Hersteller<\/td>\n<\/tr>\n<tr>\n<td class=\"label\">Produktreihe:<\/td>\n<td>Aluminium-Extrusionsprofil<\/td>\n<\/tr>\n<tr>\n<td class=\"label\">Preisermittlung:<\/td>\n<td>Basierend auf dem Preis von Aluminiumbarren + Prozesskosten<\/td>\n<\/tr>\n<tr>\n<td class=\"label\">Zahlungsfrist:<\/td>\n<td>30% durch T\/T als Anzahlung im Voraus, der Restbetrag 70% durch T\/T vor der Lieferung.<\/td>\n<\/tr>\n<tr>\n<td class=\"label\">Farbe:<\/td>\n<td>Wir k\u00f6nnen wei\u00df, holzfarben, schwarz, goldfarben, blau, champagnerfarben und andere Farben nach Bedarf liefern.<\/td>\n<\/tr>\n<tr>\n<td class=\"label\">Spezifikation:<\/td>\n<td>1. Legierung: 6063-T5\/T6<br \/>\n2. L\u00e4nge: 1-9 Meter oder wie pro Ihre Anforderung<br \/>\n3. Normale Eloxalst\u00e4rke: 8 bis 15 Mikro<br \/>\n4. normale Dicke der Pulverbeschichtung: 60 - 100 Mikro<br \/>\n5. Zugfestigkeit: \u2265160 MPa<br \/>\n6. Streckgrenze: \u2265110 MPa<br \/>\n7. Erweiterbarkeit: \u22658%<br \/>\n8. H\u00e4rte (HW): \u22658<\/td>\n<\/tr>\n<tr>\n<td class=\"label\">Verpacken:<\/td>\n<td>EPE mit Schrumpffolie, Kraftpapier, andere vom Kunden gew\u00fcnschte Verpackungsmethoden sind m\u00f6glich.<\/td>\n<\/tr>\n<tr>\n<td class=\"label\">Lieferzeiten:<\/td>\n<td>20 bis 25 Tage, wenn die Form fertig ist.<\/td>\n<\/tr>\n<tr>\n<td class=\"label\">Normale Auftragsreihenfolge:<\/td>\n<td>1. Best\u00e4tigen Sie die Zeichnungen, Farben, Preis und das andere Detail;<br \/>\n2. Bezahlen Sie die Formgeb\u00fchr und wir machen uns an die Herstellung der Formen;<br \/>\n3. Wir senden Ihnen Muster f\u00fcr Ihre Best\u00e4tigung;<br \/>\n4. Machen Sie die Zahlung von 30% Kaution, die Produktion zu starten;<br \/>\n5. Inspektion der Waren<br \/>\n6. die Lieferung nach Erhalt des Restbetrags<\/td>\n<\/tr>\n<tr>\n<td class=\"label\">Bemerkung:<\/td>\n<td>Wir k\u00f6nnen Ihnen unsere Entw\u00fcrfe vorstellen und wir k\u00f6nnen auch nach Ihrem Entwurf produzieren.<\/td>\n<\/tr>\n<\/table>\n<h2>Unsere Produktionsbasis<\/h2>\n<h3>Fabrik-Panorama<\/h3>\n<p><img decoding=\"async\" src=\"\/wp-content\/uploads\/factory-01.webp\"\/><\/p>\n<h3>Werkstatt zur Herstellung von Aluminiumstangen<\/h3>\n<p><img decoding=\"async\" src=\"\/wp-content\/uploads\/factory-02.webp\"\/><\/p>\n<p><img decoding=\"async\" src=\"\/wp-content\/uploads\/factory-03.webp\"\/><\/p>\n<h3>Lagerhaus f\u00fcr Formen<\/h3>\n<p><img decoding=\"async\" src=\"\/wp-content\/uploads\/factory-04.webp\"\/><\/p>\n<h3>43 Aluminium-Strangpressanlagen (500-5500 Tonnen)<\/h3>\n<p><img decoding=\"async\" src=\"\/wp-content\/uploads\/factory-05.webp\"\/><\/p>\n<p><img decoding=\"async\" src=\"\/wp-content\/uploads\/factory-06.webp\"\/><\/p>\n<p><img decoding=\"async\" src=\"\/wp-content\/uploads\/factory-07.webp\"\/><\/p>\n<h3>Werkstatt f\u00fcr Pulverbeschichtung<\/h3>\n<p><img decoding=\"async\" src=\"\/wp-content\/uploads\/factory-09.webp\"\/><\/p>\n<h3>Eloxal-Werkstatt<\/h3>\n<p><img decoding=\"async\" src=\"\/wp-content\/uploads\/factory-10.webp\"\/><\/p>\n<h3>Workshop zur Tiefenverarbeitung<\/h3>\n<p><img decoding=\"async\" src=\"\/wp-content\/uploads\/factory-11.webp\"\/><\/p>\n<h3>CNC-Pr\u00e4zisionsbearbeitungswerkstatt<\/h3>\n<p><img decoding=\"async\" src=\"\/wp-content\/uploads\/factory-11.5.webp\"\/><\/p>\n<h3>Lager f\u00fcr Fertigprodukte und Export<\/h3>\n<p><img decoding=\"async\" src=\"\/wp-content\/uploads\/factory-12.webp\"\/><\/p>\n<p><img decoding=\"async\" src=\"\/wp-content\/uploads\/factory-13.webp\"\/><\/p>\n<p><img decoding=\"async\" src=\"\/wp-content\/uploads\/factory-14.webp\"\/><\/p>\n<h2>FAQ<\/h2>\n<p><p><b>1. was macht ein Hersteller von Aluminiumprofilen?<\/b><\/p>\n<p>Ein Hersteller von Aluminiumprofilen entwirft und produziert stranggepresste Aluminiumprofile f\u00fcr industrielle, architektonische und kommerzielle Zwecke.<br \/>\n<\/p><br \/>\n<br \/>\n<p><b>2. warum einen professionellen Hersteller von Aluminiumprofilen w\u00e4hlen?<\/b><\/p>\n<p>Ein zuverl\u00e4ssiger Hersteller gew\u00e4hrleistet eine qualitativ hochwertige Produktion, Pr\u00e4zisionstechnik und eine konstante Versorgung f\u00fcr Ihre Projekte.<br \/>\n<\/p><br \/>\n<br \/>\n<p><b>3. kann ein Hersteller von Aluminiumprofilen kundenspezifische Profile anbieten?<\/b><\/p>\n<p>Ja, die meisten Hersteller bieten OEM\/ODM-Dienste an, um kundenspezifische Formen, Gr\u00f6\u00dfen und Oberfl\u00e4chen nach Ihren Vorgaben herzustellen.<br \/>\n<\/p><br \/>\n<br \/>\n<p><b>4. welche Branchen verwenden Aluminiumprofile von Herstellern?<\/b><\/p>\n<p>Branchen wie das Baugewerbe, die Automobilindustrie, die Elektronikindustrie, die M\u00f6belindustrie und die Solarenergiebranche beziehen h\u00e4ufig Aluminiumprofile.<br \/>\n<\/p><br \/>\n<br \/>\n<p><b>5. werden Aluminiumprofile aus umweltfreundlichen Materialien hergestellt?<\/b><\/p>\n<p>Ja, Aluminium ist 100% recycelbar, und seri\u00f6se Hersteller wenden nachhaltige Produktionsverfahren an.<br \/>\n<\/p><br \/>\n<br \/>\n<p><b>6) Welche Oberfl\u00e4chenbehandlungen kann ein Hersteller anbieten?<\/b><\/p>\n<p>Zu den g\u00e4ngigen Optionen geh\u00f6ren Eloxieren, Pulverbeschichtung, Holzmaserung, B\u00fcrsten und Polieren f\u00fcr verschiedene funktionale und \u00e4sthetische Anforderungen.<br \/>\n<\/p><br \/>\n<br \/>\n<p><b>7. wie kann ich die Qualit\u00e4t von Aluminiumprofilen sicherstellen?<\/b><\/p>\n<p>W\u00e4hlen Sie Hersteller mit ISO-Zertifizierung, interner Qualit\u00e4tskontrolle und Systemen zur R\u00fcckverfolgbarkeit von Materialien.<br \/>\n<\/p><br \/>\n<br \/>\n<p><b>8. unterst\u00fctzt der Hersteller Gro\u00dfbestellungen?<\/b><\/p>\n<p>Ja, die Hersteller von Aluminiumprofilen bieten in der Regel wettbewerbsf\u00e4hige Preise und flexible Bedingungen f\u00fcr Gro\u00dfauftr\u00e4ge.<br \/>\n<\/p><br \/><\/p>","protected":false},"featured_media":7516,"template":"","categories":[67],"class_list":["post-7517","product","type-product","status-publish","has-post-thumbnail","hentry","category-architectural-aluminium-profile"],"meta_box":{"hilight_text_group":{"product_hilight_text":"<li>Experienced aluminum profile manufacturer with advanced production equipment<\/li>\r\r\n<li>Offers custom extrusion solutions for various industrial applications<\/li>\r\r\n<li>High precision manufacturing ensures consistent product quality<\/li>\r\r\n<li>Wide range of profile shapes, sizes, and surface finishes available<\/li>\r\r\n<li>Strict quality control system for reliable and durable profiles<\/li>\r\r\n<li>Fast lead times and flexible OEM\/ODM services<\/li>\r\r\n<li>Eco-friendly production using recyclable aluminum materials<\/li>","product_chanpin_blog":"<ul>\r\r\n<li><a href=\"https:\/\/sinoextrud.com\/t-slot-v-slot-differences\/\" target=\"_blank\">t slot vs v slot<\/a><\/li>\r\r\n<li><a href=\"https:\/\/sinoextrud.com\/what-is-4040-aluminium-extrud\/\" target=\"_blank\">4040 aluminium extrusion<\/a><\/li>\r\r\n<li><a href=\"https:\/\/sinoextrud.com\/what-is-4040-aluminium-extrud\/\" target=\"_blank\">aluminum extrusions for industrial racks<\/a><\/li>\r\r\n<li><a href=\"https:\/\/sinoextrud.com\/powder-coating-aluminium-process\/\" target=\"_blank\">powder coating aluminium<\/a><\/li>\r\r\n<li><a href=\"https:\/\/sinoextrud.com\/what-is-an-aluminium-strip-ceiling\/\" target=\"_blank\">aluminium strip ceiling<\/a><\/li>\r\r\n<li><a href=\"https:\/\/sinoextrud.com\/what-is-a-heat-sink\/\" target=\"_blank\">what is a heat sink<\/a><\/li>\r\r\n<\/ul>","product_chanpin_chanpin":"<li><a href=\"https:\/\/sinoextrud.com\/product\/aluminium-u-channels\/\" target=\"_blank\">Aluminium U Channels<\/a><\/li>\r\n<li><a href=\"https:\/\/sinoextrud.com\/product\/aluminium-extruded-sections\/\" target=\"_blank\">Aluminium Extruded Sections<\/a><\/li>\r\n<li><a href=\"https:\/\/sinoextrud.com\/product\/wholesale-electrophoresis-aluminium-profile-price\/\" target=\"_blank\">Wholesale Electrophoresis Aluminium Profile Price<\/a><\/li>\r\n<li><a href=\"https:\/\/sinoextrud.com\/product\/aluminium-sections-for-sliding-doors\/\" target=\"_blank\">Aluminium Sections For Sliding Doors<\/a><\/li>\r\n<li><a href=\"https:\/\/sinoextrud.com\/product\/aluminum-profile-manufacturer\/\" target=\"_blank\">Aluminum Profile Manufacturer<\/a><\/li>\r\n<li><a href=\"https:\/\/sinoextrud.com\/product\/aluminium-fence\/\" target=\"_blank\">Aluminium Fence<\/a><\/li>\r\n<li><a href=\"https:\/\/sinoextrud.com\/product\/aluminium-flat-bar\/\" target=\"_blank\">Aluminium Flat Bar<\/a><\/li>\r\n<li><a href=\"https:\/\/sinoextrud.com\/product\/anodizing-aluminium-extrusion-profiles-for-windows-and-door\/\" target=\"_blank\">Anodizing Aluminium Extrusion Profiles for Windows and Door<\/a><\/li>\r\n<li><a href=\"https:\/\/sinoextrud.com\/product\/aluminium-louver-extrusions\/\" target=\"_blank\">Aluminium Louver Extrusions<\/a><\/li>\r\n<li><a href=\"https:\/\/sinoextrud.com\/product\/aluminum-window-frame\/\" target=\"_blank\">Aluminum Window Frame<\/a><\/li>\r\n<li><a href=\"https:\/\/sinoextrud.com\/product\/aluminum-skirting-profile\/\" target=\"_blank\">Aluminum Skirting Profile<\/a><\/li>"},"feature_list":[]},"_links":{"self":[{"href":"https:\/\/sinoextrud.com\/de\/wp-json\/wp\/v2\/product\/7517","targetHints":{"allow":["GET"]}}],"collection":[{"href":"https:\/\/sinoextrud.com\/de\/wp-json\/wp\/v2\/product"}],"about":[{"href":"https:\/\/sinoextrud.com\/de\/wp-json\/wp\/v2\/types\/product"}],"wp:featuredmedia":[{"embeddable":true,"href":"https:\/\/sinoextrud.com\/de\/wp-json\/wp\/v2\/media\/7516"}],"wp:attachment":[{"href":"https:\/\/sinoextrud.com\/de\/wp-json\/wp\/v2\/media?parent=7517"}],"wp:term":[{"taxonomy":"category","embeddable":true,"href":"https:\/\/sinoextrud.com\/de\/wp-json\/wp\/v2\/categories?post=7517"}],"curies":[{"name":"wp","href":"https:\/\/api.w.org\/{rel}","templated":true}]}}