{"id":7510,"date":"2025-06-07T09:47:01","date_gmt":"2025-06-07T09:47:01","guid":{"rendered":"https:\/\/sinoextrud.com\/product\/aluminium-extruded-sections\/"},"modified":"2025-06-24T06:13:01","modified_gmt":"2025-06-24T06:13:01","slug":"aluminium-strangpressprofile-11","status":"publish","type":"product","link":"https:\/\/sinoextrud.com\/de\/product\/aluminium-extruded-sections\/","title":{"rendered":"Aluminium-Strangpressprofile"},"content":{"rendered":"<h2>Produkte Details<\/h2>\n<table class=\"custom-table\">\n<tr>\n<td class=\"label\">Legierungsbestandteil:<\/td>\n<td> 6063<\/td>\n<\/tr>\n<tr>\n<td class=\"label\">Profil aus poliertem Aluminium:<\/td>\n<td> Chemisches Polieren<\/td>\n<\/tr>\n<tr>\n<td class=\"label\">Zitat:<\/td>\n<td> Theoretisches Gewicht<\/td>\n<\/tr>\n<tr>\n<td class=\"label\">Anpassungen:<\/td>\n<td> Zeichnung erforderlich<\/td>\n<\/tr>\n<tr>\n<td class=\"label\">Herkunft:<\/td>\n<td> Guangdong<\/td>\n<\/tr>\n<tr>\n<td class=\"label\">Art:<\/td>\n<td> Aluminiumprofile f\u00fcr Fenster und T\u00fcren, Aluminiumprofile f\u00fcr Dekoration, Aluminiumprofile f\u00fcr Glasw\u00e4nde, Aluminiumprofile f\u00fcr Transport<\/td>\n<\/tr>\n<tr>\n<td class=\"label\">Note:<\/td>\n<td> Serie 6000<\/td>\n<\/tr>\n<tr>\n<td class=\"label\">Fenster &amp; T\u00fcren Aluminiumprofil:<\/td>\n<td> Serie 60<\/td>\n<\/tr>\n<tr>\n<td class=\"label\">Oberfl\u00e4chenveredelung:<\/td>\n<td> Pulverspr\u00fchen<\/td>\n<\/tr>\n<tr>\n<td class=\"label\">Zertifizierung:<\/td>\n<td> ISO, CIQ<\/td>\n<\/tr>\n<tr>\n<td class=\"label\">L\u00e4nge:<\/td>\n<td> Kundenspezifische L\u00e4nge<\/td>\n<\/tr>\n<tr>\n<td class=\"label\">Warenzeichen:<\/td>\n<td> Sinoextrud<\/td>\n<\/tr>\n<tr>\n<td class=\"label\">HS-Code:<\/td>\n<td> 7604210000<\/td>\n<\/tr>\n<\/table>\n<h2>Unsere Produktionsbasis<\/h2>\n<h3>Fabrik-Panorama<\/h3>\n<p><img decoding=\"async\" src=\"\/wp-content\/uploads\/factory-01.webp\"\/><\/p>\n<h3>Werkstatt zur Herstellung von Aluminiumstangen<\/h3>\n<p><img decoding=\"async\" src=\"\/wp-content\/uploads\/factory-02.webp\"\/><\/p>\n<p><img decoding=\"async\" src=\"\/wp-content\/uploads\/factory-03.webp\"\/><\/p>\n<h3>Lagerhaus f\u00fcr Formen<\/h3>\n<p><img decoding=\"async\" src=\"\/wp-content\/uploads\/factory-04.webp\"\/><\/p>\n<h3>43 Aluminium-Strangpressanlagen (500\u00e2\u20ac\"5500 Tonnen)<\/h3>\n<p><img decoding=\"async\" src=\"\/wp-content\/uploads\/factory-05.webp\"\/><\/p>\n<p><img decoding=\"async\" src=\"\/wp-content\/uploads\/factory-06.webp\"\/><\/p>\n<p><img decoding=\"async\" src=\"\/wp-content\/uploads\/factory-07.webp\"\/><\/p>\n<h3>Werkstatt f\u00fcr Pulverbeschichtung<\/h3>\n<p><img decoding=\"async\" src=\"\/wp-content\/uploads\/factory-09.webp\"\/><\/p>\n<h3>Eloxal-Werkstatt<\/h3>\n<p><img decoding=\"async\" src=\"\/wp-content\/uploads\/factory-10.webp\"\/><\/p>\n<h3>Workshop zur Tiefenverarbeitung<\/h3>\n<p><img decoding=\"async\" src=\"\/wp-content\/uploads\/factory-11.webp\"\/><\/p>\n<h3>CNC-Pr\u00e4zisionsbearbeitungswerkstatt<\/h3>\n<p><img decoding=\"async\" src=\"\/wp-content\/uploads\/factory-11.5.webp\"\/><\/p>\n<h3>Lager f\u00fcr Fertigprodukte und Export<\/h3>\n<p><img decoding=\"async\" src=\"\/wp-content\/uploads\/factory-12.webp\"\/><\/p>\n<p><img decoding=\"async\" src=\"\/wp-content\/uploads\/factory-13.webp\"\/><\/p>\n<p><img decoding=\"async\" src=\"\/wp-content\/uploads\/factory-14.webp\"\/><\/p>\n<h2>FAQ<\/h2>\n<p><p><b>1. was sind Aluminium-Strangpressprofile?<\/b><\/p>\n<p>Aluminium-Strangpressprofile sind durch das Strangpressverfahren geformte Aluminiumprofile, die f\u00fcr strukturelle, industrielle und dekorative Anwendungen verwendet werden.<br \/>\n<\/p><br \/>\n<br \/>\n<p><b>2. warum Aluminium-Strangpressprofile w\u00e4hlen?<\/b><\/p>\n<p>Sie bieten eine leichte, stabile und korrosionsbest\u00e4ndige L\u00f6sung, die sich ideal f\u00fcr den Einsatz im Bauwesen, in der Automobilindustrie und in der Architektur eignet.<br \/>\n<\/p><br \/>\n<br \/>\n<p><b>3. k\u00f6nnen Aluminium-Strangpressprofile individuell angepasst werden?<\/b><\/p>\n<p>Ja, sie sind in verschiedenen Querschnitten, Gr\u00f6\u00dfen und Ausf\u00fchrungen erh\u00e4ltlich, die auf spezifische Projektanforderungen zugeschnitten sind.<br \/>\n<\/p><br \/>\n<br \/>\n<p><b>4. sind Aluminium-Strangpressprofile f\u00fcr den Au\u00dfeneinsatz geeignet?<\/b><\/p>\n<p>Die nat\u00fcrliche Korrosionsbest\u00e4ndigkeit des Aluminiums macht sie ideal f\u00fcr den Au\u00dfenbereich.<br \/>\n<\/p><br \/>\n<br \/>\n<p><b>5. welche Branchen verwenden Aluminium-Strangpressprofile?<\/b><\/p>\n<p>Branchen wie die Luft- und Raumfahrt, das Bauwesen, die Elektronik und die M\u00f6belherstellung nutzen diese Profile aufgrund ihrer Vielseitigkeit und Leistungsf\u00e4higkeit.<br \/>\n<\/p><br \/>\n<br \/>\n<p><b>6. wie genau sind Aluminium-Strangpressprofile?<\/b><\/p>\n<p>Sie werden mit Pr\u00e4zision hergestellt, um einheitliche Abmessungen und Kompatibilit\u00e4t mit anderen Komponenten zu gew\u00e4hrleisten.<br \/>\n<\/p><br \/>\n<br \/>\n<p><b>7. sind diese Strangpressprofile umweltfreundlich?<\/b><\/p>\n<p>Ja, Aluminium ist vollst\u00e4ndig recycelbar, was die Umweltbelastung reduziert und die Standards f\u00fcr umweltfreundliches Bauen unterst\u00fctzt.<br \/>\n<\/p><br \/>\n<br \/>\n<p><b>8. welche Oberfl\u00e4chenausf\u00fchrungen gibt es?<\/b><\/p>\n<p>Zu den Oberfl\u00e4chenbehandlungen geh\u00f6ren Eloxieren, Pulverbeschichten, Polieren und B\u00fcrsten f\u00fcr verbesserte Haltbarkeit und Optik.<br \/>\n<\/p><br \/><\/p>","protected":false},"featured_media":7509,"template":"","categories":[67],"class_list":["post-7510","product","type-product","status-publish","has-post-thumbnail","hentry","category-architectural-aluminium-profile"],"meta_box":{"hilight_text_group":{"product_hilight_text":"<li>High-strength aluminum alloy ensures excellent structural integrity<\/li>\r\r\n<li>Lightweight material simplifies transportation and installation<\/li>\r\r\n<li>Corrosion-resistant for long-term use in indoor and outdoor settings<\/li>\r\r\n<li>Customizable shapes and sizes to meet specific project demands<\/li>\r\r\n<li>Precision extruded for tight tolerances and high compatibility<\/li>\r\r\n<li>Versatile for applications in construction, machinery, and electronics<\/li>\r\r\n<li>Eco-friendly and 100% recyclable for sustainable manufacturing<\/li>","product_chanpin_blog":"<ul>\r\r\n<li><a href=\"https:\/\/sinoextrud.com\/t-slot-v-slot-differences\/\" target=\"_blank\">t slot vs v slot<\/a><\/li>\r\r\n<li><a href=\"https:\/\/sinoextrud.com\/what-is-4040-aluminium-extrud\/\" target=\"_blank\">4040 aluminium extrusion<\/a><\/li>\r\r\n<li><a href=\"https:\/\/sinoextrud.com\/what-is-4040-aluminium-extrud\/\" target=\"_blank\">aluminum extrusions for industrial racks<\/a><\/li>\r\r\n<li><a href=\"https:\/\/sinoextrud.com\/powder-coating-aluminium-process\/\" target=\"_blank\">powder coating aluminium<\/a><\/li>\r\r\n<li><a href=\"https:\/\/sinoextrud.com\/what-is-an-aluminium-strip-ceiling\/\" target=\"_blank\">aluminium strip ceiling<\/a><\/li>\r\r\n<li><a href=\"https:\/\/sinoextrud.com\/what-is-a-heat-sink\/\" target=\"_blank\">what is a heat sink<\/a><\/li>\r\r\n<\/ul>","product_chanpin_chanpin":"<li><a href=\"https:\/\/sinoextrud.com\/product\/aluminum-frame\/\" target=\"_blank\">Aluminum Frame<\/a><\/li>\r\n<li><a href=\"https:\/\/sinoextrud.com\/product\/standard-aluminium-extrusions\/\" target=\"_blank\">Standard Aluminium Extrusions<\/a><\/li>\r\n<li><a href=\"https:\/\/sinoextrud.com\/product\/aluminium-structural-framing\/\" target=\"_blank\">Aluminium Structural Framing<\/a><\/li>\r\n<li><a href=\"https:\/\/sinoextrud.com\/product\/aluminium-u-channels\/\" target=\"_blank\">Aluminium U Channels<\/a><\/li>\r\n<li><a href=\"https:\/\/sinoextrud.com\/product\/aluminium-extruded-sections\/\" target=\"_blank\">Aluminium Extruded Sections<\/a><\/li>\r\n<li><a href=\"https:\/\/sinoextrud.com\/product\/wholesale-electrophoresis-aluminium-profile-price\/\" target=\"_blank\">Wholesale Electrophoresis Aluminium Profile Price<\/a><\/li>\r\n<li><a href=\"https:\/\/sinoextrud.com\/product\/aluminium-sections-for-sliding-doors\/\" target=\"_blank\">Aluminium Sections For Sliding Doors<\/a><\/li>\r\n<li><a href=\"https:\/\/sinoextrud.com\/product\/aluminum-profile-manufacturer\/\" target=\"_blank\">Aluminum Profile Manufacturer<\/a><\/li>\r\n<li><a href=\"https:\/\/sinoextrud.com\/product\/aluminium-fence\/\" target=\"_blank\">Aluminium Fence<\/a><\/li>\r\n<li><a href=\"https:\/\/sinoextrud.com\/product\/aluminium-curtain-guide-rail\/\" target=\"_blank\">Aluminium Curtain Guide Rail<\/a><\/li>\r\n<li><a href=\"https:\/\/sinoextrud.com\/product\/item-structural-aluminum-extrusions\/\" target=\"_blank\">Item Structural Aluminum Extrusions<\/a><\/li>"},"feature_list":[]},"_links":{"self":[{"href":"https:\/\/sinoextrud.com\/de\/wp-json\/wp\/v2\/product\/7510","targetHints":{"allow":["GET"]}}],"collection":[{"href":"https:\/\/sinoextrud.com\/de\/wp-json\/wp\/v2\/product"}],"about":[{"href":"https:\/\/sinoextrud.com\/de\/wp-json\/wp\/v2\/types\/product"}],"wp:featuredmedia":[{"embeddable":true,"href":"https:\/\/sinoextrud.com\/de\/wp-json\/wp\/v2\/media\/7509"}],"wp:attachment":[{"href":"https:\/\/sinoextrud.com\/de\/wp-json\/wp\/v2\/media?parent=7510"}],"wp:term":[{"taxonomy":"category","embeddable":true,"href":"https:\/\/sinoextrud.com\/de\/wp-json\/wp\/v2\/categories?post=7510"}],"curies":[{"name":"wp","href":"https:\/\/api.w.org\/{rel}","templated":true}]}}