{"id":7498,"date":"2025-06-07T09:19:19","date_gmt":"2025-06-07T09:19:19","guid":{"rendered":"https:\/\/sinoextrud.com\/product\/aluminium-railings\/"},"modified":"2025-06-24T06:12:59","modified_gmt":"2025-06-24T06:12:59","slug":"aluminiumgelander","status":"publish","type":"product","link":"https:\/\/sinoextrud.com\/de\/product\/aluminium-railings\/","title":{"rendered":"Aluminium-Gel\u00e4nder"},"content":{"rendered":"<h2>Produkte Details<\/h2>\n<table class=\"custom-table\">\n<tbody>\n<tr>\n<td> Artikel Name<\/td>\n<td> Aluminiumgel\u00e4nder<\/td>\n<\/tr>\n<tr>\n<td> Material<\/td>\n<td> 6061\/ 6063 \/ 6005\/ 6082\/ 7005<\/td>\n<\/tr>\n<tr>\n<td> Temperament<\/td>\n<td> T3,T4,T5,T6,T7,T8<\/td>\n<\/tr>\n<tr>\n<td> Oberfl\u00e4chenbehandlung<\/td>\n<td> Pulverbeschichtung, Elektrophorese, Feinstbearbeitung, Eloxieren, Holzmaserung.<\/td>\n<\/tr>\n<tr>\n<td> Farbe<\/td>\n<td> Braun, Champagner, Holzfarbe oder individuell nach Ihren Anforderungen.<\/td>\n<\/tr>\n<tr>\n<td> Verwendung<\/td>\n<td> Fenster, T\u00fcren, Vorhangfassaden, Schienen, Dekorationsprofile.<\/td>\n<\/tr>\n<tr>\n<td> Dicke<\/td>\n<td> 1.allgemeine Profildicke: 0..8mm-1.4mm<br \/>\n2. die Dicke des Eloxalschutzes: 8-12 Mikro<br \/>\n3. normale Dicke der Pulverbeschichtung: 60-100 Mikro<\/td>\n<\/tr>\n<tr>\n<td> Form<\/td>\n<td> Quadratisch, winklig, flach, hohl, oval, kundenspezifisch erh\u00e4ltlich.<\/td>\n<\/tr>\n<tr>\n<td> L\u00e4nge<\/td>\n<td> Kann Ihren Anforderungen entsprechend angepasst werden.<\/td>\n<\/tr>\n<tr>\n<td> Tiefe Verarbeitung<\/td>\n<td> Schneiden, Bohren, Stanzen, Biegen usw.<\/td>\n<\/tr>\n<tr>\n<td> 2D&amp;3D Entwurf<\/td>\n<td> 1. Konstrukteure in der Abteilung f\u00fcr Design und Entwicklung<br \/>\n2. Auto CAD, 3D, AI, SLD, PRT. IGS, PDF, JPEG usw.<\/td>\n<\/tr>\n<tr>\n<td> Technik&amp; Werkzeugbau<\/td>\n<td> 1. 8 Ingenieure im Formenbau.<br \/>\n2. verwenden hohe Tonnage Extruder, Drahterodieren, CNC, Bohrmaschinen etc.<\/td>\n<\/tr>\n<tr>\n<td> Qualit\u00e4tskontrolle<\/td>\n<td> 1. Inspektion vor Ort.<br \/>\n2. Inspektion vor dem Versand.<br \/>\n3. Pr\u00fcfmaschine.<\/td>\n<\/tr>\n<\/tbody>\n<\/table>\n<h2>Unsere Produktionsbasis<\/h2>\n<h3>Fabrik-Panorama<\/h3>\n<p><img decoding=\"async\" src=\"\/wp-content\/uploads\/factory-01.webp\"\/><\/p>\n<h3>Werkstatt zur Herstellung von Aluminiumstangen<\/h3>\n<p><img decoding=\"async\" src=\"\/wp-content\/uploads\/factory-02.webp\"\/><\/p>\n<p><img decoding=\"async\" src=\"\/wp-content\/uploads\/factory-03.webp\"\/><\/p>\n<h3>Lagerhaus f\u00fcr Formen<\/h3>\n<p><img decoding=\"async\" src=\"\/wp-content\/uploads\/factory-04.webp\"\/><\/p>\n<h3>43 Aluminium-Strangpressanlagen (500\u00e2\u20ac\"5500 Tonnen)<\/h3>\n<p><img decoding=\"async\" src=\"\/wp-content\/uploads\/factory-05.webp\"\/><\/p>\n<p><img decoding=\"async\" src=\"\/wp-content\/uploads\/factory-06.webp\"\/><\/p>\n<p><img decoding=\"async\" src=\"\/wp-content\/uploads\/factory-07.webp\"\/><\/p>\n<h3>Werkstatt f\u00fcr Pulverbeschichtung<\/h3>\n<p><img decoding=\"async\" src=\"\/wp-content\/uploads\/factory-09.webp\"\/><\/p>\n<h3>Eloxal-Werkstatt<\/h3>\n<p><img decoding=\"async\" src=\"\/wp-content\/uploads\/factory-10.webp\"\/><\/p>\n<h3>Workshop zur Tiefenverarbeitung<\/h3>\n<p><img decoding=\"async\" src=\"\/wp-content\/uploads\/factory-11.webp\"\/><\/p>\n<h3>CNC-Pr\u00e4zisionsbearbeitungswerkstatt<\/h3>\n<p><img decoding=\"async\" src=\"\/wp-content\/uploads\/factory-11.5.webp\"\/><\/p>\n<h3>Lager f\u00fcr Fertigprodukte und Export<\/h3>\n<p><img decoding=\"async\" src=\"\/wp-content\/uploads\/factory-12.webp\"\/><\/p>\n<p><img decoding=\"async\" src=\"\/wp-content\/uploads\/factory-13.webp\"\/><\/p>\n<p><img decoding=\"async\" src=\"\/wp-content\/uploads\/factory-14.webp\"\/><\/p>\n<h2>FAQ<\/h2>\n<p><p><b>1) Welche Vorteile bietet die Verwendung der Aluminiumlegierung 6063-T5 f\u00fcr Gel\u00e4nderprofile? <\/b><\/p>\n<p>Die Aluminiumlegierung 6063-T5 bietet eine hervorragende Korrosionsbest\u00e4ndigkeit, ein geringes Gewicht und eine einfache Verarbeitung, was sie ideal f\u00fcr Gel\u00e4nderanwendungen macht.<br \/>\n<\/p><br \/>\n<br \/>\n<p><b>2. k\u00f6nnen Aluminium-Gel\u00e4nderprofile f\u00fcr bestimmte architektonische Designs angepasst werden? <\/b><\/p>\n<p>Ja, Aluminium-Gel\u00e4nderprofile k\u00f6nnen in Bezug auf Form, Gr\u00f6\u00dfe und Ausf\u00fchrung auf die jeweiligen architektonischen und strukturellen Anforderungen zugeschnitten werden.<br \/>\n<\/p><br \/>\n<br \/>\n<p><b>3. sind diese Aluminiumprofile f\u00fcr Au\u00dfenanwendungen geeignet? <\/b><\/p>\n<p>Aufgrund der korrosionsbest\u00e4ndigen Eigenschaften von 6063-T5-Aluminium sind diese Profile ideal f\u00fcr Au\u00dfenanwendungen wie Balkone, Treppen und Terrassen.<br \/>\n<\/p><br \/>\n<br \/>\n<p><b>4. was ist die typische Preisspanne f\u00fcr Aluminium-Gel\u00e4nderprofile pro Tonne? <\/b><\/p>\n<p>Der Herstellungspreis f\u00fcr Aluminium-Gel\u00e4nderprofile liegt zwischen $2.000 und $3.300 pro Tonne, je nach Kundenwunsch und Auftragsvolumen.<br \/>\n<\/p><br \/>\n<br \/>\n<p><b>5. wie k\u00f6nnen Aluminium-Gel\u00e4nderprofile die Haltbarkeit von Anlagen verbessern? <\/b><\/p>\n<p>Aluminium-Gel\u00e4nderprofile bieten strukturelle Unterst\u00fctzung und sch\u00fctzen vor Korrosion, was die Langlebigkeit und Widerstandsf\u00e4higkeit der Anlagen erh\u00f6ht.<br \/>\n<\/p><br \/><\/p>","protected":false},"featured_media":7497,"template":"","categories":[67],"class_list":["post-7498","product","type-product","status-publish","has-post-thumbnail","hentry","category-architectural-aluminium-profile"],"meta_box":{"hilight_text_group":{"product_hilight_text":"<li>Manufactured from high-strength 6063-T5 aluminum alloy, ensuring excellent corrosion resistance and durability for railing applications<\/li>\r\r\n<li>Lightweight design facilitates easy handling and installation, reducing labor costs and time<\/li>\r\r\n<li>Available in various finishes, including anodized and powder-coated options, to match diverse aesthetic requirements<\/li>\r\r\n<li>Customizable profiles to accommodate different architectural designs and building codes<\/li>\r\r\n<li>Cost-effective manufacturing prices, ranging from $2,000 to $3,300 per ton depending on customization and order volume<\/li>","product_chanpin_blog":"<ul>\r\r\n<li><a href=\"https:\/\/sinoextrud.com\/t-slot-v-slot-differences\/\" target=\"_blank\">t slot vs v slot<\/a><\/li>\r\r\n<li><a href=\"https:\/\/sinoextrud.com\/what-is-4040-aluminium-extrud\/\" target=\"_blank\">4040 aluminium extrusion<\/a><\/li>\r\r\n<li><a href=\"https:\/\/sinoextrud.com\/what-is-4040-aluminium-extrud\/\" target=\"_blank\">aluminum extrusions for industrial racks<\/a><\/li>\r\r\n<li><a href=\"https:\/\/sinoextrud.com\/powder-coating-aluminium-process\/\" target=\"_blank\">powder coating aluminium<\/a><\/li>\r\r\n<li><a href=\"https:\/\/sinoextrud.com\/what-is-an-aluminium-strip-ceiling\/\" target=\"_blank\">aluminium strip ceiling<\/a><\/li>\r\r\n<li><a href=\"https:\/\/sinoextrud.com\/what-is-a-heat-sink\/\" target=\"_blank\">what is a heat sink<\/a><\/li>\r\r\n<\/ul>","product_chanpin_chanpin":"<li><a href=\"https:\/\/sinoextrud.com\/product\/6063-t5-oem-aluminum-profile-conner-angle-for-window-and-door-or-led-light-display\/\" target=\"_blank\">6063 T5 OEM Aluminum Profile Conner Angle For Window And Door Or Led Light Display<\/a><\/li>\r\n<li><a href=\"https:\/\/sinoextrud.com\/product\/80-x-80-aluminium-extrusion\/\" target=\"_blank\">80 X 80 Aluminium Extrusion<\/a><\/li>\r\n<li><a href=\"https:\/\/sinoextrud.com\/product\/6063-t5-oem-aluminum-profile-conner-angle-for-window-and-door-or-led-light-display-2\/\" target=\"_blank\">6063 T5  OEM  aluminum  profile  conner angle for window and door or led light display<\/a><\/li>\r\n<li><a href=\"https:\/\/sinoextrud.com\/product\/aluminum-beam-extrusion-curtain-wall-profile-hollow-bar-price-by-per-ton\/\" target=\"_blank\">aluminum beam Extrusion Curtain Wall Profile hollow bar price by per ton<\/a><\/li>\r\n<li><a href=\"https:\/\/sinoextrud.com\/product\/aluminium-railings\/\" target=\"_blank\">Aluminium Railings<\/a><\/li>\r\n<li><a href=\"https:\/\/sinoextrud.com\/product\/alloy-extrusion-profiles\/\" target=\"_blank\">Alloy Extrusion Profiles<\/a><\/li>\r\n<li><a href=\"https:\/\/sinoextrud.com\/product\/aluminum-frame\/\" target=\"_blank\">Aluminum Frame<\/a><\/li>\r\n<li><a href=\"https:\/\/sinoextrud.com\/product\/standard-aluminium-extrusions\/\" target=\"_blank\">Standard Aluminium Extrusions<\/a><\/li>\r\n<li><a href=\"https:\/\/sinoextrud.com\/product\/aluminium-structural-framing\/\" target=\"_blank\">Aluminium Structural Framing<\/a><\/li>\r\n<li><a href=\"https:\/\/sinoextrud.com\/product\/aluminum-extrusion-profile-suppliers-for-good-kitchen-cabinet-manufacturers-cabinet-extrusion-pricing-construction-aluminium\/\" target=\"_blank\">aluminum extrusion profile suppliers for Good Kitchen cabinet manufacturers Cabinet extrusion pricing construction aluminium<\/a><\/li>\r\n<li><a href=\"https:\/\/sinoextrud.com\/product\/aluminium-extrusion-profile-handle\/\" target=\"_blank\">Aluminium Extrusion Profile Handle<\/a><\/li>"},"feature_list":[]},"_links":{"self":[{"href":"https:\/\/sinoextrud.com\/de\/wp-json\/wp\/v2\/product\/7498","targetHints":{"allow":["GET"]}}],"collection":[{"href":"https:\/\/sinoextrud.com\/de\/wp-json\/wp\/v2\/product"}],"about":[{"href":"https:\/\/sinoextrud.com\/de\/wp-json\/wp\/v2\/types\/product"}],"wp:featuredmedia":[{"embeddable":true,"href":"https:\/\/sinoextrud.com\/de\/wp-json\/wp\/v2\/media\/7497"}],"wp:attachment":[{"href":"https:\/\/sinoextrud.com\/de\/wp-json\/wp\/v2\/media?parent=7498"}],"wp:term":[{"taxonomy":"category","embeddable":true,"href":"https:\/\/sinoextrud.com\/de\/wp-json\/wp\/v2\/categories?post=7498"}],"curies":[{"name":"wp","href":"https:\/\/api.w.org\/{rel}","templated":true}]}}