{"id":7470,"date":"2025-06-07T08:16:49","date_gmt":"2025-06-07T08:16:49","guid":{"rendered":"https:\/\/sinoextrud.com\/product\/c-section-aluminium-extrusion\/"},"modified":"2025-06-24T06:12:54","modified_gmt":"2025-06-24T06:12:54","slug":"c-profil-aluminium-strangpressen","status":"publish","type":"product","link":"https:\/\/sinoextrud.com\/de\/product\/c-section-aluminium-extrusion\/","title":{"rendered":"C-Profil Aluminium-Strangpressprofile"},"content":{"rendered":"<h2>Produkte Details<\/h2>\n<table class=\"custom-table\">\n<tbody>\n<tr>\n<td> Artikel:<\/td>\n<td> C-Profil Aluminium-Strangpressprofile<\/td>\n<td> Note:<\/td>\n<td> 6063<\/td>\n<\/tr>\n<tr>\n<td> Temperament:<\/td>\n<td> 6063-T5<\/td>\n<td> Ort der Herkunft:<\/td>\n<td> Foshan, Guangdong<\/td>\n<\/tr>\n<tr>\n<td> Die Form:<\/td>\n<td> U-f\u00f6rmiger Kanal, C-Profil<\/td>\n<td> Legierung oder nicht:<\/td>\n<td> Aluminiumlegierung<\/td>\n<\/tr>\n<tr>\n<td> Vertr\u00e4glichkeit:<\/td>\n<td> \u00b10,5%<\/td>\n<td> Marke:<\/td>\n<td> Sinoextrud, Sinoextrud<\/td>\n<\/tr>\n<tr>\n<td> Standard:<\/td>\n<td> mittlere und hohe Qualit\u00e4t<\/td>\n<td> Surfacetreatment:<\/td>\n<td> Pulverbeschichtung, Elektrophorese, Holzmaserung, Eloxieren, B\u00fcrsten, Polieren<\/td>\n<\/tr>\n<tr>\n<td> Lieferzeiten:<\/td>\n<td> 25-30 Tage<\/td>\n<td> MOQ:<\/td>\n<td> 200KGs<\/td>\n<\/tr>\n<tr>\n<td> Zahlungsfrist:<\/td>\n<td> T\/T(30% Anzahlung), L\/C<\/td>\n<td> Bearbeitungsservice:<\/td>\n<td> Biegen, Abwickeln, Schwei\u00dfen, Stanzen, Schneiden<\/td>\n<\/tr>\n<tr>\n<td> Hafen:<\/td>\n<td> Guangzhou, Shenzhen<\/td>\n<td> L\u00e4nge:<\/td>\n<td> 1-9m oder kundenspezifisch<\/td>\n<\/tr>\n<\/tbody>\n<\/table>\n<h2>Unsere Produktionsbasis<\/h2>\n<h3>Fabrik-Panorama<\/h3>\n<p><img decoding=\"async\" src=\"\/wp-content\/uploads\/factory-01.webp\"\/><\/p>\n<h3>Werkstatt zur Herstellung von Aluminiumstangen<\/h3>\n<p><img decoding=\"async\" src=\"\/wp-content\/uploads\/factory-02.webp\"\/><\/p>\n<p><img decoding=\"async\" src=\"\/wp-content\/uploads\/factory-03.webp\"\/><\/p>\n<h3>Lagerhaus f\u00fcr Formen<\/h3>\n<p><img decoding=\"async\" src=\"\/wp-content\/uploads\/factory-04.webp\"\/><\/p>\n<h3>43 Aluminium-Strangpressanlagen (500-5500 Tonnen)<\/h3>\n<p><img decoding=\"async\" src=\"\/wp-content\/uploads\/factory-05.webp\"\/><\/p>\n<p><img decoding=\"async\" src=\"\/wp-content\/uploads\/factory-06.webp\"\/><\/p>\n<p><img decoding=\"async\" src=\"\/wp-content\/uploads\/factory-07.webp\"\/><\/p>\n<h3>Werkstatt f\u00fcr Pulverbeschichtung<\/h3>\n<p><img decoding=\"async\" src=\"\/wp-content\/uploads\/factory-09.webp\"\/><\/p>\n<h3>Eloxal-Werkstatt<\/h3>\n<p><img decoding=\"async\" src=\"\/wp-content\/uploads\/factory-10.webp\"\/><\/p>\n<h3>Workshop zur Tiefenverarbeitung<\/h3>\n<p><img decoding=\"async\" src=\"\/wp-content\/uploads\/factory-11.webp\"\/><\/p>\n<h3>CNC-Pr\u00e4zisionsbearbeitungswerkstatt<\/h3>\n<p><img decoding=\"async\" src=\"\/wp-content\/uploads\/factory-11.5.webp\"\/><\/p>\n<h3>Lager f\u00fcr Fertigprodukte und Export<\/h3>\n<p><img decoding=\"async\" src=\"\/wp-content\/uploads\/factory-12.webp\"\/><\/p>\n<p><img decoding=\"async\" src=\"\/wp-content\/uploads\/factory-13.webp\"\/><\/p>\n<p><img decoding=\"async\" src=\"\/wp-content\/uploads\/factory-14.webp\"\/><\/p>\n<h2>FAQ<\/h2>\n<p><p><b>1. was ist ein Aluminium-Strangpressprofil mit C-Profil? <\/b><\/p>\n<p> Ein Aluminiumstrangpressprofil mit C-Querschnitt ist ein Strukturbauteil mit C-f\u00f6rmigem Querschnitt, das aufgrund seiner Festigkeit und Vielseitigkeit h\u00e4ufig im Bauwesen und in der Fertigung eingesetzt wird.<br \/>\n<\/p><br \/>\n<br \/>\n<p><b>2. welche Vorteile bietet die Verwendung von Aluminium-Strangpressprofilen mit C-Profil? <\/b><\/p>\n<p> Zu den Vorteilen geh\u00f6ren leichte Festigkeit, Korrosionsbest\u00e4ndigkeit, thermische und elektrische Leitf\u00e4higkeit, nichtmagnetische Eigenschaften und Recyclingf\u00e4higkeit, was sie vielseitig f\u00fcr verschiedene Anwendungen einsetzbar macht.<br \/>\n<\/p><br \/>\n<br \/>\n<p><b>3. in welchen Branchen werden C-Profil-Aluminium-Strangpressprofile \u00fcblicherweise verwendet? <\/b><\/p>\n<p> Aufgrund ihrer Festigkeit, Haltbarkeit und Vielseitigkeit werden sie h\u00e4ufig in der Bau-, Automobil-, Luft- und Raumfahrt-, Elektronik- und Schiffsindustrie eingesetzt.<br \/>\n<\/p><br \/>\n<br \/>\n<p><b>4. k\u00f6nnen C Abschnitt Aluminium-Strangpressprofile angepasst werden? <\/b><\/p>\n<p> Ja, sie k\u00f6nnen in Bezug auf Gr\u00f6\u00dfe, Form, Legierung und Oberfl\u00e4che angepasst werden, einschlie\u00dflich Optionen wie Eloxierung und Pulverbeschichtung, um spezifische Projektanforderungen zu erf\u00fcllen.<br \/>\n<\/p><br \/>\n<br \/>\n<p><b>5. wie sind Aluminium-Strangpressprofile mit C-Profilen im Vergleich zu Stahlkan\u00e4len? <\/b><\/p>\n<p> Aluminiumkan\u00e4le sind leichter und korrosionsbest\u00e4ndiger als Stahl und eignen sich daher besser f\u00fcr Anwendungen, bei denen Gewicht und Haltbarkeit entscheidende Faktoren sind.<br \/>\n<\/p><br \/>\n<br \/>\n<p><b>6. sind C-Profil-Aluminium-Strangpressprofile f\u00fcr den Au\u00dfeneinsatz geeignet? <\/b><\/p>\n<p> Ja, ihre Korrosionsbest\u00e4ndigkeit und ihre F\u00e4higkeit, Umwelteinfl\u00fcssen zu widerstehen, machen sie ideal f\u00fcr Anwendungen im Au\u00dfenbereich, z. B. f\u00fcr Rahmen und St\u00fctzen.<br \/>\n<\/p><br \/>\n<br \/>\n<p><b>7. welche Standardgr\u00f6\u00dfen sind f\u00fcr Aluminium-Strangpressprofile mit C-Profil erh\u00e4ltlich? <\/b><\/p>\n<p> Die Standardgr\u00f6\u00dfen variieren, aber zu den \u00fcblichen Abmessungen geh\u00f6ren Breiten von 1\/4 Zoll bis zu mehreren Zoll, mit L\u00e4ngen von bis zu 12 Fu\u00df, je nach Hersteller.<br \/>\n<\/p><br \/>\n<br \/>\n<p><b>8. wie wirkt sich das Strangpressverfahren auf die Eigenschaften von Aluminium-Strangpressprofilen mit C-Profil aus? <\/b><\/p>\n<p> Das Strangpressverfahren richtet die Kornstruktur aus, erh\u00f6ht die Festigkeit und erm\u00f6glicht komplexe Querschnittsgestaltungen, wodurch die mechanischen Eigenschaften der Aluminiumkan\u00e4le verbessert werden.<\/p>\n<p><\/p><br \/><\/p>","protected":false},"featured_media":7469,"template":"","categories":[67],"class_list":["post-7470","product","type-product","status-publish","has-post-thumbnail","hentry","category-architectural-aluminium-profile"],"meta_box":{"hilight_text_group":{"product_hilight_text":"<li>Lightweight yet strong, C-section aluminium extrusions offer an excellent strength-to-weight ratio, making them ideal for structural applications.<\/li>\r\r\n<li>Superior corrosion resistance ensures longevity, even in harsh environments, reducing maintenance costs.<\/li>\r\r\n<li>High thermal and electrical conductivity makes them suitable for heat sinks and electrical enclosures.<\/li>\r\r\n<li>Non-magnetic and non-sparking properties make them safe for use in sensitive electronic and explosive environments.<\/li>\r\r\n<li>Available in various shapes and sizes, including U, C, and Z channels, to meet diverse design requirements.<\/li>\r\r\n<li>Customizable through anodizing, powder coating, and painting for enhanced aesthetics and protection.<\/li>\r\r\n<li>100% recyclable, supporting sustainable and eco-friendly construction practices.<\/li>","product_chanpin_blog":"<ul>\r\r\n<li><a href=\"https:\/\/sinoextrud.com\/t-slot-v-slot-differences\/\" target=\"_blank\">t slot vs v slot<\/a><\/li>\r\r\n<li><a href=\"https:\/\/sinoextrud.com\/what-is-4040-aluminium-extrud\/\" target=\"_blank\">4040 aluminium extrusion<\/a><\/li>\r\r\n<li><a href=\"https:\/\/sinoextrud.com\/what-is-4040-aluminium-extrud\/\" target=\"_blank\">aluminum extrusions for industrial racks<\/a><\/li>\r\r\n<li><a href=\"https:\/\/sinoextrud.com\/powder-coating-aluminium-process\/\" target=\"_blank\">powder coating aluminium<\/a><\/li>\r\r\n<li><a href=\"https:\/\/sinoextrud.com\/what-is-an-aluminium-strip-ceiling\/\" target=\"_blank\">aluminium strip ceiling<\/a><\/li>\r\r\n<li><a href=\"https:\/\/sinoextrud.com\/what-is-a-heat-sink\/\" target=\"_blank\">what is a heat sink<\/a><\/li>\r\r\n<\/ul>","product_chanpin_chanpin":"<li><a href=\"https:\/\/sinoextrud.com\/product\/wood-grain-aluminum-extrusion-slider\/\" target=\"_blank\">Wood Grain Aluminum Extrusion Slider<\/a><\/li>\r\n<li><a href=\"https:\/\/sinoextrud.com\/product\/standard-aluminium-extrusion-profiles-windows-and-doors\/\" target=\"_blank\">Standard Aluminium Extrusion Profiles Windows And Doors<\/a><\/li>\r\n<li><a href=\"https:\/\/sinoextrud.com\/product\/l-shaped-aluminum-trim\/\" target=\"_blank\">L Shaped Aluminum Trim<\/a><\/li>\r\n<li><a href=\"https:\/\/sinoextrud.com\/product\/standard-aluminium-sections-for-partition\/\" target=\"_blank\">Standard Aluminium Sections For Partition<\/a><\/li>\r\n<li><a href=\"https:\/\/sinoextrud.com\/product\/c-section-aluminium-extrusion\/\" target=\"_blank\">C Section Aluminium Extrusion<\/a><\/li>\r\n<li><a href=\"https:\/\/sinoextrud.com\/product\/aluminum-sliding-door-track\/\" target=\"_blank\">Aluminum Sliding Door Track<\/a><\/li>\r\n<li><a href=\"https:\/\/sinoextrud.com\/product\/aluminum-handrail-extrusions\/\" target=\"_blank\">Aluminum Handrail Extrusions<\/a><\/li>\r\n<li><a href=\"https:\/\/sinoextrud.com\/product\/aluminium-window-frame-section\/\" target=\"_blank\">Aluminium Window Frame Section<\/a><\/li>\r\n<li><a href=\"https:\/\/sinoextrud.com\/product\/aluminum-cabinet-frame-extrusions\/\" target=\"_blank\">Aluminum Cabinet Frame Extrusions<\/a><\/li>\r\n<li><a href=\"https:\/\/sinoextrud.com\/product\/extruded-aluminum-shelving\/\" target=\"_blank\">Extruded Aluminum Shelving<\/a><\/li>\r\n<li><a href=\"https:\/\/sinoextrud.com\/product\/polished-aluminum-u-channel\/\" target=\"_blank\">Polished Aluminum U Channel<\/a><\/li>"},"feature_list":[]},"_links":{"self":[{"href":"https:\/\/sinoextrud.com\/de\/wp-json\/wp\/v2\/product\/7470","targetHints":{"allow":["GET"]}}],"collection":[{"href":"https:\/\/sinoextrud.com\/de\/wp-json\/wp\/v2\/product"}],"about":[{"href":"https:\/\/sinoextrud.com\/de\/wp-json\/wp\/v2\/types\/product"}],"wp:featuredmedia":[{"embeddable":true,"href":"https:\/\/sinoextrud.com\/de\/wp-json\/wp\/v2\/media\/7469"}],"wp:attachment":[{"href":"https:\/\/sinoextrud.com\/de\/wp-json\/wp\/v2\/media?parent=7470"}],"wp:term":[{"taxonomy":"category","embeddable":true,"href":"https:\/\/sinoextrud.com\/de\/wp-json\/wp\/v2\/categories?post=7470"}],"curies":[{"name":"wp","href":"https:\/\/api.w.org\/{rel}","templated":true}]}}