{"id":7452,"date":"2025-06-07T07:43:16","date_gmt":"2025-06-07T07:43:16","guid":{"rendered":"https:\/\/sinoextrud.com\/product\/extruded-aluminum-enclosure-case\/"},"modified":"2025-06-24T06:12:51","modified_gmt":"2025-06-24T06:12:51","slug":"stranggepresstes-aluminium-gehause","status":"publish","type":"product","link":"https:\/\/sinoextrud.com\/de\/product\/extruded-aluminum-enclosure-case\/","title":{"rendered":"Stranggepresstes Aluminium-Geh\u00e4use"},"content":{"rendered":"<h2>Produkte Details<\/h2>\n<table class=\"custom-table\">\n<tbody>\n<tr>\n<td> CNC-Bearbeitung<\/td>\n<td> 510 * 1020 * 500 mm(max) , +\/-0,01 mm<\/td>\n<\/tr>\n<tr>\n<td> CNC-Stanzen<\/td>\n<td> 600 * 600 mm(max) , +\/-0,05 mm<\/td>\n<\/tr>\n<tr>\n<td> Zeichnung Format<\/td>\n<td> CAD-PDF<\/td>\n<\/tr>\n<tr>\n<td> Pr\u00fcfger\u00e4te<\/td>\n<td> Messinstrumente, Projektoren, CMM, H\u00f6henmesser, Mikrometer, Gewindelehren, Messschieber, Messdorne usw.<\/td>\n<\/tr>\n<\/tbody>\n<\/table>\n<h2>Unsere Produktionsbasis<\/h2>\n<h3>Fabrik-Panorama<\/h3>\n<p><img decoding=\"async\" src=\"\/wp-content\/uploads\/factory-01.webp\"\/><\/p>\n<h3>Werkstatt zur Herstellung von Aluminiumstangen<\/h3>\n<p><img decoding=\"async\" src=\"\/wp-content\/uploads\/factory-02.webp\"\/><\/p>\n<\/p>\n<p><img decoding=\"async\" src=\"\/wp-content\/uploads\/factory-03.webp\"\/><\/p>\n<h3>Lagerhaus f\u00fcr Formen<\/h3>\n<p><img decoding=\"async\" src=\"\/wp-content\/uploads\/factory-04.webp\"\/><\/p>\n<h3>43 Aluminium-Strangpressanlagen (500\u00e2\u20ac\"5500 Tonnen)<\/h3>\n<p><img decoding=\"async\" src=\"\/wp-content\/uploads\/factory-05.webp\"\/><\/p>\n<p><img decoding=\"async\" src=\"\/wp-content\/uploads\/factory-06.webp\"\/><\/p>\n<p><img decoding=\"async\" src=\"\/wp-content\/uploads\/factory-07.webp\"\/><\/p>\n<h3>Werkstatt f\u00fcr Pulverbeschichtung<\/h3>\n<p><img decoding=\"async\" src=\"\/wp-content\/uploads\/factory-09.webp\"\/><\/p>\n<h3>Eloxal-Werkstatt<\/h3>\n<p><img decoding=\"async\" src=\"\/wp-content\/uploads\/factory-10.webp\"\/><\/p>\n<h3>Workshop zur Tiefenverarbeitung<\/h3>\n<p><img decoding=\"async\" src=\"\/wp-content\/uploads\/factory-11.webp\"\/><\/p>\n<h3>CNC-Pr\u00e4zisionsbearbeitungswerkstatt<\/h3>\n<p><img decoding=\"async\" src=\"\/wp-content\/uploads\/factory-11.5.webp\"\/><\/p>\n<h3>Lager f\u00fcr Fertigprodukte und Export<\/h3>\n<p><img decoding=\"async\" src=\"\/wp-content\/uploads\/factory-12.webp\"\/><\/p>\n<p><img decoding=\"async\" src=\"\/wp-content\/uploads\/factory-13.webp\"\/><\/p>\n<p><img decoding=\"async\" src=\"\/wp-content\/uploads\/factory-14.webp\"\/><\/p>\n<h2>FAQ<\/h2>\n<p><b>1. was ist ein Geh\u00e4use aus stranggepresstem Aluminium? <\/b><\/p>\n<p> Ein Geh\u00e4use aus stranggepresstem Aluminium ist ein Schutzgeh\u00e4use aus Aluminium, das in der Regel zum Umschlie\u00dfen und Sch\u00fctzen von elektronischen Bauteilen, Maschinen und Industrieanlagen verwendet wird.\n<\/p>\n<p><\/p>\n<p><b>2. warum Aluminium f\u00fcr Geh\u00e4use w\u00e4hlen? <\/b><\/p>\n<p> Aluminium ist leicht, langlebig, korrosionsbest\u00e4ndig und bietet einen ausgezeichneten Schutz gegen physische Sch\u00e4den und Umwelteinfl\u00fcsse, wodurch es sich ideal f\u00fcr Geh\u00e4use eignet.\n<\/p>\n<p><\/p>\n<p><b>3. k\u00f6nnen diese Aluminiumgeh\u00e4use individuell angepasst werden? <\/b><\/p>\n<p> Ja, sie k\u00f6nnen in Bezug auf Gr\u00f6\u00dfe, Form, Legierung, Oberfl\u00e4che und Montageoptionen an die jeweiligen Projektanforderungen angepasst werden.\n<\/p>\n<p><\/p>\n<p><b>4. welche Oberfl\u00e4chen sind f\u00fcr Aluminiumgeh\u00e4use erh\u00e4ltlich? <\/b><\/p>\n<p> Zu den g\u00e4ngigen Oberfl\u00e4chen geh\u00f6ren Eloxierung, Pulverbeschichtung und geb\u00fcrstete Oberfl\u00e4chen, die zus\u00e4tzliche Korrosionsbest\u00e4ndigkeit und ein elegantes Aussehen bieten.\n<\/p>\n<p><\/p>\n<p><b>5. sind Aluminiumgeh\u00e4use wetterbest\u00e4ndig? <\/b><\/p>\n<p> Ja, Aluminiumgeh\u00e4use sind sehr widerstandsf\u00e4hig gegen Feuchtigkeit, UV-Strahlen und Temperaturschwankungen, so dass sie sowohl f\u00fcr den Innen- als auch f\u00fcr den Au\u00dfenbereich geeignet sind.\n<\/p>\n<p><\/p>\n<p><b>6. in welchen Branchen werden Aluminiumgeh\u00e4use verwendet? <\/b><\/p>\n<p> Sie finden breite Anwendung in der Elektronik, der Telekommunikation, den industriellen Steuerungssystemen, der Automobilindustrie und im Bereich der erneuerbaren Energien.\n<\/p>\n<p><\/p>\n<p><b>7. wie einfach ist es, Aluminiumgeh\u00e4use zu \u00e4ndern? <\/b><\/p>\n<p> Aluminium ist leicht zu bearbeiten, zu schneiden, zu bohren und zu montieren, was effiziente \u00c4nderungen und Anpassungen w\u00e4hrend der Herstellung erm\u00f6glicht.\n<\/p>\n<p><\/p>\n<p><b>8. ist Aluminium umweltfreundlich? <\/b><\/p>\n<p> Ja, Aluminium ist 100% recycelbar und bietet eine nachhaltige Option f\u00fcr umweltbewusste Herstellungspraktiken.\n<\/p>\n<p><\/p>","protected":false},"featured_media":7451,"template":"","categories":[67],"class_list":["post-7452","product","type-product","status-publish","has-post-thumbnail","hentry","category-architectural-aluminium-profile"],"meta_box":{"hilight_text_group":{"product_hilight_text":"<li>High-strength extruded aluminum provides excellent protection for sensitive electronic components.<\/li>\r\r\n<li>Lightweight yet durable, offering strong structural integrity without added weight.<\/li>\r\r\n<li>Corrosion-resistant finish ensures long-term performance in harsh environments.<\/li>\r\r\n<li>Customizable sizes, shapes, and surface finishes to meet specific design requirements.<\/li>\r\r\n<li>Easy to machine, cut, and assemble, reducing manufacturing time and costs.<\/li>\r\r\n<li>Ideal for electronics, control systems, and industrial enclosures requiring secure, rugged protection.<\/li>","product_chanpin_blog":"<ul>\r\r\n<li><a href=\"https:\/\/sinoextrud.com\/t-slot-v-slot-differences\/\" target=\"_blank\">t slot vs v slot<\/a><\/li>\r\r\n<li><a href=\"https:\/\/sinoextrud.com\/what-is-4040-aluminium-extrud\/\" target=\"_blank\">4040 aluminium extrusion<\/a><\/li>\r\r\n<li><a href=\"https:\/\/sinoextrud.com\/what-is-4040-aluminium-extrud\/\" target=\"_blank\">aluminum extrusions for industrial racks<\/a><\/li>\r\r\n<li><a href=\"https:\/\/sinoextrud.com\/powder-coating-aluminium-process\/\" target=\"_blank\">powder coating aluminium<\/a><\/li>\r\r\n<li><a href=\"https:\/\/sinoextrud.com\/what-is-an-aluminium-strip-ceiling\/\" target=\"_blank\">aluminium strip ceiling<\/a><\/li>\r\r\n<li><a href=\"https:\/\/sinoextrud.com\/what-is-a-heat-sink\/\" target=\"_blank\">what is a heat sink<\/a><\/li>\r\r\n<\/ul>","product_chanpin_chanpin":"<li><a href=\"https:\/\/sinoextrud.com\/product\/anodized-aluminum-handrail\/\" target=\"_blank\">Anodized Aluminum Handrail<\/a><\/li>\r\n<li><a href=\"https:\/\/sinoextrud.com\/product\/anodized-aluminum-railing-systems\/\" target=\"_blank\">Anodized Aluminum Railing Systems<\/a><\/li>\r\n<li><a href=\"https:\/\/sinoextrud.com\/product\/customize-extruded-aluminium-shower-profiles\/\" target=\"_blank\">Customize Extruded Aluminium Shower Profiles<\/a><\/li>\r\n<li><a href=\"https:\/\/sinoextrud.com\/product\/customize-extruded-aluminum-channel-profiles\/\" target=\"_blank\">Customize Extruded Aluminum Channel Profiles<\/a><\/li>\r\n<li><a href=\"https:\/\/sinoextrud.com\/product\/extruded-aluminum-enclosure-case\/\" target=\"_blank\">Extruded Aluminum Enclosure Case<\/a><\/li>\r\n<li><a href=\"https:\/\/sinoextrud.com\/product\/flat-aluminum-extrusions\/\" target=\"_blank\">Flat Aluminum Extrusions<\/a><\/li>\r\n<li><a href=\"https:\/\/sinoextrud.com\/product\/factory-offer-6061-aluminum-railing-profiles\/\" target=\"_blank\">Factory Offer 6061 Aluminum Railing Profiles<\/a><\/li>\r\n<li><a href=\"https:\/\/sinoextrud.com\/product\/coated-treatment-aluminium-extrusion\/\" target=\"_blank\">Coated Treatment Aluminium Extrusion<\/a><\/li>\r\n<li><a href=\"https:\/\/sinoextrud.com\/product\/shutter-type-of-aluminum-profiles-for-doors-and-windows\/\" target=\"_blank\">Shutter Type Of Aluminum Profiles For Doors And Windows<\/a><\/li>\r\n<li><a href=\"https:\/\/sinoextrud.com\/product\/aluminum-handrail-profiles\/\" target=\"_blank\">Aluminum Handrail Profiles<\/a><\/li>\r\n<li><a href=\"https:\/\/sinoextrud.com\/product\/professional-aluminium-tubing\/\" target=\"_blank\">Professional Aluminium Tubing<\/a><\/li>"},"feature_list":[]},"_links":{"self":[{"href":"https:\/\/sinoextrud.com\/de\/wp-json\/wp\/v2\/product\/7452","targetHints":{"allow":["GET"]}}],"collection":[{"href":"https:\/\/sinoextrud.com\/de\/wp-json\/wp\/v2\/product"}],"about":[{"href":"https:\/\/sinoextrud.com\/de\/wp-json\/wp\/v2\/types\/product"}],"wp:featuredmedia":[{"embeddable":true,"href":"https:\/\/sinoextrud.com\/de\/wp-json\/wp\/v2\/media\/7451"}],"wp:attachment":[{"href":"https:\/\/sinoextrud.com\/de\/wp-json\/wp\/v2\/media?parent=7452"}],"wp:term":[{"taxonomy":"category","embeddable":true,"href":"https:\/\/sinoextrud.com\/de\/wp-json\/wp\/v2\/categories?post=7452"}],"curies":[{"name":"wp","href":"https:\/\/api.w.org\/{rel}","templated":true}]}}