{"id":7442,"date":"2025-06-07T07:25:57","date_gmt":"2025-06-07T07:25:57","guid":{"rendered":"https:\/\/sinoextrud.com\/product\/architectural-aluminium-profiles\/"},"modified":"2025-06-24T06:12:49","modified_gmt":"2025-06-24T06:12:49","slug":"architektonische-aluminiumprofile","status":"publish","type":"product","link":"https:\/\/sinoextrud.com\/de\/product\/architectural-aluminium-profiles\/","title":{"rendered":"Architektonische Aluminium-Profile"},"content":{"rendered":"<h2>Produkte Details<\/h2>\n<table class=\"custom-table\">\n<tbody>\n<tr>\n<td> Modell Nr.:<\/td>\n<td> TL 800 (Architektonische Aluminium-Profile)<\/td>\n<\/tr>\n<tr>\n<td> Anwendung:<\/td>\n<td> Namen von Aluminium-Fensterteilen<\/td>\n<\/tr>\n<tr>\n<td> Note:<\/td>\n<td> Serie 6000<\/td>\n<\/tr>\n<tr>\n<td> Die Technik:<\/td>\n<td> Stranggepresste Aluminiumprofile und Zubeh\u00f6r<\/td>\n<\/tr>\n<tr>\n<td> Temperament:<\/td>\n<td> T3 - T8<\/td>\n<\/tr>\n<tr>\n<td> Gr\u00f6\u00dfen:<\/td>\n<td> Es k\u00f6nnte als mitgeliefertes Design angepasst werden<\/td>\n<\/tr>\n<tr>\n<td> Bearbeitende Dienstleistungen:<\/td>\n<td> Bohren, Gewindeschneiden, Nieten, Montage, etc.<\/td>\n<\/tr>\n<tr>\n<td> Warenzeichen:<\/td>\n<td> N\/A.<\/td>\n<\/tr>\n<tr>\n<td> Herkunft:<\/td>\n<td> Guangdong<\/td>\n<\/tr>\n<tr>\n<td> Art:<\/td>\n<td> Aluprofile f\u00fcr Liebhaber<\/td>\n<\/tr>\n<tr>\n<td> Die Form:<\/td>\n<td> Hergestellt nach Kundenwunsch<\/td>\n<\/tr>\n<tr>\n<td> Oberfl\u00e4chenbehandlung:<\/td>\n<td> Holzmaserung<\/td>\n<\/tr>\n<tr>\n<td> Legierung:<\/td>\n<td> Legierung<\/td>\n<\/tr>\n<tr>\n<td> Zertifizierung:<\/td>\n<td> ISO, RoHS<\/td>\n<\/tr>\n<tr>\n<td> L\u00e4nge:<\/td>\n<td> Es kann auf spezifische Bed\u00fcrfnisse zugeschnitten werden<\/td>\n<\/tr>\n<tr>\n<td> Farben:<\/td>\n<td> Hergestellt nach Vorgabe Farbnummer<\/td>\n<\/tr>\n<tr>\n<td> Spezifikation:<\/td>\n<td> SGS, Rohs, ISO<\/td>\n<\/tr>\n<tr>\n<td> HS-Code:<\/td>\n<td> 76042990<\/td>\n<\/tr>\n<\/tbody>\n<\/table>\n<h2>Unsere Produktionsbasis<\/h2>\n<h3>Fabrik-Panorama<\/h3>\n<p><img decoding=\"async\" src=\"\/wp-content\/uploads\/factory-01.webp\"\/><\/p>\n<h3>Werkstatt zur Herstellung von Aluminiumstangen<\/h3>\n<p><img decoding=\"async\" src=\"\/wp-content\/uploads\/factory-02.webp\"\/><\/p>\n<p><img decoding=\"async\" src=\"\/wp-content\/uploads\/factory-03.webp\"\/><\/p>\n<h3>Lagerhaus f\u00fcr Formen<\/h3>\n<p><img decoding=\"async\" src=\"\/wp-content\/uploads\/factory-04.webp\"\/><\/p>\n<h3>43 Aluminium-Strangpressanlagen (500\u00e2\u20ac\"5500 Tonnen)<\/h3>\n<p><img decoding=\"async\" src=\"\/wp-content\/uploads\/factory-05.webp\"\/><\/p>\n<p><img decoding=\"async\" src=\"\/wp-content\/uploads\/factory-06.webp\"\/><\/p>\n<p><img decoding=\"async\" src=\"\/wp-content\/uploads\/factory-07.webp\"\/><\/p>\n<h3>Werkstatt f\u00fcr Pulverbeschichtung<\/h3>\n<p><img decoding=\"async\" src=\"\/wp-content\/uploads\/factory-09.webp\"\/><\/p>\n<h3>Eloxal-Werkstatt<\/h3>\n<p><img decoding=\"async\" src=\"\/wp-content\/uploads\/factory-10.webp\"\/><\/p>\n<h3>Workshop zur Tiefenverarbeitung<\/h3>\n<p><img decoding=\"async\" src=\"\/wp-content\/uploads\/factory-11.webp\"\/><\/p>\n<h3>CNC-Pr\u00e4zisionsbearbeitungswerkstatt<\/h3>\n<p><img decoding=\"async\" src=\"\/wp-content\/uploads\/factory-11.5.webp\"\/><\/p>\n<h3>Lager f\u00fcr Fertigprodukte und Export<\/h3>\n<p><img decoding=\"async\" src=\"\/wp-content\/uploads\/factory-12.webp\"\/><\/p>\n<p><img decoding=\"async\" src=\"\/wp-content\/uploads\/factory-13.webp\"\/><\/p>\n<p><img decoding=\"async\" src=\"\/wp-content\/uploads\/factory-14.webp\"\/><\/p>\n<h2>FAQ<\/h2>\n<p><p><b>1. was sind architektonische Aluminiumprofile? <\/b><\/p>\n<p> Architektonische Aluminiumprofile sind pr\u00e4zise stranggepresste Aluminiumkomponenten, die f\u00fcr den Einsatz in Geb\u00e4udefassaden, Vorhangfassaden, Fenstern und dekorativen Systemen konzipiert sind.<br \/>\n<\/p><br \/>\n<br \/>\n<p><b>2. warum Aluminium in der Architektur verwenden? <\/b><\/p>\n<p> Aluminium ist leicht, stabil, korrosionsbest\u00e4ndig und kann in einer Vielzahl von Ausf\u00fchrungen verwendet werden, was es ideal f\u00fcr moderne architektonische Anwendungen macht.<br \/>\n<\/p><br \/>\n<br \/>\n<p><b>3. k\u00f6nnen die Profile angepasst werden? <\/b><\/p>\n<p> Ja, architektonische Aluminiumprofile k\u00f6nnen in Form, Gr\u00f6\u00dfe, Oberfl\u00e4chenbeschaffenheit und Dicke auf projektspezifische Design- und Strukturanforderungen zugeschnitten werden.<br \/>\n<\/p><br \/>\n<br \/>\n<p><b>4. welche Oberfl\u00e4chenausf\u00fchrungen gibt es? <\/b><\/p>\n<p> Zu den Optionen geh\u00f6ren Eloxierung, Pulverbeschichtung, PVDF und Holzmaserung, um sowohl funktionale als auch \u00e4sthetische Ziele zu erreichen.<br \/>\n<\/p><br \/>\n<br \/>\n<p><b>5. sind Aluminiumprofile witterungsbest\u00e4ndig? <\/b><\/p>\n<p> Nat\u00fcrlich sind Aluminiumprofile mit der richtigen Oberfl\u00e4chenbehandlung sehr widerstandsf\u00e4hig gegen UV-Strahlen, Feuchtigkeit und Verschmutzung und eignen sich f\u00fcr alle Klimazonen.<br \/>\n<\/p><br \/>\n<br \/>\n<p><b>6. ist Aluminium umweltfreundlich? <\/b><\/p>\n<p> Ja, Aluminium ist 100% recycelbar und tr\u00e4gt zu gr\u00fcnen Geb\u00e4udezertifizierungen wie LEED und BREEAM bei.<br \/>\n<\/p><br \/>\n<br \/>\n<p><b>7. wie werden diese Profile installiert? <\/b><\/p>\n<p> Architektonische Aluminiumprofile sind mit verschiedenen Rahmensystemen kompatibel und lassen sich mit Klammern, Clips oder verdeckten Befestigungen leicht montieren.<br \/>\n<\/p><br \/>\n<br \/>\n<p><b>8. was sind typische Anwendungen von architektonischen Aluminiumprofilen? <\/b><\/p>\n<p> Zu den \u00fcblichen Anwendungen geh\u00f6ren Fassadenverkleidungen, Fensterrahmen, Gel\u00e4nder, Lamellen, Sonnenschutz und Trennwandsysteme in Gesch\u00e4fts- und Wohngeb\u00e4uden.<br \/>\n<\/p><br \/><\/p>","protected":false},"featured_media":7441,"template":"","categories":[67],"class_list":["post-7442","product","type-product","status-publish","has-post-thumbnail","hentry","category-architectural-aluminium-profile"],"meta_box":{"hilight_text_group":{"product_hilight_text":"<li>High-strength aluminum provides structural stability for architectural applications.<\/li>\r\r\n<li>Corrosion-resistant finishes ensure long-lasting performance in outdoor environments.<\/li>\r\r\n<li>Customizable profiles to fit modern and complex architectural designs.<\/li>\r\r\n<li>Lightweight material reduces construction load and simplifies installation.<\/li>\r\r\n<li>Supports anodizing, powder coating, and wood grain finishes for aesthetic flexibility.<\/li>\r\r\n<li>Suitable for facades, curtain walls, partitions, windows, and decorative systems.<\/li>","product_chanpin_blog":"<ul>\r\r\n<li><a href=\"https:\/\/sinoextrud.com\/t-slot-v-slot-differences\/\" target=\"_blank\">t slot vs v slot<\/a><\/li>\r\r\n<li><a href=\"https:\/\/sinoextrud.com\/what-is-4040-aluminium-extrud\/\" target=\"_blank\">4040 aluminium extrusion<\/a><\/li>\r\r\n<li><a href=\"https:\/\/sinoextrud.com\/what-is-4040-aluminium-extrud\/\" target=\"_blank\">aluminum extrusions for industrial racks<\/a><\/li>\r\r\n<li><a href=\"https:\/\/sinoextrud.com\/powder-coating-aluminium-process\/\" target=\"_blank\">powder coating aluminium<\/a><\/li>\r\r\n<li><a href=\"https:\/\/sinoextrud.com\/what-is-an-aluminium-strip-ceiling\/\" target=\"_blank\">aluminium strip ceiling<\/a><\/li>\r\r\n<li><a href=\"https:\/\/sinoextrud.com\/what-is-a-heat-sink\/\" target=\"_blank\">what is a heat sink<\/a><\/li>\r\r\n<\/ul>","product_chanpin_chanpin":"<li><a href=\"https:\/\/sinoextrud.com\/product\/customized-aluminum-alloy-housing-grow-light\/\" target=\"_blank\">Customized Aluminum Alloy Housing Grow Light<\/a><\/li>\r\n<li><a href=\"https:\/\/sinoextrud.com\/product\/extruded-aluminum-interlocking-plank-floor\/\" target=\"_blank\">Extruded Aluminum Interlocking Plank Floor<\/a><\/li>\r\n<li><a href=\"https:\/\/sinoextrud.com\/product\/anodized-brushed-black-extruded-frame-profile\/\" target=\"_blank\">Anodized Brushed Black Extruded Frame Profile<\/a><\/li>\r\n<li><a href=\"https:\/\/sinoextrud.com\/product\/precision-cnc-machining-industrial-profile\/\" target=\"_blank\">Precision CNC Machining Industrial Profile<\/a><\/li>\r\n<li><a href=\"https:\/\/sinoextrud.com\/product\/architectural-aluminium-profiles\/\" target=\"_blank\">Architectural Aluminium Profiles<\/a><\/li>\r\n<li><a href=\"https:\/\/sinoextrud.com\/product\/anodized-aluminum-handrail\/\" target=\"_blank\">Anodized Aluminum Handrail<\/a><\/li>\r\n<li><a href=\"https:\/\/sinoextrud.com\/product\/anodized-aluminum-railing-systems\/\" target=\"_blank\">Anodized Aluminum Railing Systems<\/a><\/li>\r\n<li><a href=\"https:\/\/sinoextrud.com\/product\/customize-extruded-aluminium-shower-profiles\/\" target=\"_blank\">Customize Extruded Aluminium Shower Profiles<\/a><\/li>\r\n<li><a href=\"https:\/\/sinoextrud.com\/product\/customize-extruded-aluminum-channel-profiles\/\" target=\"_blank\">Customize Extruded Aluminum Channel Profiles<\/a><\/li>\r\n<li><a href=\"https:\/\/sinoextrud.com\/product\/extruded-aluminum-bar\/\" target=\"_blank\">Extruded Aluminum Bar<\/a><\/li>\r\n<li><a href=\"https:\/\/sinoextrud.com\/product\/g-shaped-linear-ceiling-system\/\" target=\"_blank\">G-Shaped Linear Ceiling System<\/a><\/li>"},"feature_list":[]},"_links":{"self":[{"href":"https:\/\/sinoextrud.com\/de\/wp-json\/wp\/v2\/product\/7442","targetHints":{"allow":["GET"]}}],"collection":[{"href":"https:\/\/sinoextrud.com\/de\/wp-json\/wp\/v2\/product"}],"about":[{"href":"https:\/\/sinoextrud.com\/de\/wp-json\/wp\/v2\/types\/product"}],"wp:featuredmedia":[{"embeddable":true,"href":"https:\/\/sinoextrud.com\/de\/wp-json\/wp\/v2\/media\/7441"}],"wp:attachment":[{"href":"https:\/\/sinoextrud.com\/de\/wp-json\/wp\/v2\/media?parent=7442"}],"wp:term":[{"taxonomy":"category","embeddable":true,"href":"https:\/\/sinoextrud.com\/de\/wp-json\/wp\/v2\/categories?post=7442"}],"curies":[{"name":"wp","href":"https:\/\/api.w.org\/{rel}","templated":true}]}}