{"id":7430,"date":"2025-06-07T07:17:35","date_gmt":"2025-06-07T07:17:35","guid":{"rendered":"https:\/\/sinoextrud.com\/product\/l-aluminum-profile-for-glass-railing\/"},"modified":"2025-06-24T06:12:48","modified_gmt":"2025-06-24T06:12:48","slug":"l-aluminiumprofil-fur-glasgelander","status":"publish","type":"product","link":"https:\/\/sinoextrud.com\/de\/product\/l-aluminum-profile-for-glass-railing\/","title":{"rendered":"L-Aluminiumprofil f\u00fcr Glasgel\u00e4nder"},"content":{"rendered":"<h2>Produkte Details<\/h2>\n<table class=\"custom-table\">\n<tbody>\n<tr>\n<td> Produktname<\/td>\n<td> L-Aluminiumprofil f\u00fcr Glasgel\u00e4nder<\/td>\n<\/tr>\n<tr>\n<td> Material<\/td>\n<td> 6063-T5, andere benutzerdefinierte Material akzeptiert<\/td>\n<\/tr>\n<tr>\n<td> Form&amp;Gr\u00f6\u00dfe<\/td>\n<td> Je nach Anforderung der Kunden<\/td>\n<\/tr>\n<tr>\n<td> Dicke<\/td>\n<td> \u00dcber 0,7 mm<\/td>\n<\/tr>\n<tr>\n<td> L\u00e4nge<\/td>\n<td> Normalerweise 1-9M, Sonderl\u00e4ngen verf\u00fcgbar<\/td>\n<\/tr>\n<tr>\n<td> Typische Anwendungen<\/td>\n<td> Ausstellungsraum, Zaun, Schutzgitter usw.<\/td>\n<\/tr>\n<tr>\n<td> Benutzerdefinierter Typ<\/td>\n<td> Zeichnung oder Muster vom Kunden zur Verf\u00fcgung gestellt<\/td>\n<\/tr>\n<tr>\n<td> Tiefgreifender Prozess<\/td>\n<td> CNC-Fr\u00e4sen, Bohren, Stanzen, Bohren, Gewindeschneiden, Biegen, Schwei\u00dfen usw.<\/td>\n<\/tr>\n<tr>\n<td> Marke<\/td>\n<td> Sinoextrud,,Sinoextrud,,benutzerdefinierte Marke avalaible<\/td>\n<\/tr>\n<tr>\n<td> Oberfl\u00e4chenbehandlung<\/td>\n<td> M\u00fchle fertig, Holzmaserung, eloxiert, pulverbeschichtet etc.<\/td>\n<\/tr>\n<tr>\n<td> Farbe<\/td>\n<td> Silber, Schwarz, Champagner etc.<\/td>\n<\/tr>\n<tr>\n<td> MOQ<\/td>\n<td> 200KGs abh\u00e4ngig von der Oberfl\u00e4chenbehandlung<\/td>\n<\/tr>\n<tr>\n<td> Qualit\u00e4tsstandard<\/td>\n<td> Hohes Qualit\u00e4tsniveau<\/td>\n<\/tr>\n<tr>\n<td> Bescheinigungen<\/td>\n<td> ISO9001, ISO4001, CQM, SGS, CE, BV usw.<\/td>\n<\/tr>\n<tr>\n<td> Kapazit\u00e4t<\/td>\n<td> 3000 Tonnen pro Monat<\/td>\n<\/tr>\n<tr>\n<td> Herkunftsort<\/td>\n<td> Guangdong, China<\/td>\n<\/tr>\n<tr>\n<td> Geschichte des Unternehmens<\/td>\n<td> Seit 1993<\/td>\n<\/tr>\n<\/tbody>\n<\/table>\n<h2>Unsere Produktionsbasis<\/h2>\n<h3>Fabrik-Panorama<\/h3>\n<p><img decoding=\"async\" src=\"\/wp-content\/uploads\/factory-01.webp\"\/><\/p>\n<h3>Werkstatt zur Herstellung von Aluminiumstangen<\/h3>\n<p><img decoding=\"async\" src=\"\/wp-content\/uploads\/factory-02.webp\"\/><\/p>\n<p><img decoding=\"async\" src=\"\/wp-content\/uploads\/factory-03.webp\"\/><\/p>\n<h3>Lagerhaus f\u00fcr Formen<\/h3>\n<p><img decoding=\"async\" src=\"\/wp-content\/uploads\/factory-04.webp\"\/><\/p>\n<h3>43 Aluminium-Strangpressanlagen (500-5500 Tonnen)<\/h3>\n<p><img decoding=\"async\" src=\"\/wp-content\/uploads\/factory-05.webp\"\/><\/p>\n<p><img decoding=\"async\" src=\"\/wp-content\/uploads\/factory-06.webp\"\/><\/p>\n<p><img decoding=\"async\" src=\"\/wp-content\/uploads\/factory-07.webp\"\/><\/p>\n<h3>Werkstatt f\u00fcr Pulverbeschichtung<\/h3>\n<p><img decoding=\"async\" src=\"\/wp-content\/uploads\/factory-09.webp\"\/><\/p>\n<h3>Eloxal-Werkstatt<\/h3>\n<p><img decoding=\"async\" src=\"\/wp-content\/uploads\/factory-10.webp\"\/><\/p>\n<h3>Workshop zur Tiefenverarbeitung<\/h3>\n<p><img decoding=\"async\" src=\"\/wp-content\/uploads\/factory-11.webp\"\/><\/p>\n<h3>CNC-Pr\u00e4zisionsbearbeitungswerkstatt<\/h3>\n<p><img decoding=\"async\" src=\"\/wp-content\/uploads\/factory-11.5.webp\"\/><\/p>\n<h3>Lager f\u00fcr Fertigprodukte und Export<\/h3>\n<p><img decoding=\"async\" src=\"\/wp-content\/uploads\/factory-12.webp\"\/><\/p>\n<p><img decoding=\"async\" src=\"\/wp-content\/uploads\/factory-13.webp\"\/><\/p>\n<p><img decoding=\"async\" src=\"\/wp-content\/uploads\/factory-14.webp\"\/><\/p>\n<h2>FAQ<\/h2>\n<p><p><b>1. was ist ein L-Aluminiumprofil f\u00fcr Glasgel\u00e4nder?<\/b><\/p>\n<p>Es handelt sich um ein L-f\u00f6rmiges stranggepresstes Aluminiumprofil, das zur sicheren Befestigung von Glasscheiben in Gel\u00e4ndersystemen verwendet wird.<br \/>\n<\/p><br \/>\n<br \/>\n<p><b>2. warum ein L-f\u00f6rmiges Profil f\u00fcr ein Glasgel\u00e4nder w\u00e4hlen?<\/b><\/p>\n<p>Die L-Form bietet eine stabile strukturelle Unterst\u00fctzung, eine einfache Installation und ein sauberes, modernes Aussehen f\u00fcr Gel\u00e4nderanwendungen.<br \/>\n<\/p><br \/>\n<br \/>\n<p><b>3. ist das Aluminiumprofil rostfrei?<\/b><\/p>\n<p>Ja, das Profil ist eloxiert oder pulverbeschichtet f\u00fcr eine ausgezeichnete Korrosionsbest\u00e4ndigkeit in Innen- und Au\u00dfenbereichen.<br \/>\n<\/p><br \/>\n<br \/>\n<p><b>4. kann es unterschiedliche Glasdicken aufnehmen?<\/b><\/p>\n<p>Ja, das L-Aluminiumprofil ist mit verschiedenen Glasst\u00e4rken kompatibel und bietet flexible Gestaltungsm\u00f6glichkeiten.<br \/>\n<\/p><br \/>\n<br \/>\n<p><b>5. wo wird dieses Profil typischerweise verwendet?<\/b><\/p>\n<p>Es wird h\u00e4ufig f\u00fcr Balkone, Treppen, Terrassen, Gesch\u00e4ftsgeb\u00e4ude und hochwertige Wohnprojekte verwendet.<br \/>\n<\/p><br \/>\n<br \/>\n<p><b>6. ist das Produkt anpassbar?<\/b><\/p>\n<p>Ja, wir bieten individuelle Anpassungen in Bezug auf Abmessungen, Winkel, Farben und Oberfl\u00e4chenbehandlungen an, um den Projektanforderungen gerecht zu werden.<br \/>\n<\/p><br \/>\n<br \/>\n<p><b>7. wie stabil ist das L-Aluminiumprofil?<\/b><\/p>\n<p>Es ist auf Tragf\u00e4higkeit und Sto\u00dffestigkeit ausgelegt und erf\u00fcllt die Sicherheitsstandards f\u00fcr Glasgel\u00e4ndersysteme.<br \/>\n<\/p><br \/>\n<br \/>\n<p><b>8. unterst\u00fctzt es rahmenlose Glasdesigns?<\/b><\/p>\n<p>Ja, das L-Profil kann in halb- oder ganz rahmenlose Glasgel\u00e4ndersysteme integriert werden und verleiht ihnen einen minimalistischen Look.<br \/>\n<\/p><br \/><\/p>","protected":false},"featured_media":0,"template":"","categories":[67],"class_list":["post-7430","product","type-product","status-publish","hentry","category-architectural-aluminium-profile"],"meta_box":{"hilight_text_group":{"product_hilight_text":"<li>L-shaped aluminum profile provides strong edge support for glass railing systems<\/li>\r\r\n<li>Corrosion-resistant surface for long-term outdoor and indoor applications<\/li>\r\r\n<li>Lightweight yet durable structure simplifies installation and reduces labor costs<\/li>\r\r\n<li>Modern and sleek design enhances architectural aesthetics<\/li>\r\r\n<li>Compatible with various glass thicknesses and safety standards<\/li>\r\r\n<li>Custom lengths, finishes, and angles available for tailored applications<\/li>\r\r\n<li>Ideal for balconies, staircases, and commercial railing systems<\/li>","product_chanpin_blog":"<ul>\r\r\n<li><a href=\"https:\/\/sinoextrud.com\/t-slot-v-slot-differences\/\" target=\"_blank\">t slot vs v slot<\/a><\/li>\r\r\n<li><a href=\"https:\/\/sinoextrud.com\/what-is-4040-aluminium-extrud\/\" target=\"_blank\">4040 aluminium extrusion<\/a><\/li>\r\r\n<li><a href=\"https:\/\/sinoextrud.com\/what-is-4040-aluminium-extrud\/\" target=\"_blank\">aluminum extrusions for industrial racks<\/a><\/li>\r\r\n<li><a href=\"https:\/\/sinoextrud.com\/powder-coating-aluminium-process\/\" target=\"_blank\">powder coating aluminium<\/a><\/li>\r\r\n<li><a href=\"https:\/\/sinoextrud.com\/what-is-an-aluminium-strip-ceiling\/\" target=\"_blank\">aluminium strip ceiling<\/a><\/li>\r\r\n<li><a href=\"https:\/\/sinoextrud.com\/what-is-a-heat-sink\/\" target=\"_blank\">what is a heat sink<\/a><\/li>\r\r\n<\/ul>","product_chanpin_chanpin":"<li><a href=\"https:\/\/sinoextrud.com\/product\/sound-proof-aluminum-glass-casement-windows-sliding-windows-and-doors-aluminum-profile-for-buildings-louver-system\/\" target=\"_blank\">Sound-proof Aluminum Glass Casement Windows Sliding Windows And Doors Aluminum Profile For Buildings Louver System<\/a><\/li>\r\n<li><a href=\"https:\/\/sinoextrud.com\/product\/shutter-aluminum-profile-for-window-louver-frame\/\" target=\"_blank\">Shutter Aluminum Profile For Window Louver Frame<\/a><\/li>\r\n<li><a href=\"https:\/\/sinoextrud.com\/product\/extrusion-aluminum-shutter-profile-free-mould\/\" target=\"_blank\">Extrusion Aluminum Shutter Profile Free Mould<\/a><\/li>\r\n<li><a href=\"https:\/\/sinoextrud.com\/product\/pvdf-aluminum-extrusion-curtain-wall-profile\/\" target=\"_blank\">PVDF Aluminum Extrusion Curtain Wall Profile<\/a><\/li>\r\n<li><a href=\"https:\/\/sinoextrud.com\/product\/l-aluminum-profile-for-glass-railing\/\" target=\"_blank\">L Aluminum Profile For Glass Railing<\/a><\/li>\r\n<li><a href=\"https:\/\/sinoextrud.com\/product\/bright-anodize-brushed-black-window-profile\/\" target=\"_blank\">Bright Anodize Brushed Black Window Profile<\/a><\/li>\r\n<li><a href=\"https:\/\/sinoextrud.com\/product\/customized-aluminum-alloy-housing-grow-light\/\" target=\"_blank\">Customized Aluminum Alloy Housing Grow Light<\/a><\/li>\r\n<li><a href=\"https:\/\/sinoextrud.com\/product\/extruded-aluminum-interlocking-plank-floor\/\" target=\"_blank\">Extruded Aluminum Interlocking Plank Floor<\/a><\/li>\r\n<li><a href=\"https:\/\/sinoextrud.com\/product\/anodized-brushed-black-extruded-frame-profile\/\" target=\"_blank\">Anodized Brushed Black Extruded Frame Profile<\/a><\/li>\r\n<li><a href=\"https:\/\/sinoextrud.com\/product\/large-aluminium-pipe-aluminium-pole\/\" target=\"_blank\">Large Aluminium Pipe Aluminium Pole<\/a><\/li>\r\n<li><a href=\"https:\/\/sinoextrud.com\/product\/construction-aluminum-profile\/\" target=\"_blank\">Construction Aluminum Profile<\/a><\/li>"},"feature_list":[]},"_links":{"self":[{"href":"https:\/\/sinoextrud.com\/de\/wp-json\/wp\/v2\/product\/7430","targetHints":{"allow":["GET"]}}],"collection":[{"href":"https:\/\/sinoextrud.com\/de\/wp-json\/wp\/v2\/product"}],"about":[{"href":"https:\/\/sinoextrud.com\/de\/wp-json\/wp\/v2\/types\/product"}],"wp:attachment":[{"href":"https:\/\/sinoextrud.com\/de\/wp-json\/wp\/v2\/media?parent=7430"}],"wp:term":[{"taxonomy":"category","embeddable":true,"href":"https:\/\/sinoextrud.com\/de\/wp-json\/wp\/v2\/categories?post=7430"}],"curies":[{"name":"wp","href":"https:\/\/api.w.org\/{rel}","templated":true}]}}